{"id":4154,"date":"2024-07-24T18:30:00","date_gmt":"2024-07-24T16:30:00","guid":{"rendered":"https:\/\/www.miro-kredit.ch\/?page_id=4154"},"modified":"2025-05-23T11:26:26","modified_gmt":"2025-05-23T09:26:26","slug":"kredit-za-skolovanje","status":"publish","type":"page","link":"https:\/\/www.miro-kredit.ch\/sr\/kredit-za-skolovanje\/","title":{"rendered":"Kredit za obrazovanje \u0160vajcarska"},"content":{"rendered":"<div class=\"ready-to-take-out-loan online-rate-calculator\">\n<div class=\"container\">\n<div class=\"full-text-column\">\n<h1>Kredit za obrazovanje \u0160vajcarska<\/h1>\n<p>Obrazovanje tokom obaveznog \u0161kolovanja je besplatno u \u0160vajcarskoj. Me\u0111utim, osoba na obuci ili njeni roditelji generalno su odgovorni za finansiranje naknadno poha\u0111anje univerziteta ili drugih institucija za obuku i dalje obrazovanje.<\/p>\n<p>Iako obuka ili dalje obrazovanje mogu biti veoma skupi, \u010desto su vrijedni tro\u0161kova. Prosje\u010dan \u0161vajcarski student tro\u0161i oko 25.000 CHF godi\u0161nje na svoje obrazovanje &#8211; u nekim slu\u010dajevima \u010dak i vi\u0161e za me\u0111unarodne studente, koji moraju pla\u0107ati vi\u0161e cijene od doma\u0107ih studenata zbog nedostatka pristupa univerzitetima u svojoj zemlji. Postoje i drugi tro\u0161kovi kao \u0161to su upisnine ili materijali potrebni tokom studija, koji se vremenom zbrajaju zajedno sa \u017eivotnim tro\u0161kovima.<\/p>\n<p>Dakle, kada je u pitanju sticanje dobrog obrazovanja, tro\u0161kovi se mogu brzo pove\u0107ati. \u0160kolarine, materijali za u\u010denje, smje\u0161taj, hrana \u2013 lista je beskona\u010dna. U ovom slu\u010daju, kredit za obrazovanje mo\u017ee biti od velike pomo\u0107i. Ali koje mogu\u0107nosti finansiranja postoje za \u0161vajcarske pripravnike i studente i kako zajam za obrazovanje mo\u017ee rasteretiti studente?<\/p>\n<\/div>\n<\/div>\n<\/div>\n<div class=\"taking-out-loan\" style=\"margin-bottom: 0;\"><img loading=\"lazy\" decoding=\"async\" src=\"https:\/\/www.miro-kredit.ch\/wp-content\/uploads\/2024\/07\/Kredit-za-obrazovanje-u-Svajcarskoj-Uzmite-kredit-za-obrazovanje.jpg\" alt=\"Kredit za obrazovanje u \u0160vajcarskoj \u27a4 Uzmite kredit za obrazovanje\" width=\"1280\" height=\"853\" \/>\n<div class=\"text-column\">\n<h2>\u0160vajcarska kao privla\u010dna zemlja za zaposlene<\/h2>\n<p>\u0160vajcarska se ne smatra samo prekrasnom zemljom sa prirodom koja oduzima dah, ve\u0107 i izuzetno atraktivnim tr\u017ei\u0161tem rada za kvalifikovane radnike iz cijelog svijeta. Po \u0161esti put zaredom, IMD Business School proglasila je \u0160vajcarsku <strong>najatraktivnijom zemljom na svijetu za visokokvalifikovane radnike<\/strong>. Nije ni \u010dudo, jer zahvaljuju\u0107i sna\u017enoj ekonomiji i <strong>velikom broju renomiranih obrazovnih institucija<\/strong>, \u0160vajcarska svake godine privla\u010di veliki broj studenata i pripravnika.<\/p>\n<h2>Razli\u010dite opcije za finansiranje obuke<\/h2>\n<p>Sli\u010dno <a href=\"https:\/\/www.miro-kredit.ch\/sr\/lizing-ili-kredit\/\" title=\"Lizing ili kredit \u2013 koja je opcija za Vas bolja?\">lizingu ili kreditima<\/a>, postoje i razli\u010dite mogu\u0107nosti finansiranja obrazovnih projekata. Kredit za obrazovanje mo\u017ee biti pravo rje\u0161enje, posebno za studente koji nemaju dovoljno finansijskih sredstava. Osim klasi\u010dnog studentskog kredita, postoje i druge opcije za finansiranje obuke ili daljeg \u0161kolovanja i ostvarenje Va\u0161eg obrazovnog sna.<\/p>\n<\/div>\n<\/div>\n<div class=\"checking-your-credit-score\">\n<div class=\"container container-row\">\n<h3>Finansiranje obrazovanja od strane roditelja<\/h3>\n<p>Mnogi u\u010denici u \u0160vajcarskoj dobijaju finansijsku podr\u0161ku od svojih roditelja za finansiranje \u0161kolovanja. Roditelji mogu ili pokriti <strong>cijeli tro\u0161ak obrazovanja<\/strong> ili pokriti <strong>dio tro\u0161kova<\/strong> kako bi svojoj djeci omogu\u0107ili pristup kvalitetnom obrazovanju. Neki roditelji \u0161tede za \u0161kolovanje ili studiranje svoje djece od ro\u0111enja, dok drugi imaju dovoljno visoka primanja da finansijski izdr\u017eavaju svoju djecu.<\/p>\n<p>Me\u0111utim, ako ove opcije nisu dovoljne, jo\u0161 uvijek postoje <strong>krediti<\/strong>. <a href=\"https:\/\/www.miro-kredit.ch\/sr\/\" title=\"Privatni kredit\">Li\u010dni krediti<\/a> nisu posebno povezani sa \u0161kolskim tro\u0161kovima i umjesto toga funkcioni\u0161u vi\u0161e kao bilo koja druga vrsta pozajmljivanja &#8211; zajmoprimalac (u ovom slu\u010daju roditelji) podlije\u017ee kreditnoj provjeri koja odre\u0111uje uslove.<\/p>\n<h3>Studentski krediti i studentski zajmovi<\/h3>\n<p>Za studente koji ne dobijaju dovoljnu finansijsku podr\u0161ku od svojih roditelja ili kojima su potrebna dodatna sredstva za finansiranje \u0161kolovanja, dostupni su <strong>krediti za obrazovanje ili studentski krediti<\/strong>. \u0160vajcarski zakon zahtijeva da zadu\u017eivanje ne smije rezultirati prekomjernom zadu\u017eeno\u0161\u0107u.<\/p>\n<p>Klju\u010dni kriterijum ovdje je mjese\u010dni raspolo\u017eivi prihod, koji je obi\u010dno nizak za studente. Stoga banke rijetko nude kredite za obuku i studentske kredite. Me\u0111utim, postoje i banke koje su specijalizovane za ovu tr\u017ei\u0161nu ni\u0161u. Na primjer, mo\u017eete prona\u0107i odgovaraju\u0107e kredite za obuku u Miro Kredit AG.<\/p>\n<p>Alternativa bi bili takozvani <strong>peer-to-peer krediti<\/strong>. Oni dolaze od privatnih lica i studenti mogu odrediti \u017eeljeni iznos kredita, rok i kamatu koju su spremni platiti. Ako se prona\u0111e dovoljno investitora, kredit \u0107e biti ispla\u0107en. Po pravilu se tokom studija pla\u0107aju samo kamate, s tim da otplata kapitala obi\u010dno po\u010dinje tek nakon zavr\u0161etka studija. To zna\u010di da je finansijski teret tokom studija i dalje nizak.<\/p>\n<p>Druga opcija su <strong>studentski krediti kantona<\/strong>. Kako se svi studenti ne kvalifikuju za stipendiju, kantonalni organi za stipendiranje nude beskamatne kredite koji se moraju otpla\u0107ivati nakon zavr\u0161etka studija. Me\u0111utim, ovi kantonalni studentski krediti mogu se koristiti samo za finansiranje po\u010detnog obrazovanja i \u2013 za razliku od privatnog zajma \u2013 ne mogu se koristiti za programe daljeg usavr\u0161avanja.<\/p>\n<\/div>\n<\/div>\n<div class=\"ready-to-take-out-loan online-rate-calculator\">\n<div class=\"container container-row\"><img loading=\"lazy\" decoding=\"async\" style=\"margin: 0 auto; max-width: 700px; display: block;\" src=\"https:\/\/www.miro-kredit.ch\/wp-content\/uploads\/2024\/07\/Cinjenice-o-kreditima-za-obuku-u-Svajcarskoj.png\" alt=\"\u010cinjenice o kreditima za obrazovanje u \u0160vajcarskoj\" width=\"700\" height=\"1210\" \/><\/div>\n<\/div>\n<div class=\"checking-your-credit-score\">\n<div class=\"container container-row\">\n<h3>Stipendija<\/h3>\n<p>Osim kredita, stipendije su i na\u010din finansiranja Va\u0161eg obrazovanja. U \u0160vajcarskoj su kantoni nadle\u017eni za dodjelu stipendija. Pravo na <strong>kantonalno finansiranje<\/strong> zasniva se na porodi\u010dnim i materijalnim prilikama u\u010denika i njihovih porodica. Osim toga, samo studenti koji imaju prebivali\u0161te u doti\u010dnom kantonu, dolaze iz porodice sa niskim primanjima i zavr\u0161avaju priznati kurs obuke generalno imaju pravo na stipendiju.<\/p>\n<p>Informacije o uvjetima za prijavu za stipendiju mogu se prona\u0107i na slu\u017ebenim web stranicama odgovaraju\u0107ih kantona. Na primjer, <strong>Ured za mlade i karijerno vo\u0111enje Kantona Cirih<\/strong> nudi sveobuhvatne informacije o zahtjevima i faktorima izra\u010duna. Kalkulator stipendije Vam omogu\u0107ava da unaprijed odredite Va\u0161e \u0161anse za primanje stipendije. <strong>Web stranice univerziteta<\/strong> tako\u0111er nude informacije o opcijama finansijske podr\u0161ke tokom studija.<\/p>\n<h3>Krediti za dalje \u0161kolovanje<\/h3>\n<p>Pored finansiranja postdiplomskih studija, banke i finansijske institucije u \u0160vajcarskoj nude i <strong>kredite za programe kontinuiranog obrazovanja i stru\u010dnog usavr\u0161avanja<\/strong>. Ovi krediti omogu\u0107avaju zaposlenim profesionalcima da pro\u0161ire svoja znanja i vje\u0161tine i profesionalno napreduju. Crowdlending platforme tako\u0111er nude takve zajmove tako \u0161to studente ili profesionalce smje\u0161taju kod privatnih investitora.<\/p>\n<h3>Privatne fondacije i fondovi<\/h3>\n<p>U \u0160vajcarskoj tako\u0111er postoje razne privatne fondacije i fondovi koji nude finansijsku podr\u0161ku u obrazovne svrhe. Ove organizacije podr\u017eavaju i \u0161vajcarske studente i me\u0111unarodne studente u finansiranju njihovog obrazovanja i poma\u017eu u stvaranju obrazovnih mogu\u0107nosti za sve.<\/p>\n<p>Alokacija finansijskih sredstava od strane privatnih fondacija i fondova obi\u010dno zavisi od razli\u010ditih kriterijuma, kao \u0161to su mesto <strong>stanovanja<\/strong> ili <strong>redovni prihodi<\/strong>. Osim toga, \u010desto je zamisliva kombinacija kantonalne stipendije i finansiranja iz fondacije ili fonda, iako u ovom slu\u010daju mora biti obavije\u0161ten ured za dodjelu stipendija.<\/p>\n<h3>Studentsko zapo\u0161ljavanje<\/h3>\n<p>Mnogi studenti u \u0160vajcarskoj finansiraju svoje obrazovanje kroz zapo\u0161ljavanje studenata. Osim studija, oni rade <strong>honorarne poslove ili sta\u017eiraju<\/strong> kako bi dopunili prihode i pokrili tro\u0161kove obuke. Gotovo polovina studenata radi jedan ili dva dana u sedmici na nepuno radno vrijeme. Ovo iskustvo ne samo da omogu\u0107ava studentima da budu finansijski nezavisni, ve\u0107 i da steknu prakti\u010dno radno iskustvo.<\/p>\n<p>Me\u0111utim, bolonjski sistem sa svojim gustim rasporedom \u010desto ote\u017eava obavljanje posla sa skra\u0107enim radnim vremenom, tako da alternativne opcije finansiranja kao \u0161to su <strong>kredit za obrazovanje ili zajam za obuku<\/strong> postaju sve atraktivnije za studente.<\/p><\/div>\n<\/div>\n<div class=\"ready-to-take-out-loan online-rate-calculator\">\n<div class=\"container container-row\">\n<h2>Neke stipendije za obuku u \u0160vajcarskoj<\/h2>\n<p>Pod odre\u0111enim uslovima, studenti u \u0160vajcarskoj tako\u0111e mogu da primaju dr\u017eavne stipendije. Osim toga, fondacije i fondovi nude finansijsku podr\u0161ku ljudima koji se \u0161koluju. Prednost ovdje je \u0161to od ovih kantonalnih stipendija mogu imati koristi ne samo \u0161vajcarski dr\u017eavljani, ve\u0107 i izbjeglice i stranci koji borave u \u0160vajcarskoj. Pristup dr\u017eavnim stipendijama je mogu\u0107 i za \u0160vajcarce koji \u017eive u inostranstvu pod odre\u0111enim uslovima.<\/p>\n<h3>Kantonalna stipendija<\/h3>\n<p>Kantoni u \u0160vajcarskoj nude svojim stanovnicima stipendije za finansiranje \u0161kolovanja. Za ove stipendije se mogu prijaviti u <strong>kantonalnom uredu za stipendije<\/strong>. Uslovi za dobijanje ovakve stipendije uklju\u010duju, izme\u0111u ostalog, da i student i roditelji imaju niska primanja i malo imovine. Ta\u010dni uvjeti variraju od kantona do kantona. Neki kantoni \u010dak nude finansijsku podr\u0161ku za drugi stepen ili daljnju obuku.<\/p>\n<p>U principu, stipendije se mogu dodijeliti jednom ili vi\u0161e puta i generalno se <strong>ne moraju<\/strong> otpla\u0107ivati. Me\u0111utim, neki kantoni zahtijevaju otplatu ako se finansijska situacija u\u010denika kasnije zna\u010dajno pobolj\u0161a. Krediti za obrazovanje se, s druge strane, uvijek moraju otpla\u0107ivati \u2013 bez obzira na finansijsku situaciju. Kamata se \u010desto tako\u0111er napla\u0107uje za ove studentske kredite.<\/p>\n<h3>Stipendije fondacija i fondova<\/h3>\n<p>Osim dr\u017eavnih stipendija, u \u0160vajcarskoj postoji niz privatnih fondacija i fondova koji nude stipendije za studente. Ove fondacije mogu osnovati <strong>savezna vlada<\/strong>, <strong>lokalne vlasti<\/strong> i <strong>univerziteti<\/strong>, kao i <strong>neprofitne organizacije<\/strong> ili \u010dak <strong>bogati pojedinci<\/strong>, a imaju za cilj da pru\u017ee finansijsku podr\u0161ku talentovanim studentima.<\/p>\n<p>Zahtjevi za prijavu i kriterijum odabira za ove stipendije variraju ovisno o fondaciji, pa je preporu\u010dljivo da <strong>se informi\u0161ete o raznim opcijama \u0161to prije<\/strong>  i da se prijavite na vrijeme. Relevantne adrese ovakvih fondacija i privatnih fondova mogu se prona\u0107i u kantonalnim uredima za stipendiranje. Savezna vlada tako\u0111er vodi listu fondacija koje obezbje\u0111uju \u0161kolarinu.<\/p>\n<h3>Federalna stipendija za izvrsnost<\/h3>\n<p>Stipendija \u0161vajcarske vlade za izvrsnost je presti\u017eni program stipendiranja koji dodjeljuje \u0160vajcarska Konfederacija. Namijenjen je <strong>visokokvalifikovanim stranim studentima sa izuzetnim akademskim postignu\u0107ima<\/strong> i izuzetnim talentom u svojoj oblasti. Primaoci stipendija biraju se na konkursnoj osnovi, a finansiranje obezbje\u0111uje vlada.<\/p>\n<p>Ova stipendija ne nudi samo finansijsku podr\u0161ku, ve\u0107 i mogu\u0107nost u\u010de\u0161\u0107a u ekskluzivnim doga\u0111ajima i sastancima umre\u017eavanja kako bi se promovisao li\u010dni i profesionalni razvoj stipendista. Zainteresovani studenti treba da se informi\u0161u o uslovima prijave i procesu prijave u <strong>Dr\u017eavnom sekretarijatu za obrazovanje, istra\u017eivanje i inovacije<\/strong>.<\/p><\/div>\n<\/div>\n<div class=\"checking-your-credit-score\">\n<div class=\"container container-row\">\n<h2>Kako mogu dobiti \u0161vajcarski kredit za obrazovanje?<\/h2>\n<p>Obrazovni krediti nude dobar na\u010din za finansiranje Va\u0161eg obrazovanja. Na primer, krediti za obrazovanje Vam mogu pomo\u0107i da platite razne tro\u0161kove vezane za \u0161kolovanje kao \u0161to su \u0161kolarina, soba i pansion, ud\u017ebenici i jo\u0161 mnogo toga. To zna\u010di da ne morate odustati od kvalitetnog obrazovanja iz finansijskih razloga.<\/p>\n<p>Me\u0111utim, prije nego \u0161to se odlu\u010dite za kredit, va\u017eno je uporediti kamatne stope i uslove razli\u010ditih kreditora. Pa\u017eljivo pore\u0111enje \u0107e Vam omogu\u0107iti da prona\u0111ete najbolji kredit koji odgovara Va\u0161im potrebama i finansijskim mogu\u0107nostima. Podno\u0161enjem <a href=\"https:\/\/www.miro-kredit.ch\/sr\/zahtev-za-kredit\/\" title=\"Zahtjev za kredit\">zahtjeva za kredit<\/a> putem platformi kao \u0161to je Miro Kredit AG, mo\u017eete lako uporediti ponude razli\u010ditih zajmodavaca i tako prona\u0107i pravi obrazovni kredit za Va\u0161 obrazovni projekat.<\/p>\n<h3>Provjerite podobnost<\/h3>\n<p>Prije nego \u0161to podnesete zahtjev za kredit za obrazovanje, prvo je va\u017eno provjeriti da li ispunjavate uslove za odgovaraju\u0107i kreditni program. Zahtjevi se mogu razlikovati ovisno o zajmodavcu, ali generalno morate ispuniti sljede\u0107e kriterije:<\/p>\n<ul>\n<li><strong>Punoljetnost:<\/strong> Da biste dobili kredit, morate imati najmanje 18 godina i stoga imati punu poslovnu sposobnost.<\/li>\n<li><strong>Dr\u017eavljanstvo ili prebivali\u0161te u \u0160vajcarskoj:<\/strong> Ve\u0107ina zajmodavaca zahtijeva da ste ili \u0161vajcarski dr\u017eavljanin ili da imate prebivali\u0161te u \u0160vajcarskoj.<\/li>\n<li><strong>Prijem u priznatu obrazovnu instituciju:<\/strong> \u010cesto morate biti upisani na priznati koled\u017e, univerzitet, strukovnu \u0161kolu ili drugi obrazovni institut u \u0160vajcarskoj i biti u mogu\u0107nosti pru\u017eiti dokaz o tome.<\/li>\n<li><strong>Kreditni rejting:<\/strong> Kao i kod drugih li\u010dnih zajmova, ve\u0107ina zajmodavaca \u0107e provjeriti Va\u0161 kreditni rejting kako bi bili sigurni da ste u mogu\u0107nosti da otplatite zajam za obrazovanje. Ovo mo\u017ee uklju\u010divati provjeru Va\u0161ih prihoda, postoje\u0107ih dugova i kreditne istorije. Ako ve\u0107 imate druge obaveze pla\u0107anja, trebali biste znati <a href=\"https:\/\/www.miro-kredit.ch\/sr\/unos-u-zek-koliko-dugo\/\" title=\"Unos u ZEK: koliko dugo?\">koliko dugo ostaje ZEK unos<\/a>? To mo\u017ee uticati na to da li mo\u017eete uzeti jo\u0161 jedan kredit.<\/li>\n<li><strong>Tok studija i napredak studija:<\/strong> Neki zajmodavci mogu imati posebne zahtjeve za kurs ili napredak studija. Na primjer, mogu zahtijevati da ste na odre\u0111enoj godini studija ili da steknete odre\u0111enu diplomu.<\/li>\n<\/ul>\n<p>Nakon \u0161to potvrdite da ispunjavate uslove, mo\u017eete zapo\u010deti stvarni proces prijave. \u0160to prije saznate za razli\u010dite opcije kredita, ve\u0107e su Vam \u0161anse da dobijete zajam za obrazovanje koji odgovara Va\u0161im potrebama. Stoga vrijedi po\u010deti rano s pore\u0111enjem kredita s Miro Kredit AG.<\/p><\/div>\n<\/div>\n<div class=\"faq-wrapper\">\n<div class=\"container container-row\">\n<h2>FAQ<\/h2>\n<ul class=\"accordion\" data-accordion=\"\">\n<li class=\"accordion-navigation\">\n<a href=\"#faq-1\" title=\"\u0160ta je kredit za obrazovanje?\">\n<h3>\u0160ta je kredit za obrazovanje?<\/h3>\n<\/a>\n<div id=\"faq-1\" class=\"content active\">Obrazovni kredit je finansijska podr\u0161ka koja omogu\u0107ava studentima da pokriju svoje tro\u0161kove obrazovanja kao \u0161to su \u0161kolarine, \u017eivotni tro\u0161kovi i nastavni materijali. Ovaj zajam se obi\u010dno odobrava uz fiksnu kamatnu stopu i mora se otplatiti nakon zavr\u0161etka obuke.<\/div>\n<\/li>\n<li class=\"accordion-navigation\">\n<a href=\"#faq-2\" title=\"Koliko ko\u0161ta obuka u \u0160vajcarskoj?\">\n<h3>Koliko ko\u0161ta obuka u \u0160vajcarskoj?<\/h3>\n<\/a>\n<div id=\"faq-2\" class=\"content\">Tro\u0161kovi obuke u \u0160vajcarskoj mogu varirati u zavisnosti od vrste obuke, institucije i li\u010dnih okolnosti. U prosjeku, \u0161vajcarski studenti tro\u0161e oko 25.000 CHF godi\u0161nje na svoje obrazovanje.<\/div>\n<\/li>\n<li class=\"accordion-navigation\">\n<a href=\"#faq-3\" title=\"Ko dobija stipendiju u \u0160vajcarskoj?\">\n<h3>Ko dobija stipendiju u \u0160vajcarskoj?<\/h3>\n<\/a>\n<div id=\"faq-3\" class=\"content\">Stipendije u \u0160vajcarskoj se dodeljuju uzimaju\u0107i u obzir razli\u010dite kriterijume, uklju\u010duju\u0107i finansijske potrebe, akademsko postignu\u0107e i druge specifi\u010dne zahteve. Kvalifikovane osobe mogu biti \u0161vajcarski dr\u017eavljani, strani studenti koji borave u \u0160vajcarskoj, izbjeglice, pa \u010dak i \u0161vajcarski dr\u017eavljani koji \u017eive u inostranstvu.<\/div>\n<\/li>\n<li class=\"accordion-navigation\">\n<a href=\"#faq-4\" title=\"Kako mogu finansirati svoju obuku?\">\n<h3>Kako mogu finansirati svoju obuku?<\/h3>\n<\/a>\n<div id=\"faq-4\" class=\"content\">Obuka u \u0160vajcarskoj mo\u017ee se finansirati na razli\u010dite na\u010dine. Izme\u0111u ostalog, mogu\u0107e su stipendije, fondovi, privatna podr\u0161ka, honorarni poslovi i krediti za obrazovanje. Kombinacija razli\u010ditih opcija finansiranja \u010desto mo\u017ee imati smisla za pokrivanje tro\u0161kova obuke.<\/div>\n<\/li>\n<\/ul>\n<\/div>\n<\/div>\n<div class=\"checking-your-credit-score\">\n<div class=\"container container-row text-center\"><img loading=\"lazy\" decoding=\"async\" style=\"margin-bottom: 40px;\" src=\"https:\/\/www.miro-kredit.ch\/wp-content\/uploads\/2024\/01\/miro-kredit-swiss.png\" alt=\"Miro Kredit \u0160vajcarska - Zaklju\u010dak\" width=\"132\" height=\"132\"\/>\n<h2>Zaklju\u010dak<\/h2>\n<p>Finansiranje Va\u0161ih studija mo\u017ee biti zastra\u0161uju\u0107i zadatak, ali postoji mnogo razli\u010ditih na\u010dina za to. \u0160vajcarska nudi razne mogu\u0107nosti finansiranja za obuku &#8211; od dr\u017eavnih stipendija i privatnih zajmova do studentskog rada i stipendija fondacija.<\/p>\n<p>Obrazovni kredit je posebno atraktivna opcija za finansiranje obuke. Me\u0111utim, ima smisla rano saznati o dostupnim opcijama i razviti pojedina\u010dne strategije finansiranja kako bi se stvorila \u010dvrsta osnova za uspje\u0161nu obuku.<\/p>\n<\/div>\n<\/div>\n","protected":false},"excerpt":{"rendered":"<p>Kredit za obrazovanje \u0160vajcarska Obrazovanje tokom obaveznog \u0161kolovanja je besplatno u \u0160vajcarskoj. Me\u0111utim, osoba na obuci ili njeni roditelji generalno&#8230;<\/p>\n","protected":false},"author":4,"featured_media":4128,"parent":0,"menu_order":0,"comment_status":"closed","ping_status":"closed","template":"page-default-2024.php","meta":{"footnotes":""},"class_list":["post-4154","page","type-page","status-publish","has-post-thumbnail","hentry"],"_links":{"self":[{"href":"https:\/\/www.miro-kredit.ch\/sr\/wp-json\/wp\/v2\/pages\/4154","targetHints":{"allow":["GET"]}}],"collection":[{"href":"https:\/\/www.miro-kredit.ch\/sr\/wp-json\/wp\/v2\/pages"}],"about":[{"href":"https:\/\/www.miro-kredit.ch\/sr\/wp-json\/wp\/v2\/types\/page"}],"author":[{"embeddable":true,"href":"https:\/\/www.miro-kredit.ch\/sr\/wp-json\/wp\/v2\/users\/4"}],"replies":[{"embeddable":true,"href":"https:\/\/www.miro-kredit.ch\/sr\/wp-json\/wp\/v2\/comments?post=4154"}],"version-history":[{"count":7,"href":"https:\/\/www.miro-kredit.ch\/sr\/wp-json\/wp\/v2\/pages\/4154\/revisions"}],"predecessor-version":[{"id":4988,"href":"https:\/\/www.miro-kredit.ch\/sr\/wp-json\/wp\/v2\/pages\/4154\/revisions\/4988"}],"wp:featuredmedia":[{"embeddable":true,"href":"https:\/\/www.miro-kredit.ch\/sr\/wp-json\/wp\/v2\/media\/4128"}],"wp:attachment":[{"href":"https:\/\/www.miro-kredit.ch\/sr\/wp-json\/wp\/v2\/media?parent=4154"}],"curies":[{"name":"wp","href":"https:\/\/api.w.org\/{rel}","templated":true}]}}