{"id":3256,"date":"2024-03-01T12:50:40","date_gmt":"2024-03-01T11:50:40","guid":{"rendered":"https:\/\/www.miro-kredit.ch\/kredit-mobel\/"},"modified":"2025-05-14T13:50:57","modified_gmt":"2025-05-14T11:50:57","slug":"kredit-za-kupovinu-namjestaja","status":"publish","type":"page","link":"https:\/\/www.miro-kredit.ch\/sr\/kredit-za-kupovinu-namjestaja\/","title":{"rendered":"Kredit za kupovinu namje\u0161taja"},"content":{"rendered":"<div class=\"ready-to-take-out-loan online-rate-calculator\">\n<div class=\"container\">\n<div class=\"full-text-column\">\n<h1>Kredit za kupovinu namje\u0161taja<\/h1>\n<p>Planirate li selidbu ili biste \u017eeljeli preurediti svoj stan ili ku\u0107u? Tada vam obi\u010dno treba odgovaraju\u0107i kapital za namje\u0161taj. Me\u0111utim, raspolo\u017eivi bud\u017eet nije uvijek dovoljan da se odmah kupi sav potreban namje\u0161taj i poku\u0107stvo. U takvim slu\u010dajevima mo\u017ee biti koristan kredit za namje\u0161taj.<\/p>\n<p>Miro Kredit AG u svojoj ponudi ima osobne kredite po posebno povoljnim uslovima kako biste \u0161to prije opremili svoj dom iz snova.<\/p>\n<\/div>\n<\/div>\n<\/div>\n<div class=\"taking-out-loan\" style=\"margin-bottom: 0;\">\n        <img loading=\"lazy\" decoding=\"async\" src=\"https:\/\/www.miro-kredit.ch\/wp-content\/uploads\/2024\/02\/Kredit-Mobel-Finanzierungslosungen-der-Miro-Kredit-AG.jpg\" alt=\"Kreditni za kupovinu namje\u0161taja \u27a4 Rje\u0161enja za financiranje koje nudi Miro Kredit AG\" width=\"940\" height=\"627\"\/>\n<div class=\"text-column\">\n<h2>Privatni kredit za kupovinu namje\u0161taja<\/h2>\n<p>Miro Kredit AG nudi vam jednostavnu i transparentnu platformu za usporedbu kredita kako biste prona\u0161li odgovaraju\u0107i privatni kredit za kupovinu namje\u0161taja. Uz na\u0161 <strong>online kreditni kalkulator<\/strong> mo\u017eete dobiti svoju prvu <strong>neobvezuju\u0107u i besplatnu ponudu zajma<\/strong>. Jednostavno unesite \u017eeljeni iznos i rok otplate kredita i odmah \u0107ete dobiti pregled mjese\u010dnih rata, uklju\u010duju\u0107i kamatu.<\/p>\n<p>Kredit za kupovinu namje\u0161taja omogu\u0107ava vam <strong>povoljno financiranje tro\u0161kova doma iz snova<\/strong>, kako ne biste morali potro\u0161iti cijeli bud\u017eet odjednom. Zahvaljuju\u0107i fleksibilnim na\u010dinima otplate, lako mo\u017eete prilagoditi svoje finansijsko optere\u0107enje vlastitim mogu\u0107nostima.<\/p>\n<\/div>\n<\/div>\n<div class=\"ready-to-take-out-loan online-rate-calculator\">\n<div class=\"container container-row\">\n<h3>Za\u0161to zajam mo\u017ee imati vi\u0161e smisla od pla\u0107anja u gotovini<\/h3>\n<p>Pla\u0107anje u gotovini na prvi pogled mo\u017ee izgledati primamljivo, jer ne morate pla\u0107ati kamatu. Me\u0111utim, postoji nekoliko razloga za\u0161to privatni zajam mo\u017ee imati vi\u0161e smisla za kupovinu namje\u0161taja. Prvo, financiranje kreditom omogu\u0107ava vam da <strong>ostanete likvidni, daju\u0107i<\/strong> vam vi\u0161e slobode za nepredvi\u0111ene tro\u0161kove. Osim toga, postupna otplata omogu\u0107ava vam bolji nadzor nad financijskim optere\u0107enjem.<\/p>\n<p>Jo\u0161 jedna prednost: mo\u017eete dobiti posebno <strong>dobre uvjete<\/strong> za kredit za kupovinu namje\u0161taja ako imate visoki <a href=\"https:\/\/www.miro-kredit.ch\/sr\/kreditni-status-rejting\/\">kreditni rejting<\/a>. Kredit mo\u017ee biti prikladno rje\u0161enje, posebno ako vam je potreban dodatni kapital u kratkome roku, a \u0161tednja nije opcija. Kredit je tako\u0111er <strong>posebno pogodan za dugoro\u010dne kupovine poput namje\u0161taja<\/strong>, jer se tro\u0161kovi mogu rasporediti na du\u017ei vremenski period.<\/p>\n<\/div>\n<\/div>\n<div class=\"checking-your-credit-score\">\n<div class=\"container container-row\">\n<h3>Izbjegnite visoke kamate na kreditne kartice prilikom kupovine<\/h3>\n<p>Ljudi \u010desto kupuju namje\u0161taj kreditnom karticom. Me\u0111utim, kamate na pla\u0107anje kreditnim karticama nerijetko su visoke, \u0161to zna\u010dajno pove\u0107ava ukupne tro\u0161kove. Osobnim kreditom preko ku\u0107e Miro Kredit AG mo\u017eete izbje\u0107i ove <strong>visoke kamate<\/strong> te iskoristiti znatno povoljnije uvjete.<\/p>\n<p>Financiranje kupnje namje\u0161taja osobnim kreditom stoga je posebno <strong>povoljno i fleksibilno rje\u0161enje<\/strong>. Miro Kredit AG uz vas je kao partner od povjerenja koji \u0107e vam pomo\u0107i u odabiru najboljeg kredita za namje\u0161taj. Iskoristite prednosti ciljanog financiranja i uredite \u017eivot u svoja \u010detiri zida prema vlastitim zamislima!<\/p>\n<\/div>\n<\/div>\n<div class=\"ready-to-take-out-loan online-rate-calculator\">\n<div class=\"container container-row\">\n<h2>Koja je razlika izme\u0111u kredita i zajma?<\/h2>\n<p>Pojmovi \u201ekredit\u201d i \u201ezajam\u201d \u010desto se koriste naizmjeni\u010dno, iako postoje neke suptilne razlike izme\u0111u njih. U osnovi, zajam je <strong>privremeni prijenos novca ili imovine<\/strong> koju zajmoprimac mora vratiti \u2013 \u010desto s kamatom. To se prvenstveno odnosi na potro\u0161a\u010dke kredite.<\/p>\n<p>Zajam je, s druge strane, poseban oblik kredita u kojem se daje <strong>fiksna suma novca na odre\u0111eno vrijeme<\/strong>. Stoga su zajmovi \u010desti me\u0111u privatnim osobama koji jedni drugima pozajmljuju novac bez naplate kamate. Me\u0111utim, \u0161vicarske banke koriste i termin kredit &#8211; na primjer za finansiranje sa deponiranim jamstvom.<\/p>\n<\/div>\n<\/div>\n<div class=\"checking-your-credit-score\">\n<div class=\"container container-row\">\n<h3>\u0160ta morate ispuniti da biste dobili kredit?<\/h3>\n<p>Ako \u017eelite uzeti kredit za namje\u0161taj, <a href=\"https:\/\/www.miro-kredit.ch\/sr\/zahtev-za-kredit\/\">zahtjev za kredit<\/a> predstavlja prvi formalni korak. Kako biste to u\u010dinili, prvo morate odabrati <strong>\u017eeljeni kredit<\/strong> pomo\u0107u online kreditnoga kalkulatora. Zatim morate unijeti svoje osobne podatke i podatke o zaposlenju. \u010cim unesete sve podatke, mo\u017eete podnijeti online prijavu.<\/p>\n<p>Nakon podno\u0161enja zahtjeva zajmodavac \u0107e provjeriti va\u0161e podatke i provesti <strong>provjeru kreditne sposobnosti<\/strong>. Uspje\u0161an zahtjev za kredit vodi do odobrenja i potpisivanja ugovora o kreditu koji navodi to\u010dne uvjete osobnog kredita. Kako biste osigurali dobre izglede za dobivanje \u0161vicarskog kredita za namje\u0161taj, morate ispuniti sljede\u0107e zahtjeve:<\/p>\n<ol>\n<li><strong>Punoljetnost:<\/strong> Osnovni uvjet za podno\u0161enje zahtjeva za \u0161vicarski kredit jest da ste punoljetni. Stoga, kako biste mogli podnijeti zahtjev za kredit u \u0160vicarskoj, morate imati najmanje 18 godina.<\/li>\n<li><strong>\u0160vicarsko dr\u017eavljanstvo ili boravi\u0161na dozvola: <\/strong> Osim punoljetnosti, morate imati \u0161vicarsko dr\u017eavljanstvo ili posjedovati va\u017ee\u0107u boravi\u0161nu dozvolu B, C ili G. Za dobivanje \u0161vajcarskog kredita neophodan je i boravak u \u0160vajcarskoj.<\/li>\n<li><strong>Redovan prihod:<\/strong> Stabilan izvor prihoda tako\u0111er je va\u017ean za vas kao zajmoprimca kako bi vam kredit bio odobren. Stoga biste trebali biti u mogu\u0107nosti pru\u017eiti dokaz o redovitim prihodima koji su dovoljni za pokrivanje mjese\u010dnih rata.<\/li>\n<li><strong>Dobra kreditna sposobnost:<\/strong> Na kraju, ali ne i najmanje va\u017eno, dobra je kreditna sposobnost neophodna za odobravanje kredita. Zajmodavci su du\u017eni provjeriti va\u0161u kreditnu povijest i revnost kako bi bili sigurni da uzimanje kredita ne\u0107e dovesti do prezadu\u017eivanja.<\/li>\n<\/ol>\n<\/div>\n<\/div>\n<div class=\"ready-to-take-out-loan online-rate-calculator\">\n<div class=\"container container-row\">\n<h3>Koja je trenutna kamatna stopa na kredite?<\/h3>\n<p>Kamatna stopa na kredit obi\u010dno se odre\u0111uje na temelju \u017eeljenog iznosa i roka otplate kredita te kreditne sposobnosti. <strong>Kamate<\/strong> se trenutno kre\u0107u <strong>izme\u0111u 4,5 i 9,95 posto<\/strong> (od 2024. godine). Kamatne stope mogu varirati od zajmodavca do zajmodavca.<\/p>\n<p>Miro Kredit AG nastoji vam uvijek ponuditi najpovoljnije kredite po najboljim uvjetima. Procijenjeni ukupni tro\u0161kovi va\u0161eg kredita mogu se lako izra\u010dunati s pomo\u0107u <strong>besplatnoga, neobvezuju\u0107eg online kreditnog kalkulatora Miro Kredit AG<\/strong>. Na ovaj na\u010din Miro Kredit AG osigurava transparentnu platformu za usporedbu razli\u010ditih ponuda kredita i pronala\u017eenje najbolje kamatne stope za va\u0161e potrebe.<\/p>\n<\/div>\n<\/div>\n<div class=\"ready-to-take-out-loan online-rate-calculator\">\n<div class=\"container container-row\">\n            <img loading=\"lazy\" decoding=\"async\" src=\"https:\/\/www.miro-kredit.ch\/wp-content\/uploads\/2024\/02\/faktori-koji-uticu-na-visinu-kamatne-stope.jpg\" alt=\"Faktori koji uti\u010du na visinu kamatne stope\" width=\"1170\" height=\"1200\"\/><\/div>\n<\/div>\n<div class=\"ready-to-take-out-loan online-rate-calculator\">\n<div class=\"container container-row\">\n<h2>Financiranje doma\u0107instava: prona\u0111ite pravo rje\u0161enje uz Miro Kredit<\/h2>\n<p><strong>Kupovina novog namje\u0161taja, renoviranje doma ili nepredvi\u0111eni ku\u0107ni tro\u0161kovi<\/strong> \u010desto zahtijevaju financijsku fleksibilnost. Miro Kredit tada je va\u0161 pouzdan partner za financijska rje\u0161enja po mjeri s pravim <strong>online kreditom<\/strong>. Bilo da se radi o novoj kuhinji, ra\u010dunaru, TV-u ili novom namje\u0161taju \u2013 na\u0161 <a href=\"https:\/\/www.miro-kredit.ch\/sr\/zahtev-za-kredit\/\">online kredit<\/a> mo\u017eete upotrijebiti za bilo \u0161to uz transparentne uvjete i niske kamate.<\/p>\n<\/div>\n<\/div>\n<div class=\"checking-your-credit-score\">\n<div class=\"container container-row text-center\"><img loading=\"lazy\" decoding=\"async\" style=\"margin-bottom: 40px;\" src=\"https:\/\/www.miro-kredit.ch\/wp-content\/uploads\/2024\/01\/miro-kredit-swiss.png\" alt=\"Miro Kredit \u0160vajcarska - Zaklju\u010dak\" width=\"132\" height=\"132\"\/>\n<h2>Zaklju\u010dak<\/h2>\n<p>Bilo da preure\u0111ujete svoj \u017eivotni prostor ili morate snositi nepredvi\u0111ene tro\u0161kove, nudimo \u0161irok spektar mogu\u0107nosti kreditiranja. Na\u0161a platforma prilago\u0111ena korisnicima omogu\u0107ava uspore\u0111ivanje najboljih ponuda kredita i pronala\u017eenje savr\u0161enog partnera za financiranje vlastitih potreba. Uz Miro Kredit mo\u017eete oblikovati svoju financijsku budu\u0107nost svog doma\u0107instva na jednostavan, transparentan i u\u010dinkovit na\u010din.<\/p>\n<\/div>\n<\/div>\n","protected":false},"excerpt":{"rendered":"<p>Kredit za kupovinu namje\u0161taja Planirate li selidbu ili biste \u017eeljeli preurediti svoj stan ili ku\u0107u? Tada vam obi\u010dno treba odgovaraju\u0107i&#8230;<\/p>\n","protected":false},"author":4,"featured_media":3226,"parent":0,"menu_order":0,"comment_status":"closed","ping_status":"closed","template":"page-default-2024.php","meta":{"footnotes":""},"class_list":["post-3256","page","type-page","status-publish","has-post-thumbnail","hentry"],"_links":{"self":[{"href":"https:\/\/www.miro-kredit.ch\/sr\/wp-json\/wp\/v2\/pages\/3256","targetHints":{"allow":["GET"]}}],"collection":[{"href":"https:\/\/www.miro-kredit.ch\/sr\/wp-json\/wp\/v2\/pages"}],"about":[{"href":"https:\/\/www.miro-kredit.ch\/sr\/wp-json\/wp\/v2\/types\/page"}],"author":[{"embeddable":true,"href":"https:\/\/www.miro-kredit.ch\/sr\/wp-json\/wp\/v2\/users\/4"}],"replies":[{"embeddable":true,"href":"https:\/\/www.miro-kredit.ch\/sr\/wp-json\/wp\/v2\/comments?post=3256"}],"version-history":[{"count":2,"href":"https:\/\/www.miro-kredit.ch\/sr\/wp-json\/wp\/v2\/pages\/3256\/revisions"}],"predecessor-version":[{"id":4957,"href":"https:\/\/www.miro-kredit.ch\/sr\/wp-json\/wp\/v2\/pages\/3256\/revisions\/4957"}],"wp:featuredmedia":[{"embeddable":true,"href":"https:\/\/www.miro-kredit.ch\/sr\/wp-json\/wp\/v2\/media\/3226"}],"wp:attachment":[{"href":"https:\/\/www.miro-kredit.ch\/sr\/wp-json\/wp\/v2\/media?parent=3256"}],"curies":[{"name":"wp","href":"https:\/\/api.w.org\/{rel}","templated":true}]}}