{"id":3155,"date":"2024-01-18T12:07:14","date_gmt":"2024-01-18T11:07:14","guid":{"rendered":"https:\/\/www.miro-kredit.ch\/kreditwuerdigkeit\/"},"modified":"2025-07-11T11:05:15","modified_gmt":"2025-07-11T09:05:15","slug":"kreditni-status-rejting","status":"publish","type":"page","link":"https:\/\/www.miro-kredit.ch\/sr\/kreditni-status-rejting\/","title":{"rendered":"Kreditni status (rejting)"},"content":{"rendered":"<div class=\"ready-to-take-out-loan online-rate-calculator\">\n<div class=\"container\">\n<div class=\"full-text-column\">\n<h1>Kreditni status (rejting)<\/h1>\n<p>Treba vam finansijska injekcija pa razmi\u0161ljate o zajmu? Miro Kredit AG u ponudi ima brojne mogu\u0107nosti kreditiranja, od klasi\u010dnih privatnih kredita do kredita za renoviranje i adaptaciju.<\/p>\n<p>Ipak, va\u0161a kreditna sposobnost i kreditni status (rejting) predstavljaju osnovne preduslove za odobravanje zajma. Oboje se pa\u017eljivo provjerava u sklopu kreditne provjere kako bi se osiguralo da kredit ne predstavlja prevelik zalogaj i da ga mo\u017eete s lako\u0107om otplatiti. Koje se informacije temeljno \u201e\u010de\u0161ljaju\u201d prilikom provjere u kreditnom birou i kako mo\u017eete unaprijediti svoju kreditnu sposobnost? Pro\u010ditajte u \u010dlanku pred vama.<\/p>\n<\/div>\n<\/div>\n<\/div>\n<div class=\"taking-out-loan\" style=\"margin-bottom: 0;\"><img loading=\"lazy\" decoding=\"async\" src=\"https:\/\/www.miro-kredit.ch\/wp-content\/uploads\/2024\/01\/Kreditni-status-rejting-Koliko-je-vazan-kreditni-status.jpg\" alt=\"Kreditni status (rejting) \u27a4 Koliko je va\u017ean kreditni status\" width=\"724\" height=\"483\"\/>\n<div class=\"text-column\">\n<h2>\u0160ta se provjerava pri podno\u0161enju zahtjeva za kredit?<\/h2>\n<p>Bez obzira na to podnosite li zahtjev za <a href=\"https:\/\/www.miro-kredit.ch\/sr\/kredit-sa-otplatom-u-ratama\/\" title=\"Kredit sa otplatom u ratama\">kredit na rate<\/a>, kredit za kupovinu automobila ili kredit za renoviranje: svaki put kada podnesete zahtjev za kredit bivate podvrgnuti temeljnoj provjeri. Ova provjera tvori <strong>osnov za odobravanje svih potro\u0161a\u010dkih kredita u \u0160vajcarskoj<\/strong> i stoga ima presudan zna\u010daj. Njome se odre\u0111uje ho\u0107e li vam biti odobren potro\u0161a\u010dki kredit i pod kojim uslovima. Iznos, rok otplate i kamatna stopa zajma utvr\u0111uju se tek nakon analize va\u0161ih podataka i plate\u017ene sposobnosti.<\/p>\n<p>Provjera u kreditnom birou sastoji se iz dva glavna dijela: <strong>provjera kreditne sposobnosti<\/strong> i <strong>bonitetne ocjene<\/strong>. Provjerom se osigurava podno\u0161ljivost finansijskog tereta za vas kao uzimaoca zajma i na najmanju se mjeru svodi rizik po finansijsku ustanovu ili banku.<\/p>\n<p>Razmatranje zahtjeva za kredit jeste temeljan postupak kojim se osigurava podno\u0161ljivost finansijskog tereta za podnosioca zahtjeva i maksimalno se smanjuje rizik za davaoca. Ulogu igra nekoliko \u010dinilaca:<\/p>\n<\/div>\n<\/div>\n<div class=\"ready-to-take-out-loan online-rate-calculator\">\n<div class=\"container container-row\">\n<h3>Kreditna sposobnost<\/h3>\n<p>Kreditna sposobnost odnosi se na osnovnu prikladnost podnosioca zahtjeva da uzme kredit. Provjera kreditne sposobnosti u skladu sa \u0161vajcarskim Zakonom o potro\u0161a\u010dkim kreditima (KKG) slu\u017ei da se <strong>sprije\u010di prezadu\u017eivanje<\/strong> uzimaoca kredita zbog njegovog odobravanja. Konkretno se provjerava da li kao uzimalac kredita ispunjavate uslove i mo\u017eete da zaklju\u010dite pravno obavezuju\u0107e ugovore o kreditu, tako \u0161to ste postali <strong>punoljetni<\/strong>.<\/p>\n<p>Tako\u0111er se provjerava da li vam finansijska situacija dozvoljava da otplatite zajam na vrijeme. U tu svrhu vr\u0161i se detaljna <strong>provjera mjese\u010dnih prihoda<\/strong> nakon odbitka fiksnih tro\u0161kova i izdataka. U slu\u010daju potro\u0161a\u010dkih kredita obi\u010dno se vr\u0161i standardizovan prora\u010dun bud\u017eeta kojim se utvr\u0111uje maksimalni iznos kredita. Prora\u010dunom bud\u017eeta obi\u010dno se obuhvataju sljede\u0107i tro\u0161kovi:<\/p>\n<ul class=\"normal-ul\">\n<li>tro\u0161kovi stanovanja<\/li>\n<li>porezi i tro\u0161kovi zdravstvenog osiguranja<\/li>\n<li>postoje\u0107e platne obaveze<\/li>\n<li>neoporezivi dio zarade<\/li>\n<li>tro\u0161kovi alimentacije i izdr\u017eavanja koje pla\u0107ate<\/li>\n<li>tro\u0161kovi prevoza do posla i nazad<\/li>\n<\/ul>\n<p>Svi ovi tro\u0161kovi i fiksni izdaci porede se sa va\u0161im mjese\u010dnim prihodima iz svih izvora kako bi se utvrdio va\u0161 bud\u017eet.<\/p>\n<p>Va\u0161a kreditna sposobnost stoga je povezana sa zakonski utvr\u0111enim minimalnim zahtjevima koje morate ispuniti. Osim punoljetnosti tako\u0111er morate biti sposobni da <strong>vratite zajam, uklju\u010duju\u0107i kamatu, u roku od 36 mjeseci<\/strong>. Iako morate da ispunite ovaj zahtjev, mo\u017eete da ugovorite du\u017ei rok otplate sa povjeriocem.<\/p>\n<\/div>\n<\/div>\n<div class=\"checking-your-credit-score\">\n<div class=\"container container-row\">\n<h3>Kreditni status (rejting)<\/h3>\n<p>Pored kreditne sposobnosti i va\u0161 kreditni status (kreditni rejting) predstavlja odlu\u010duju\u0107i preduslov za odobravanje zahtjeva za kredit. Provjera kreditne sposobnosti ide i korak dalje i obuhvata li\u010dnu pouzdanost. Konkretno se procjenjuju <strong>va\u0161 platni moral i va\u0161a spremnost za pla\u0107anje<\/strong>.<\/p>\n<p>Stoga se provjerom kreditne sposobnosti utvr\u0111uje vjerovatno\u0107a va\u0161e spremnosti za blagovremenu otplatu iznosa kredita i povezanih tro\u0161kova, uklju\u010duju\u0107i kamatu i naknade. Ipak, procjena se ne temelji samo na va\u0161oj spremnosti za pla\u0107anje, ve\u0107 se njome uzimaju u obzir i drugi \u010dinioci kao \u0161to su boravi\u0161ni status i du\u017eina boravka u \u0160vajcarskoj, va\u0161a starosna dob, nacionalna pripadnost i broj promjena mjesta prebivali\u0161ta.<\/p>\n<p>Povjerioci se koriste razli\u010ditim izvorima informacija i na\u010dinima kako bi provjerili va\u0161 platni moral. Iako baze podataka o kreditnoj sposobnosti spolja\u0161njih pru\u017ealaca usluga, npr. <strong>Kreditni biro (ZEK)<\/strong>, slu\u017ee kao va\u017ean izvor, poslovni podaci tako\u0111er mogu poticati iz drugih kreditnih agencija kao \u0161to su Intrum Justitia AG, crif AG ili Creditreform. Na osnovu prikupljenih podataka obavlja se analiza koja pokazuje uzajamne odnose izme\u0111u va\u0161ih li\u010dnih podataka i historijskih kreditnih iskustava, \u010dime povjerilac sti\u010de uvid u va\u0161u kreditnu sposobnost.<\/p>\n<\/div>\n<\/div>\n<div class=\"ready-to-take-out-loan online-rate-calculator\">\n<div class=\"container container-row\">\n<h3>\u0160ta je ZEK i \u0161ta on radi?<\/h3>\n<p>ZEK (\u0161vajcarski Kreditni biro) jeste sveobuhvatna \u0161vajcarska <strong>baza podataka o kreditnoj sposobnosti<\/strong> koja ima zna\u010dajnu ulogu u provjeri ne\u010dije kreditne sposobnosti. U njoj se prikupljaju i \u010duvaju <strong>svi pozitivni i negativni izvje\u0161taji iz va\u0161e kreditne historije<\/strong>. Na ovaj na\u010din kreditne ustanove sti\u010du sveobuhvatan uvid u finansijske obaveze koje ste ve\u0107 izmirili a koje mo\u017eda niste.<\/p>\n<p>Kreditna historija posebno je va\u017ena pri odobravanju zajmova, jer povjeriocima nije dozvoljeno da odobravaju potro\u0161a\u010dke kredite ako bi to dovelo do prezadu\u017eivanja. Dakle, <strong>provjera kreditne sposobnosti<\/strong> ne slu\u017ei samo da za\u0161titi povjerioce, ve\u0107 i uzimaoce kredita spre\u010dava da se previ\u0161e finansijski opterete.<br \/>\nU nekim slu\u010dajevima ZEK tako\u0111er mo\u017ee sadr\u017eati neta\u010dne podatke. Tada se treba obratiti ZEK-u sa zahtjevom da se obri\u0161e neta\u010dan podatak jer to mo\u017ee ugroziti odobravanje zajma. Samo kada je va\u0161 kreditni rejting dobar mo\u017eete dobiti najbolje uslove. ZEK omogu\u0107ava <strong>precizno ocjenjivanje va\u0161e kreditne sposobnosti<\/strong> pa vam tako poma\u017ee u dono\u0161enju odgovornih odluka.<\/p>\n<\/div>\n<\/div>\n<div class=\"checking-your-credit-score\" style=\"padding-bottom: 48px;\">\n<div class=\"container container-row\"><img loading=\"lazy\" decoding=\"async\" src=\"https:\/\/www.miro-kredit.ch\/wp-content\/uploads\/2024\/01\/5-kriterija-za-ocjenjivanje-kreditne-sposobnosti.png\" alt=\"5 kriterija za ocjenjivanje kreditne sposobnosti\" width=\"1170\" height=\"788\"\/><\/div>\n<\/div>\n<div class=\"ready-to-take-out-loan online-rate-calculator\">\n<div class=\"container container-row\">\n<h2>Kako se kreditna sposobnost mo\u017ee pobolj\u0161ati?<\/h2>\n<p>Kreditna sposobnost ima poslednju rije\u010d pri odobravanju kredita. Ako se provjerom utvrdi da imate nizak kreditni status, mo\u017eda vam zajam uop\u0161te ne bude odobren. Me\u0111utim, ni\u0161ta nije uklesano u kamenu, pa svakako imate priliku da pobolj\u0161ate svoj kreditni rejting.<\/p>\n<p>Uz odli\u010dan kreditni rejting ne samo raste vjerovatno\u0107a da vam zajam bude odobren, ve\u0107 i <a href=\"https:\/\/www.miro-kredit.ch\/sr\/krediti-za-parove\/\">pod boljim uslovima<\/a>. Na raspolaganju su vam sljede\u0107e mogu\u0107nosti za pobolj\u0161anje rejtinga:<\/p>\n<ol>\n<li><strong>Redovno pla\u0107anje:<\/strong> Klju\u010dno je blagovremeno izmirivati ra\u010dune i rate kredita. Izbjegavajte docnju u pla\u0107anju kako biste imali besprijekoran platni moral.<\/li>\n<li><strong>Smanjite dugovanja:<\/strong> Smanjite postoje\u0107a dugovanja redovnim pla\u0107anjima. Ni\u017ei stepen zadu\u017eenja zna\u010di bolje li\u010dne finansijske prilike i povjeriocima signalizira va\u0161u sposobnost servisiranja dugova.<\/li>\n<li><strong>Ispravite nepravilnosti:<\/strong> Redovno provjeravajte da li ima gre\u0161aka ili nepravilnosti u kreditnim izvje\u0161tajima. Ako utvrdite bilo kakve nepravilnosti, zatra\u017eite da budu ispravljene.<\/li>\n<li><strong>Dugoro\u010dno finansijsko planiranje:<\/strong> Dobrim finansijskim planiranjem poka\u017eite kako dr\u017eite izdatke pod kontrolom. Tako mo\u017eete povoljno uticati na ocjenu va\u0161e kreditne sposobnosti.<\/li>\n<li><strong>Nemojte tra\u017eiti previsoke zajmove:<\/strong> Izbjegavajte podno\u0161enje bespotrebnih zahtjeva za kredit. Svaki zahtjev za kredit ostavlja trag u li\u010dnoj kreditnoj historiji. Nekoliko uzastopnih zahtjeva u kratkom roku mo\u017ee biti protuma\u010deno kao finansijska nesigurnost.<\/li>\n<\/ol>\n<\/div>\n<\/div>\n<div class=\"checking-your-credit-score\">\n<div class=\"container container-row\">\n<h2>\u0160ta ako niste kreditno sposobni?<\/h2>\n<p>Ako rezultat provjere kreditne sposobnosti bude negativan, zajam vam ne\u0107e biti odobren. Odbijeni zahtjevi evidentiraju se u Kreditnom birou (ZEK) i ostaju na raspolaganju dvije godine. Kako ova evidencija pri ponovnom podno\u0161enju zahtjeva za kredit mo\u017ee <strong>negativno uticati na provjeru kreditne sposobnosti<\/strong>, u na\u010delu se savjetuje izbjegavanje podno\u0161enja zahtjeva sa malim izgledima da budu odobreni.<\/p>\n<p>Kako biste bolje procijenili li\u010dnu finansijsku situaciju, <strong>samostalno obavite provjeru bud\u017eeta<\/strong> prije podno\u0161enja zahtjeva za kredit. Tako \u0107ete blagovremeno utvrditi finansijske probleme i zna\u010dajno uve\u0107ati izglede za uspje\u0161nu provjeru li\u010dne kreditne sposobnosti.<\/p>\n<\/div>\n<\/div>\n<div class=\"faq-wrapper\">\n<div class=\"container container-row\">\n<h2>\u010cesta pitanja<\/h2>\n<ul class=\"accordion\" data-accordion=\"\">\n<li class=\"accordion-navigation\">\n                <a href=\"#faq-1\">\n<h3>\u0160ta spada u provjeru kreditne sposobnosti?<\/h3>\n<\/a>\n<div id=\"faq-1\" class=\"content active\">\n<p>                    Kreditna sposobnost obuhvata stabilne prihode, pozitivan platni moral, nizak stepen zadu\u017eenja i blagovremeno izmirivanje obaveza. Pored spremnosti za pla\u0107anje sve navedeno doprinosi boljem kreditnom rejtingu.<\/p>\n<\/div>\n<\/li>\n<li class=\"accordion-navigation\">\n                <a href=\"#faq-2\">\n<h3>Kada se smatra da je neko kreditno sposoban?<\/h3>\n<\/a>\n<div id=\"faq-2\" class=\"content\">\n<p>                    Smatra se da ste kreditno sposobni ako imate dobar kreditni status, \u010dime dokazujete da niste suvi\u0161e zadu\u017eeni i da mo\u017eete izmirivati svoje finansijske obaveze. U kreditnu sposobnost jo\u0161 se ubrajaju redovni prihodi, \u0161to zna\u010di da ispunjavate op\u0161te zahtjeve za odgovorno zadu\u017eivanje.<\/p>\n<\/div>\n<\/li>\n<li class=\"accordion-navigation\">\n                <a href=\"#faq-3\">\n<h3>\u0160ta zna\u010di li\u010dna kreditna sposobnost?<\/h3>\n<\/a>\n<div id=\"faq-3\" class=\"content\">\n<p>                    Li\u010dna kreditna sposobnost odnosi se na mjeru va\u0161e pouzdanosti i sposobnosti otplate zajma. Utvr\u0111uje se na osnovu \u010dinilaca poput finansijske stabilnosti, pozitivnog platnog morala i sveukupno dobre finansijske situacije.<\/p>\n<\/div>\n<\/li>\n<li class=\"accordion-navigation\">\n                <a href=\"#faq-4\">\n<h3>Kako se odre\u0111uje kreditna sposobnost?<\/h3>\n<\/a>\n<div id=\"faq-4\" class=\"content\">\n<p>                    Kreditna sposobnost odre\u0111uje se provjerom. Provjera se vr\u0161i neposredno po podno\u0161enju zahtjeva kako bi se utvrdilo ispunjavate li propisane kriterije kreditne sposobnosti za uzimanje i otplate zajma banci.<\/p>\n<\/div>\n<\/li>\n<\/ul>\n<\/div>\n<\/div>\n<div class=\"checking-your-credit-score\">\n<div class=\"container container-row text-center\"><img loading=\"lazy\" decoding=\"async\" style=\"margin-bottom: 40px;\" src=\"https:\/\/www.miro-kredit.ch\/wp-content\/uploads\/2024\/01\/miro-kredit-swiss.png\" alt=\"Miro Kredit \u0160vajcarska - Zaklju\u010dak\" width=\"132\" height=\"132\"\/>\n<h2>Zaklju\u010dak<\/h2>\n<p>Kreditna sposobnost uzimaoca kredita presudna je pri odobravanju zajma. Svi povjerioci vr\u0161e provjeru kreditne sposobnosti prije odobravanja zajma, kako bi se uvjerili da mo\u017eete izmirivati svoje obaveze. Povrh toga, svoj kreditni rejting mo\u017eete oja\u010dati kako biste pove\u0107ali izglede da vam budu\u0107i zahtjevi za kredit budu odobreni i ostvarili planove.<\/p>\n<\/div>\n<\/div>\n","protected":false},"excerpt":{"rendered":"<p>Kreditni status (rejting) Treba vam finansijska injekcija pa razmi\u0161ljate o zajmu? Miro Kredit AG u ponudi ima brojne mogu\u0107nosti kreditiranja,&#8230;<\/p>\n","protected":false},"author":4,"featured_media":3089,"parent":0,"menu_order":0,"comment_status":"closed","ping_status":"closed","template":"page-default-2024.php","meta":{"footnotes":""},"class_list":["post-3155","page","type-page","status-publish","has-post-thumbnail","hentry"],"_links":{"self":[{"href":"https:\/\/www.miro-kredit.ch\/sr\/wp-json\/wp\/v2\/pages\/3155","targetHints":{"allow":["GET"]}}],"collection":[{"href":"https:\/\/www.miro-kredit.ch\/sr\/wp-json\/wp\/v2\/pages"}],"about":[{"href":"https:\/\/www.miro-kredit.ch\/sr\/wp-json\/wp\/v2\/types\/page"}],"author":[{"embeddable":true,"href":"https:\/\/www.miro-kredit.ch\/sr\/wp-json\/wp\/v2\/users\/4"}],"replies":[{"embeddable":true,"href":"https:\/\/www.miro-kredit.ch\/sr\/wp-json\/wp\/v2\/comments?post=3155"}],"version-history":[{"count":3,"href":"https:\/\/www.miro-kredit.ch\/sr\/wp-json\/wp\/v2\/pages\/3155\/revisions"}],"predecessor-version":[{"id":5371,"href":"https:\/\/www.miro-kredit.ch\/sr\/wp-json\/wp\/v2\/pages\/3155\/revisions\/5371"}],"wp:featuredmedia":[{"embeddable":true,"href":"https:\/\/www.miro-kredit.ch\/sr\/wp-json\/wp\/v2\/media\/3089"}],"wp:attachment":[{"href":"https:\/\/www.miro-kredit.ch\/sr\/wp-json\/wp\/v2\/media?parent=3155"}],"curies":[{"name":"wp","href":"https:\/\/api.w.org\/{rel}","templated":true}]}}