{"id":2743,"date":"2023-12-12T10:00:07","date_gmt":"2023-12-12T09:00:07","guid":{"rendered":"https:\/\/www.miro-kredit.ch\/kreditvergleich\/"},"modified":"2023-12-16T16:16:03","modified_gmt":"2023-12-16T15:16:03","slug":"poredjenje-kredita","status":"publish","type":"page","link":"https:\/\/www.miro-kredit.ch\/sr\/poredjenje-kredita\/","title":{"rendered":"Miro Kredit \u0107e prona\u0107i najbolji \u0161vajcarski li\u010dni kredit za Va\u0161e potrebe!"},"content":{"rendered":"","protected":false},"excerpt":{"rendered":"","protected":false},"author":4,"featured_media":2894,"parent":0,"menu_order":0,"comment_status":"closed","ping_status":"closed","template":"page-kreditvergleich.php","meta":{"footnotes":""},"class_list":["post-2743","page","type-page","status-publish","has-post-thumbnail","hentry"],"_links":{"self":[{"href":"https:\/\/www.miro-kredit.ch\/sr\/wp-json\/wp\/v2\/pages\/2743","targetHints":{"allow":["GET"]}}],"collection":[{"href":"https:\/\/www.miro-kredit.ch\/sr\/wp-json\/wp\/v2\/pages"}],"about":[{"href":"https:\/\/www.miro-kredit.ch\/sr\/wp-json\/wp\/v2\/types\/page"}],"author":[{"embeddable":true,"href":"https:\/\/www.miro-kredit.ch\/sr\/wp-json\/wp\/v2\/users\/4"}],"replies":[{"embeddable":true,"href":"https:\/\/www.miro-kredit.ch\/sr\/wp-json\/wp\/v2\/comments?post=2743"}],"version-history":[{"count":5,"href":"https:\/\/www.miro-kredit.ch\/sr\/wp-json\/wp\/v2\/pages\/2743\/revisions"}],"predecessor-version":[{"id":2898,"href":"https:\/\/www.miro-kredit.ch\/sr\/wp-json\/wp\/v2\/pages\/2743\/revisions\/2898"}],"wp:featuredmedia":[{"embeddable":true,"href":"https:\/\/www.miro-kredit.ch\/sr\/wp-json\/wp\/v2\/media\/2894"}],"wp:attachment":[{"href":"https:\/\/www.miro-kredit.ch\/sr\/wp-json\/wp\/v2\/media?parent=2743"}],"curies":[{"name":"wp","href":"https:\/\/api.w.org\/{rel}","templated":true}]}}