{"id":1983,"date":"2021-07-04T01:04:59","date_gmt":"2021-07-03T23:04:59","guid":{"rendered":"https:\/\/www.miro-kredit.ch\/nutzungsbedingungen\/"},"modified":"2026-03-30T17:00:47","modified_gmt":"2026-03-30T15:00:47","slug":"uslovi-koriscenja-usluga","status":"publish","type":"page","link":"https:\/\/www.miro-kredit.ch\/sr\/uslovi-koriscenja-usluga\/","title":{"rendered":"Uslovi kori\u0161\u0107enja i pravna napomena za kori\u0161\u0107enje usluga Miro Kredit AG"},"content":{"rendered":"<p style=\"text-align: right;\">Op\u0161ti uslovi kori\u0161\u0107enja<br \/>\nVerzija 1.06<\/p>\n<p>Verzija od 30.03.2026<\/p>\n<p>Ovi uslovi kori\u0161\u0107enja reguli\u0161u kori\u0161\u0107enje usluga Miro Kredit AG od strane klijenata. Kori\u0161\u0107enjem usluga smatra se da su isti ugovoreni izme\u0111u strana kao obavezuju\u0107i. Miro Kredit AG pru\u017ea usluge u oblasti posredovanja zahteva za finansiranje svojih klijenata partnerima za finansiranje (npr. banke) s kojima Miro Kredit AG sara\u0111uje kao i savetovanja klijenata kod pitanja u vezi sa finansiranjem.<\/p>\n<h5>1. Usluge Miro Kredit AG<\/h5>\n<p>Miro Kredit AG zahteva od svojih klijenata sve podatke koji su neophodni za procenu zahteva za finansiranje i sa istima postupa sa du\u017enom pa\u017enjom i poverljivo\u0161\u0107u. Vi\u0161e detalja mogu da se pro\u010ditaju u posebnoj <a href=\"https:\/\/www.miro-kredit.ch\/sr\/izjava-o-zastiti-podataka\/\" title=\"Izjava o za\u0161titi podataka dru\u0161tva Miro Kredit AG\">Izjavi o za\u0161titi podataka<\/a>. Miro Kredit AG procenjuje na osnovu li\u010dnih potreba klijenta i podataka kojim partnerima za finansiranje \u0107e biti prosle\u0111en zahtev za finansiranje. Miro Kredit AG zadr\u017eava pravo da odbije da posreduje zahteve za finansiranje bez izgleda za uspeh partnerima za finansiranje. \u010cak i ako posreduje zahtev za finansiranje, ne postoji garancija da \u0107e klijent dobiti (odgovaraju\u0107u) ponudu. I Miro Kredit AG i partneri za finansiranje mogu da odbiju zahteve bez obrazlo\u017eenja. Miro Kredit AG ne posreduje ni kod kakvih kredita za obavljanje poslova sa finansijskim instrumentima u smislu \u010dl. 3 sl. a \u0161vajcarskog Zakona o finansijskim uslugama (FIDLEG). Prema tome, Miro Kredit AG ne izvr\u0161ava finansijske usluge u smislu FIDLEG i ne podle\u017ee regulatornim zahtevima za pru\u017eaoce finansijskih usluga u vezi s tim pravnim aktom.<\/p>\n<h5>2. Provera zahteva za finansiranje od strane partnera za finansiranje<\/h5>\n<p>Kod svih zahteva za finansiranje, partner za finansiranje je odgovoran za proveru kreditne sposobnosti klijenta (korisnika kredita) u smislu Zakona o potro\u0161a\u010dkim kreditima. Za proveru zahteva za finansiranje i obradu ugovornih odnosa, klijent (korisnik kredita) ovim ovla\u0161\u0107uje partnere za finansiranje da pribavi informacije kod tre\u0107ih lica, naro\u010dito banaka, Centralne kancelarije za kreditne informacije (ZEK), Informativne kancelarije za potro\u0161a\u010dke kredite (IKO), bonitetnih agencija, kreditnih posrednika, poslodavaca, kompanija iz grupacije partnera za finansiranje, dr\u017eavnih kancelarija, nadle\u017enih organa (npr. uprave za prinudnu naplatu i poreske uprave, kancelarije za kontrolu stanovni\u0161tva, organa za za\u0161titu dece i odraslih) kao i kod drugih institucija koje nisu ovde izri\u010dito navedene. U svrhu provere zahteva za finansiranje, klijent ovim osloba\u0111a navedene institucije od obaveze \u010duvanja tajne o klijentu banke, po\u0161te, kao i slu\u017ebene i poslovne tajne. Klijent tako\u0111e ovla\u0161\u0107uje partnera za finansiranje da prijavi podneti zahtev za finansiranje (izuzev zahteva za hipotekarni kredit) ZEK-u i IKO-u kao i drugim organima ukoliko za to postoje odgovaraju\u0107e zakonske obaveze. U slu\u010daju isplate finansiranja, ZEK-u i IKO-u se tako\u0111e prijavljuju i podaci o ugovoru. Ta prijava obuhvata podatke o vrsti kredita odn. finansiranja, iznos i modalitet kao i podatke o li\u010dnosti klijenta (korisnik kredita) i, ukoliko postoje, kvalifikovana ka\u0161njenja s pla\u0107anjem ili zloupotrebe. U slu\u010daju odbijanja, zahtev za finansiranje bi\u0107e registrovan kod ZEK-a i IKO-a kao odbijeni zahtev. Klijent priznaje pravo ZEK-a i IKO-a da svojim \u010dlanovima pru\u017ea informacije o prijavljenim podacima.<\/p>\n<h5>3. Obrada podataka i za\u0161tita podataka<\/h5>\n<p>Posebna <a href=\"https:\/\/www.miro-kredit.ch\/sr\/izjava-o-zastiti-podataka\/\" title=\"Izjava o za\u0161titi podataka dru\u0161tva Miro Kredit AG\">Izjava o za\u0161titi podataka<\/a> je sastavni ugovorni deo ovih uslova kori\u0161\u0107enja.<\/p>\n<h5>4. Bez garancije Miro Kredit AG<\/h5>\n<p>Miro Kredit AG se trudi da informacije objavljene na njegovoj veb-stranici budu ta\u010dne i a\u017eurne. Ipak, Miro Kredit AG ne preuzima garanciju za potpunost, ta\u010dnost ili pouzdanost informacija koje su objavljene u nekom odre\u0111enom trenutku. Miro Kredit AG izri\u010dito zadr\u017eava pravo da u bilo kom trenutku promeni objavljene informacije i u\u010dini ih nedostupnim javnosti. Miro Kredit AG po pravilu isklju\u010duje bilo koju garanciju za svoje ponude i usluge. Ne mogu da se u potpunosti isklju\u010de prekidi tokom odre\u0111enog vremena ili na odre\u0111eni na\u010din, a kod kojih su ponude i usluge dostupne. Korisnik koristi usluge i ponudu Miro Kredit AG i podatke sadr\u017eane u istima na sopstveni rizik. To se odnosi i na ponude pojedina\u010dnih davaoca privatnih kredita. Sa veb-stranice www.miro-kredit.ch mogu da se posete druge veb-stranice preko linkova koje je ugradio Miro Kredit AG. Za ove veb-stranice i njihove sadr\u017eaje Miro Kredit AG ne mo\u017ee da preuzme nikakvu garanciju i odgovornost.<\/p>\n<h5>5. Provizija Miro Kredit AG kod privatnih kredita<\/h5>\n<p>Usluga posredovanja kod privatnih kredita je besplatna za korisnike. Miro Kredit AG dobija proviziju od davaoca privatnih kredita kojima je prosledio zahtev za finansiranje od korisnika. Korisnik to priznaje i saglasan je da Miro Kredit AG mo\u017ee da je koristi za sebe. Ova provizija je sastavni deo finansiranja usluge Miro Kredit AG i mo\u017ee trenutno da iznosi do 7% iznosa kredita. Pored toga, korisnik priznaje da model usluge odgovara \u010dlanu 35 Zakona o potro\u0161a\u010dkim kreditima. Dakle, korisnik izri\u010dito odustaje od zahteva za ovu proviziju.<\/p>\n<h5>6. Ta\u010dnost podataka, pravo, zloupotreba<\/h5>\n<p>Klijent potvr\u0111uje da su svi podaci na obrascu zahteva (zahtev na papiru ili onlajn zahtev) Miro Kredit AG potpuni i ta\u010dni, kao i da je ispunio obrazac zahteva za sebe li\u010dno a ne za tre\u0107e lice. U meri u kojoj klijent na obrascu zahteva obelodani podatke tre\u0107ih lica (naro\u010dito o supru\u017eniku odn. registrovanom partneru), klijent garantuje i odgovoran je da je prethodno pribavio saglasnost koja je za to potrebna, uklju\u010duju\u0107i saglasnost sa ovim uslovima kori\u0161\u0107enja i posebnom Izjavom o za\u0161titi podataka. U slu\u010daju zloupotrebe, klijent \u0107e u potpunosti po\u0161tedeti Miro Kredit AG od \u0161teta u vezi s tro\u0161kovima i eventualnim zahtevima tre\u0107ih lica.<\/p>\n<h5>7. Odricanje odgovornosti<\/h5>\n<p>Miro Kredit AG isklju\u010duje svoju odgovornost u meri u kojoj je to dozvoljeno, a to va\u017ei i za slu\u010daj nemara. Miro Kredit AG posebno ne odgovara za pomo\u0107no osoblje, direktne i indirektne \u0161tete, posredne i neposredne \u0161tete (ukl\u0458u\u010duju\u0107i posledi\u010dne \u0161tete) i gubitke podataka ili odlaganja. To va\u017ei i kada je skrenuta pa\u017enja na mogu\u0107nost nastanka \u0161tete.<\/p>\n<h5>8. Ostalo<\/h5>\n<p>Klijenti priznaju da je davanje kredita zabranjeno ako dovodi do prezadu\u017eivanja (\u010dl. 3 Saveznog zakona o nelojalnoj konkurenciji). Miro Kredit AG ima pravo da ove uslove kori\u0161\u0107enja izmeni u bilo kom trenutku i bez obrazlo\u017eenja. Na ove uslove kori\u0161\u0107enja i odnos izme\u0111u korisnika i Miro Kredit AG primenjuje se isklju\u010divo \u0161vajcarsko pravo. U meri u kojoj je to dozvoljeno, isklju\u010divo je nadle\u017ean sud u sedi\u0161tu Miro Kredit AG u Bazelu u \u0160vajcarskoj. Me\u0111utim, Miro Kredit AG ima pravo da pokrene postupak protiv korisnika i na njegovom mestu prebivali\u0161ta.<\/p>\n<h5 style=\"font-size: 1.4rem; margin: 0 0 1.25rem; padding: 1.25rem 0 .9375rem;\">Pravna napomena<\/h5>\n<p>Davanje kredita je zabranjeno ako dovodi do prezadu\u017eivanja (\u010dl. 3 Zakona o nelojalnoj konkurenciji (UWG)). Potvr\u0111ujem da su podaci potpuni i ta\u010dni. Razumem i saglasan\/na sam da Miro Kredit AG prosledi moj zahtev Cembra Money Bank AG, Creditfolio AG, Bank-now AG, Migros Bank, bob Finance &#8211; filijala Valora Schweiz AG i drugim kompanijama za finansiranje (u nastavku teksta \u201eKreditna institucija\u201d) putem interneta, e-po\u0161te ili faksa\/po\u0161te. Pored toga priznajem ili potvr\u0111ujem slede\u0107e:<\/p>\n<h5>Provera podnetog zahteva i podaci kreditnog biroa:<\/h5>\n<p>Potvr\u0111ujem potpunost, relevantnost i ta\u010dnost svih svojih podataka koji su navedeni u zahtevu i ovla\u0161\u0107ujem kreditnu instituciju i Miro Kredit AG da u vezi s proverom ovog zahteva i obradom ugovornog odnosa pribavi informacije o meni kod tre\u0107ih lica, naro\u010dito banaka, Centralne kancelarije za kreditne informacije (ZEK), nadle\u017enih organa (npr. uprave za prinudnu naplatu i poreske uprave, trgovinski registri, kancelarija za kontrolu stanovni\u0161tva, organi za za\u0161titu dece i odraslih), bonitetnih agencija, kreditnih posrednika, poslodavaca, zdravstvenih osiguranja, zakupodavaca, katastara, kompanija iz grupacije kreditne institucije i, ako je potrebno, kod Informativne kancelarije za potro\u0161a\u010dke kredite (IKO). U vezi sa gorenavedenim svrhama osloba\u0111am navedene institucije od obaveze \u010duvanja tajne o klijentu banke, po\u0161te, kao i slu\u017ebene i poslovne tajne. Priznajem da kreditna institucija mo\u017ee biti u obavezi da prijavi Informativnoj kancelariji za potro\u0161a\u010dke kredite (IKO) potro\u0161a\u010dki lizing\/potro\u0161a\u010dki kredit koji se odobrava ili koji je odobren. Tako\u0111e ovla\u0161\u0107ujem kreditnu instituciju da prijavi podneti zahtev za kredit ZEK-u i, ako je potrebno, IKO-u, kao i drugim organima ukoliko za to postoje odgovaraju\u0107e zakonske obaveze. Pritom se posebno prijavljuje vrsta kredita odn. finansiranja, njegov iznos i modaliteti kao i podaci o li\u010dnosti podnosioca\/laca prijave i, ukoliko postoje, kvalifikovana ka\u0161njenja s pla\u0107anjem ili zloupotrebe. Prihvatam pravo ZEK-a i IKO-a da svojim \u010dlanovima prosledi informacije o prijavljenim podacima. Kreditna institucija mo\u017ee da odbije zahtev bez obrazlo\u017eenja.<\/p>\n<h5>Saradnja s posrednicima:<\/h5>\n<p>Priznajem da, u slu\u010daju zahteva dobijenih od posrednika, kreditna institucija mo\u017ee da razmeni s njima potrebne informacije u vezi s proverom zahteva odn. kreditne sposobnosti, kao i zaklju\u010divanjem i obradom ugovora (npr. parametre i rezultate provere zahteva, dostavljanje dokumenata ugovora, informacije o statusu ugovora, istoriji pla\u0107anja i stanju na ra\u010dunu) i osloba\u0111am kreditnu instituciju obaveze \u010duvanja bankarske tajne o klijentima, ako je to potrebno i u neophodnoj meri.<\/p>\n<h5>Podaci o partnerima:<\/h5>\n<p>Ukoliko sam u zahtjevu naveo podatke o svom supru\u017eniku ili zakonskom partneru, ovim potvr\u0111ujem da sam obavijestio svog partnera o ovoj prijavi i da sam istinito zabilje\u017eio sve podatke o svom partneru, institucija za finansiranje i Miro Kredit AG mogu provjeriti gore navedene informacije tako da direktno kontaktiraju mog partnera, moj partner je saglasan da institucija za finansiranje i Miro Kredit AG mogu dobiti relevantne informacije kao \u0161to je gore opisano (uklju\u010duju\u0107i izvr\u0161avanje zahtijeva za informacije od ZEK-a).<\/p>\n<h5>Obrada podataka:<\/h5>\n<p>Izri\u010dito ovla\u0161\u0107ujem kreditnu instituciju, Miro Kredit AG i ostale tre\u0107e strane da mi ponude i druge proizvode, informacije i usluge, uklju\u010duju\u0107i ponude kompanija iz grupacije kreditne institucije putem po\u0161te, SMS poruka ili e-po\u0161te. Mogu u bilo kom trenutku da povu\u010dem ovo ovla\u0161\u0107enje za obradu podataka u marketin\u0161ke svrhe odn. za dostavu informacija. Pru\u017eanjem svoje adrese e-po\u0161te, tako\u0111e sam saglasan\/-na s tim da kreditna institucija i Miro Kredit AG mogu da mi \u0161alju i gorenavedene ponude e-po\u0161tom. U vezi s otvorenom komunikacijom e-po\u0161tom\/SMS porukama, izri\u010dito prihvatam rizik od toga da tre\u0107e strane mogu da presretnu ili objave moje podatke tokom prenosa, ili da neovla\u0161\u0107ene tre\u0107e strane mogu da izvuku zaklju\u010dke o ugovornom odnosu izme\u0111u kreditne institucije ili kompanije Miro Kredit AG i mene, i da u ovom slu\u010daju \u010duvanje tajne ili \u010duvanje tajne o klijentu banke nisu garantovani. Mogu da povu\u010dem svoju saglasnost za primanje reklamnih poruka u svakom trenutku.<\/p>\n<h5>Saradnja s pru\u017eaocima usluga (outsourcing):<\/h5>\n<p>Priznajem da kreditna institucija i Miro Kredit AG imaju pravo da ustupe vr\u0161enje usluga tre\u0107im licima (\u201epru\u017eaoci usluga\u201d), naro\u010dito u oblasti vr\u0161enja poslovnih procesa, dodatnih ponuda za osiguranje, IT sigurnosti i kontrole sistema, istra\u017eivanja i razvoja tr\u017ei\u0161ta, izra\u010dunavanja kreditnih i tr\u017ei\u0161nih rizika relevantnih za poslovanje kao i administracije ugovornih odnosa (npr. obrada zahteva za kredit i ugovora, naplata potra\u017eivanja, komunikacija s klijentima). Kreditna institucija i Miro Kredit AG imaju pravo da ovim pru\u017eaocima usluga stavljaju na raspolaganje podatke potrebne za ispunjavanje ugovornih obaveza, a ti podaci mogu u tu svrhu da budu prosle\u0111eni i u inostranstvo. Pru\u017eaoci usluga, njihovi zaposleni i njihovi podizvo\u0111a\u010di imaju ugovornu obavezu poverljivosti prema kreditnoj instituciji. Pru\u017eaoci usluga se obi\u010dno nalaze u \u0160vajcarskoj ili u zemljama Evropske unije\/Evropskog ekonomskog prostora, ali se mogu nalaziti bilo gde u svetu. Ako se podaci o li\u010dnosti prenose u zemlju koja nema odgovaraju\u0107i nivo za\u0161tite podataka sa stanovi\u0161ta \u0160vajcarske, kreditna institucija i Miro Kredit AG osiguravaju odgovaraju\u0107u za\u0161titu podataka putem odgovaraju\u0107ih garancija, kao \u0161to su standardne ugovorne klauzule.<\/p>\n<h5>Prenos podataka:<\/h5>\n<p>Potvr\u0111ujem da sam saglasan\/na sa kori\u0161\u0107enjem svih sredstava za komunikaciju (npr. putem e-po\u0161te, SMS poruka, glasovne poruke na sekretarici, aplikacije Whatsapp i dr.) izme\u0111u kreditne institucije, mene, Miro Kredit AG kao i svih prethodno navedenih tre\u0107ih lica i informacionih kancelarija. Tako\u0111e prihvatam da se podaci prenose i preko interneta, i svestan\/na sam da je internet otvorena i svima dostupna mre\u017ea kao i da nijedan komunikacioni kanal nije u potpunosti za\u0161ti\u0107en od pristupa neovla\u0161\u0107enih tre\u0107ih lica. Shodno tome, ni Miro Kredit AG ni kreditna institucija ne mogu da garantuju za poverljivost podataka prilikom prenosa preko interneta i drugih komunikacionih kanala. Stoga su mogu\u0107i zaklju\u010dci tre\u0107ih lica o postoje\u0107em odn. budu\u0107em poslovnom odnosu izme\u0111u mene i kreditne institucije (eventualno bankarskom odnosu). Vi\u0161e informacija o obradi podataka o li\u010dnosti od strane kreditne institucije i Miro Kredit AG mo\u017ee se prona\u0107i u Izjavi o za\u0161titi podataka na veb-sajtu kreditne institucije ili se mo\u017ee zatra\u017eiti od kreditne institucije i Miro Kredit AG.<\/p>\n<h5>Komunikacija putem WhatsApp-a:<\/h5>\n<p>Klijent prima na znanje i saglasan je da Miro Kredit AG koristi servis za razmjenu poruka WhatsApp (Meta Platforms, Inc.) kao komunikacioni kanal. Ovo obuhvata posebno komunikaciju u okviru obrade zahteva za finansiranje, odnosno potvrdu prijema zahtjeva, tra\u017eenje dokumenata i potrebne dokumentacije, obave\u0161tenja o statusu obrade zahtjeva za finansiranje kao i odgovore na pitanja klijenata. Pored toga, klijent je saglasan da ga Miro Kredit AG povremeno putem WhatsApp-a obavje\u0161tava o relevantnim ponudama finansiranja i uslugama. Klijent mo\u017ee u svakom trenutku, putem obavje\u0161tenja upu\u0107enog Miro Kredit AG, ulo\u017eiti prigovor na (a) promotivnu komunikaciju putem WhatsApp-a, (b) promotivnu komunikaciju putem svih kanala ili (c) kori\u0161\u0107enje WhatsApp-a kao komunikacionog kanala u cijelosti.<\/p>\n","protected":false},"excerpt":{"rendered":"<p>Op\u0161ti uslovi kori\u0161\u0107enja Verzija 1.06 Verzija od 30.03.2026 Ovi uslovi kori\u0161\u0107enja reguli\u0161u kori\u0161\u0107enje usluga Miro Kredit AG od strane klijenata&#8230;.<\/p>\n","protected":false},"author":4,"featured_media":0,"parent":0,"menu_order":0,"comment_status":"closed","ping_status":"closed","template":"page-de.php","meta":{"footnotes":""},"class_list":["post-1983","page","type-page","status-publish","hentry"],"_links":{"self":[{"href":"https:\/\/www.miro-kredit.ch\/sr\/wp-json\/wp\/v2\/pages\/1983","targetHints":{"allow":["GET"]}}],"collection":[{"href":"https:\/\/www.miro-kredit.ch\/sr\/wp-json\/wp\/v2\/pages"}],"about":[{"href":"https:\/\/www.miro-kredit.ch\/sr\/wp-json\/wp\/v2\/types\/page"}],"author":[{"embeddable":true,"href":"https:\/\/www.miro-kredit.ch\/sr\/wp-json\/wp\/v2\/users\/4"}],"replies":[{"embeddable":true,"href":"https:\/\/www.miro-kredit.ch\/sr\/wp-json\/wp\/v2\/comments?post=1983"}],"version-history":[{"count":13,"href":"https:\/\/www.miro-kredit.ch\/sr\/wp-json\/wp\/v2\/pages\/1983\/revisions"}],"predecessor-version":[{"id":5881,"href":"https:\/\/www.miro-kredit.ch\/sr\/wp-json\/wp\/v2\/pages\/1983\/revisions\/5881"}],"wp:attachment":[{"href":"https:\/\/www.miro-kredit.ch\/sr\/wp-json\/wp\/v2\/media?parent=1983"}],"curies":[{"name":"wp","href":"https:\/\/api.w.org\/{rel}","templated":true}]}}