{"id":163,"date":"2015-10-06T13:40:44","date_gmt":"2015-10-06T11:40:44","guid":{"rendered":"https:\/\/www.miro-kredit.ch\/sr\/credit-questions-frequentes\/"},"modified":"2023-06-30T12:20:16","modified_gmt":"2023-06-30T10:20:16","slug":"kredit-cesta-pitanja","status":"publish","type":"page","link":"https:\/\/www.miro-kredit.ch\/sr\/kredit-cesta-pitanja\/","title":{"rendered":"Naj\u010de\u0161\u0107e postavljena pitanja &#8211; kredit"},"content":{"rendered":"<h4>Da li imam koristi od poreskih olak\u0161ica sa privatnim kreditom?<\/h4>\n<p>Da. Sve kamate na va\u0161 privatni kredit se odbijaju od poreza. Automatski \u0107ete dobiti izvod kamate za Va\u0161u poresku prijavu na kraju svake godine tokom trajanja Va\u0161eg kredita.<\/p>\n<h4>\u0160ta je \u201covjerena kopija li\u010dne karte\u201d i gdje je mogu nabaviti?<\/h4>\n<p class=\"p1\">Ovjerena kopija li\u010dne karte je kopija li\u010dne karte sa identifikacijom klijenta i potrebna je za isplatu kredita. Mo\u017eete je dobiti na svakom\u00a0<a href=\"https:\/\/www.post.ch\/de\/geschaeftsloesungen\/identifikation\/gelbe-identifikation?shortcut=opp-de-geschaeftlich-alles-rund-ums-geld-gelbe-identifikation\" target=\"_blank\" rel=\"noopener\">\u0161alteru po\u0161te<\/a>\u00a0u \u0160vajcarskoj.<\/p>\n<h4>Mogu li uzeti vi\u0161e kredita?<\/h4>\n<p class=\"p1\">U \u0160vajcarskoj ne postoji ograni\u010denje u broju kredita koje mo\u017eete uzeti. Odlu\u010duju\u0107i faktor je da mo\u017eete priu\u0161titi ukupan iznos svih mjese\u010dnih rata. Upravljanje vi\u0161e razli\u010ditih kredita mo\u017ee biti slo\u017eenije. Visoki iznosi kredita obi\u010dno pozitivno uti\u010du na kamatnu stopu. Stoga ima smisla objediniti sve kredite u jedan ili otplatiti postoje\u0107e kredite novim kreditom. Treba napomenuti da istovremeni zahtjevi kod vi\u0161e kreditnih institucija negativno uti\u010du na mogu\u0107nost odobrenja. Previ\u0161e ili pre\u010deste promjene u ugovorima o kreditu tako\u0111er nemaju pozitivan utjecaj na odobrenje i nisu preporu\u010dljive.<\/p>\n<h4>Koje tro\u0161kove ili naknade mogu o\u010dekivati \u200b\u200bprilikom podno\u0161enja zahtjeva za kredit?<\/h4>\n<p class=\"p1\">Nema tro\u0161kova. U\u00a0<span class=\"s1\">\u0160vajcarskoj<\/span>, prema\u00a0<a href=\"https:\/\/www.miro-kredit.ch\/sr\/svajcarski-savezni-zakon-ozbiljni-finansijski-posrednici-ne-naplacuju-naknade-za-usluge\/\">Zakonu o potro\u0161a\u010dkim kreditima<\/a>, nije dozvoljeno napla\u0107ivati \u200b\u200bnaknade unaprijed. Stoga je cjelokupna obrada privatnog kredita za Vas potpuno besplatna i neobavezuju\u0107a.<\/p>\n<h4>Za\u0161to Miro Kredit AG?<\/h4>\n<p class=\"p1\">Direktni zahtjevi bankama se \u010desto odbijaju. Svaki provajder se pridr\u017eava svojih specifi\u010dnih kriterijuma za odobrenje, koji se redovno menjaju i nisu javno vidljivi.<\/p>\n<p class=\"p1\">Kao porodi\u010dna firma od 1978. godine, Miro Kredit vr\u0161i opse\u017enu internu analizu i postavlja va\u0161 kreditni zahtjev isklju\u010divo kod provajdera koji pokazuju najbolje \u0161anse za vas.<\/p>\n<h4>Kolika \u0107e mi biti kamatna stopa?<\/h4>\n<p class=\"p1\">Uslovi i kamatna stopa zajma zavise i od davaoca i od va\u0161e individualne situacije. Svaki provajder ima svoje kriterijume kamatne stope prema kojima se kamatna stopa defini\u0161e. Zahvaljuju\u0107i na\u0161em dugogodi\u0161njem iskustvu od 1978. godine, poma\u017eemo na\u0161im klijentima da uvijek dobiju najbolje ponude za kredit.<\/p>\n<h4>Ko mo\u017ee podnijeti zahtjev za kredit?<\/h4>\n<p class=\"p1\">U principu, svako ko ispunjava sljede\u0107e uslove mo\u017ee podnijeti zahtjev za\u00a0<strong>kredit<\/strong>:<\/p>\n<ul class=\"ul1\">\n<li class=\"li2\">Starost izme\u0111u 18 i 70 godina (kredit se mora u potpunosti otplatiti do 70. godine)<\/li>\n<li class=\"li2\">Zaposlen ili samozaposlen u \u0160vajcarskoj (stro\u017ei kriterijumi va\u017ee za samozaposlene osobe)<\/li>\n<li class=\"li2\">Nema potvrda o gubitku\/ste\u010daju i\/ili zapleni<\/li>\n<li class=\"li2\">Rezident u \u0160vicarskoj \/ Lihten\u0161tajnu ili status radnika koji prelazi granicu<\/li>\n<li class=\"li1\">Kreditna sposobnost (procjenjuje se razli\u010dito od strane svakog provajdera)<\/li>\n<\/ul>\n<h4>Ho\u0107e li moj zahtjev za kredit biti odbijen ako podnesem zahtjev za iznos koji je previsok?<\/h4>\n<p class=\"p1\">Ne. Svaki davalac kredita vr\u0161i diferenciranu provjeru. To zna\u010di da se mogu odobravati razli\u010diti iznosi kredita. Ako \u017eeljeni iznos ne mogu odobriti svi provajderi, ponudit \u0107e vam se najbolja alternativna ponuda bez obaveza.<\/p>\n<h4>Koliko moram zara\u0111ivati da bih mogao aplicirati za kredit?<\/h4>\n<p class=\"p1\">U principu, prihod mora biti dovoljno visok da biste mogli otplatiti iznos kredita uklju\u010duju\u0107i kamatu u roku od 36 mjeseci sa pripadaju\u0107im dijelom prihoda. Bez obzira koji termin ste odabrali. Isto vrijedi i ovdje: svaki pru\u017eatelj uzima razli\u010dite informacije u obzir kada je u pitanju prihod. To \u010desto zna\u010di da se ponude zna\u010dajno razlikuju. Kako biste bili sigurni da \u0107ete dobiti najbolju ponudu, preporu\u010dujemo vam da bez obaveza i besplatno\u00a0<a href=\"https:\/\/www.miro-kredit.ch\/sr\/zahtev-za-kredit\/\">aplicirate za kredit<\/a>\u00a0preko Miro Kredita.<\/p>\n<h4>Kada \u0107u dobiti novac?<\/h4>\n<p class=\"p1\">Novac \u0107e biti preba\u010den na va\u0161 ra\u010dun nakon zakonskog roka za otkazivanje od 14 dana. Ako je iznos kredita ve\u0107i od 80.000 CHF, obi\u010dno se mo\u017ee odmah isplatiti.<\/p>\n<h4>Imam naplatu duga. Mogu li i dalje uzeti kredit?<\/h4>\n<p class=\"p1\">U principu, ne odobravaju se\u00a0<strong>zajmovi<\/strong>\u00a0osobama sa prinudnom naplatom duga. Preporu\u010dujemo da izmirite neizmireni dug i da nas kontaktirate.<\/p>\n<h4>\u0160ta zna\u010di ZEK?<\/h4>\n<p class=\"p1\">ZEK je informativni centar za poslove privatnih kredita, lizinga i kreditnih kartica. Na primjer, ZEK evidentira da li ste pla\u0107ali neredovno ili ne. Uz negativnu ZEK \u0161ifru, banke naj\u010de\u0161\u0107e ne odobravaju\u00a0<strong>kredit<\/strong>. U \u0160vicarskoj je obavezna provjera ili registracija kredita kod ZEK-a. Pazite ako vam neko obe\u0107a ispit bez ZEK-a.<\/p>\n<h4><b>Kako da dobijem nisku mjese\u010dnu stopu?<\/b><\/h4>\n<p class=\"p1\">Na osnovu va\u0161eg\u00a0<strong>zahtjeva za kredit<\/strong>, banka izra\u010dunava va\u0161 bud\u017eet u vezi s va\u0161im kreditom. Va\u0161 kreditni rejting se koristi za izra\u010dunavanje kamatne stope i maksimalnog mogu\u0107eg roka, koji varira u zavisnosti od va\u0161eg kreditnog rejtinga. Naravno, upore\u0111ujemo ponude banaka i preporu\u010dujemo najbolje rje\u0161enje za vas.<\/p>\n","protected":false},"excerpt":{"rendered":"<p>Da li imam koristi od poreskih olak\u0161ica sa privatnim kreditom? Da. Sve kamate na va\u0161 privatni kredit se odbijaju od&#8230;<\/p>\n","protected":false},"author":4,"featured_media":164,"parent":0,"menu_order":0,"comment_status":"closed","ping_status":"closed","template":"page-faq.php","meta":{"footnotes":""},"class_list":["post-163","page","type-page","status-publish","has-post-thumbnail","hentry"],"_links":{"self":[{"href":"https:\/\/www.miro-kredit.ch\/sr\/wp-json\/wp\/v2\/pages\/163","targetHints":{"allow":["GET"]}}],"collection":[{"href":"https:\/\/www.miro-kredit.ch\/sr\/wp-json\/wp\/v2\/pages"}],"about":[{"href":"https:\/\/www.miro-kredit.ch\/sr\/wp-json\/wp\/v2\/types\/page"}],"author":[{"embeddable":true,"href":"https:\/\/www.miro-kredit.ch\/sr\/wp-json\/wp\/v2\/users\/4"}],"replies":[{"embeddable":true,"href":"https:\/\/www.miro-kredit.ch\/sr\/wp-json\/wp\/v2\/comments?post=163"}],"version-history":[{"count":17,"href":"https:\/\/www.miro-kredit.ch\/sr\/wp-json\/wp\/v2\/pages\/163\/revisions"}],"predecessor-version":[{"id":2251,"href":"https:\/\/www.miro-kredit.ch\/sr\/wp-json\/wp\/v2\/pages\/163\/revisions\/2251"}],"wp:featuredmedia":[{"embeddable":true,"href":"https:\/\/www.miro-kredit.ch\/sr\/wp-json\/wp\/v2\/media\/164"}],"wp:attachment":[{"href":"https:\/\/www.miro-kredit.ch\/sr\/wp-json\/wp\/v2\/media?parent=163"}],"curies":[{"name":"wp","href":"https:\/\/api.w.org\/{rel}","templated":true}]}}