{"id":5469,"date":"2025-07-17T10:51:09","date_gmt":"2025-07-17T08:51:09","guid":{"rendered":"https:\/\/www.miro-kredit.ch\/?page_id=5469"},"modified":"2026-03-04T11:45:47","modified_gmt":"2026-03-04T10:45:47","slug":"prestito-personale-per-immobili","status":"publish","type":"page","link":"https:\/\/www.miro-kredit.ch\/it\/prestito-personale-per-immobili\/","title":{"rendered":"Prestito personale per immobili"},"content":{"rendered":"<div class=\"ready-to-take-out-loan online-rate-calculator\">\n<div class=\"container\">\n<div class=\"full-text-column\">\n<h1>Prestito personale per immobili<\/h1>\n<p>Desiderate realizzare il sogno di possedere una casa di propriet\u00e0, ma non siete sicuri di potervela permettere con il vostro patrimonio netto? L&#8217;acquisto di un immobile in Svizzera \u00e8 un investimento significativo e spesso una decisione che cambia la vita. Nella maggior parte dei casi, il sostegno finanziario delle banche \u00e8 essenziale.<\/p>\n<p>Ma come si pu\u00f2 ottenere un finanziamento per la casa o per la costruzione e quali sono le opzioni di finanziamento per l&#8217;acquisto di un immobile?<\/p>\n<p>In questo contesto, un prestito personale pu\u00f2 essere un&#8217;opzione interessante per realizzare il sogno di possedere una casa di propriet\u00e0 o di ristrutturare un immobile esistente. Miro Kredit AG vi offre una piattaforma affidabile per confrontare le offerte di prestito pi\u00f9 adatte e trovare una soluzione personalizzata per il vostro finanziamento immobiliare.<\/p>\n<\/div>\n<\/div>\n<\/div>\n<div class=\"taking-out-loan\" style=\"margin-bottom: 0;\"><img loading=\"lazy\" decoding=\"async\" src=\"https:\/\/www.miro-kredit.ch\/wp-content\/uploads\/2025\/07\/Prestito-personale-per-immobili.jpg\" alt=\"Prestito personale per immobili \u27a4 Ipoteca vs. credito\" width=\"1280\" height=\"640\" \/>\n<div class=\"text-column\">\n<h2>Quando ha senso un prestito personale per l&#8217;acquisto di un immobile?<\/h2>\n<p>Un prestito personale per l&#8217;acquisto di un immobile pu\u00f2 avere senso in diverse situazioni, soprattutto se volete investire nel vostro futuro acquistando un immobile. <strong>Ad esempio, se il vostro patrimonio netto non \u00e8 sufficiente<\/strong> per finanziare completamente l&#8217;immobile con fondi propri, pu\u00f2 essere utile un prestito immobiliare sotto forma di prestito personale.<\/p>\n<p>D&#8217;altra parte, un mutuo immobiliare \u00e8 una buona opzione anche se volete <strong>ristrutturare la vostra casa esistente<\/strong>. In questo modo, potete concedervi un margine di manovra finanziario e distribuire i costi dell&#8217;immobile su un certo periodo di tempo. Un prestito personale pu\u00f2 essere una soluzione interessante anche per <strong>l&#8217;acquisto di case per le vacanze o di immobili da investimento<\/strong>, dove i mutui tradizionali non sono disponibili.<\/p>\n<\/div>\n<\/div>\n<div class=\"ready-to-take-out-loan online-rate-calculator\">\n<div class=\"container container-row\">\n<h3>Prestito per la ristrutturazione<\/h3>\n<p>Ristrutturare un immobile pu\u00f2 essere un investimento finanziariamente gratificante, soprattutto se il valore della propriet\u00e0 aumenta a seguito dei lavori di ristrutturazione e rinnovo. Che si tratti di <strong>modernizzare un vecchio edificio, di sostituire la cucina, di riprogettare il giardino<\/strong> o di <strong>installare pannelli solari<\/strong>, i progetti di ristrutturazione richiedono spesso notevoli risorse finanziarie.<\/p>\n<p>Se siete gi\u00e0 proprietari di un immobile e volete ristrutturarlo o rinnovarlo, pu\u00f2 essere utile un <a href=\"https:\/\/www.miro-kredit.ch\/it\/prestito-per-ammodernamento\/\" title=\"Prestito per ammodernamento\">prestito per ristrutturazione<\/a>. Si tratta di una <strong>soluzione di finanziamento flessibile e veloce<\/strong> che vi consentir\u00e0 di iniziare i lavori di ristrutturazione della vostra casa.<\/p>\n<h3>Vantaggi di un prestito personale rispetto a un mutuo<\/h3>\n<p>I mutui e i prestiti personali hanno scopi diversi e condizioni quadro differenti. Nel caso di un mutuo per una ristrutturazione, la banca richiede un pegno <strong>a garanzia del prestito immobiliare<\/strong>. Questo consiste nell&#8217;immobile finanziato, che \u00e8 noto come <strong>ipoteca<\/strong>. Se non si \u00e8 in grado di pagare gli interessi o le rate, il creditore ha il diritto di vendere l&#8217;immobile e di utilizzarne il ricavato per saldare il debito. La nota ipotecaria specifica <strong>l&#8217;importo dell&#8217;ipoteca o del prestito sull&#8217;immobile<\/strong>.<\/p>\n<p>Per evitare ci\u00f2, avete la possibilit\u00e0 di richiedere un prestito personale. Con questo tipo di prestito personale si pu\u00f2 evitare di aumentare la nota ipotecaria. In questo modo, non solo si <strong>risparmiano le spese notarili per l&#8217;aumento della nota ipotecaria<\/strong>, ma ci si assicura anche di ricevere il prestito il pi\u00f9 rapidamente possibile, dato che i <strong>prestiti personali sono solitamente concessi pi\u00f9 rapidamente e facilmente<\/strong> dei mutui. Un prestito personale \u00e8 quindi spesso la scelta migliore per la ristrutturazione di un immobile per molte ragioni.<\/p>\n<h3>Nota costi aggiuntivi<\/h3>\n<p>Come gi\u00e0 accennato, quando si acquista o si ristruttura un immobile, oltre al prezzo di acquisto o ai costi di ristrutturazione ci sono spesso spese aggiuntive di cui bisogna assolutamente tenere conto. Tra queste, ad esempio, le <strong>spese legali, le spese catastali, l&#8217;assicurazione, le imposte<\/strong> e, se del caso, i <strong>costi di una valutazione dell&#8217;immobile<\/strong>.<\/p>\n<p>Questi costi aggiuntivi di un mutuo tradizionale possono essere significativi, per questo non devono essere trascurati quando si pianifica una soluzione di finanziamento. Un <strong>prestito personale<\/strong> pu\u00f2 aiutarvi a coprire questi costi aggiuntivi e a gestire il vostro budget in modo efficace.<\/p>\n<\/div>\n<\/div>\n<div class=\"checking-your-credit-score\">\n<div class=\"container container-row\">\n<h2>Qual \u00e8 la differenza tra un mutuo e un prestito?<\/h2>\n<p>La differenza principale tra un&#8217;ipoteca e un prestito sta nel tipo di garanzia concessa al finanziatore. Con un&#8217;ipoteca, <strong>l&#8217;immobile stesso viene utilizzato come garanzia per il prestito<\/strong>. Ci\u00f2 significa che, in caso di inadempienza, il creditore ha il diritto di vendere l&#8217;immobile per saldare il debito residuo.<\/p>\n<p>Al contrario, la garanzia per un prestito non \u00e8 necessariamente un immobile. Ci\u00f2 significa che nel caso di un prestito personale, <strong>altri beni o la solvibilit\u00e0 del debitore<\/strong> possono fungere da garanzia. Inoltre, i prestiti personali non sono generalmente destinati a uno scopo specifico.<\/p>\n<p>La scelta tra un mutuo e un prestito dipende in gran parte dalle vostre esigenze finanziarie e dalle circostanze. In Svizzera, in genere, \u00e8 necessario finanziare il 20% del valore dell&#8217;immobile con il capitale proprio, mentre \u00e8 possibile finanziare il <strong>restante 80% con un capitale di prestito<\/strong>, come un&#8217;ipoteca.<\/p>\n<p>Se volete finanziare una ristrutturazione, avete la possibilit\u00e0 di integrare il vostro mutuo. In alternativa, potete anche sottoscrivere un prestito personale separato. Se non \u00e8 possibile aumentare il mutuo, il <strong>prestito personale pu\u00f2 essere un&#8217;opzione flessibile<\/strong>. I prestiti personali offrono alcuni vantaggi decisivi rispetto ai mutui.<\/p>\n<h3>Vantaggi di un prestito<\/h3>\n<p>Un prestito personale offre diversi vantaggi rispetto ad altre opzioni di finanziamento, soprattutto quando si tratta di acquistare o ristrutturare un immobile:<\/p>\n<ul>\n<li>I prestiti personali offrono <a title=\"Prestito per coppia\" href=\"https:\/\/www.miro-kredit.ch\/it\/prestito-per-coppia\/\"><strong>termini flessibili e opzioni di rimborso migliorate<\/strong><\/a>, che consentono di personalizzarli in base alle proprie esigenze e capacit\u00e0 finanziarie.<\/li>\n<li>Quando si accende un prestito personale, <strong>di solito non \u00e8 necessario trasferire al creditore i privilegi ipotecari sulla propriet\u00e0<\/strong>.<\/li>\n<li>Poich\u00e9 <strong>non \u00e8 necessario disporre di capitale proprio<\/strong> per ottenere un prestito personale, il finanziamento \u00e8 notevolmente facilitato.<\/li>\n<li>Infine, ma non meno importante, i prestiti personali offrono <strong>una maggiore flessibilit\u00e0 in termini di utilizzo<\/strong> dei fondi presi in prestito, consentendo di utilizzarli per vari scopi senza restrizioni specifiche.<\/li>\n<\/ul>\n<h3>Quanto \u00e8 alto il tasso di interesse di un prestito personale?<\/h3>\n<p>Oltre al TAEG, i costi di un prestito personale sono costituiti dall&#8217;importo e dalla durata del prestito. Sulla base di questi fattori, potete utilizzare il nostro <a href=\"https:\/\/www.miro-kredit.ch\/it\/calcolatore-di-credito\/\" title=\"Calcolatore di credito\">calcolatore di prestiti<\/a> per calcolare facilmente i costi totali che dovrete sostenere quando accendete un prestito. Potete scegliere <strong>voi stessi l&#8217;importo e la durata del prestito<\/strong>, mentre il TAEG \u00e8 stabilito dal prestatore. Questo tasso d&#8217;interesse, che viene determinato nell&#8217;ambito di un controllo del credito, tiene conto di tutti i costi del prestito personale. Attualmente, i tassi di interesse per i prestiti personali della maggior parte degli istituti di credito svizzeri <strong>sono compresi tra il 4.5% e l&#8217;9.95%<\/strong>.<\/p>\n<h3>Un prestito personale \u00e8 tassabile?<\/h3>\n<p>No, se ricevete un prestito in Svizzera, non dovete pagare le tasse su di esso &#8211; al contrario: come mutuatari, avete la possibilit\u00e0 di <strong>richiedere uno sgravio fiscale sugli interessi<\/strong>. A tal fine, gli interessi pagati vengono riassunti dalle banche una volta all&#8217;anno in un cosiddetto certificato di interessi. All&#8217;inizio del nuovo anno riceverete questo certificato per poterlo richiedere nella vostra dichiarazione dei redditi.<\/p>\n<p>Se avete ulteriori domande sugli interessi e sulle imposte, rivolgetevi a un consulente fiscale esperto per ottenere una valutazione accurata delle vostre opzioni.<\/p>\n<\/div>\n<\/div>\n<div class=\"ready-to-take-out-loan online-rate-calculator\">\n<div class=\"container container-row\">\n<img loading=\"lazy\" decoding=\"async\" style=\"margin-bottom: 48px;\" src=\"https:\/\/www.miro-kredit.ch\/wp-content\/uploads\/2025\/07\/Indice-dei-prezzi-degli-immobili-residenziali-in-Svizzera-IMPI.png\" alt=\"Indice dei prezzi degli immobili residenziali in Svizzera (IMPI)\" width=\"1170\" height=\"966\" \/>\n<\/div>\n<\/div>\n<div class=\"checking-your-credit-score\">\n<div class=\"container container-row text-center\"><img loading=\"lazy\" decoding=\"async\" style=\"margin-bottom: 40px;\" src=\"https:\/\/www.miro-kredit.ch\/wp-content\/uploads\/2024\/01\/miro-kredit-swiss.png\" alt=\"Miro Kredit Svizzera - Conclusione\" width=\"132\" height=\"132\"\/>\n<h2>Conclusione<\/h2>\n<p>Se state cercando un&#8217;opzione di finanziamento per l&#8217;immobile dei vostri sogni, siamo il partner giusto per voi. Presso Miro Kredit AG troverete numerose offerte di finanziamento immobiliare, sia che decidiate di acquistare un immobile che di ristrutturarlo.<\/p>\n<\/div>\n<\/div>\n","protected":false},"excerpt":{"rendered":"<p>Prestito personale per immobili Desiderate realizzare il sogno di possedere una casa di propriet\u00e0, ma non siete sicuri di potervela&#8230;<\/p>\n","protected":false},"author":4,"featured_media":5473,"parent":0,"menu_order":0,"comment_status":"closed","ping_status":"closed","template":"page-default-2024.php","meta":{"footnotes":""},"class_list":["post-5469","page","type-page","status-publish","has-post-thumbnail","hentry"],"_links":{"self":[{"href":"https:\/\/www.miro-kredit.ch\/it\/wp-json\/wp\/v2\/pages\/5469","targetHints":{"allow":["GET"]}}],"collection":[{"href":"https:\/\/www.miro-kredit.ch\/it\/wp-json\/wp\/v2\/pages"}],"about":[{"href":"https:\/\/www.miro-kredit.ch\/it\/wp-json\/wp\/v2\/types\/page"}],"author":[{"embeddable":true,"href":"https:\/\/www.miro-kredit.ch\/it\/wp-json\/wp\/v2\/users\/4"}],"replies":[{"embeddable":true,"href":"https:\/\/www.miro-kredit.ch\/it\/wp-json\/wp\/v2\/comments?post=5469"}],"version-history":[{"count":6,"href":"https:\/\/www.miro-kredit.ch\/it\/wp-json\/wp\/v2\/pages\/5469\/revisions"}],"predecessor-version":[{"id":5813,"href":"https:\/\/www.miro-kredit.ch\/it\/wp-json\/wp\/v2\/pages\/5469\/revisions\/5813"}],"wp:featuredmedia":[{"embeddable":true,"href":"https:\/\/www.miro-kredit.ch\/it\/wp-json\/wp\/v2\/media\/5473"}],"wp:attachment":[{"href":"https:\/\/www.miro-kredit.ch\/it\/wp-json\/wp\/v2\/media?parent=5469"}],"curies":[{"name":"wp","href":"https:\/\/api.w.org\/{rel}","templated":true}]}}