{"id":5334,"date":"2025-07-17T10:51:11","date_gmt":"2025-07-17T08:51:11","guid":{"rendered":"https:\/\/www.miro-kredit.ch\/?page_id=5334"},"modified":"2025-07-17T10:51:11","modified_gmt":"2025-07-17T08:51:11","slug":"affidabilita-creditizia","status":"publish","type":"page","link":"https:\/\/www.miro-kredit.ch\/it\/affidabilita-creditizia\/","title":{"rendered":"Affidabilit\u00e0 creditizia"},"content":{"rendered":"<div class=\"ready-to-take-out-loan online-rate-calculator\">\n<div class=\"container\">\n<div class=\"full-text-column\">\n<h1>Affidabilit\u00e0 creditizia<\/h1>\n<p>Avete bisogno di liquidit\u00e0 e desiderate quindi ottenere un prestito? Presso Miro Kredit AG sono disponibili numerose opzioni di credito, dal classico prestito personale al prestito per ristrutturazione.<\/p>\n<p>Tuttavia, la vostra capacit\u00e0 di credito e affidabilit\u00e0 creditizia \u2013 nota anche come bonit\u00e0 \u2013 sono prerequisiti fondamentali per la concessione di un prestito. Entrambi vengono verificati nel contesto di un controllo della solvibilit\u00e0, per garantire che non vi sovraccarichiate con il prestito e possiate rimborsarlo con tranquillit\u00e0. Ma quali informazioni vengono effettivamente analizzate durante il controllo della capacit\u00e0 di credito e come potete migliorare la vostra affidabilit\u00e0 creditizia? Tutto questo lo trovate in questo articolo.<\/p>\n<\/div>\n<\/div>\n<\/div>\n<div class=\"taking-out-loan\" style=\"margin-bottom: 0;\"><img loading=\"lazy\" decoding=\"async\" src=\"https:\/\/www.miro-kredit.ch\/wp-content\/uploads\/2025\/07\/Affidabilita-creditizia-Limportanza-della-vostra-bonita.jpg\" alt=\"Affidabilit\u00e0 creditizia \u27a4 L\u2019importanza della vostra bonit\u00e0\" width=\"724\" height=\"483\"\/>\n<div class=\"text-column\">\n<h2>Cosa viene verificato in una richiesta di credito?<\/h2>\n<p>Che si tratti di un <a href=\"https:\/\/www.miro-kredit.ch\/it\/prestito-rateale\/\" title=\"Prestito rateale\">prestito rateale<\/a>, di un prestito auto o per ristrutturazione \u2013 ogni richiesta di credito comporta un controllo della solvibilit\u00e0. Questo controllo rappresenta la base per la <strong>concessione di qualsiasi credito al consumo in Svizzera<\/strong> ed \u00e8 quindi determinante. Stabilisce se riceverete un prestito e, in tal caso, a quali condizioni. Solo dopo l\u2019analisi dei vostri dati e della vostra capacit\u00e0 di rimborso verranno definiti l\u2019importo, la durata e gli interessi.<\/p>\n<p>La valutazione del credito si compone di due elementi principali: la <strong>verifica della capacit\u00e0 creditizia<\/strong> e la <strong>verifica dell&#8217;affidabilit\u00e0 creditizia<\/strong>. Questo controllo serve a garantire che l&#8217;onere finanziario per voi, in qualit\u00e0 di richiedente, sia sostenibile e che, allo stesso tempo, il rischio per l\u2019istituto finanziario o di credito sia ridotto al minimo.<\/p>\n<p>La valutazione di una richiesta di prestito \u00e8 un processo approfondito volto ad assicurarsi che l&#8217;onere finanziario sia sostenibile per il richiedente e che il rischio di credito per il finanziatore sia ridotto al minimo. In tale contesto, entrano in gioco diversi fattori:<\/p>\n<\/div>\n<\/div>\n<div class=\"ready-to-take-out-loan online-rate-calculator\">\n<div class=\"container container-row\">\n<h3>Capacit\u00e0 di credito<\/h3>\n<p>La capacit\u00e0 di credito si riferisce all\u2019idoneit\u00e0 fondamentale di un richiedente a ottenere un prestito. La verifica della capacit\u00e0 di credito, ai sensi della Legge sul credito al consumo (LCC), mira a garantire che la concessione del credito <strong>non comporti un sovraindebitamento<\/strong> da parte vostra. In particolare, viene esaminato se siete idonei come mutuatari e se potete stipulare contratti di credito legalmente vincolanti, avendo gi\u00e0 raggiunto la <strong>maggiore et\u00e0<\/strong>.<\/p>\n<p>Viene inoltre verificato se la vostra situazione finanziaria consente un rimborso puntuale del credito. A tal fine, viene effettuata <strong>un\u2019analisi dettagliata del vostro reddito mensile<\/strong> al netto di tutte le spese fisse e dei costi. Nel caso dei crediti al consumo, si esegue generalmente un calcolo standardizzato del budget per stabilire l\u2019importo massimo del prestito. Questo calcolo prende generalmente in considerazione le seguenti spese:<\/p>\n<ul class=\"normal-ul\">\n<li>I costi dell\u2019alloggio<\/li>\n<li>Imposte e premi dell\u2019assicurazione malattia da versare<\/li>\n<li>Obblighi di pagamento gi\u00e0 esistenti<\/li>\n<li>La parte del reddito non pignorabile<\/li>\n<li>Alimenti o contributi di mantenimento da versare<\/li>\n<li>Costi per il tragitto casa-lavoro<\/li>\n<\/ul>\n<p>Tutte queste spese e costi fissi vengono confrontati con le vostre entrate mensili da qualsiasi fonte per definire il vostro budget.<\/p>\n<p>La vostra capacit\u00e0 di credito \u00e8 quindi legata ai requisiti minimi previsti dalla legge che dovete soddisfare in quanto mutuatari. Oltre alla maggiore et\u00e0, dovete anche essere in grado di rimborsare il prestito, inclusi gli interessi, <strong>entro 36 mesi<\/strong>. Sebbene tale condizione debba essere soddisfatta, \u00e8 ovviamente possibile concordare con l\u2019istituto di credito una durata pi\u00f9 lunga.\n<\/p><\/div>\n<\/div>\n<div class=\"checking-your-credit-score\">\n<div class=\"container container-row\">\n<h3>Affidabilit\u00e0 creditizia<\/h3>\n<p>Oltre alla vostra capacit\u00e0 di credito, anche la vostra affidabilit\u00e0 creditizia (bonit\u00e0) \u00e8 un requisito fondamentale per una richiesta di prestito di successo. La verifica dell\u2019affidabilit\u00e0 creditizia va infatti oltre e include anche la vostra affidabilit\u00e0 personale. In particolare, si effettua una <strong>valutazione della vostra disciplina e disponibilit\u00e0 nei pagamenti<\/strong>.<\/p>\n<p>Nell\u2019ambito della verifica dell\u2019affidabilit\u00e0 creditizia viene quindi determinata la probabilit\u00e0 che rimborsiate l\u2019importo del prestito e tutti i costi connessi, inclusi interessi e commissioni, nei tempi previsti. Questa valutazione non si basa solo sulla vostra volont\u00e0 di pagare, ma prende in considerazione anche altri fattori come il vostro status di soggiorno e la durata della permanenza in Svizzera, la vostra et\u00e0, la nazionalit\u00e0 e il numero di cambi di residenza.<\/p>\n<p>Per verificare il vostro comportamento di pagamento passato, gli istituti di credito utilizzano diverse fonti di informazione e metodi. Mentre le banche dati sulla solvibilit\u00e0 di fornitori esterni, come la <strong>Centrale per le informazioni sul credito (ZEK)<\/strong>, rappresentano una fonte essenziale, le informazioni commerciali possono provenire anche da altre agenzie come Intrum Justitia AG, crif AG o Creditreform. Sulla base dei dati raccolti, viene infine effettuata un\u2019analisi che evidenzia le correlazioni tra le vostre informazioni personali e le esperienze di credito precedenti, offrendo al finanziatore una panoramica della vostra bonit\u00e0.<\/p>\n<\/div>\n<\/div>\n<div class=\"ready-to-take-out-loan online-rate-calculator\">\n<div class=\"container container-row\">\n<h3>Cos\u2019\u00e8 e cosa fa la ZEK?<\/h3>\n<p>La ZEK (Centrale per le informazioni sul credito) \u00e8 un\u2019ampia <strong>banca dati sulla solvibilit\u00e0<\/strong> in Svizzera, che svolge un ruolo importante nella valutazione della vostra bonit\u00e0. Qui vengono raccolte e archiviate <strong>tutte le segnalazioni positive e negative della vostra storia creditizia<\/strong>. In questo modo, gli istituti di credito possono ottenere un quadro completo delle obbligazioni finanziarie che avete gi\u00e0 soddisfatto e di quelle eventualmente ancora aperte.<\/p>\n<p>Il vostro comportamento nei pagamenti \u00e8 di particolare importanza nella concessione di un credito, poich\u00e9 gli istituti non possono erogare crediti al consumo se ci\u00f2 comporta un sovraindebitamento. Pertanto, la <strong>verifica della solvibilit\u00e0<\/strong> non serve solo a tutelare i creditori, ma anche ad assicurarvi di non assumere oneri finanziari eccessivi.<\/p>\n<p>In alcuni casi, tuttavia, possono verificarsi voci errate nella ZEK. In tal caso, pu\u00f2 essere utile far cancellare l\u2019iscrizione errata, poich\u00e9 potrebbe compromettere la concessione del credito. Solo con una buona bonit\u00e0 si possono ottenere le migliori condizioni per un prestito. La ZEK consente una <strong>valutazione precisa della vostra affidabilit\u00e0 creditizia<\/strong> e contribuisce cos\u00ec a decisioni di credito responsabili.<\/p>\n<\/div>\n<\/div>\n<div class=\"checking-your-credit-score\" style=\"padding-bottom: 48px;\">\n<div class=\"container container-row\"><img loading=\"lazy\" decoding=\"async\" src=\"https:\/\/www.miro-kredit.ch\/wp-content\/uploads\/2025\/07\/5-criteri-chiave-per-la-valutazione-dellaffidabilita-creditizia.png\" alt=\"5 criteri chiave per la valutazione dell'affidabilit\u00e0 creditizia\" width=\"1170\" height=\"788\"\/><\/div>\n<\/div>\n<div class=\"ready-to-take-out-loan online-rate-calculator\">\n<div class=\"container container-row\">\n<h2>Come migliorare l&#8217;affidabilit\u00e0 creditizia?<\/h2>\n<p>La bonit\u00e0 \u00e8 fondamentale per ottenere un prestito. Se, durante il controllo del credito, si riscontra che disponete di un\u2019affidabilit\u00e0 creditizia bassa, \u00e8 possibile che il prestito venga rifiutato. Tuttavia, ci\u00f2 non \u00e8 definitivo, poich\u00e9 avete certamente la possibilit\u00e0 di migliorare la vostra solvibilit\u00e0.<\/p>\n<p>Un\u2019ottima affidabilit\u00e0 creditizia non solo aumenta la probabilit\u00e0 di ottenere un prestito, ma pu\u00f2 anche permettervi di ottenere <a href=\"https:\/\/www.miro-kredit.ch\/it\/prestito-per-coppia\/\">condizioni pi\u00f9 vantaggiose<\/a>. Per rafforzare la vostra solvibilit\u00e0, avete a disposizione le seguenti opzioni:<\/p>\n<ol>\n<li><strong>Pagamenti puntuali:<\/strong> il saldo tempestivo delle fatture e delle rate del prestito \u00e8 fondamentale. Evitate ritardi nei pagamenti, poich\u00e9 ci\u00f2 influisce positivamente sulla vostra cronologia di pagamento.<\/li>\n<li><strong>Riduzione dei debiti:<\/strong> riducete i debiti esistenti effettuando pagamenti regolari. Un livello di indebitamento inferiore migliora la vostra situazione finanziaria e segnala ai creditori la vostra capacit\u00e0 di rimborso.<\/li>\n<li><strong>Correzione delle discrepanze:<\/strong> verificate regolarmente i vostri rapporti di credito per individuare eventuali errori o discrepanze. Se trovate delle irregolarit\u00e0, fatele correggere.<\/li>\n<li><strong>Pianificazione finanziaria a lungo termine:<\/strong> dimostrate una gestione solida delle spese tramite una pianificazione accurata. Questo pu\u00f2 avere un impatto positivo sulla valutazione della vostra solvibilit\u00e0.<\/li>\n<li><strong>Limitare le richieste di credito:<\/strong> evitate di presentare richieste di credito non necessarie. Ogni richiesta lascia una traccia nella vostra cronologia creditizia. Pi\u00f9 richieste in un breve periodo possono essere interpretate come segnale di instabilit\u00e0 finanziaria.<\/li>\n<\/ol>\n<\/div>\n<\/div>\n<div class=\"checking-your-credit-score\">\n<div class=\"container container-row\">\n<h2>Cosa fare se non si \u00e8 meritevoli di credito?<\/h2>\n<p>Se l&#8217;esito della verifica dell&#8217;affidabilit\u00e0 creditizia \u00e8 negativo, la richiesta di credito non verr\u00e0 approvata. Queste richieste respinte vengono registrate presso la Centrale per le informazioni sul credito (ZEK) e rimangono accessibili per due anni. Poich\u00e9 ci\u00f2 pu\u00f2 avere <strong>ripercussioni negative su future verifiche del credito<\/strong>, \u00e8 consigliabile evitare richieste con scarse possibilit\u00e0 di successo.<\/p>\n<p>Per valutare meglio la propria situazione finanziaria, \u00e8 opportuno effettuare una <strong>verifica autonoma del budget<\/strong> prima di presentare la richiesta. In questo modo \u00e8 possibile individuare tempestivamente problemi finanziari e aumentare notevolmente le probabilit\u00e0 di superare positivamente la valutazione.\n<\/p><\/div>\n<\/div>\n<div class=\"faq-wrapper\">\n<div class=\"container container-row\">\n<h2>FAQ<\/h2>\n<ul class=\"accordion\" data-accordion=\"\">\n<li class=\"accordion-navigation\">\n    <a href=\"#faq-1\" title=\"Che cos'\u00e8 l'affidabilit\u00e0 creditizia?\">\n<h3>Che cos&#8217;\u00e8 l&#8217;affidabilit\u00e0 creditizia?<\/h3>\n<\/a>\n<div id=\"faq-1\" class=\"content active\">\n      L&#8217;affidabilit\u00e0 creditizia comprende, tra l&#8217;altro, un reddito stabile, un comportamento positivo nei pagamenti, un basso livello di indebitamento e il pagamento puntuale degli obblighi. Tutti questi elementi, insieme alla disponibilit\u00e0 a pagare, contribuiscono a una buona solvibilit\u00e0.\n    <\/div>\n<\/li>\n<li class=\"accordion-navigation\">\n    <a href=\"#faq-2\" title=\"Quando si \u00e8 considerati meritevoli di credito?\">\n<h3>Quando si \u00e8 considerati meritevoli di credito?<\/h3>\n<\/a>\n<div id=\"faq-2\" class=\"content\">\n      Si \u00e8 considerati meritevoli di credito se si ha una buona solvibilit\u00e0 che dimostra di non essere sovraindebitati n\u00e9 inadempienti. Anche un reddito stabile fa parte dei requisiti per una concessione del credito responsabile.\n    <\/div>\n<\/li>\n<li class=\"accordion-navigation\">\n    <a href=\"#faq-3\" title=\"Cosa significa affidabilit\u00e0 creditizia personale?\">\n<h3>Cosa significa affidabilit\u00e0 creditizia personale?<\/h3>\n<\/a>\n<div id=\"faq-3\" class=\"content\">\n      L&#8217;affidabilit\u00e0 creditizia personale si riferisce al grado in cui una persona \u00e8 considerata affidabile e in grado di adempiere a un contratto di prestito. Essa si basa su fattori come la stabilit\u00e0 finanziaria, una cronologia positiva dei pagamenti e una situazione finanziaria solida.\n    <\/div>\n<\/li>\n<li class=\"accordion-navigation\">\n    <a href=\"#faq-4\" title=\"Come si determina l'affidabilit\u00e0 creditizia?\">\n<h3>Come si determina l&#8217;affidabilit\u00e0 creditizia?<\/h3>\n<\/a>\n<div id=\"faq-4\" class=\"content\">\n      Per determinare l&#8217;affidabilit\u00e0 creditizia viene effettuato un controllo della solvibilit\u00e0. Questo avviene subito dopo la richiesta del prestito e serve a verificare se il richiedente soddisfa i criteri necessari per ricevere e rimborsare un prestito.\n    <\/div>\n<\/li>\n<\/ul>\n<\/div>\n<\/div>\n<div class=\"checking-your-credit-score\">\n<div class=\"container container-row text-center\">\n    <img loading=\"lazy\" decoding=\"async\" style=\"margin-bottom: 40px;\" src=\"https:\/\/www.miro-kredit.ch\/wp-content\/uploads\/2024\/01\/miro-kredit-swiss.png\" alt=\"Miro Kredit Svizzera - Conclusione\" width=\"132\" height=\"132\"\/>\n<h2>Conclusione<\/h2>\n<p>    L&#8217;affidabilit\u00e0 creditizia di un richiedente \u00e8 un fattore determinante per l&#8217;approvazione di un prestito. Tutti gli istituti di credito effettuano una verifica della solvibilit\u00e0 prima di concedere un prestito per assicurarsi che l&#8217;onere sia sostenibile. Migliorare la propria solvibilit\u00e0 pu\u00f2 aumentare le probabilit\u00e0 di successo delle richieste future e aiutare a realizzare i propri obiettivi finanziari.\n  <\/p><\/div>\n<\/div>\n","protected":false},"excerpt":{"rendered":"<p>Affidabilit\u00e0 creditizia Avete bisogno di liquidit\u00e0 e desiderate quindi ottenere un prestito? Presso Miro Kredit AG sono disponibili numerose opzioni&#8230;<\/p>\n","protected":false},"author":4,"featured_media":5357,"parent":0,"menu_order":0,"comment_status":"closed","ping_status":"closed","template":"page-default-2024.php","meta":{"footnotes":""},"class_list":["post-5334","page","type-page","status-publish","has-post-thumbnail","hentry"],"_links":{"self":[{"href":"https:\/\/www.miro-kredit.ch\/it\/wp-json\/wp\/v2\/pages\/5334","targetHints":{"allow":["GET"]}}],"collection":[{"href":"https:\/\/www.miro-kredit.ch\/it\/wp-json\/wp\/v2\/pages"}],"about":[{"href":"https:\/\/www.miro-kredit.ch\/it\/wp-json\/wp\/v2\/types\/page"}],"author":[{"embeddable":true,"href":"https:\/\/www.miro-kredit.ch\/it\/wp-json\/wp\/v2\/users\/4"}],"replies":[{"embeddable":true,"href":"https:\/\/www.miro-kredit.ch\/it\/wp-json\/wp\/v2\/comments?post=5334"}],"version-history":[{"count":10,"href":"https:\/\/www.miro-kredit.ch\/it\/wp-json\/wp\/v2\/pages\/5334\/revisions"}],"predecessor-version":[{"id":5394,"href":"https:\/\/www.miro-kredit.ch\/it\/wp-json\/wp\/v2\/pages\/5334\/revisions\/5394"}],"wp:featuredmedia":[{"embeddable":true,"href":"https:\/\/www.miro-kredit.ch\/it\/wp-json\/wp\/v2\/media\/5357"}],"wp:attachment":[{"href":"https:\/\/www.miro-kredit.ch\/it\/wp-json\/wp\/v2\/media?parent=5334"}],"curies":[{"name":"wp","href":"https:\/\/api.w.org\/{rel}","templated":true}]}}