{"id":5293,"date":"2025-07-17T10:51:13","date_gmt":"2025-07-17T08:51:13","guid":{"rendered":"https:\/\/www.miro-kredit.ch\/?page_id=5293"},"modified":"2025-07-17T10:51:13","modified_gmt":"2025-07-17T08:51:13","slug":"credito-per-auto","status":"publish","type":"page","link":"https:\/\/www.miro-kredit.ch\/it\/credito-per-auto\/","title":{"rendered":"Credito per auto in Svizzera"},"content":{"rendered":"<div class=\"taking-out-loan\" style=\"margin-bottom: 0;\"><img loading=\"lazy\" decoding=\"async\" src=\"https:\/\/www.miro-kredit.ch\/wp-content\/uploads\/2025\/07\/Credito-per-auto-in-Svizzera-equo-e-conveniente.jpg\" alt=\"Credito per auto in Svizzera: equo e conveniente\" width=\"1280\" height=\"720\"\/>\n<div class=\"text-column\">\n<h1>Credito per auto in Svizzera<\/h1>\n<p>Avete finalmente scoperto l&#8217;auto dei vostri sogni, ma al momento non potete permettervela? Con il prestito giusto, questo non deve essere un ostacolo! La tendenza attuale \u00e8 quella di un comportamento flessibile da parte dei consumatori, che non esclude l&#8217;acquisto di un&#8217;auto. La maggior parte dei veicoli non viene pi\u00f9 finanziata con i risparmi, ma con l&#8217;aiuto di un prestito o di un contratto di leasing.<\/p>\n<p>Miro Kredit AG vi aiuter\u00e0 a trovare il prestito giusto per le vostre esigenze. Qui potete anche scoprire come finanziare al meglio un&#8217;auto in Svizzera e quali sono i vantaggi di un finanziamento auto intelligente.<\/p>\n<p>Siete ancora indecisi se prendere in leasing o acquistare l&#8217;auto dei vostri sogni? Di seguito troverete importanti suggerimenti e consigli in merito. Se avete altre domande, potete contattarci in qualsiasi momento.<\/p>\n<\/div>\n<\/div>\n<div class=\"ready-to-take-out-loan online-rate-calculator\">\n<div class=\"container container-row\">\n<h2>Qual \u00e8 il modo migliore per finanziare un&#8217;auto?<\/h2>\n<p>\u00c8 possibile finanziare un&#8217;auto in diversi modi. Quale opzione scegliere dipende da vari fattori. <strong>L&#8217;acquisto in contanti<\/strong> \u00e8 <strong>l&#8217;opzione pi\u00f9 favorevole<\/strong>. In questo caso diventate il <strong>proprietario dell&#8217;auto<\/strong> e siete quindi liberi di decidere l&#8217;equipaggiamento e l&#8217;assicurazione. Anche gli acquirenti di crediti sono considerati acquirenti in contanti. Ci\u00f2 significa che se non avete a disposizione il prezzo di acquisto dell&#8217;auto, potete finanziarlo <strong>con un prestito<\/strong>.<\/p>\n<\/div>\n<\/div>\n<div class=\"ready-to-take-out-loan online-rate-calculator\" style=\"text-align: center;\"><img loading=\"lazy\" decoding=\"async\" class=\"hide-mobile\" style=\"width: 100%; max-width: 1440px;\" src=\"https:\/\/www.miro-kredit.ch\/wp-content\/uploads\/2025\/07\/AUTOKREDIT-vs-AUTOLEASING.png\" alt=\"AUTOKREDIT vs. AUTOLEASING\" width=\"1440\" height=\"649\"\/><img loading=\"lazy\" decoding=\"async\" class=\"hide-desktop\" style=\"width: 100%; max-width: 720px;\" src=\"https:\/\/www.miro-kredit.ch\/wp-content\/uploads\/2025\/07\/AUTOKREDIT-vs-AUTOLEASING-mobile.png\" alt=\"AUTOKREDIT vs. AUTOLEASING\" width=\"720\" height=\"1168\"\/><\/div>\n<div class=\"ready-to-take-out-loan online-rate-calculator\">\n<div class=\"container container-row\">\n<h3>Vantaggi del finanziamento auto intelligente<\/h3>\n<p>Non \u00e8 importante solo il momento presente, ma anche <strong>pensare a lungo termine<\/strong> \u00e8 fondamentale quando si acquista un\u2019auto. Un finanziamento intelligente dell\u2019auto \u2013 come l\u2019acquisto a credito, il leasing o un abbonamento auto \u2013 pu\u00f2 rivelarsi vantaggioso nel tempo.<\/p>\n<p>Prima di decidere il tipo di finanziamento, dovete essere consapevoli delle vostre <strong>priorit\u00e0<\/strong>. Volete montare da soli il veicolo dei vostri sogni o preferite che sia conveniente? A seconda di ci\u00f2 che vi interessa, le opzioni menzionate presentano <strong>vantaggi e svantaggi<\/strong> diversi.<\/p>\n<h3>Leasing o acquisto di un&#8217;auto in Svizzera: un aiuto alla decisione<\/h3>\n<p>Come gi\u00e0 detto, l&#8217;acquisto in contanti \u00e8 in genere la forma pi\u00f9 favorevole di finanziamento dell&#8217;auto. Inoltre, si \u00e8 proprietari dell&#8217;auto e si pu\u00f2 scegliere liberamente l&#8217;assicurazione. In genere, quando si acquista un veicolo, si pu\u00f2 anche decidere da soli <strong>il colore, l&#8217;equipaggiamento e altre caratteristiche<\/strong>. Se preferite utilizzare il denaro risparmiato per qualcos&#8217;altro, potete anche optare per il <strong>leasing<\/strong>.<\/p>\n<p>Se si tratta di un contratto di leasing classico, \u00e8 necessario tenere conto degli obblighi di riparazione, dei costi di restituzione e di eventuali premi per l&#8217;assicurazione casco totale. \u00c8 inoltre importante che, nel considerare i costi del veicolo, non si tenga conto solo della rata di leasing, ma si faccia un <strong>calcolo complessivo<\/strong>.<\/p>\n<\/div>\n<\/div>\n<div class=\"checking-your-credit-score\" style=\"padding-bottom:32px\">\n<div class=\"container container-row\">\n<h2>Quando ha senso un prestito auto?<\/h2>\n<p>Rispetto al leasing, il prestito auto vi d\u00e0 <strong>molta pi\u00f9 libert\u00e0<\/strong> nella scelta dell&#8217;assicurazione o del garage. Siete inoltre liberi di vendere la vostra auto in qualsiasi momento. Per saperne di pi\u00f9 sul <a href=\"https:\/\/www.miro-kredit.ch\/it\/\" title=\"credito online in Svizzera\">credito online in Svizzera<\/a>.<\/p>\n<p>Il leasing, invece, vi vincola per tutta la durata del contratto. <strong>I vantaggi di un prestito auto<\/strong> sono:<\/p>\n<ul class=\"normal-ul\">\n<li>Auto propria dal primo giorno<\/li>\n<li>Acconto non obbligatorio<\/li>\n<li>Il veicolo pu\u00f2 essere acquistato presso un concessionario o privatamente<\/li>\n<li>sono possibili sconti elevati, perch\u00e9 con un prestito auto si \u00e8 considerati pagatori in contanti e quindi si ha un maggiore margine di manovra<\/li>\n<li>Nessun costo aggiuntivo, spese di elaborazione o un ampio catalogo di condizioni come nel caso del leasing.<\/li>\n<li>Libera scelta dell&#8217;assicurazione del veicolo e dell&#8217;autofficina<\/li>\n<li>Gli interessi del prestito possono essere dedotti dalle tasse per i prestiti auto<\/li>\n<\/ul>\n<h3>A quanto dovrebbe ammontare il prestito per un&#8217;auto?<\/h3>\n<p>I prestiti auto sono classificati come <strong>prestiti al consumo<\/strong>. In questo caso, vi viene fornito un determinato importo da utilizzare per pagare il veicolo. Questo include la rata mensile:<\/p>\n<ol>\n<li>Parte corrispondente al <strong>rimborso del prestito<\/strong><\/li>\n<li>Parte che <strong>comprende gli interessi<\/strong> (l&#8217;importo dipende dall&#8217;importo preso in prestito e dalla durata del prestito)<\/li>\n<\/ol>\n<\/div>\n<\/div>\n<div class=\"ready-to-take-out-loan online-rate-calculator\">\n<div class=\"container container-row\">\n<h2>Durata del prestito e spese mensili<\/h2>\n<p>Quando si finanzia un&#8217;auto con un prestito auto, la durata del prestito e il pagamento mensile sono fattori importanti. \u00c8 importante pensare fin da subito a quanto si pu\u00f2 e si vuole pagare al mese per il prestito auto.<\/p>\n<h3>Quanto si dovrebbe pagare al mese per un prestito auto?<\/h3>\n<p>Come regola generale, le rate mensili non dovrebbero <strong>superare una media del 15% del reddito netto<\/strong>. Ad esempio, se si sottoscrive un prestito al tasso d&#8217;interesse attuale per finanziare un&#8217;autovettura del costo di 49&#8217;000 franchi, la rata mensile potrebbe essere di circa 1&#8217;102.70 franchi. Vi informeremo sui <strong>tassi di interesse attuali<\/strong>.<\/p>\n<h3>Quando si dovrebbe estinguere un&#8217;auto?<\/h3>\n<p>La durata del prestito auto pu\u00f2 essere <strong>stabilita nel modo pi\u00f9 flessibile<\/strong> possibile. Di solito si tratta di un periodo compreso tra <strong>12 e 84 mesi<\/strong>, ovvero tra uno e sette anni. Tenete presente che pi\u00f9 breve \u00e8 la durata, pi\u00f9 alte saranno le rate mensili. Se invece si sceglie una durata pi\u00f9 lunga, si pu\u00f2 mantenere meglio <strong>l&#8217;equilibrio finanziario<\/strong> e investire contemporaneamente in altri settori della propria vita.<\/p>\n<p>Possiamo aiutarvi a stabilire una rata mensile che si <strong>adatti perfettamente al vostro budget<\/strong>.<\/p>\n<h3>Quali sono gli attuali tassi di interesse per i finanziamenti auto?<\/h3>\n<p>Poich\u00e9 le condizioni di mercato sono in costante evoluzione, adattiamo le nostre offerte di prestito di conseguenza. Le opzioni esistenti dipendono anche dall&#8217;affidabilit\u00e0 creditizia del mutuatario. In qualit\u00e0 di esperti mediatori creditizi, la nostra missione \u00e8 trovare il prestito rateale giusto per ogni singolo cliente, perch\u00e9 un <a href=\"https:\/\/www.miro-kredit.ch\/it\/credito-conveniente\/\" title=\"Credito conveniente in Svizzera\">prestito vantaggioso<\/a> \u00e8 spesso il presupposto per realizzare i sogni della vita.<\/p>\n<\/div>\n<\/div>\n<div class=\"checking-your-credit-score\">\n<div class=\"container container-row\">\n<h2>Finanziamenti collaudati: prestiti auto di Miro Kredit AG<\/h2>\n<p>Quando \u00e8 richiesta la fiducia dei clienti, la competenza e l&#8217;esperienza sono particolarmente importanti. Trasparenza e affidabilit\u00e0 sono particolarmente importanti nelle transazioni di credito. <strong>Miro Kredit<\/strong> AG di Basilea \u00e8 attiva come mediatore creditizio dal 1978 e pu\u00f2 quindi vantare un&#8217;esperienza molto elevata nell&#8217;organizzazione di <strong>prestiti vantaggiosi<\/strong>.<\/p>\n<p>L&#8217;azienda cerca sempre di offrire ai propri clienti la soluzione di credito ottimale per aiutarli a realizzare investimenti importanti e desideri a lungo attesi. In particolare, <strong>gli autoveicoli<\/strong> e le <strong>moto<\/strong> sono spesso finanziati in tutto o in parte con un <strong>prestito auto<\/strong>, per cui la societ\u00e0 dispone di offerte adeguate.<\/p>\n<p>Il finanziamento di un&#8217;auto o di una <strong>moto<\/strong> con un <a href=\"https:\/\/www.miro-kredit.ch\/it\/richiesta-di-credito\/\" title=\"Richiesta di credito\">prestito<\/a> di <strong>Miro Kredit<\/strong> AG presenta numerosi vantaggi: Gli interessi maturati <strong>sui pagamenti rateali<\/strong> sono deducibili dalle tasse. Inoltre, il cliente non \u00e8 obbligato a sottoscrivere un&#8217;assicurazione completa per il <strong>veicolo<\/strong>.<\/p>\n<p>Inoltre, il veicolo pu\u00f2 essere rivenduto in qualsiasi momento. Naturalmente, la richiesta di un <strong>prestito vantaggioso<\/strong> non comporta alcun costo per il cliente. Inoltre, la <strong>richiesta di prestito<\/strong> \u00e8 anche efficiente, in quanto la domanda di prestito auto con calcolatore di prestito integrato pu\u00f2 essere facilmente compilata e inviata online, dopodich\u00e9 i clienti riceveranno una risposta in breve tempo.<\/p>\n<\/div>\n<\/div>\n","protected":false},"excerpt":{"rendered":"<p>Credito per auto in Svizzera Avete finalmente scoperto l&#8217;auto dei vostri sogni, ma al momento non potete permettervela? Con il&#8230;<\/p>\n","protected":false},"author":4,"featured_media":5294,"parent":0,"menu_order":0,"comment_status":"closed","ping_status":"closed","template":"page-landing.php","meta":{"footnotes":""},"class_list":["post-5293","page","type-page","status-publish","has-post-thumbnail","hentry"],"_links":{"self":[{"href":"https:\/\/www.miro-kredit.ch\/it\/wp-json\/wp\/v2\/pages\/5293","targetHints":{"allow":["GET"]}}],"collection":[{"href":"https:\/\/www.miro-kredit.ch\/it\/wp-json\/wp\/v2\/pages"}],"about":[{"href":"https:\/\/www.miro-kredit.ch\/it\/wp-json\/wp\/v2\/types\/page"}],"author":[{"embeddable":true,"href":"https:\/\/www.miro-kredit.ch\/it\/wp-json\/wp\/v2\/users\/4"}],"replies":[{"embeddable":true,"href":"https:\/\/www.miro-kredit.ch\/it\/wp-json\/wp\/v2\/comments?post=5293"}],"version-history":[{"count":1,"href":"https:\/\/www.miro-kredit.ch\/it\/wp-json\/wp\/v2\/pages\/5293\/revisions"}],"predecessor-version":[{"id":5320,"href":"https:\/\/www.miro-kredit.ch\/it\/wp-json\/wp\/v2\/pages\/5293\/revisions\/5320"}],"wp:featuredmedia":[{"embeddable":true,"href":"https:\/\/www.miro-kredit.ch\/it\/wp-json\/wp\/v2\/media\/5294"}],"wp:attachment":[{"href":"https:\/\/www.miro-kredit.ch\/it\/wp-json\/wp\/v2\/media?parent=5293"}],"curies":[{"name":"wp","href":"https:\/\/api.w.org\/{rel}","templated":true}]}}