{"id":5265,"date":"2025-07-17T10:51:12","date_gmt":"2025-07-17T08:51:12","guid":{"rendered":"https:\/\/www.miro-kredit.ch\/?page_id=5265"},"modified":"2026-03-04T11:43:35","modified_gmt":"2026-03-04T10:43:35","slug":"credito-conveniente","status":"publish","type":"page","link":"https:\/\/www.miro-kredit.ch\/it\/credito-conveniente\/","title":{"rendered":"Credito conveniente in Svizzera"},"content":{"rendered":"<div class=\"ready-to-take-out-loan online-rate-calculator\">\n<div class=\"container\">\n<div class=\"full-text-column\">\n<h1>Credito conveniente in Svizzera<\/h1>\n<p>Avete sogni e obiettivi che vorreste realizzare, ma vi manca la necessaria copertura finanziaria? Dal 1978 Miro Kredit AG \u00e8 il vostro partner affidabile quando si tratta di ottenere un prestito vantaggioso in Svizzera. Che si tratti di ristrutturare la casa, di proseguire gli studi o di acquistare un&#8217;auto, vi diamo un accesso semplice a prestiti agevolati in pochi clic. L&#8217;offerta si adatta in modo flessibile alle vostre esigenze individuali.<\/p>\n<p>Grazie alla nostra pluriennale esperienza, alla nostra competenza e alla nostra chiara attenzione alle vostre esigenze, vi offriamo soluzioni personalizzate per i vostri problemi finanziari!<\/p>\n<\/div>\n<\/div>\n<\/div>\n<div class=\"taking-out-loan\" style=\"margin-bottom: 0;\"><img loading=\"lazy\" decoding=\"async\" src=\"https:\/\/www.miro-kredit.ch\/wp-content\/uploads\/2025\/07\/Credito-conveniente-in-Svizzera-Prestiti-privati-con-Miro-Kredit-AG.jpg\" alt=\"Credito conveniente in Svizzera \u27a4 Prestiti privati con Miro Kredit AG\" width=\"1280\" height=\"853\"\/>\n<div class=\"text-column\">\n<h2>Ottenere un prestito vantaggioso con Miro Kredit AG<\/h2>\n<p>Noi di Miro Kredit AG sappiamo che ogni cliente \u00e8 unico e ha esigenze finanziarie individuali. Il nostro obiettivo \u00e8 aiutarvi a realizzare i vostri progetti, che si tratti di ristrutturare la vostra casa, finanziare la vostra istruzione o realizzare altri obiettivi di vita. Con i nostri prestiti vantaggiosi, vi consentiamo di realizzare i vostri progetti <strong>in modo flessibile e senza elevati oneri finanziari<\/strong>.<\/p>\n<\/div>\n<\/div>\n<div class=\"ready-to-take-out-loan online-rate-calculator\">\n<div class=\"container container-row\">\n<h3>Richiedere un prestito personale online<\/h3>\n<p>Semplice, comodo e sicuro: ecco come organizziamo il processo di richiesta di un prestito personale online. Il nostro sito web, facile da usare, vi permette di presentare la vostra <strong>domanda di prestito comodamente da casa<\/strong>. Naturalmente attribuiamo grande importanza alla trasparenza e alla protezione dei dati, in modo che possiate sentirvi sicuri quando richiedete un prestito online a Miro Kredit AG.<\/p>\n<\/div>\n<\/div>\n<div class=\"checking-your-credit-score\">\n<div class=\"container container-row\">\n<h3>Cinque passi per un prestito<\/h3>\n<p>Sappiamo che spesso il tempo \u00e8 fondamentale. Ecco perch\u00e9 abbiamo reso il processo di accensione di un prestito il pi\u00f9 semplice possibile. In soli cinque passaggi, vi accompagniamo dalla richiesta all&#8217;erogazione del prestito desiderato:<\/p>\n<ol>\n<li><strong>Selezionare il prestito desiderato:<\/strong> Nella prima fase, \u00e8 sufficiente selezionare l&#8217;importo del prestito desiderato e la durata che meglio si adatta alle vostre esigenze finanziarie. A tale scopo potete utilizzare il nostro calcolatore di prestito gratuito e non vincolante, che vi mostrer\u00e0 l&#8217;importo stimato delle rate del prestito da pagare direttamente.<\/li>\n<li><strong>Inserite i vostri dati personali:<\/strong> Nella fase successiva, potete inserire le vostre informazioni personali di base, in modo da poter elaborare individualmente la vostra richiesta di prestito.<\/li>\n<li><strong>Spiegateci la vostra situazione professionale:<\/strong> forniteci alcune informazioni sulla vostra situazione professionale, in modo da avere un quadro completo della vostra situazione finanziaria e della vostra affidabilit\u00e0 creditizia. Dopo tutto, un prestito non deve portare a un eccessivo indebitamento.<\/li>\n<li><strong>Fornire informazioni aggiuntive:<\/strong> Aggiungete alla vostra richiesta di prestito tutte le informazioni aggiuntive di cui potremmo aver bisogno per garantire un&#8217;elaborazione rapida e senza complicazioni.<\/li>\n<li><strong>Presentare la domanda di prestito:<\/strong> Dopo averci fornito tutte le informazioni necessarie, non vi resta che presentare la domanda di prestito. Verificheremo i vostri dati il pi\u00f9 rapidamente possibile e vi invieremo una decisione di credito con l&#8217;offerta pi\u00f9 favorevole entro 24 ore.<\/li>\n<\/ol>\n<p>Una volta ricevuta la decisione di credito positiva e <strong>firmato il contratto di prestito<\/strong>, non dovrete far altro che attendere il periodo di cancellazione di 14 giorni e il denaro arriver\u00e0 sul vostro conto. Se avete richiesto un prestito di importo superiore, a partire da 80&#8217;000 franchi, non dovrete nemmeno attendere il periodo di cancellazione e riceverete il denaro entro pochi giorni dalla richiesta di prestito.<\/p>\n<\/div>\n<\/div>\n<div class=\"ready-to-take-out-loan online-rate-calculator\">\n<div class=\"container container-row\">\n<h3>Prestito desiderato con Miro Kredit AG<\/h3>\n<p>Che abbiate bisogno di un prestito per uno scopo specifico o come riserva finanziaria, presso Miro Kredit AG troverete il prestito giusto per voi. La nostra ampia gamma di offerte di credito vi permette di adattare sia la durata che la rata mensile <strong>alle vostre esigenze individuali<\/strong>.<\/p>\n<p>Vi offriamo <strong>termini flessibili fino a 120 mesi<\/strong> e un <strong>tasso di interesse effettivo particolarmente favorevole, compreso tra il 4.5 e l&#8217;9.95%<\/strong>. Con il calcolatore di prestiti di Miro Kredit AG, potete facilmente adattare l&#8217;importo del prestito desiderato alle vostre possibilit\u00e0 finanziarie, ottenendo cos\u00ec una completa trasparenza sulla rata mensile, interessi compresi, che dovrete pagare.<\/p>\n<\/div>\n<\/div>\n<div class=\"checking-your-credit-score\" style=\"padding-bottom: 48px;\">\n<div class=\"container container-row\"><img loading=\"lazy\" decoding=\"async\" src=\"https:\/\/www.miro-kredit.ch\/wp-content\/uploads\/2025\/07\/Credito-conveniente-in-Svizzera.jpg\" alt=\"Credito conveniente in Svizzera\" width=\"1170\" height=\"1324\"\/><\/div>\n<\/div>\n<div class=\"ready-to-take-out-loan online-rate-calculator\">\n<div class=\"container container-row\">\n<h3>Il prestito giusto per le vostre esigenze<\/h3>\n<p>In qualit\u00e0 di piattaforma di confronto, Miro Kredit AG non solo vi offre prestiti vantaggiosi, ma anche una consulenza completa per aiutarvi a trovare il prestito giusto per le vostre esigenze individuali. Il nostro obiettivo \u00e8 quello di garantirvi la libert\u00e0 finanziaria e di aiutarvi a realizzare i vostri sogni. Oltre al classico prestito personale a uso gratuito, esistono altri prestiti per esigenze diverse:<\/p>\n<ol>\n<li><strong>Prestito per la ristrutturazione:<\/strong> offriamo soluzioni di finanziamento su misura <a href=\"https:\/\/www.miro-kredit.ch\/it\/prestito-per-ammodernamento\/\" title=\"Prestito per ammodernamento\">per i progetti di ristrutturazione e ammodernamento<\/a> della vostra casa.<\/li>\n<li><strong>Prestito auto:<\/strong> se sognate di acquistare un nuovo veicolo, vi aiuteremo con un prestito auto adatto alle vostre possibilit\u00e0 finanziarie.<\/li>\n<li><strong>Prestito per la formazione:<\/strong> investite nel vostro futuro con il nostro prestito per la formazione, che vi offre un sostegno finanziario per i programmi di formazione.<\/li>\n<li><strong>Prestito di mobili:<\/strong> progettate la vostra casa secondo le vostre idee con un prestito di mobili che facilita il finanziamento dell&#8217;arredamento.<\/li>\n<\/ol>\n<p>Affidatevi a Miro Kredit AG come partner per prestiti vantaggiosi in Svizzera: insieme possiamo realizzare i vostri progetti!<\/p>\n<\/div>\n<\/div>\n<div class=\"checking-your-credit-score\">\n<div class=\"container container-row\">\n<h2>Le ragioni pi\u00f9 comuni per un prestito personale<\/h2>\n<p>Le ragioni per cui si ricorre a un prestito personale sono varie e individuali. <strong>I desideri personali e le situazioni di vita<\/strong> sono spesso al centro dell&#8217;attenzione. Ad esempio, il finanziamento di acquisti importanti come l&#8217;automobile, la ristrutturazione della casa o l&#8217;acquisto di attrezzature tecniche di alta qualit\u00e0 sono motivi tipici per la sottoscrizione di un prestito personale.<\/p>\n<p>Un sondaggio condotto da comparis.ch nell&#8217;aprile 2017 ha rivelato che circa il 49% degli intervistati ha gi\u00e0 acceso un <strong>prestito per l&#8217;acquisto di un&#8217;auto<\/strong>. Tuttavia, secondo il sondaggio, anche altri acquisti come mobili (13%) ed elettrodomestici (12%) sono motivi comuni per richiedere un prestito.<\/p>\n<p>Inoltre, molte persone ricorrono ai prestiti personali per far fronte a <strong>spese impreviste<\/strong>, sia in caso di emergenze mediche che di riparazioni domestiche o di altri costi imprevisti. Anche la ristrutturazione del debito pu\u00f2 essere un motivo per richiedere un prestito personale. In definitiva, un prestito personale vi offre la flessibilit\u00e0 necessaria per superare le difficolt\u00e0 finanziarie e realizzare i vostri obiettivi personali.<\/p>\n<\/div>\n<\/div>\n<div class=\"ready-to-take-out-loan online-rate-calculator\">\n<div class=\"container container-row\">\n<h2>Anche gli stranieri possono richiedere un prestito in Svizzera?<\/h2>\n<p>Anche se non avete la cittadinanza svizzera, potete richiedere un prestito in Svizzera. Tuttavia, \u00e8 necessario un <strong>permesso di residenza C, B o G<\/strong>. Se si dispone di un permesso C, questo equivale a un passaporto svizzero, mentre per il permesso B \u00e8 necessario soddisfare ulteriori requisiti.<\/p>\n<p>Se siete in possesso di un <strong>permesso di soggiorno G<\/strong>, \u00e8 necessario anche che siate gi\u00e0 da tempo in Svizzera e che abbiate mantenuto questo permesso di soggiorno per un certo periodo di tempo.<\/p>\n<p>Inoltre, anche il vostro <strong>domicilio<\/strong> abituale deve essere in Svizzera. Inoltre, come qualsiasi altro mutuatario, dovete avere un <strong>reddito stabile<\/strong> ed essere in grado di pagare le rate mensili del prestito.<\/p>\n<\/div>\n<\/div>\n<div class=\"checking-your-credit-score\">\n<div class=\"container container-row\">\n<h3>Quanto sono alti i tassi di interesse sui prestiti in Svizzera?<\/h3>\n<p>L&#8217;importo degli <a href=\"https:\/\/www.miro-kredit.ch\/it\/interessi\/\" title=\"Interessi Svizzera\">interessi in Svizzera<\/a> pu\u00f2 variare a seconda dell&#8217;istituto di credito, dell&#8217;importo del prestito, della durata e della vostra capacit\u00e0 di credito individuale. Noi di Miro Kredit AG vi offriamo condizioni di credito particolarmente favorevoli. Con noi potete trovare un prestito <strong>con un interesse minimo del 4.5%<\/strong>.<\/p>\n<p>Per avere una panoramica dei costi totali del prestito, potete utilizzare il nostro <strong>calcolatore di prestito gratuito e non vincolante<\/strong>. Con questo calcolatore potete impostare l&#8217;importo desiderato e la durata del prestito e ricevere una panoramica diretta degli interessi previsti e dei costi totali. In questo modo potrete ottimizzare la vostra pianificazione finanziaria e assicurarvi di poter sostenere le rate mensili del prestito.<\/p>\n<\/div>\n<\/div>\n<div class=\"faq-wrapper\">\n<div class=\"container container-row\">\n<h2>FAQs<\/h2>\n<ul class=\"accordion\" data-accordion=\"\">\n<li class=\"accordion-navigation\">\n                <a href=\"#faq-1\" title=\"Quale banca offre prestiti senza complicazioni?\">\n<h3>Quale banca offre prestiti senza complicazioni?<\/h3>\n<\/a>\n<div id=\"faq-1\" class=\"content active\">Miro Kredit AG si distingue per le sue opzioni di confronto senza complicazioni e vi offre soluzioni finanziarie personalizzate e adatte alle vostre esigenze. Con una chiara attenzione alla trasparenza, alla flessibilit\u00e0 e alla facilit\u00e0 d&#8217;uso, vi offriamo un processo di credito semplice e veloce.<\/div>\n<\/li>\n<li class=\"accordion-navigation\">\n                <a href=\"#faq-2\" title=\"Quando i tassi d'interesse torneranno a scendere?\">\n<h3>Quando i tassi d&#8217;interesse torneranno a scendere?<\/h3>\n<\/a>\n<div id=\"faq-2\" class=\"content\">Il tasso di interesse annuo si basa principalmente sulla situazione economica attuale, compresa la politica della banca centrale, i tassi di inflazione e gli sviluppi finanziari globali. Non \u00e8 quindi possibile dare una risposta generalizzata alla domanda su quando il tasso d&#8217;interesse annuale dei prestiti scender\u00e0 di nuovo. Tuttavia, noi di Miro Kredit AG cerchiamo sempre di offrire prestiti con i tassi di interesse pi\u00f9 favorevoli.<\/div>\n<\/li>\n<li class=\"accordion-navigation\">\n                <a href=\"#faq-3\" title=\"Quale banca ha il miglior prestito?\">\n<h3>Quale banca ha il miglior prestito?<\/h3>\n<\/a>\n<div id=\"faq-3\" class=\"content\">Se si desidera richiedere un prestito, un confronto tra prestiti \u00e8 spesso essenziale per trovare il prestito migliore e pi\u00f9 vantaggioso. In qualit\u00e0 di piattaforma di confronto, Miro Kredit AG eccelle nel fornire soluzioni di prestito personalizzate in base alle vostre esigenze individuali. Grazie a condizioni competitive e a un approccio incentrato sul cliente, offriamo un&#8217;opzione per chiunque sia alla ricerca di un prestito personalizzato e vantaggioso con tassi d&#8217;interesse vantaggiosi.<\/div>\n<\/li>\n<li class=\"accordion-navigation\">\n                <a href=\"#faq-4\" title=\"Cosa fare se non si ottiene un prestito?\">\n<h3>Cosa fare se non si ottiene un prestito?<\/h3>\n<\/a>\n<div id=\"faq-4\" class=\"content\">Se la vostra richiesta di prestito non \u00e8 stata accolta, pu\u00f2 essere utile analizzarne le ragioni. Potrebbe essere dovuto alla vostra affidabilit\u00e0 creditizia. Il prestito \u00e8 vietato se porta a un sovraindebitamento. Per ottenere comunque un prestito personale, dovreste migliorare il vostro rating creditizio e ridurre i debiti esistenti. Parlate con i nostri specialisti del credito e scopriremo insieme cosa potete fare per ottenere un prestito.<\/div>\n<\/li>\n<\/ul>\n<\/div>\n<\/div>\n<div class=\"checking-your-credit-score\">\n<div class=\"container container-row text-center\"><img loading=\"lazy\" decoding=\"async\" style=\"margin-bottom: 40px;\" src=\"https:\/\/www.miro-kredit.ch\/wp-content\/uploads\/2024\/01\/miro-kredit-swiss.png\" alt=\"Miro Kredit Svizzera - Conclusione\" width=\"132\" height=\"132\"\/>\n<h2>Conclusione<\/h2>\n<p>Se siete alla ricerca di un prestito personale vantaggioso, Miro Kredit AG \u00e8 il posto giusto per voi! Vi offriamo soluzioni di finanziamento personalizzate per tutte le vostre esigenze finanziarie. Inoltre, potete richiedere il prestito desiderato in modo semplice e comodo da casa, risparmiando tempo e fatica.<\/p>\n<p>Che abbiate bisogno di un prestito per la ristrutturazione, di un prestito per l&#8217;acquisto di un&#8217;auto, di un prestito per l&#8217;acquisto di mobili o di un prestito per uso gratuito, noi di Miro Kredit AG siamo il vostro partner affidabile quando si tratta di soddisfare i vostri desideri finanziari!<\/p>\n<\/div>\n<\/div>\n","protected":false},"excerpt":{"rendered":"<p>Credito conveniente in Svizzera Avete sogni e obiettivi che vorreste realizzare, ma vi manca la necessaria copertura finanziaria? Dal 1978&#8230;<\/p>\n","protected":false},"author":4,"featured_media":5266,"parent":0,"menu_order":0,"comment_status":"closed","ping_status":"closed","template":"page-default-2024.php","meta":{"footnotes":""},"class_list":["post-5265","page","type-page","status-publish","has-post-thumbnail","hentry"],"_links":{"self":[{"href":"https:\/\/www.miro-kredit.ch\/it\/wp-json\/wp\/v2\/pages\/5265","targetHints":{"allow":["GET"]}}],"collection":[{"href":"https:\/\/www.miro-kredit.ch\/it\/wp-json\/wp\/v2\/pages"}],"about":[{"href":"https:\/\/www.miro-kredit.ch\/it\/wp-json\/wp\/v2\/types\/page"}],"author":[{"embeddable":true,"href":"https:\/\/www.miro-kredit.ch\/it\/wp-json\/wp\/v2\/users\/4"}],"replies":[{"embeddable":true,"href":"https:\/\/www.miro-kredit.ch\/it\/wp-json\/wp\/v2\/comments?post=5265"}],"version-history":[{"count":9,"href":"https:\/\/www.miro-kredit.ch\/it\/wp-json\/wp\/v2\/pages\/5265\/revisions"}],"predecessor-version":[{"id":5811,"href":"https:\/\/www.miro-kredit.ch\/it\/wp-json\/wp\/v2\/pages\/5265\/revisions\/5811"}],"wp:featuredmedia":[{"embeddable":true,"href":"https:\/\/www.miro-kredit.ch\/it\/wp-json\/wp\/v2\/media\/5266"}],"wp:attachment":[{"href":"https:\/\/www.miro-kredit.ch\/it\/wp-json\/wp\/v2\/media?parent=5265"}],"curies":[{"name":"wp","href":"https:\/\/api.w.org\/{rel}","templated":true}]}}