{"id":5245,"date":"2025-07-17T10:51:14","date_gmt":"2025-07-17T08:51:14","guid":{"rendered":"https:\/\/www.miro-kredit.ch\/?page_id=5245"},"modified":"2025-07-17T11:02:58","modified_gmt":"2025-07-17T09:02:58","slug":"prestito-per-la-formazione","status":"publish","type":"page","link":"https:\/\/www.miro-kredit.ch\/it\/prestito-per-la-formazione\/","title":{"rendered":"Prestito per la formazione in Svizzera"},"content":{"rendered":"<div class=\"ready-to-take-out-loan online-rate-calculator\">\n<div class=\"container\">\n<div class=\"full-text-column\">\n<h1>Prestito per la formazione Svizzera<\/h1>\n<p>In Svizzera l&#8217;istruzione durante la scuola dell&#8217;obbligo \u00e8 gratuita. Tuttavia, la persona che studia o i suoi genitori sono generalmente responsabili del finanziamento della sua successiva frequenza all&#8217;universit\u00e0 o ad altri istituti di istruzione e formazione.<\/p>\n<p>L&#8217;istruzione o la formazione continua possono essere molto costose, ma spesso ne vale la pena. Uno studente svizzero medio spende circa 25&#8217;000 franchi svizzeri all&#8217;anno per la propria istruzione &#8211; in alcuni casi anche di pi\u00f9 per gli studenti internazionali, che devono pagare prezzi pi\u00f9 alti rispetto agli studenti locali a causa della mancanza di accesso alle universit\u00e0 del proprio Paese. A ci\u00f2 si aggiungono altre spese, come le tasse di ammissione o il materiale necessario durante gli studi, che si sommano nel tempo insieme al costo della vita.<\/p>\n<p>Quando si tratta di ricevere una buona istruzione, le spese si accumulano rapidamente. Le tasse scolastiche, il materiale di studio, l&#8217;alloggio, i pasti: l&#8217;elenco \u00e8 lungo. In questo caso, un prestito per l&#8217;istruzione pu\u00f2 essere di grande aiuto. Ma quali sono le opzioni di finanziamento per gli apprendisti e gli studenti svizzeri e in che modo un prestito per l&#8217;istruzione pu\u00f2 aiutare gli studenti?<\/p>\n<\/div>\n<\/div>\n<\/div>\n<div class=\"taking-out-loan\" style=\"margin-bottom: 0;\"><img loading=\"lazy\" decoding=\"async\" src=\"https:\/\/www.miro-kredit.ch\/wp-content\/uploads\/2025\/07\/Prestito-per-la-formazione-in-Svizzera-Richiedi-ora.jpg\" alt=\"Prestito per la formazione in Svizzera \u27a4 Richiedi ora\" width=\"1280\" height=\"853\" \/>\n<div class=\"text-column\">\n<h2>La Svizzera come paese attraente per i dipendenti<\/h2>\n<p>La Svizzera non \u00e8 solo considerata un Paese bellissimo con una natura mozzafiato, ma anche un mercato del lavoro estremamente attraente per i lavoratori qualificati di tutto il mondo. Per la sesta volta consecutiva, la Svizzera \u00e8 stata riconosciuta dalla IMD Business School come il <strong>Paese pi\u00f9 attraente al mondo per i lavoratori altamente qualificati<\/strong>. Non c&#8217;\u00e8 da stupirsi, visto che la Svizzera attira ogni anno un gran numero di studenti e tirocinanti grazie alla sua forte economia e a un <strong>gran numero di rinomati istituti di formazione<\/strong>.<\/p>\n<h2>Varie opzioni per il finanziamento della formazione<\/h2>\n<p>Come per il <a href=\"https:\/\/www.miro-kredit.ch\/it\/leasing-o-credito\/\" title=\"Leasing o credito: quale opzione \u00e8 migliore per voi?\">leasing o i prestiti<\/a>, anche per i progetti educativi esistono diverse opzioni di finanziamento. Un prestito per l&#8217;istruzione pu\u00f2 essere la soluzione giusta, soprattutto per gli studenti che non dispongono di risorse finanziarie sufficienti. Tuttavia, oltre al tradizionale prestito per studenti, esistono anche altre opzioni per finanziare la formazione o l&#8217;aggiornamento e realizzare il proprio sogno formativo.<\/p>\n<\/div>\n<\/div>\n<div class=\"checking-your-credit-score\">\n<div class=\"container container-row\">\n<h3>Finanziamento dell&#8217;istruzione da parte dei genitori<\/h3>\n<p>Molti studenti in Svizzera ricevono un sostegno finanziario dai genitori per finanziare la loro istruzione. I genitori possono sostenere <strong>l&#8217;intero costo dell&#8217;istruzione<\/strong> o coprirne <strong>una parte<\/strong> per consentire ai figli di accedere a un&#8217;istruzione di qualit\u00e0. Alcuni genitori risparmiano per l&#8217;istruzione o gli studi dei figli fin dalla nascita, mentre altri hanno un reddito sufficientemente alto da sostenere finanziariamente i figli.<\/p>\n<p>Tuttavia, se queste opzioni non sono sufficienti, sono <strong>disponibili anche dei prestiti<\/strong>. Un <a href=\"https:\/\/www.miro-kredit.ch\/fr\/\" title=\"Prestito personale\">prestito personale<\/a> non \u00e8 specificamente legato alle spese scolastiche e funziona come qualsiasi altro tipo di prestito: il mutuatario (in questo caso i genitori) \u00e8 soggetto a un controllo del credito che ne determina le condizioni.<\/p>\n<h3>Credito e prestiti agli studenti<\/h3>\n<p>Per gli studenti che non ricevono un sostegno finanziario sufficiente dai genitori o che hanno bisogno di fondi aggiuntivi per finanziare la loro istruzione, sono disponibili <strong>prestiti educativi o prestiti per studenti<\/strong>. La legge svizzera stabilisce che il prestito non deve comportare un sovraindebitamento.<\/p>\n<p>Un criterio fondamentale \u00e8 il reddito mensile disponibile, che nella maggior parte dei casi \u00e8 basso per gli studenti. Per questo motivo le banche offrono raramente prestiti per la formazione e per gli studenti. Tuttavia, esistono anche banche che si sono specializzate in questa nicchia di mercato. Ad esempio, \u00e8 possibile trovare prestiti per studenti adeguati presso Miro Kredit AG.<\/p>\n<p>Un&#8217;alternativa \u00e8 rappresentata dai cosiddetti <strong>prestiti peer-to-peer<\/strong>. Questi provengono da privati e gli studenti possono specificare l&#8217;importo del prestito desiderato, la durata e il tasso di interesse che sono disposti a pagare. Se si trova un numero sufficiente di investitori, il prestito viene erogato. Di norma, durante il corso di studi si pagano solo gli interessi, mentre il rimborso del capitale inizia di solito solo dopo la laurea. In questo modo si riduce al minimo l&#8217;onere finanziario durante il corso di studi.<\/p>\n<p>Un&#8217;altra opzione \u00e8 rappresentata dai <strong>prestiti per studenti erogati dai Cantoni<\/strong>. Poich\u00e9 non tutti gli studenti hanno i requisiti per ottenere una borsa di studio, le autorit\u00e0 cantonali preposte alle borse di studio offrono prestiti senza interessi che devono essere rimborsati dopo il diploma. Tuttavia, questi prestiti studenteschi cantonali possono essere utilizzati solo per finanziare la formazione iniziale e, a differenza di un prestito privato, non possono essere utilizzati per programmi di formazione continua.<\/p>\n<\/div>\n<\/div>\n<div class=\"ready-to-take-out-loan online-rate-calculator\">\n<div class=\"container container-row\"><img loading=\"lazy\" decoding=\"async\" style=\"margin: 0 auto; max-width: 700px; display: block;\" src=\"https:\/\/www.miro-kredit.ch\/wp-content\/uploads\/2025\/07\/Fatti-sul-prestito-per-la-formazione-in-Svizzera.png\" alt=\"Fatti sul prestito per la formazione in Svizzera\" width=\"700\" height=\"1210\" \/><\/div>\n<\/div>\n<div class=\"checking-your-credit-score\">\n<div class=\"container container-row\">\n<h3>Borsa di studio<\/h3>\n<p>Oltre ai prestiti, anche le borse di studio sono un modo per finanziare l&#8217;istruzione. In Svizzera, i cantoni sono responsabili dell&#8217;assegnazione delle borse di studio. L&#8217;ammissibilit\u00e0 ai <strong>finanziamenti cantonali<\/strong> si basa sulle condizioni familiari e finanziarie degli studenti e delle loro famiglie. Inoltre, in genere hanno diritto a una borsa di studio solo gli studenti residenti nel rispettivo Cantone ai sensi della legge sulle borse di studio, che provengono da una famiglia a basso reddito e che stanno completando un corso di studi riconosciuto.<\/p>\n<p>Le informazioni sui requisiti per richiedere una borsa di studio sono disponibili sui siti web ufficiali dei rispettivi cantoni. Ad esempio, <strong>l&#8217;Ufficio per la giovent\u00f9 e l&#8217;orientamento professionale del Cantone di Zurigo<\/strong> offre informazioni complete sui requisiti e sui fattori di calcolo. Un calcolatore di borse di studio permette di determinare in anticipo le possibilit\u00e0 di ricevere una borsa di studio. Anche i <strong>siti web delle universit\u00e0<\/strong> offrono informazioni sulle possibilit\u00e0 di sostegno finanziario durante gli studi.<\/p>\n<h3>Prestiti per la formazione continua<\/h3>\n<p>Oltre a finanziare i corsi di laurea, le banche e le istituzioni finanziarie svizzere offrono anche <strong>prestiti per i programmi di formazione continua e la formazione professionale<\/strong>. Questi prestiti consentono ai professionisti di ampliare le proprie conoscenze e competenze e di sviluppare la propria carriera. Anche le piattaforme di crowdlending offrono tali prestiti, mettendo in contatto studenti o professionisti con investitori privati.<\/p>\n<h3>Fondazioni e fondi privati<\/h3>\n<p>In Svizzera esistono anche diverse fondazioni e fondi privati che offrono sostegno finanziario a fini educativi. Queste organizzazioni sostengono sia gli studenti svizzeri che quelli internazionali nel finanziamento della loro istruzione e contribuiscono a creare opportunit\u00e0 educative per tutti.<\/p>\n<p>L&#8217;assegnazione di risorse finanziarie da parte di fondazioni e fondi privati dipende solitamente da vari criteri, come il <strong>luogo di residenza<\/strong> o il <strong>reddito regolare<\/strong>. Inoltre, \u00e8 spesso possibile combinare una borsa di studio cantonale e un finanziamento da parte di una fondazione o di un fondo, anche se in questo caso \u00e8 necessario informare l&#8217;ente che assegna la borsa di studio.<\/p>\n<h3>Impiego degli studenti<\/h3>\n<p>Molti studenti in Svizzera finanziano la propria formazione attraverso un&#8217;occupazione studentesca. Parallelamente agli studi, svolgono <strong>lavori part-time o stage<\/strong> per integrare il proprio reddito e coprire i costi dell&#8217;istruzione. Quasi la met\u00e0 degli studenti svolge un lavoro part-time per uno o due giorni alla settimana. Questa esperienza non solo permette agli studenti di essere finanziariamente indipendenti, ma anche di fare esperienza pratica di lavoro.<\/p>\n<p>Tuttavia, il sistema bolognese, con i suoi ritmi serrati, rende spesso difficile un lavoro part-time, per cui i metodi di finanziamento alternativi, come il <strong>prestito formativo o il credito formativo, stanno diventando sempre pi\u00f9 interessanti<\/strong> per gli studenti.<\/p><\/div>\n<\/div>\n<div class=\"ready-to-take-out-loan online-rate-calculator\">\n<div class=\"container container-row\">\n<h2>Alcune borse di studio per l&#8217;istruzione in Svizzera<\/h2>\n<p>A determinate condizioni, gli studenti in Svizzera possono anche ricevere borse di studio statali. Anche le fondazioni e i fondi offrono un sostegno finanziario alle persone in formazione. Il vantaggio \u00e8 che possono beneficiare di queste borse di studio cantonali non solo i cittadini svizzeri, ma anche i rifugiati e i cittadini stranieri residenti in Svizzera. Anche i cittadini svizzeri residenti all&#8217;estero possono beneficiare di borse di studio statali a determinate condizioni.<\/p>\n<h3>Borsa di studio del Cantone<\/h3>\n<p>I cantoni svizzeri offrono ai loro residenti borse di studio per finanziare la loro formazione. Queste borse di studio possono essere richieste presso <strong>l&#8217;ufficio cantonale per le borse di studio<\/strong>. I requisiti per ricevere una borsa di studio di questo tipo includono, tra le altre cose, che sia lo studente che i suoi genitori abbiano un reddito basso e pochi beni. Le condizioni esatte variano da Cantone a Cantone. Alcuni cantoni offrono anche un sostegno finanziario per una seconda laurea o un&#8217;ulteriore formazione.<\/p>\n<p>In linea di principio, le borse di studio possono essere assegnate una o pi\u00f9 volte e generalmente <strong>non devono essere rimborsate<\/strong>. Tuttavia, alcuni cantoni richiedono il rimborso se la situazione finanziaria dello studente migliora significativamente in un secondo momento. I prestiti formativi, invece, devono essere sempre rimborsati, indipendentemente dalla situazione finanziaria. Anche questi prestiti studenteschi sono spesso gravati da interessi.<\/p>\n<h3>Borse di studio da fondazioni e fondi<\/h3>\n<p>Oltre alle borse di studio statali, in Svizzera esistono numerose fondazioni e fondi privati che offrono borse di studio agli studenti. Queste fondazioni possono essere istituite <strong>dal governo federale<\/strong>, dai <strong>comuni<\/strong>, dalle <strong>universit\u00e0<\/strong>, da <strong>organizzazioni di beneficenza<\/strong> o anche da <strong>individui facoltosi<\/strong> e hanno lo scopo di fornire sostegno finanziario agli studenti di talento.<\/p>\n<p>I requisiti di candidatura e i criteri di selezione per queste borse di studio variano a seconda della fondazione, quindi \u00e8 consigliabile <strong>informarsi per tempo sulle varie opzioni<\/strong> e presentare la domanda per tempo. Gli indirizzi di tali fondazioni e fondi privati possono essere ottenuti presso gli uffici cantonali per le borse di studio. Anche il governo federale gestisce un elenco di fondazioni che erogano borse di studio.<\/p>\n<h3>Borsa di studio federale di eccellenza<\/h3>\n<p>La Borsa di studio d&#8217;eccellenza del Governo svizzero \u00e8 un prestigioso programma di borse di studio assegnato dalla Confederazione svizzera. Si rivolge <strong>a studenti stranieri altamente qualificati con risultati accademici eccellenti<\/strong> e un talento eccezionale nel loro campo di specializzazione. I borsisti sono selezionati su base competitiva e il finanziamento \u00e8 fornito dal governo.<\/p>\n<p>Questa borsa di studio offre non solo un sostegno finanziario, ma anche l&#8217;opportunit\u00e0 di partecipare a eventi esclusivi e incontri di networking per promuovere lo sviluppo personale e professionale dei borsisti. Gli studenti interessati devono contattare la <strong>Segreteria di Stato per l&#8217;Istruzione, la Ricerca e l&#8217;Innovazione<\/strong> per informazioni sui requisiti e sulla procedura di candidatura.<\/p><\/div>\n<\/div>\n<div class=\"checking-your-credit-score\">\n<div class=\"container container-row\">\n<h2>Come si ottiene un prestito per l&#8217;istruzione in Svizzera?<\/h2>\n<p>I prestiti per l&#8217;istruzione rappresentano un ottimo modo per finanziare la propria formazione. Ad esempio, i prestiti per l&#8217;istruzione possono aiutarvi a pagare una serie di spese legate alla scuola, come le tasse universitarie, il vitto e l&#8217;alloggio, i libri di testo e altro ancora. Ci\u00f2 significa che non dovrete rinunciare a un&#8217;istruzione di qualit\u00e0 per motivi finanziari.<\/p>\n<p>Tuttavia, prima di decidere un prestito, \u00e8 importante confrontare i tassi di interesse e le condizioni dei diversi istituti di credito. Un confronto accurato vi permetter\u00e0 di trovare il prestito pi\u00f9 adatto alle vostre esigenze e alle vostre disponibilit\u00e0 finanziarie. <a href=\"https:\/\/www.miro-kredit.ch\/it\/richiesta-di-credito\/\" title=\"Richiesta di credito\n\">Richiedendo un prestito<\/a> tramite piattaforme come Miro Kredit AG, potrete facilmente confrontare le offerte di diversi istituti di credito e trovare il prestito per l&#8217;istruzione pi\u00f9 adatto al vostro progetto formativo.<\/p>\n<h3>Controllare l&#8217;autorizzazione<\/h3>\n<p>Prima di richiedere un prestito per l&#8217;istruzione, \u00e8 importante verificare la propria idoneit\u00e0 al programma di prestito in questione. I requisiti possono variare a seconda dell&#8217;istituto di credito, ma in generale \u00e8 necessario soddisfare i seguenti criteri:<\/p>\n<ul>\n<li><strong>Maggiore et\u00e0:<\/strong> per ottenere un prestito \u00e8 necessario avere almeno 18 anni e quindi la piena capacit\u00e0 giuridica.<\/li>\n<li><strong>Cittadinanza o residenza in Svizzera:<\/strong> la maggior parte degli istituti di credito richiede che siate cittadini svizzeri o che abbiate la vostra residenza abituale in Svizzera.<\/li>\n<li><strong>Ammissione a un istituto di formazione riconosciuto:<\/strong> \u00e8 necessario essere spesso iscritti a una scuola superiore, un&#8217;universit\u00e0, una scuola professionale o un altro istituto di formazione riconosciuto in Svizzera e poterne fornire la prova.<\/li>\n<li><strong>Valutazione del credito:<\/strong> come per gli altri prestiti personali, la maggior parte degli istituti di credito verificher\u00e0 il vostro rating creditizio per assicurarsi che siate in grado di rimborsare il prestito formativo. Questo pu\u00f2 includere il controllo del vostro reddito, dei debiti esistenti e della storia creditizia. Se avete gi\u00e0 altri obblighi di pagamento, dovrete sapere <a href=\"https:\/\/www.miro-kredit.ch\/it\/iscrizione-zek-per-quanto-tempo\/\" title=\"Iscrizione ZEK: per quanto tempo?\">per quanto tempo rimarr\u00e0 in vigore la ZEK<\/a>. Ci\u00f2 pu\u00f2 influire sulla possibilit\u00e0 di richiedere un altro prestito.<\/li>\n<li><strong>Programma di laurea e avanzamento degli studi:<\/strong> alcuni istituti di credito possono avere requisiti specifici per quanto riguarda il programma di laurea o l&#8217;avanzamento degli studi. Ad esempio, possono richiedere che siate in un determinato anno di studi o che stiate lavorando per conseguire un determinato titolo.<\/li>\n<\/ul>\n<p>Una volta verificata la vostra idoneit\u00e0, potete iniziare la procedura di richiesta vera e propria. Quanto prima ci si informa sulle varie opzioni di prestito, tanto maggiori sono le possibilit\u00e0 di ottenere un prestito per l&#8217;istruzione adatto alle proprie esigenze. Vale quindi la pena di iniziare presto con un confronto dei prestiti presso Miro Kredit AG.<\/p>\n<\/div>\n<\/div>\n<div class=\"faq-wrapper\">\n<div class=\"container container-row\">\n<h2>FAQ<\/h2>\n<ul class=\"accordion\" data-accordion=\"\">\n<li class=\"accordion-navigation\">\n<a href=\"#faq-1\" title=\"Che cos'\u00e8 un prestito per studenti?\">\n<h3>Che cos&#8217;\u00e8 un prestito per studenti?<\/h3>\n<\/a>\n<div id=\"faq-1\" class=\"content active\">Un prestito per studenti \u00e8 un sostegno finanziario che consente agli studenti di coprire i costi dell&#8217;istruzione, come le tasse universitarie, le spese di soggiorno e il materiale didattico. Questo prestito viene solitamente concesso a un tasso d&#8217;interesse fisso e deve essere rimborsato al termine del corso di studi.<\/div>\n<\/li>\n<li class=\"accordion-navigation\">\n<a href=\"#faq-2\" title=\"Quanto costa la formazione in Svizzera?\">\n<h3>Quanto costa la formazione in Svizzera?<\/h3>\n<\/a>\n<div id=\"faq-2\" class=\"content\">Il costo di una formazione in Svizzera pu\u00f2 variare a seconda del tipo di formazione, dell&#8217;istituto e delle circostanze personali. In media, gli studenti svizzeri spendono circa 25\u2019000 franchi svizzeri all&#8217;anno per la loro formazione.<\/div>\n<\/li>\n<li class=\"accordion-navigation\">\n<a href=\"#faq-3\" title=\"Chi pu\u00f2 beneficiare di una borsa di studio in Svizzera?\">\n<h3>Chi pu\u00f2 beneficiare di una borsa di studio in Svizzera?<\/h3>\n<\/a>\n<div id=\"faq-3\" class=\"content\">Le borse di studio in Svizzera vengono assegnate in base a diversi criteri, tra cui il bisogno finanziario, il rendimento accademico e altri requisiti specifici. Le persone ammissibili possono essere cittadini svizzeri, studenti stranieri residenti in Svizzera, rifugiati e anche svizzeri all&#8217;estero.<\/div>\n<\/li>\n<li class=\"accordion-navigation\">\n<a href=\"#faq-4\" title=\"Come posso finanziare la mia formazione?\">\n<h3>Come posso finanziare la mia formazione?<\/h3>\n<\/a>\n<div id=\"faq-4\" class=\"content\">Esistono diversi modi per finanziare i propri studi in Svizzera. Si tratta di borse di studio, fondi, aiuti privati, lavori part-time e prestiti per l&#8217;istruzione. Una combinazione di diverse opzioni di finanziamento pu\u00f2 spesso essere utile per coprire i costi dell&#8217;istruzione.<\/div>\n<\/li>\n<\/ul>\n<\/div>\n<\/div>\n<div class=\"checking-your-credit-score\">\n<div class=\"container container-row text-center\"><img loading=\"lazy\" decoding=\"async\" style=\"margin-bottom: 40px;\" src=\"https:\/\/www.miro-kredit.ch\/wp-content\/uploads\/2024\/01\/miro-kredit-swiss.png\" alt=\"Miro Kredit Svizzera - Conclusione\" width=\"132\" height=\"132\" \/>\n<h2>Conclusione<\/h2>\n<p>Finanziare gli studi pu\u00f2 essere un compito scoraggiante, ma ci sono molti modi diversi per farlo. La Svizzera, ad esempio, offre una variet\u00e0 di opzioni di finanziamento per l&#8217;istruzione, dalle sovvenzioni statali ai prestiti privati, dal lavoro studentesco alle borse di studio delle fondazioni.<\/p>\n<p>I prestiti per l&#8217;istruzione sono un&#8217;opzione particolarmente interessante per il finanziamento dell&#8217;istruzione. Tuttavia, \u00e8 opportuno informarsi tempestivamente sulle opzioni disponibili e sviluppare strategie di finanziamento personalizzate, al fine di creare una solida base per una formazione di successo.<\/p>\n<\/div>\n<\/div>\n","protected":false},"excerpt":{"rendered":"<p>Prestito per la formazione Svizzera In Svizzera l&#8217;istruzione durante la scuola dell&#8217;obbligo \u00e8 gratuita. Tuttavia, la persona che studia o&#8230;<\/p>\n","protected":false},"author":4,"featured_media":5246,"parent":0,"menu_order":0,"comment_status":"closed","ping_status":"closed","template":"page-default-2024.php","meta":{"footnotes":""},"class_list":["post-5245","page","type-page","status-publish","has-post-thumbnail","hentry"],"_links":{"self":[{"href":"https:\/\/www.miro-kredit.ch\/it\/wp-json\/wp\/v2\/pages\/5245","targetHints":{"allow":["GET"]}}],"collection":[{"href":"https:\/\/www.miro-kredit.ch\/it\/wp-json\/wp\/v2\/pages"}],"about":[{"href":"https:\/\/www.miro-kredit.ch\/it\/wp-json\/wp\/v2\/types\/page"}],"author":[{"embeddable":true,"href":"https:\/\/www.miro-kredit.ch\/it\/wp-json\/wp\/v2\/users\/4"}],"replies":[{"embeddable":true,"href":"https:\/\/www.miro-kredit.ch\/it\/wp-json\/wp\/v2\/comments?post=5245"}],"version-history":[{"count":2,"href":"https:\/\/www.miro-kredit.ch\/it\/wp-json\/wp\/v2\/pages\/5245\/revisions"}],"predecessor-version":[{"id":5521,"href":"https:\/\/www.miro-kredit.ch\/it\/wp-json\/wp\/v2\/pages\/5245\/revisions\/5521"}],"wp:featuredmedia":[{"embeddable":true,"href":"https:\/\/www.miro-kredit.ch\/it\/wp-json\/wp\/v2\/media\/5246"}],"wp:attachment":[{"href":"https:\/\/www.miro-kredit.ch\/it\/wp-json\/wp\/v2\/media?parent=5245"}],"curies":[{"name":"wp","href":"https:\/\/api.w.org\/{rel}","templated":true}]}}