{"id":5037,"date":"2021-07-04T01:04:59","date_gmt":"2021-07-03T23:04:59","guid":{"rendered":"https:\/\/www.miro-kredit.ch\/nutzungsbedingungen\/"},"modified":"2026-03-30T16:58:14","modified_gmt":"2026-03-30T14:58:14","slug":"condizioni-duso","status":"publish","type":"page","link":"https:\/\/www.miro-kredit.ch\/it\/condizioni-duso\/","title":{"rendered":"Condizioni d&#8217;uso e note legali per l&#8217;utilizzo dei servizi di Miro Kredit AG"},"content":{"rendered":"<p style=\"text-align: right;\">Condizioni generali di utilizzo<br \/>\nVersione 1.06<\/p>\n<p>Versione dal 30.03.2026<\/p>\n<p>Le presenti Condizioni d&#8217;uso regolano l&#8217;utilizzo dei servizi di Miro Kredit AG da parte dei vostri clienti. Quando i servizi vengono utilizzati, si ritiene che siano stati concordati in modo vincolante tra le parti. Miro Kredit AG fornisce servizi nel campo dell&#8217;intermediazione di richieste di finanziamento da parte dei vostri clienti a partner finanziari (ad es. banche) che collaborano con Miro Kredit AG e fornisce consulenza ai clienti su questioni relative ai finanziamenti.<\/p>\n<h5>1. servizi forniti da Miro Kredit AG<\/h5>\n<p>Miro Kredit AG richiede ai propri clienti tutti i dati necessari per la valutazione di una richiesta di finanziamento e li tratta con la necessaria attenzione e riservatezza. Ulteriori dettagli sono disponibili <a href=\"https:\/\/www.miro-kredit.ch\/it\/informativa-sulla-privacy\/\" title=\"Informativa sulla privacy di Miro Kredit AG\">nell&#8217;informativa sulla privacy<\/a> separata. Miro Kredit AG valuta con quali partner finanziari inoltrare una richiesta di finanziamento in base alle esigenze e ai dati del singolo cliente. Miro Kredit AG si riserva il diritto di rifiutare direttamente le richieste di finanziamento senza prospettive di successo, senza indirizzarle a partner finanziari. Anche nel caso di richieste di finanziamento intermediate, non vi \u00e8 alcuna garanzia che al cliente venga fatta un&#8217;offerta (adeguata). Le richieste possono essere rifiutate sia da Miro Kredit AG che dai partner di finanziamento senza indicarne i motivi. Miro Kredit AG non intermedia prestiti per l&#8217;esecuzione di transazioni con strumenti finanziari ai sensi dell&#8217;art. 3 lett. a della Legge federale sui servizi finanziari (LFIN). Di conseguenza, Miro Kredit AG non fornisce servizi finanziari ai sensi della Legge sui servizi finanziari e non \u00e8 tenuta a rispettare i requisiti normativi per i fornitori di servizi finanziari stabiliti nel presente decreto.<\/p>\n<h5>2. esame delle richieste di finanziamento da parte dei partner finanziatori<\/h5>\n<p>Per tutte le richieste di finanziamento, i partner finanziari sono responsabili della verifica della solvibilit\u00e0 del cliente (mutuatario) ai sensi della legge sul credito al consumo. Per la verifica della richiesta di finanziamento e l&#8217;elaborazione del rapporto contrattuale, i partner finanziari sono autorizzati dal cliente (mutuatario) a richiedere informazioni a terzi, in particolare alle banche, all&#8217;Ufficio centrale per le informazioni sul credito (ZEK), all&#8217;Ufficio informazioni per il credito al consumo (IKO), alle agenzie di credito, ai mediatori creditizi, ai datori di lavoro, alle societ\u00e0 del gruppo dei partner finanziari, agli enti governativi, alle autorit\u00e0 (ad es. uffici esecutivi e fiscali, uffici catastali, uffici anagrafici, autorit\u00e0 per la tutela dei minori e degli adulti) e ad altri enti non espressamente menzionati. Il cliente esonera tali enti dall&#8217;obbligo di mantenere il segreto bancario, postale, ufficiale e commerciale ai fini della verifica della richiesta di finanziamento. Il cliente autorizza inoltre il partner finanziario a registrare la sua richiesta di finanziamento (eccetto la richiesta di prestito ipotecario) presso ZEK e IKO e, in caso di obblighi legali corrispondenti, a informare altri enti. Se il finanziamento viene erogato, anche i dati del contratto vengono comunicati a ZEK e IKO. Tale comunicazione comprende informazioni sul tipo di prestito o finanziamento, sull&#8217;importo e sulle modalit\u00e0, sui dati personali del cliente (mutuatario) e su eventuali ritardi di pagamento o abusi qualificati. In caso di rifiuto, la richiesta di finanziamento sar\u00e0 registrata presso ZEK e IKO come richiesta rifiutata. Il cliente riconosce il diritto di ZEK e IKO di fornire ai propri membri informazioni sui dati comunicati.<\/p>\n<h5>3. trattamento e protezione dei dati<\/h5>\n<p><a href=\"https:\/\/www.miro-kredit.ch\/it\/informativa-sulla-privacy\/\" title=\"Informativa sulla privacy di Miro Kredit AG\">L&#8217;Informativa sulla privacy<\/a> separata \u00e8 parte integrante delle presenti Condizioni d&#8217;uso.<\/p>\n<h5>4. nessuna garanzia da parte di Miro Kredit AG<\/h5>\n<p>Miro Kredit AG si impegna a garantire che le informazioni pubblicate sul proprio sito web siano corrette e aggiornate. Tuttavia, Miro Kredit AG non garantisce la completezza, l&#8217;accuratezza o l&#8217;affidabilit\u00e0 delle informazioni pubblicate in qualsiasi momento. Miro Kredit AG si riserva espressamente il diritto di modificare le informazioni pubblicate in qualsiasi momento e di ritirarle dall&#8217;accesso pubblico. Miro Kredit AG esclude qualsiasi garanzia per le proprie offerte e servizi. Non si possono escludere completamente interruzioni durante un determinato periodo o in un determinato modo, durante il quale le offerte e i servizi sono disponibili. L&#8217;utilizzo dei servizi e delle offerte di Miro Kredit AG e delle informazioni in essi contenute avviene a rischio e pericolo dell&#8217;utente. Ci\u00f2 vale anche per le offerte dei singoli prestatori personali. Dal sito www.miro-kredit.ch \u00e8 possibile accedere ad altri siti web tramite link inseriti da Miro Kredit AG. Miro Kredit AG non pu\u00f2 assumersi alcuna garanzia o responsabilit\u00e0 per questi siti web e per il loro contenuto.<\/p>\n<h5>5. compensazione di Miro Kredit AG per i prestiti personali<\/h5>\n<p>Il servizio di intermediazione di prestiti personali \u00e8 gratuito per gli utenti. Miro Kredit AG riceve un compenso dai prestatori personali ai quali ha presentato una richiesta di finanziamento da parte dell&#8217;utente. L&#8217;utente ne prende atto e accetta che Miro Kredit AG possa utilizzarlo per i propri scopi. Questo compenso fa parte del finanziamento del servizio fornito da Miro Kredit AG e pu\u00f2 attualmente ammontare fino a circa il 7% dell&#8217;importo del prestito. Inoltre, l&#8217;utente riconosce che il modello di servizio \u00e8 conforme all&#8217;art. 35 della legge sul credito al consumo. L&#8217;utente rinuncia pertanto espressamente al diritto di contestare tale compenso.<\/p>\n<h5>6. accuratezza delle informazioni, autorizzazione, abuso<\/h5>\n<p>Il cliente conferma che tutte le informazioni contenute nel modulo di domanda (domanda cartacea o domanda online) di Miro Kredit AG sono complete e veritiere e che ha compilato il modulo di domanda per se stesso e non per terzi. Nel caso in cui il cliente comunichi i dati di terzi (in particolare del coniuge o del partner registrato) nel modulo di richiesta, il cliente garantisce ed \u00e8 responsabile di aver ottenuto in anticipo il consenso necessario, compreso il consenso alle presenti Condizioni d&#8217;uso e all&#8217;Informativa sulla privacy separata. In caso di uso improprio, il cliente dovr\u00e0 risarcire completamente Miro Kredit AG per le spese sostenute e per eventuali richieste di risarcimento da parte di terzi.<\/p>\n<h5>7. esclusione di responsabilit\u00e0<\/h5>\n<p>Miro Kredit AG esclude la propria responsabilit\u00e0 nella misura consentita, anche in caso di negligenza. In particolare, Miro Kredit AG non sar\u00e0 responsabile per persone ausiliarie, danni diretti e indiretti, danni diretti e indiretti (compresi i danni conseguenti) e perdita di dati o ritardi. Ci\u00f2 vale anche se \u00e8 stata segnalata la possibilit\u00e0 di un danno.<\/p>\n<h5>8. altro<\/h5>\n<p>I clienti riconoscono che la concessione di crediti \u00e8 vietata se comporta un sovraindebitamento (cfr. art. 3 della legge federale sulla concorrenza sleale).<br \/>\nMiro Kredit AG pu\u00f2 modificare le presenti Condizioni d&#8217;uso in qualsiasi momento e senza indicarne i motivi. Le presenti Condizioni d&#8217;uso e il rapporto tra l&#8217;utente e Miro Kredit AG sono disciplinati esclusivamente dal diritto svizzero. Per quanto consentito, la sede legale di Miro Kredit AG a Basilea, Svizzera, sar\u00e0 il foro competente esclusivo. Tuttavia, Miro Kredit AG pu\u00f2 anche citare in giudizio l&#8217;utente presso il suo luogo di residenza.<\/p>\n<h5 style=\"font-size: 1.4rem; margin: 0 0 1.25rem; padding: 1.25rem 0 .9375rem;\">Avviso legale<\/h5>\n<p>Il prestito \u00e8 vietato se comporta un sovraindebitamento (art. 3 UWG). Confermo che le informazioni fornite sono complete e veritiere. Prendo atto e accetto che Miro Kredit AG possa inoltrare la mia richiesta a Cembra Money Bank AG, Creditfolio AG, Bank-now AG, Migros Bank, bob Finance &#8211; Zweigniederlassung der Valora Schweiz AG e ad altre societ\u00e0 di finanziamento (di seguito &#8220;Istituto di finanziamento&#8221;) via Internet, via e-mail o via fax\/posta. Riconosco e confermo inoltre quanto segue:<\/p>\n<h5>Esame della domanda e dati del rapporto di credito:<\/h5>\n<p>Confermo che tutte le informazioni da me fornite nella domanda sono complete, aggiornate e corrette e autorizzo l&#8217;istituto di finanziamento e Miro Kredit AG a richiedere informazioni sul mio conto a terzi, in particolare a banche, all&#8217;Ufficio centrale per le informazioni creditizie (ZEK), ad autorit\u00e0 (ad esempio uffici esecuzioni e imposte, registri commerciali, uffici anagrafici, autorit\u00e0 per la tutela dei minori e degli adulti), agenzie di riferimento creditizio, mediatori creditizi, datori di lavoro, compagnie di assicurazione sanitaria, locatori) in relazione all&#8217;esame della presente domanda e all&#8217;elaborazione del rapporto contrattuale.(ad es. uffici di recupero crediti e fiscali, registri commerciali, uffici di registrazione dei residenti, autorit\u00e0 di protezione dei minori e degli adulti), agenzie di riferimento del credito, mediatori creditizi, datori di lavoro, compagnie di assicurazione sanitaria, locatori, uffici catastali, societ\u00e0 del gruppo dell&#8217;istituto di finanziamento e, se del caso, il Centro di informazione sul credito al consumo (IKO). Per i suddetti scopi, esonero tali organizzazioni dal segreto bancario, postale, ufficiale e commerciale. Prendo atto che l&#8217;istituto finanziario pu\u00f2 essere obbligato a segnalare un leasing al consumo \/ un credito al consumo da concedere o concesso al Centro d&#8217;informazione sul credito al consumo (IKO). Autorizzo inoltre l&#8217;istituto finanziario a notificare alla ZEK e, se del caso, all&#8217;IKO la transazione richiesta e, se richiesto dalla legge, a notificare altri enti. In particolare, saranno comunicati il tipo di prestito o finanziamento, l&#8217;importo e le modalit\u00e0, nonch\u00e9 i dati personali del\/dei richiedente\/i ed eventuali arretrati di pagamento qualificati o abusi. Riconosco il diritto della ZEK e della IKO di fornire ai propri membri informazioni sui dati comunicati. L&#8217;istituto finanziario pu\u00f2 rifiutare la richiesta senza indicarne i motivi.<\/p>\n<h5>Cooperazione con gli intermediari:<\/h5>\n<p>Prendo atto che, in caso di richieste ricevute da un intermediario, l&#8217;istituto finanziario pu\u00f2 scambiare con l&#8217;intermediario le informazioni necessarie in relazione alla richiesta\/verifica del merito creditizio e alla stipula e all&#8217;elaborazione del contratto (ad es. parametri e risultati della verifica della richiesta, consegna dei documenti contrattuali, informazioni sullo stato del contratto e sul comportamento di pagamento e sul saldo) e sollevare l&#8217;istituto finanziario dal segreto bancario in questa misura, se e nella misura in cui \u00e8 necessario.<\/p>\n<h5>Informazioni sui partner:<\/h5>\n<p>Se nella domanda ho fornito i dati del mio coniuge o del mio partner registrato (&#8220;Partner&#8221;) Confermo che (i) ho informato il mio partner della presente domanda, (ii) tutte le informazioni sul mio partner sono state registrate in modo veritiero, (iii) l&#8217;istituto finanziario e Miro Kredit AG possono verificare le informazioni di cui sopra effettuando indagini dirette con il mio partner e (iv) il mio partner accetta che l&#8217;istituto finanziario e Miro Kredit AG possano ottenere informazioni su di lui\/lei come sopra descritto (comprese le richieste di informazioni alla ZEK).<\/p>\n<h5>Elaborazione dei dati:<\/h5>\n<p>Autorizzo l&#8217;istituto finanziario e Miro Kredit AG a trattare i miei dati per finalit\u00e0 di gestione del rischio e di marketing, a conservarli e valutarli per un periodo di 10 anni e a creare profili. Autorizzo espressamente l&#8217;istituto finanziario, Miro Kredit AG e altri terzi a offrirmi altri prodotti, informazioni e servizi, compresi quelli delle societ\u00e0 del gruppo dell&#8217;istituto finanziario, per posta, SMS o e-mail. Posso revocare in qualsiasi momento l&#8217;autorizzazione al trattamento dei dati per finalit\u00e0 di marketing o per l&#8217;invio di informazioni. <strong>Fornendo il mio indirizzo e-mail, acconsento inoltre che l&#8217;istituto finanziario e Miro Kredit AG possano inviarmi le suddette offerte anche via e-mail.<\/strong> In relazione alla comunicazione aperta via e-mail e\/o SMS, accetto espressamente il rischio che i miei dati possano essere intercettati o pubblicati da terzi durante la trasmissione, o che terzi non autorizzati possano trarre conclusioni su un rapporto contrattuale tra l&#8217;istituto finanziario o Miro Kredit AG e me, e che a questo proposito non sia garantita la protezione dei segreti o del segreto bancario. Posso revocare il mio consenso all&#8217;invio elettronico della posta pubblicitaria in qualsiasi momento.<\/p>\n<h5>Cooperazione con i fornitori di servizi (outsourcing):<\/h5>\n<p>Prendo atto che l&#8217;istituto finanziario e Miro Kredit AG possono esternalizzare servizi a terzi (&#8220;fornitori di servizi&#8221;), in particolare nell&#8217;ambito della gestione dei processi aziendali, delle offerte assicurative aggiuntive, della sicurezza informatica e del controllo dei sistemi, delle ricerche di mercato e dell&#8217;elaborazione, del calcolo dei rischi di credito e di mercato rilevanti per l&#8217;azienda, nonch\u00e9 della gestione dei rapporti contrattuali (ad es. elaborazione delle domande e dei contratti, recupero crediti, comunicazione con i clienti). L&#8217;istituto finanziario e Miro Kredit AG forniscono a questi fornitori di servizi i dati necessari per l&#8217;adempimento dei loro obblighi contrattuali e possono anche inoltrare questi dati all&#8217;estero per questo scopo.<br \/>\nI fornitori di servizi, i loro dipendenti e subappaltatori sono contrattualmente vincolati alla riservatezza dall&#8217;istituto finanziario e da Miro Kredit AG. I fornitori di servizi hanno generalmente sede in Svizzera o nell&#8217;UE\/SEE, ma in linea di principio possono avere sede in qualsiasi parte del mondo. Se i dati personali vengono trasferiti in un paese che non dispone di un livello adeguato di protezione dei dati dal punto di vista della Svizzera, l&#8217;istituto finanziario e Miro Kredit AG assicurano un&#8217;adeguata protezione dei dati mediante garanzie adeguate, come l&#8217;accordo di clausole contrattuali standard.<\/p>\n<h5>Trasmissione dati:<\/h5>\n<p>Confermo di essere d&#8217;accordo con l&#8217;utilizzo di qualsiasi mezzo di comunicazione (ad esempio via e-mail, SMS, messaggi vocali in segreteria, Whatsapp, ecc.) tra l&#8217;istituto finanziario, me stesso, Miro Kredit AG e tutti i terzi e centri di informazione sopra elencati. Accetto anche la trasmissione di dati via Internet e sono consapevole che Internet \u00e8 una rete aperta e accessibile a tutti e che nessun canale di comunicazione \u00e8 completamente protetto dall&#8217;accesso di terzi non autorizzati. Di conseguenza, Miro Kredit AG e l&#8217;istituto finanziario non possono garantire la riservatezza dei dati trasmessi via Internet e altri canali di comunicazione. \u00c8 pertanto possibile che terzi traggano conclusioni su una relazione commerciale esistente o futura (eventualmente una relazione bancaria) tra il sottoscritto e l&#8217;istituto finanziario. Ulteriori informazioni sul trattamento dei dati personali da parte dell&#8217;istituto finanziario e di Miro Kredit AG sono disponibili nell&#8217;informativa sulla privacy sul sito web dell&#8217;istituto finanziario e di Miro Kredit AG o possono essere richieste all&#8217;istituto finanziario e a Miro Kredit AG.<\/p>\n<h5>Comunicazione tramite WhatsApp:<\/h5>\n<p>Il cliente prende atto e accetta che Miro Kredit AG utilizzi il servizio di messaggistica WhatsApp (Meta Platforms, Inc.) come canale di comunicazione. Ci\u00f2 comprende in particolare la comunicazione nell&#8217;ambito dell&#8217;elaborazione delle richieste di finanziamento, segnatamente la conferma di ricezione della richiesta, la richiesta di documenti e giustificativi, le comunicazioni sullo stato di avanzamento della richiesta di finanziamento nonch\u00e9 le risposte alle domande del cliente. Inoltre, il cliente accetta che Miro Kredit AG possa occasionalmente informarlo tramite WhatsApp in merito a offerte di finanziamento e servizi pertinenti. Il cliente pu\u00f2 in qualsiasi momento, mediante comunicazione a Miro Kredit AG, opporsi (a) alla comunicazione pubblicitaria tramite WhatsApp, (b) alla comunicazione pubblicitaria tramite tutti i canali o (c) all&#8217;utilizzo di WhatsApp come canale di comunicazione nella sua totalit\u00e0.<\/p>\n","protected":false},"excerpt":{"rendered":"<p>Condizioni generali di utilizzo Versione 1.06 Versione dal 30.03.2026 Le presenti Condizioni d&#8217;uso regolano l&#8217;utilizzo dei servizi di Miro Kredit&#8230;<\/p>\n","protected":false},"author":4,"featured_media":0,"parent":0,"menu_order":0,"comment_status":"closed","ping_status":"closed","template":"page-de.php","meta":{"footnotes":""},"class_list":["post-5037","page","type-page","status-publish","hentry"],"_links":{"self":[{"href":"https:\/\/www.miro-kredit.ch\/it\/wp-json\/wp\/v2\/pages\/5037","targetHints":{"allow":["GET"]}}],"collection":[{"href":"https:\/\/www.miro-kredit.ch\/it\/wp-json\/wp\/v2\/pages"}],"about":[{"href":"https:\/\/www.miro-kredit.ch\/it\/wp-json\/wp\/v2\/types\/page"}],"author":[{"embeddable":true,"href":"https:\/\/www.miro-kredit.ch\/it\/wp-json\/wp\/v2\/users\/4"}],"replies":[{"embeddable":true,"href":"https:\/\/www.miro-kredit.ch\/it\/wp-json\/wp\/v2\/comments?post=5037"}],"version-history":[{"count":6,"href":"https:\/\/www.miro-kredit.ch\/it\/wp-json\/wp\/v2\/pages\/5037\/revisions"}],"predecessor-version":[{"id":5877,"href":"https:\/\/www.miro-kredit.ch\/it\/wp-json\/wp\/v2\/pages\/5037\/revisions\/5877"}],"wp:attachment":[{"href":"https:\/\/www.miro-kredit.ch\/it\/wp-json\/wp\/v2\/media?parent=5037"}],"curies":[{"name":"wp","href":"https:\/\/api.w.org\/{rel}","templated":true}]}}