{"id":5025,"date":"2021-07-04T01:00:17","date_gmt":"2021-07-03T23:00:17","guid":{"rendered":"https:\/\/www.miro-kredit.ch\/datenschutzerklarung\/"},"modified":"2025-06-10T11:49:24","modified_gmt":"2025-06-10T09:49:24","slug":"informativa-sulla-privacy","status":"publish","type":"page","link":"https:\/\/www.miro-kredit.ch\/it\/informativa-sulla-privacy\/","title":{"rendered":"Informativa sulla privacy di Miro Kredit AG"},"content":{"rendered":"<p style=\"text-align: right;\">v2.02<br \/>\nVersione dal 29.11.2024<\/p>\n<p>In questa informativa sulla privacy, noi, Miro Kredit AG (di seguito <strong>Miro Kredit<\/strong>, <strong>noi<\/strong> o <strong>ci<\/strong>), spieghiamo come raccogliamo e trattiamo i dati personali. Non si tratta di una descrizione esaustiva; altre dichiarazioni sulla protezione dei dati o termini e condizioni generali, condizioni di partecipazione e documenti simili possono disciplinare questioni specifiche. Per dati personali si intendono tutte le informazioni relative a una persona identificata o identificabile. Se ci fornite i dati personali di altre persone (ad esempio, membri della famiglia, dati di colleghi di lavoro), assicuratevi che tali persone siano a conoscenza della presente politica sulla privacy e che ci forniscano i loro dati personali solo se siete autorizzati a farlo e se tali dati personali sono corretti. La presente Informativa sulla privacy \u00e8 stata concepita per soddisfare i requisiti del Regolamento generale sulla protezione dei dati dell&#8217;UE (<strong>&#8220;GDPR&#8221;<\/strong>), della Legge svizzera sulla protezione dei dati (<strong>&#8220;LPD&#8221;<\/strong>) e della Legge svizzera rivista sulla protezione dei dati (<strong>&#8220;revDSG&#8221;<\/strong>). Tuttavia, se e in quale misura tali leggi siano applicabili dipende dal singolo caso.<\/p>\n<h2>1. persona responsabile \/ responsabile della protezione dei dati \/ rappresentante<\/h2>\n<p>Miro Kredit AG, Solothurnerstrasse 72, 4053 Basilea, \u00e8 responsabile del trattamento dei dati qui descritto, salvo diversa indicazione nei singoli casi. Se avete dubbi sulla protezione dei dati, potete inviarceli al seguente indirizzo: Miro-Kredit AG, Solothurnerstrasse 72, 4053 Basel.<\/p>\n<h3 style=\"font-size: 22px; line-height: 28px; margin: 24px 0 12px;\">1.1. Requisiti per la cancellazione dei dati:<\/h3>\n<p>Se desiderate presentare una richiesta di cancellazione dei vostri dati, vi preghiamo di inviarla esclusivamente per posta al seguente indirizzo:<br \/>\n<strong>Miro Kredit AG<\/strong><br \/>\nSolothurnerstrasse 72<br \/>\nCH-4053 Basel<br \/>\nSchweiz<\/p>\n<p>La vostra richiesta dovrebbe contenere informazioni che ci permettano di identificarvi (ad esempio: nome, cognome, indirizzo e dati di contatto).<\/p>\n<p>Il nostro rappresentante nello SEE ai sensi dell\u2019art. 27 del GDPR (se necessario) \u00e8: Miro Kredit AG 0800 400 100<\/p>\n<h2>2. raccolta e trattamento dei dati personali<\/h2>\n<p>Trattiamo principalmente i dati personali che riceviamo dai nostri clienti e da altri partner commerciali nell&#8217;ambito del nostro rapporto commerciale con loro e con altre persone coinvolte o che raccogliamo dai loro utenti durante la gestione dei nostri siti web, app e altre applicazioni. Ove consentito, otteniamo anche alcuni dati da fonti pubblicamente accessibili (ad es. registri di recupero crediti, registri immobiliari, registri commerciali, stampa, internet) o riceviamo tali dati da altre societ\u00e0, autorit\u00e0 e altre terze parti (ad es. agenzie di credito, rivenditori di indirizzi). Oltre ai dati che ci fornite direttamente, le categorie di dati personali che riceviamo su di voi da terzi comprendono, in particolare, informazioni provenienti da registri pubblici, informazioni che apprendiamo in relazione a procedimenti ufficiali e legali, informazioni in relazione alle vostre funzioni e attivit\u00e0 professionali (in modo da poter, ad es. concludere ed elaborare transazioni con il vostro datore di lavoro con il vostro aiuto), informazioni su di voi nella corrispondenza e negli incontri con terzi, informazioni sulla solvibilit\u00e0 (nella misura in cui elaboriamo transazioni con voi personalmente), informazioni su di voi che le persone del vostro ambiente (famiglia, consulenti, rappresentanti legali, ecc.) ci forniscono per poter concludere o elaborare contratti con voi o con la vostra partecipazione (ad esempio, referenze, il vostro indirizzo per le consegne, nomi e indirizzi completi). referenze, il vostro indirizzo per le consegne, procure, informazioni sul rispetto dei requisiti di legge come l&#8217;antiriciclaggio e le restrizioni all&#8217;esportazione, informazioni da parte di banche, compagnie assicurative, partner commerciali e altri nostri partner contrattuali sull&#8217;utilizzo o la fornitura di servizi da parte vostra (ad esempio, pagamenti effettuati, acquisti effettuati)), informazioni dai media e da Internet su di voi (nella misura in cui ci\u00f2 sia appropriato nel caso specifico, ad esempio nel contesto di una domanda di lavoro, comunicati stampa, ecc.)ad esempio nel contesto di una candidatura, di una rassegna stampa, di marketing\/vendite, ecc.), i vostri indirizzi e, se del caso, interessi e altri dati socio-demografici (per il marketing), dati in relazione all&#8217;utilizzo del sito web (ad esempio indirizzo IP, indirizzo MAC dello smartphone o del computer, informazioni sul vostro dispositivo e sulle impostazioni, cookie, data e ora della visita, pagine e contenuti visitati, funzioni utilizzate, sito web di riferimento, dati di localizzazione).<\/p>\n<h2>3. finalit\u00e0 del trattamento dei dati e basi giuridiche<\/h2>\n<p>Utilizziamo i dati personali raccolti principalmente per concludere ed elaborare i contratti con i nostri clienti e partner commerciali, nonch\u00e9 per consentire la conclusione di contratti tra i nostri clienti e partner commerciali (ad es. istituti finanziari) nell&#8217;ambito del servizio di intermediazione di soluzioni di finanziamento, e per adempiere ai nostri obblighi legali in Svizzera e all&#8217;estero. Se lavorate per un cliente o un partner commerciale di questo tipo, i vostri dati personali possono ovviamente essere interessati anche da questa funzione.<br \/>\nInoltre, noi e i nostri partner finanziari trattiamo i vostri dati personali e quelli di altre persone, nella misura in cui ci\u00f2 \u00e8 consentito e appare appropriato, per i seguenti scopi in cui noi, i nostri partner finanziari (e talvolta anche terzi) abbiamo un interesse legittimo corrispondente allo scopo:<\/p>\n<ul>\n<li>Controllo del credito ai fini della decisione sulle richieste di finanziamento e della presentazione di un&#8217;offerta di finanziamento personalizzata (in particolare anche la segnalazione di richieste di credito e l&#8217;ottenimento di dati sulla solvibilit\u00e0 dall&#8217;Ufficio centrale per le informazioni sul credito (ZEK)).<\/li>\n<li>Gestione del rischio (ad es. calcolo dei rischi di credito e di mercato rilevanti per l&#8217;azienda)<\/li>\n<li>Gestione dei processi aziendali<\/li>\n<li>Servizi durante la durata dei contratti (ad es. elaborazione di domande e contratti, recupero crediti, comunicazione con i clienti).<\/li>\n<li>Offrire e sviluppare ulteriormente i nostri prodotti, servizi, siti web e altre piattaforme su cui siamo presenti;<\/li>\n<li>Comunicazione con terzi ed elaborazione delle loro richieste;<\/li>\n<li>Esame e ottimizzazione delle procedure per l&#8217;analisi dei bisogni ai fini del contatto diretto con i clienti e della raccolta di dati personali da fonti pubblicamente accessibili ai fini dell&#8217;acquisizione di clienti;<\/li>\n<li>pubblicit\u00e0 e marketing (compresa l&#8217;organizzazione di eventi), a meno che non vi siate opposti all&#8217;uso dei vostri dati (se vi inviamo pubblicit\u00e0 da parte nostra come cliente esistente, potete opporvi in qualsiasi momento e vi inseriremo in una lista nera contro ulteriori invii pubblicitari).<br \/>\nNon ci assumiamo alcuna responsabilit\u00e0 per le attivit\u00e0 pubblicitarie e di marketing delle nostre aziende partner. Se non desiderate ricevere pubblicit\u00e0 da queste aziende partner, dovete contattarle direttamente.<\/li>\n<li>Ricerche di mercato e di opinione, monitoraggio dei media;<\/li>\n<li>Rivendicazione di diritti legali e difesa in relazione a controversie legali e procedimenti ufficiali;<\/li>\n<li>Prevenzione e indagine di reati e altri comportamenti scorretti (ad esempio, conduzione di indagini interne, analisi dei dati per combattere le frodi);<\/li>\n<li>Garantire le nostre operazioni, in particolare quelle informatiche (ad es. sicurezza informatica e controllo dei sistemi), i nostri siti web e altre piattaforme;<\/li>\n<li>Videosorveglianza per la tutela dei diritti di domicilio e altre misure per la sicurezza informatica, degli edifici e delle strutture e per la protezione dei nostri dipendenti e di altre persone e beni che ci appartengono o ci sono stati affidati (ad es. controlli degli accessi, elenchi di visitatori, scanner di rete e di posta, registrazioni telefoniche);<\/li>\n<li>Acquisto e vendita di divisioni aziendali, societ\u00e0 o parti di societ\u00e0 e altre transazioni ai sensi del diritto societario e il relativo trasferimento di dati personali, nonch\u00e9 misure per la gestione aziendale e il rispetto degli obblighi legali e normativi e dei regolamenti interni di Miro Kredit AG.<\/li>\n<\/ul>\n<p>Se ci avete dato il consenso al trattamento dei vostri dati personali per scopi specifici (ad esempio, ordinando uno dei nostri prodotti o servizi, registrandosi per ricevere le newsletter), tratteremo i vostri dati personali nell&#8217;ambito e sulla base di tale consenso, a meno che non abbiamo un&#8217;altra base giuridica e ne richiediamo una. Il consenso prestato pu\u00f2 essere revocato in qualsiasi momento, ma ci\u00f2 non ha alcun effetto sul trattamento dei dati gi\u00e0 avvenuto.<\/p>\n<h2>4. trattamento dei dati dei richiedenti<\/h2>\n<p>Miro Kredit AG attribuisce grande importanza alla protezione e al trattamento riservato dei vostri dati personali. Questa sezione della nostra politica sulla privacy riguarda in particolare il trattamento dei dati dei richiedenti. Trattiamo i dati che ci fornite nell&#8217;ambito del processo di candidatura, nonch\u00e9 i dati pubblicamente accessibili o che possono essere ottenuti da terzi. Si tratta in particolare dei vostri dati anagrafici e di contatto, del curriculum vitae, dei diplomi e delle referenze.<br \/>\nI vostri dati personali saranno trattati esclusivamente per il processo di candidatura e per la copertura dei posti vacanti. Adottiamo misure di sicurezza adeguate per proteggere i vostri dati da accessi non autorizzati e abusi. I vostri dati possono essere trasmessi all&#8217;interno di Miro Kredit AG per i suddetti scopi. I fornitori di servizi che agiscono per nostro conto sono selezionati con cura e sono vincolati ai nostri standard di protezione dei dati. I vostri dati possono essere elaborati in tutto il mondo. Garantiamo un livello adeguato di protezione dei dati. I documenti di candidatura non presi in considerazione saranno cancellati dopo sei mesi. Se acconsentite alla conservazione dei vostri dati per futuri annunci di lavoro, essi saranno conservati per cinque anni.<\/p>\n<h2>5. cookie \/ tracking e altre tecnologie in relazione all&#8217;utilizzo del nostro sito web<\/h2>\n<p>In genere utilizziamo &#8220;cookie&#8221; e tecnologie simili sui nostri siti web e app per identificare il vostro browser o dispositivo. Un cookie \u00e8 un piccolo file che viene inviato al vostro computer o memorizzato automaticamente sul vostro computer o dispositivo mobile dal browser web che utilizzate quando visitate il nostro sito web o installate la nostra app. Questo ci permette di riconoscervi quando tornate su questo sito web o utilizzate la nostra app, anche se non sappiamo chi siete. Oltre ai cookie che vengono utilizzati solo durante una sessione e vengono cancellati dopo la visita al sito web (&#8220;cookie di sessione&#8221;), i cookie possono anche essere utilizzati per memorizzare le impostazioni dell&#8217;utente e altre informazioni per un certo periodo di tempo (ad esempio due anni) (&#8220;cookie permanenti&#8221;). Tuttavia, \u00e8 possibile impostare il browser in modo che rifiuti i cookie, li salvi solo per una sessione o li cancelli prematuramente. La maggior parte dei browser \u00e8 preimpostata per accettare i cookie. Utilizziamo i cookie permanenti per salvare le impostazioni dell&#8217;utente (ad esempio, la lingua, l&#8217;autologin), per capire meglio come l&#8217;utente utilizza le nostre offerte e i nostri contenuti e per mostrargli offerte e pubblicit\u00e0 personalizzate (cosa che pu\u00f2 accadere anche sui siti web di altre aziende; tuttavia, non diremo loro chi siete, se lo sappiamo, perch\u00e9 vedranno solo che sul loro sito web c&#8217;\u00e8 lo stesso utente che \u00e8 stato anche su una determinata pagina del nostro sito web). Alcuni dei cookie sono impostati da noi, altri da partner contrattuali con cui collaboriamo. Se bloccate i cookie, alcune funzioni (ad esempio, la selezione della lingua, il carrello degli acquisti, i processi di ordinazione) potrebbero non funzionare pi\u00f9. In alcune delle nostre newsletter e altre e-mail di marketing includiamo anche elementi di immagine visibili e invisibili, ove consentito, che possiamo recuperare dai nostri server per determinare se e quando avete aperto l&#8217;e-mail, in modo da poter misurare e comprendere meglio come utilizzate le nostre offerte e adattarle a voi. \u00c8 possibile bloccare questa funzione nel proprio programma di posta elettronica; la maggior parte di essi \u00e8 preimpostata in tal senso. Utilizzando i nostri siti web, le nostre applicazioni e accettando di ricevere newsletter e altre e-mail di marketing, acconsentite all&#8217;uso di queste tecniche. Se non lo desiderate, dovete impostare di conseguenza il vostro browser o il vostro programma di posta elettronica o disinstallare l&#8217;applicazione se non \u00e8 possibile modificarla tramite le impostazioni.<br \/>\nSul nostro sito web utilizziamo Google Analytics, un servizio di analisi fornito da Google LLC (Mountain View, USA) e Google Ireland Ltd (Dublino, Irlanda). Google raccoglie determinate informazioni sul comportamento degli utenti sul sito web e sul dispositivo finale utilizzato. Gli indirizzi IP dei visitatori vengono troncati in Europa prima di essere inoltrati negli Stati Uniti. Google ci fornisce analisi basate sui dati registrati, ma elabora anche alcuni dati per i propri scopi. Qui trovate informazioni sulla salvaguardia dei dati di Google Analytics <a href=\"https:\/\/support.google.com\/analytics\/answer\/6004245?hl=it\" title=\"Salvaguardia dei dati\" target=\"_blank\" rel=\"noopener\">qui<\/a>; se avete un account Google, potete trovare ulteriori dettagli <a href=\"https:\/\/policies.google.com\/technologies\/partner-sites?hl=it\" title=\"Ulteriori informazioni per chi possiede un account Google\" target=\"_blank\" rel=\"noopener\">qui<\/a>.<br \/>\nUtilizziamo anche il Facebook Pixel di Facebook, Dublino, Irlanda. Utilizziamo questa tecnologia per visualizzare annunci pubblicitari su Facebook e presso i partner che collaborano con Facebook, se hanno mostrato interesse per noi. Possiamo anche monitorare l&#8217;efficacia delle inserzioni di Facebook a fini statistici e di ricerca di mercato, verificando se gli utenti sono stati reindirizzati al nostro sito web dopo aver cliccato su un&#8217;inserzione di Facebook. Siamo congiuntamente responsabili con Facebook per la visualizzazione di informazioni pubblicitarie che corrispondono agli interessi degli utenti, per il miglioramento della distribuzione degli annunci e per la personalizzazione di funzioni e contenuti (ma non per l&#8217;ulteriore elaborazione). Per questo motivo abbiamostipulato un <a href=\"https:\/\/www.facebook.com\/legal\/controller_addendum\" title=\"accordo aggiuntivo\" target=\"_blank\" rel=\"noopener\">accordo aggiuntivo<\/a> con Facebook. Gli utenti possono quindi indirizzare le richieste di informazioni e altre richieste di dati in relazione alla responsabilit\u00e0 congiunta direttamente a Facebook. Possiamo anche trasmettere a Facebook i dati degli utenti, come gli indirizzi e-mail, ai fini della pubblicit\u00e0 su Facebook. Facebook li confronta con i dati corrispondenti dei suoi membri per poter indirizzare la pubblicit\u00e0 ai nostri utenti (&#8220;Custom Audiences&#8221;). Potete opporvi a questo confronto in qualsiasi momento.<\/p>\n<h2>6. trasferimento e trasmissione di dati all&#8217;estero<\/h2>\n<p>Nell\u2019ambito delle nostre attivit\u00e0 commerciali e per le finalit\u00e0 di cui al punto 3, noi e i nostri partner finanziari possiamo, nei limiti consentiti e qualora lo riteniamo opportuno, comunicare i dati anche a terzi, sia perch\u00e9 li trattano per nostro conto o per conto dei nostri partner finanziari, sia perch\u00e9 intendono utilizzarli per finalit\u00e0 proprie. In particolare, si tratta dei seguenti soggetti:<br \/>\n\u23af fornitori di servizi e partner finanziari (come ad esempio banche, compagnie assicurative), inclusi responsabili del trattamento (come i fornitori IT e il nostro fornitore di servizi Perimex d.o.o. in Serbia);<br \/>\n\u23af rivenditori, fornitori, subappaltatori e altri partner commerciali;<br \/>\n\u23af clienti;<br \/>\n\u23af autorit\u00e0 e uffici pubblici nazionali ed esteri, nonch\u00e9 tribunali;<br \/>\n\u23af media;<br \/>\n\u23af pubblico, inclusi i visitatori dei siti web e dei social media;<br \/>\n\u23af concorrenti, organizzazioni di settore, associazioni, enti e altri organismi;<br \/>\n\u23af acquirenti o soggetti interessati all\u2019acquisizione di rami d\u2019azienda, societ\u00e0 o altre parti di Miro Kredit AG;<br \/>\n\u23af altre parti coinvolte in procedimenti giudiziari attuali o potenziali;<br \/>\n\u23af altre societ\u00e0 del gruppo Miro Kredit AG;<br \/>\ntutti congiuntamente i <strong>Destinatari<\/strong>.<br \/>\nAlcuni di questi destinatari si trovano in Svizzera, ma possono essere ovunque nel mondo. In particolare, dovete aspettarvi che i vostri dati vengano trasferiti in tutti i paesi in cui Miro Kredit AG \u00e8 rappresentata da societ\u00e0 del gruppo, filiali o altri uffici, nonch\u00e9 in altri paesi europei e negli Stati Uniti dove si trovano i fornitori di servizi da noi utilizzati (ad esempio Microsoft, SAP, Amazon, Salesforce.com).<br \/>\nSe il destinatario si trova in un paese in cui non esiste un&#8217;adeguata protezione dei dati, siamo obbligati per contratto a rispettare la legge applicabile in materia di protezione dei dati (utilizziamo le clausole contrattuali standard rivedute della Commissione europea,consultabili <a href=\"https:\/\/eur-lex.europa.eu\/eli\/dec_impl\/2021\/914\/oj?\" title=\"Clausole contrattuali standard della Commissione europea\" target=\"_blank\" rel=\"noopener\">qui<\/a>), a meno che il destinatario non sia gi\u00e0 soggetto a una serie di norme legalmente riconosciute per garantire la protezione dei dati e non possiamo fare affidamento su una disposizione di esenzione. Un&#8217;eccezione pu\u00f2 essere applicata in particolare in caso di procedimenti legali all&#8217;estero, ma anche in caso di interessi pubblici prevalenti o se l&#8217;adempimento di un contratto richiede tale divulgazione, se avete dato il vostro consenso o se i dati in questione sono stati resi generalmente accessibili da voi e non vi siete opposti al loro trattamento.<\/p>\n<h2>7. durata della conservazione dei dati personali<\/h2>\n<p>Elaboriamo e conserviamo i vostri dati personali per tutto il tempo necessario all&#8217;adempimento dei nostri obblighi contrattuali e legali o comunque per gli scopi perseguiti con l&#8217;elaborazione, cio\u00e8 ad esempio per la durata dell&#8217;intero rapporto commerciale (dall&#8217;inizio, all&#8217;elaborazione fino alla cessazione di un contratto) e oltre, in conformit\u00e0 agli obblighi di conservazione e documentazione previsti dalla legge. \u00c8 possibile che i dati personali vengano conservati per il periodo in cui \u00e8 possibile far valere i diritti nei confronti della nostra azienda e nella misura in cui siamo altrimenti obbligati per legge o i legittimi interessi commerciali lo richiedano (ad esempio, per scopi di prova e documentazione). Non appena i vostri dati personali non saranno pi\u00f9 necessari per gli scopi sopra menzionati, verranno cancellati o resi anonimi per quanto possibile. Per i dati operativi (ad es. protocolli di sistema, log) si applicano generalmente periodi di conservazione pi\u00f9 brevi, pari o inferiori a dodici mesi.<\/p>\n<h2>8. sicurezza dei dati<\/h2>\n<p>Adottiamo le opportune misure di sicurezza tecniche e organizzative per proteggere i vostri dati personali dall&#8217;accesso non autorizzato e dall&#8217;uso improprio, come l&#8217;emissione di istruzioni, la formazione, le soluzioni di sicurezza informatica e di rete, i controlli e le restrizioni di accesso, la crittografia dei supporti e delle trasmissioni di dati, la pseudonimizzazione, i controlli.<\/p>\n<h2>9. comunicazione elettronica<\/h2>\n<p>Nella comunicazione tra voi, noi, i nostri partner finanziari e altri terzi vengono utilizzati mezzi di comunicazione elettronici. I dati vengono trasmessi anche via Internet. Poich\u00e9 Internet \u00e8 una rete aperta e accessibile a tutti, Miro Kredit AG, i vostri partner finanziari e altri terzi non possono garantire la riservatezza dei dati trasmessi via Internet. \u00c8 pertanto possibile che terzi traggano conclusioni su una relazione commerciale esistente o futura (eventualmente una relazione bancaria) tra voi e uno dei nostri partner.<\/p>\n<h2>10. obbligo di fornire dati personali<\/h2>\n<p>Nell&#8217;ambito del nostro rapporto commerciale, l&#8217;utente deve fornire i dati personali necessari per l&#8217;instaurazione e l&#8217;attuazione di un rapporto commerciale e l&#8217;adempimento dei relativi obblighi contrattuali (in genere l&#8217;utente non \u00e8 obbligato per legge a fornirci i dati). Senza questi dati, in genere non saremo in grado di stipulare o adempiere a un contratto con voi (o con l&#8217;entit\u00e0 o la persona che rappresentate). Inoltre, il sito web non pu\u00f2 essere utilizzato se non vengono comunicate determinate informazioni per la sicurezza del traffico dei dati (ad esempio, l&#8217;indirizzo IP).<\/p>\n<h2>11. profilazione e processo decisionale automatizzato<\/h2>\n<p>Trattiamo i vostri dati personali in parte in modo automatico con l&#8217;obiettivo di valutare alcuni aspetti personali (profilazione). Utilizziamo la profilazione in particolare per fornirvi informazioni e consigli mirati sui prodotti. A tal fine, utilizziamo strumenti di valutazione che ci consentono di fornire comunicazioni e pubblicit\u00e0 basate sulle esigenze, comprese le ricerche di mercato e di opinione. In linea di principio, non utilizziamo un processo decisionale completamente automatizzato (come disciplinato dall&#8217;art. 22 del GDPR) per stabilire e condurre il rapporto commerciale o altro. Qualora dovessimo utilizzare tali procedure in singoli casi, vi informeremo separatamente se ci\u00f2 \u00e8 richiesto dalla legge e vi informeremo dei diritti associati.<\/p>\n<h2>12. diritti dell&#8217;interessato<\/h2>\n<p>Avete il diritto di informazione, rettifica, cancellazione, il diritto di limitare il trattamento dei dati e di <strong>opporvi in altro modo al nostro trattamento dei dati, in particolare ai fini del marketing diretto, della profilazione per la pubblicit\u00e0 diretta e di altri interessi legittimi nel trattamento, nonch\u00e9<\/strong> alla divulgazione di alcuni dati personali ai fini del trasferimento a un&#8217;altra organizzazione (la cosiddetta portabilit\u00e0 dei dati) nell&#8217;ambito della legge sulla protezione dei dati a voi applicabile e nella misura prevista dalla stessa (come nel caso del GDPR). Vi preghiamo tuttavia di notare che ci riserviamo il diritto di far valere le limitazioni previste dalla legge, ad esempio se siamo obbligati a conservare o elaborare determinati dati, se abbiamo un interesse prevalente a farlo (nella misura in cui possiamo invocarlo) o se lo richiediamo per far valere dei diritti. In caso di costi, vi informeremo in anticipo. Abbiamo gi\u00e0 informato l&#8217;utente sulla possibilit\u00e0 di revocare il proprio consenso nella sezione 3. Vi preghiamo di notare che l&#8217;esercizio di questi diritti pu\u00f2 entrare in conflitto con gli accordi contrattuali e pu\u00f2 avere conseguenze quali la cancellazione anticipata del contratto o conseguenze in termini di costi. Vi informeremo in anticipo se ci\u00f2 non \u00e8 gi\u00e0 disciplinato contrattualmente. L&#8217;esercizio di tali diritti richiede in genere che l&#8217;utente dimostri chiaramente la propria identit\u00e0 (ad esempio tramite una copia della carta d&#8217;identit\u00e0, qualora la sua identit\u00e0 non sia chiara o non possa essere verificata). Per far valere i vostri diritti, potete contattarci all&#8217;indirizzo indicato nella sezione 1. Ogni interessato ha inoltre il diritto di far valere i propri diritti in tribunale o di presentare un reclamo all&#8217;autorit\u00e0 competente per la protezione dei dati. L&#8217;autorit\u00e0 competente per la protezione dei dati in Svizzera \u00e8 l&#8217;Incaricato federale della protezione dei dati e delle informazioni (http:\/\/www.edoeb.admin.ch).<\/p>\n<h2>13. modifiche<\/h2>\n<p>Possiamo modificare la presente informativa sulla privacy in qualsiasi momento e senza preavviso. Si applicher\u00e0 la versione attuale pubblicata sul nostro sito web. Se l&#8217;informativa sulla privacy fa parte di un accordo con l&#8217;utente, in caso di aggiornamento lo informeremo della modifica tramite e-mail o altri mezzi adeguati.<\/p>\n","protected":false},"excerpt":{"rendered":"<p>v2.02 Versione dal 29.11.2024 In questa informativa sulla privacy, noi, Miro Kredit AG (di seguito Miro Kredit, noi o ci),&#8230;<\/p>\n","protected":false},"author":4,"featured_media":0,"parent":0,"menu_order":0,"comment_status":"closed","ping_status":"closed","template":"","meta":{"footnotes":""},"class_list":["post-5025","page","type-page","status-publish","hentry"],"_links":{"self":[{"href":"https:\/\/www.miro-kredit.ch\/it\/wp-json\/wp\/v2\/pages\/5025","targetHints":{"allow":["GET"]}}],"collection":[{"href":"https:\/\/www.miro-kredit.ch\/it\/wp-json\/wp\/v2\/pages"}],"about":[{"href":"https:\/\/www.miro-kredit.ch\/it\/wp-json\/wp\/v2\/types\/page"}],"author":[{"embeddable":true,"href":"https:\/\/www.miro-kredit.ch\/it\/wp-json\/wp\/v2\/users\/4"}],"replies":[{"embeddable":true,"href":"https:\/\/www.miro-kredit.ch\/it\/wp-json\/wp\/v2\/comments?post=5025"}],"version-history":[{"count":3,"href":"https:\/\/www.miro-kredit.ch\/it\/wp-json\/wp\/v2\/pages\/5025\/revisions"}],"predecessor-version":[{"id":5039,"href":"https:\/\/www.miro-kredit.ch\/it\/wp-json\/wp\/v2\/pages\/5025\/revisions\/5039"}],"wp:attachment":[{"href":"https:\/\/www.miro-kredit.ch\/it\/wp-json\/wp\/v2\/media?parent=5025"}],"curies":[{"name":"wp","href":"https:\/\/api.w.org\/{rel}","templated":true}]}}