{"id":747,"date":"2020-03-31T17:25:59","date_gmt":"2020-03-31T15:25:59","guid":{"rendered":"https:\/\/www.miro-kredit.ch\/?page_id=747"},"modified":"2022-02-13T01:21:13","modified_gmt":"2022-02-13T00:21:13","slug":"cadeau","status":"publish","type":"page","link":"https:\/\/www.miro-kredit.ch\/fr\/cadeau\/","title":{"rendered":"Cadeau"},"content":{"rendered":"<p>Conditions g\u00e9n\u00e9rales:<\/p>\n<ul>\n<li>Les b\u00e9n\u00e9ficiaires du ch\u00e8que-cadeau sont les clients qui par l&rsquo;interm\u00e9diaire de Miro Cr\u00e9dit AG, contractent un pr\u00eat d&rsquo;au moins CHF 40&rsquo;000.- en esp\u00e8ces (c&rsquo;est-\u00e0-dire le montant vers\u00e9 au client) et avec une p\u00e9riode de remboursement d&rsquo;au moins 60 mois. Si le montant du pr\u00eat est rembours\u00e9 dans les 12 mois qui suivent le virement du pr\u00eat ou autrement cl\u00f4tur\u00e9 (par exemple, remboursement anticip\u00e9 du pr\u00eat), le b\u00e9n\u00e9ficiaire du ch\u00e8que-cadeau est oblig\u00e9 de rembourser la totalit\u00e9 du montant du ch\u00e8que-cadeau, c&rsquo;est-\u00e0-dire de rembourser le montant au de nom de Miro Cr\u00e9dit AG.<\/li>\n<\/ul>\n<p>Instructions et conditions d\u2019utilisation pour les ch\u00e8ques-cadeaux de Miro Reisen, Perimex AG:<\/p>\n<ul>\n<li>Valide 12 mois \u00e0 compter de la date d&rsquo;\u00e9mission<\/li>\n<li>Le ch\u00e8que-cadeau ne peut pas \u00eatre transf\u00e9r\u00e9 \u00e0 d&rsquo;autres personnes<\/li>\n<li>Il peut \u00eatre utilis\u00e9 lors de l&rsquo;achat de billets d&rsquo;avion et d&rsquo;arrangements de voyage via Miro Reisen, Perimex AG<\/li>\n<li>Il n&rsquo;est pas possible de payer le ch\u00e8que-cadeau en esp\u00e8ces, de l&rsquo;\u00e9changer ou de l\u2019utiliser pour un voyage d\u00e9j\u00e0 r\u00e9serv\u00e9<\/li>\n<\/ul>\n<p>Conditions g\u00e9n\u00e9rales des ch\u00e8ques-cadeaux Coop:<\/p>\n<ul>\n<li>La date d&rsquo;expiration est indiqu\u00e9e sur le ch\u00e8que-cadeau<\/li>\n<li>Les conditions g\u00e9n\u00e9rales de Coop sont applicables (voir le lien sur le ch\u00e8que-cadeau)<\/li>\n<li>Il n&rsquo;est pas possible de payer le ch\u00e8que-cadeau en esp\u00e8ces ou d\u2019\u00e9changer le ch\u00e8que-cadeau<\/li>\n<\/ul>\n<p>Livraison des ch\u00e8ques-cadeaux:<\/p>\n<ul>\n<li>Par poste\/ par e-mail \/ par SMS (ou autres canaux de communication) apr\u00e8s le virement du pr\u00eat<\/li>\n<li>Vous pouvez \u00e9galement retirer ch\u00e8que-cadeau sur place \u00e0 Miro Cr\u00e9dit AG \u00e0 B\u00e2le apr\u00e8s le virement du pr\u00eat<\/li>\n<\/ul>\n","protected":false},"excerpt":{"rendered":"<p>Conditions g\u00e9n\u00e9rales: Les b\u00e9n\u00e9ficiaires du ch\u00e8que-cadeau sont les clients qui par l&rsquo;interm\u00e9diaire de Miro Cr\u00e9dit AG, contractent un pr\u00eat d&rsquo;au&#8230;<\/p>\n","protected":false},"author":4,"featured_media":0,"parent":0,"menu_order":0,"comment_status":"closed","ping_status":"closed","template":"","meta":{"footnotes":""},"class_list":["post-747","page","type-page","status-publish","hentry"],"_links":{"self":[{"href":"https:\/\/www.miro-kredit.ch\/fr\/wp-json\/wp\/v2\/pages\/747","targetHints":{"allow":["GET"]}}],"collection":[{"href":"https:\/\/www.miro-kredit.ch\/fr\/wp-json\/wp\/v2\/pages"}],"about":[{"href":"https:\/\/www.miro-kredit.ch\/fr\/wp-json\/wp\/v2\/types\/page"}],"author":[{"embeddable":true,"href":"https:\/\/www.miro-kredit.ch\/fr\/wp-json\/wp\/v2\/users\/4"}],"replies":[{"embeddable":true,"href":"https:\/\/www.miro-kredit.ch\/fr\/wp-json\/wp\/v2\/comments?post=747"}],"version-history":[{"count":3,"href":"https:\/\/www.miro-kredit.ch\/fr\/wp-json\/wp\/v2\/pages\/747\/revisions"}],"predecessor-version":[{"id":1463,"href":"https:\/\/www.miro-kredit.ch\/fr\/wp-json\/wp\/v2\/pages\/747\/revisions\/1463"}],"wp:attachment":[{"href":"https:\/\/www.miro-kredit.ch\/fr\/wp-json\/wp\/v2\/media?parent=747"}],"curies":[{"name":"wp","href":"https:\/\/api.w.org\/{rel}","templated":true}]}}