{"id":4153,"date":"2024-07-24T18:45:00","date_gmt":"2024-07-24T16:45:00","guid":{"rendered":"https:\/\/www.miro-kredit.ch\/?page_id=4153"},"modified":"2025-05-23T11:26:15","modified_gmt":"2025-05-23T09:26:15","slug":"credit-scolarisation","status":"publish","type":"page","link":"https:\/\/www.miro-kredit.ch\/fr\/credit-scolarisation\/","title":{"rendered":"Cr\u00e9dit de formation Suisse"},"content":{"rendered":"<div class=\"ready-to-take-out-loan online-rate-calculator\">\n<div class=\"container\">\n<div class=\"full-text-column\">\n<h1>Cr\u00e9dit de formation Suisse<\/h1>\n<p>En Suisse, la formation pendant la scolarit\u00e9 obligatoire est gratuite. Toutefois, le financement de la fr\u00e9quentation ult\u00e9rieure de hautes \u00e9coles ou d&rsquo;autres institutions de formation et de perfectionnement est en principe de la responsabilit\u00e9 de la personne en formation ou de ses parents.<\/p>\n<p>Une formation ou une formation continue peut certes \u00eatre tr\u00e8s co\u00fbteuse, mais elle en vaut souvent la peine. L&rsquo;\u00e9tudiant suisse moyen d\u00e9pense environ 25 000 CHF par an pour sa formation &#8211; dans certains cas, encore plus pour les \u00e9tudiants internationaux, qui doivent payer des prix plus \u00e9lev\u00e9s que les \u00e9tudiants locaux en raison du manque d&rsquo;acc\u00e8s aux universit\u00e9s de leur pays d&rsquo;origine. \u00c0 cela s&rsquo;ajoutent d&rsquo;autres d\u00e9penses, comme les frais d&rsquo;admission ou le mat\u00e9riel n\u00e9cessaire pendant les \u00e9tudes, qui s&rsquo;accumulent au fil du temps avec le co\u00fbt de la vie.<\/p>\n<p>Ainsi, lorsqu&rsquo;il s&rsquo;agit d&rsquo;obtenir une bonne formation, les d\u00e9penses peuvent rapidement s&rsquo;accumuler. Frais de scolarit\u00e9, mat\u00e9riel d&rsquo;\u00e9tude, logement, nourriture &#8211; la liste est interminable. Dans ce cas, un cr\u00e9dit de formation peut \u00eatre d&rsquo;une grande aide. Mais quelles sont les possibilit\u00e9s de financement pour les apprentis et les \u00e9tudiants suisses et comment un pr\u00eat \u00e0 la formation peut-il soulager les \u00e9tudiants ?<\/p>\n<\/div>\n<\/div>\n<\/div>\n<div class=\"taking-out-loan\" style=\"margin-bottom: 0;\"><img loading=\"lazy\" decoding=\"async\" src=\"https:\/\/www.miro-kredit.ch\/wp-content\/uploads\/2024\/07\/Credit-de-formation-Suisse-Obtenir-un-pret-de-formation.jpg\" alt=\"Cr\u00e9dit de formation Suisse \u27a4 Obtenir un pr\u00eat de formation\" width=\"1280\" height=\"853\" \/>\n<div class=\"text-column\">\n<h2>La Suisse, un pays attractif pour les travailleurs<\/h2>\n<p>La Suisse n&rsquo;est pas seulement consid\u00e9r\u00e9e comme un pays magnifique avec une nature \u00e0 couper le souffle, mais aussi comme un march\u00e9 du travail extr\u00eamement attractif pour les professionnels du monde entier. Ainsi, pour la sixi\u00e8me fois cons\u00e9cutive, la Suisse a \u00e9t\u00e9 d\u00e9sign\u00e9e par l&rsquo;IMD Business School comme le <strong>pays le plus attractif au monde pour les travailleurs hautement qualifi\u00e9s<\/strong>. Ce n&rsquo;est pas \u00e9tonnant, car gr\u00e2ce \u00e0 sa forte \u00e9conomie et \u00e0 un <strong>grand nombre d&rsquo;\u00e9tablissements d&rsquo;enseignement renomm\u00e9s<\/strong>, la Suisse attire chaque ann\u00e9e un grand nombre d&rsquo;\u00e9tudiants et d&rsquo;apprentis.<\/p>\n<h2>Diff\u00e9rentes possibilit\u00e9s de financement de la formation<\/h2>\n<p>Comme pour le <a href=\"https:\/\/www.miro-kredit.ch\/fr\/leasing-ou-credit\/\" title=\"Leasing ou cr\u00e9dit - Quelle est la meilleure option pour vous ?\">leasing ou le cr\u00e9dit<\/a>, il existe diff\u00e9rentes possibilit\u00e9s de financement pour les projets de formation. En particulier pour les \u00e9tudiants qui ne disposent pas de moyens financiers suffisants, un pr\u00eat de formation peut \u00eatre la solution appropri\u00e9e. Outre le cr\u00e9dit d&rsquo;\u00e9tudes classique, il existe toutefois d&rsquo;autres options pour financer la formation ou la formation continue et r\u00e9aliser son r\u00eave de formation.<\/p>\n<\/div>\n<\/div>\n<div class=\"checking-your-credit-score\">\n<div class=\"container container-row\">\n<h3>Financement de la formation par les parents<\/h3>\n<p>De nombreux \u00e9tudiants en Suisse re\u00e7oivent une aide financi\u00e8re de leurs parents pour financer leur formation. Les parents peuvent soit prendre en charge la totalit\u00e9 des <strong>frais de formation<\/strong>, soit en assumer une <strong>partie afin de permettre<\/strong> \u00e0 leurs enfants d&rsquo;acc\u00e9der \u00e0 une formation de qualit\u00e9. Ainsi, certains parents \u00e9pargnent d\u00e8s la naissance pour la formation ou les \u00e9tudes de leurs enfants, tandis que d&rsquo;autres disposent d&rsquo;un revenu suffisamment \u00e9lev\u00e9 pour soutenir financi\u00e8rement leurs enfants.<\/p>\n<p>Toutefois, si ces possibilit\u00e9s ne suffisent pas, il reste le <strong>cr\u00e9dit<\/strong>. Un <a href=\"https:\/\/www.miro-kredit.ch\/fr\/\" title=\"Pr\u00eat personnel\">pr\u00eat priv\u00e9<\/a> n&rsquo;est pas sp\u00e9cifiquement li\u00e9 aux frais scolaires et fonctionne plut\u00f4t comme tout autre type d&#8217;emprunt &#8211; l&#8217;emprunteur (dans ce cas, les parents) est soumis \u00e0 une v\u00e9rification de sa solvabilit\u00e9 qui d\u00e9termine les conditions.<\/p>\n<h3>Cr\u00e9dit et pr\u00eat \u00e9tudiants<\/h3>\n<p>Pour les \u00e9tudiants qui ne re\u00e7oivent pas un soutien financier suffisant de leurs parents ou qui ont besoin de moyens suppl\u00e9mentaires pour financer leur formation, les <strong>cr\u00e9dits de formation ou les cr\u00e9dits d&rsquo;\u00e9tudes sont<\/strong> une solution. La loi suisse exige que l&rsquo;obtention d&rsquo;un cr\u00e9dit n&rsquo;entra\u00eene pas de surendettement.<\/p>\n<p>L&rsquo;un des principaux crit\u00e8res est le revenu mensuel disponible, qui est g\u00e9n\u00e9ralement faible chez les \u00e9tudiants. C&rsquo;est pourquoi les banques ne proposent que rarement des cr\u00e9dits de formation et d&rsquo;\u00e9tudes. Il existe toutefois des banques qui se sont sp\u00e9cialis\u00e9es dans ce march\u00e9 de niche. Vous trouverez par exemple des cr\u00e9dits de formation adapt\u00e9s aupr\u00e8s de la Miro Kredit AG.<\/p>\n<p>Une alternative serait ce que l&rsquo;on appelle les <strong>cr\u00e9dits peer-to-peer<\/strong>. Ceux-ci proviennent de personnes priv\u00e9es, les \u00e9tudiants pouvant indiquer le montant du cr\u00e9dit souhait\u00e9, la dur\u00e9e et le taux d&rsquo;int\u00e9r\u00eat qu&rsquo;ils sont pr\u00eats \u00e0 payer. Si un nombre suffisant d&rsquo;investisseurs est trouv\u00e9, le cr\u00e9dit est vers\u00e9. En r\u00e8gle g\u00e9n\u00e9rale, seuls les int\u00e9r\u00eats sont pay\u00e9s pendant les \u00e9tudes, le remboursement du capital ne commen\u00e7ant g\u00e9n\u00e9ralement qu&rsquo;apr\u00e8s la fin des \u00e9tudes. Ainsi, la charge financi\u00e8re reste faible pendant les \u00e9tudes.<\/p>\n<p><strong>Les pr\u00eats d&rsquo;\u00e9tudes des cantons<\/strong> constituent une autre possibilit\u00e9. Comme tous les \u00e9tudiants ne sont pas \u00e9ligibles pour une bourse, les autorit\u00e9s cantonales charg\u00e9es des bourses proposent des pr\u00eats sans int\u00e9r\u00eat qui doivent \u00eatre rembours\u00e9s \u00e0 la fin des \u00e9tudes. Toutefois, ces pr\u00eats d&rsquo;\u00e9tudes cantonaux ne peuvent \u00eatre utilis\u00e9s que pour financer la formation initiale et &#8211; contrairement \u00e0 un cr\u00e9dit priv\u00e9 &#8211; ne peuvent pas \u00eatre utilis\u00e9s pour des programmes de formation continue.<\/p>\n<\/div>\n<\/div>\n<div class=\"ready-to-take-out-loan online-rate-calculator\">\n<div class=\"container container-row\"><img loading=\"lazy\" decoding=\"async\" style=\"margin: 0 auto; max-width: 700px; display: block;\" src=\"https:\/\/www.miro-kredit.ch\/wp-content\/uploads\/2024\/07\/Faits-concernant-le-credit-pour-la-formation-en-Suisse.png\" alt=\"Faits concernant le cr\u00e9dit pour la formation en Suisse\" width=\"700\" height=\"1210\" \/><\/div>\n<\/div>\n<div class=\"checking-your-credit-score\">\n<div class=\"container container-row\">\n<h3>Bourse d&rsquo;\u00e9tudes<\/h3>\n<p>Outre les pr\u00eats, les bourses sont \u00e9galement une possibilit\u00e9 de financer la formation. En Suisse, ce sont les cantons qui sont responsables de l&rsquo;attribution des bourses. Le droit aux <strong>aides cantonales<\/strong> se base alors sur la situation familiale et financi\u00e8re des \u00e9tudiants et de leur famille. En outre, seuls les \u00e9tudiants dont le domicile ouvrant droit \u00e0 une bourse est situ\u00e9 dans le canton concern\u00e9, qui sont issus d&rsquo;une famille \u00e0 faible revenu et qui suivent une formation reconnue ont g\u00e9n\u00e9ralement droit \u00e0 une bourse.<\/p>\n<p>Des informations sur les conditions \u00e0 remplir pour pouvoir demander une bourse sont disponibles sur les sites web officiels des cantons concern\u00e9s. Par exemple <strong> l&rsquo;Office de la jeunesse et de l&rsquo;orientation professionnelle du canton de Zurich<\/strong> propose des informations compl\u00e8tes sur les conditions et les facteurs de calcul. Un calculateur de bourse permet de d\u00e9terminer \u00e0 l&rsquo;avance les chances d&rsquo;obtenir une bourse. Les <strong>sites web des universit\u00e9s<\/strong> proposent \u00e9galement des informations sur les possibilit\u00e9s de soutien financier pendant les \u00e9tudes.<\/p>\n<h3>Pr\u00eats pour la formation continue<\/h3>\n<p>Outre le financement des \u00e9tudes de base, les banques et les institutions financi\u00e8res en Suisse proposent \u00e9galement des <strong>pr\u00eats pour des programmes de formation continue et des formations professionnelles<\/strong>. Ces pr\u00eats permettent aux professionnels d&rsquo;\u00e9largir leurs connaissances et leurs comp\u00e9tences et d&rsquo;\u00e9voluer professionnellement. Les plateformes de crowdlending proposent \u00e9galement de tels pr\u00eats en mettant en relation des \u00e9tudiants ou des professionnels avec des investisseurs priv\u00e9s.<\/p>\n<h3>Fondations et fonds priv\u00e9s<\/h3>\n<p>Par ailleurs, il existe en Suisse plusieurs fondations et fonds priv\u00e9s qui offrent un soutien financier \u00e0 des fins \u00e9ducatives. Ces organisations aident aussi bien les \u00e9tudiants suisses que les \u00e9tudiants internationaux \u00e0 financer leur formation et contribuent \u00e0 cr\u00e9er des opportunit\u00e9s de formation pour tous.<\/p>\n<p>L&rsquo;attribution de moyens financiers par des fondations et des fonds priv\u00e9s d\u00e9pend en g\u00e9n\u00e9ral de diff\u00e9rents crit\u00e8res, comme le <strong>lieu de r\u00e9sidence<\/strong> ou le <strong>revenu r\u00e9gulier<\/strong>. En outre, il est souvent envisageable de combiner une bourse cantonale et un financement par une fondation ou un fonds, mais dans ce cas, il faut en informer le service d&rsquo;attribution des bourses.<\/p>\n<h3>Activit\u00e9 professionnelle des \u00e9tudiants<\/h3>\n<p>En Suisse, de nombreux \u00e9tudiants financent leur formation en travaillant comme \u00e9tudiants. Parall\u00e8lement \u00e0 leurs \u00e9tudes, ils occupent des <strong>emplois \u00e0 temps partiel ou des stages<\/strong> afin d&rsquo;am\u00e9liorer leurs revenus et de couvrir les frais de formation. Ainsi, pr\u00e8s de la moiti\u00e9 des \u00e9tudiants travaillent un \u00e0 deux jours par semaine dans le cadre d&rsquo;un job d&rsquo;appoint. Cette exp\u00e9rience permet non seulement aux \u00e9tudiants d&rsquo;\u00eatre financi\u00e8rement ind\u00e9pendants, mais aussi d&rsquo;acqu\u00e9rir une exp\u00e9rience professionnelle pratique.<\/p>\n<p>Cependant, le syst\u00e8me de Bologne et ses horaires serr\u00e9s rendent souvent difficile l&rsquo;exercice d&rsquo;une activit\u00e9 compl\u00e9mentaire, de sorte que des voies de financement alternatives telles qu&rsquo;un <strong>pr\u00eat ou un cr\u00e9dit de formation deviennent de plus en plus attrayantes<\/strong> pour les \u00e9tudiants.<\/p><\/div>\n<\/div>\n<div class=\"ready-to-take-out-loan online-rate-calculator\">\n<div class=\"container container-row\">\n<h2>Quelques bourses pour la formation en Suisse<\/h2>\n<p>Sous certaines conditions, les \u00e9tudiants en Suisse peuvent \u00e9galement b\u00e9n\u00e9ficier de bourses d&rsquo;\u00c9tat. De plus, des fondations et des fonds offrent un soutien financier aux personnes en formation. L&rsquo;avantage ici est que ces bourses cantonales peuvent profiter non seulement aux citoyens suisses, mais aussi aux r\u00e9fugi\u00e9s et aux \u00e9trangers r\u00e9sidant en Suisse. L&rsquo;acc\u00e8s aux bourses d&rsquo;Etat est \u00e9galement envisageable pour les Suisses vivant \u00e0 l&rsquo;\u00e9tranger, sous certaines conditions.<\/p>\n<h3>Bourse du canton<\/h3>\n<p>En Suisse, les cantons offrent \u00e0 leurs habitants des bourses d&rsquo;\u00e9tudes pour financer leur formation. Ces bourses peuvent \u00eatre demand\u00e9es aupr\u00e8s du <strong>service cantonal des bourses<\/strong>. Pour obtenir une telle bourse, il faut notamment que l&rsquo;\u00e9tudiant lui-m\u00eame et ses parents disposent d&rsquo;un revenu et d&rsquo;une fortune modestes. Les conditions exactes varient d&rsquo;un canton \u00e0 l&rsquo;autre. Certains cantons offrent m\u00eame un soutien financier pour une deuxi\u00e8me formation ou une formation continue.<\/p>\n<p>En principe, les bourses peuvent \u00eatre octroy\u00e9es une seule fois ou de mani\u00e8re r\u00e9p\u00e9t\u00e9e et ne doivent g\u00e9n\u00e9ralement <strong>pas \u00eatre rembours\u00e9es<\/strong>. Toutefois, certains cantons exigent un remboursement si la situation financi\u00e8re de l&rsquo;\u00e9tudiant s&rsquo;am\u00e9liore consid\u00e9rablement par la suite. Les pr\u00eats de formation, en revanche, doivent toujours \u00eatre rembours\u00e9s, quelle que soit la situation financi\u00e8re. Souvent, des int\u00e9r\u00eats sont \u00e9galement dus et calcul\u00e9s pour ces pr\u00eats d&rsquo;\u00e9tudes.<\/p>\n<h3>Bourses de fondations et de fonds<\/h3>\n<p>En plus des bourses d&rsquo;\u00c9tat, il existe en Suisse un grand nombre de fondations et de fonds priv\u00e9s qui proposent des bourses aux \u00e9tudiants. Ces fondations peuvent \u00eatre cr\u00e9\u00e9es aussi bien par la <strong>Conf\u00e9d\u00e9ration<\/strong>, les <strong>communes<\/strong> et <strong>les hautes \u00e9coles<\/strong> que par des <strong>organisations \u00e0 but non lucratif<\/strong> ou m\u00eame <strong>des particuliers fortun\u00e9s<\/strong> et visent \u00e0 soutenir financi\u00e8rement les \u00e9tudiants talentueux.<\/p>\n<p>Les conditions de candidature et les crit\u00e8res de s\u00e9lection pour ces bourses varient d&rsquo;une fondation \u00e0 l&rsquo;autre, c&rsquo;est pourquoi il est conseill\u00e9 de se renseigner <strong>suffisamment t\u00f4t sur les diff\u00e9rentes possibilit\u00e9s<\/strong> et de postuler \u00e0 temps. Les adresses correspondantes de ces fondations et fonds priv\u00e9s peuvent \u00eatre obtenues aupr\u00e8s des services cantonaux des bourses. La Conf\u00e9d\u00e9ration tient \u00e9galement une liste des fondations qui mettent \u00e0 disposition des bourses d&rsquo;\u00e9tudes.<\/p>\n<h3>Bourse d&rsquo;excellence f\u00e9d\u00e9rale<\/h3>\n<p>La bourse f\u00e9d\u00e9rale d&rsquo;excellence est un prestigieux programme de bourses octroy\u00e9 par la Conf\u00e9d\u00e9ration suisse. Elle s&rsquo;adresse \u00e0 <strong>des \u00e9tudiants \u00e9trangers hautement qualifi\u00e9s ayant des r\u00e9sultats acad\u00e9miques exceptionnels<\/strong> et un talent hors du commun dans leur domaine. La s\u00e9lection des boursiers se fait sur la base d&rsquo;un concours et le financement est fourni par le gouvernement.<\/p>\n<p>Cette bourse offre non seulement un soutien financier, mais aussi la possibilit\u00e9 de participer \u00e0 des \u00e9v\u00e9nements exclusifs et \u00e0 des r\u00e9unions de r\u00e9seau afin de favoriser le d\u00e9veloppement personnel et professionnel des boursiers. Les \u00e9tudiants int\u00e9ress\u00e9s doivent se renseigner sur les conditions et le processus de candidature aupr\u00e8s du <strong>Secr\u00e9tariat d&rsquo;\u00c9tat \u00e0 la formation, \u00e0 la recherche et \u00e0 l&rsquo;innovation<\/strong>.<\/p><\/div>\n<\/div>\n<div class=\"checking-your-credit-score\">\n<div class=\"container container-row\">\n<h2>Comment obtenir un cr\u00e9dit de formation suisse ?<\/h2>\n<p>Les pr\u00eats \u00e9ducatifs constituent un bon moyen de financer vos \u00e9tudes. Ainsi, les pr\u00eats \u00e9ducatifs peuvent vous aider \u00e0 payer un grand nombre de d\u00e9penses li\u00e9es \u00e0 l&rsquo;\u00e9cole, telles que les frais de scolarit\u00e9, le logement et la nourriture, les manuels scolaires et bien plus encore. Cela vous \u00e9vite de devoir renoncer \u00e0 une formation de qualit\u00e9 pour des raisons financi\u00e8res.<\/p>\n<p>Toutefois, avant d&rsquo;opter pour un cr\u00e9dit, il est important de comparer les taux d&rsquo;int\u00e9r\u00eat et les conditions des diff\u00e9rents pr\u00eateurs. Une comparaison minutieuse vous permet de trouver le meilleur cr\u00e9dit qui correspond \u00e0 vos besoins et \u00e0 vos possibilit\u00e9s financi\u00e8res. En <a href=\"https:\/\/www.miro-kredit.ch\/fr\/demande-de-pret\/\" title=\"Demande de pr\u00eat\">faisant une demande de cr\u00e9dit<\/a> via des plateformes telles que Miro Kredit AG, vous pouvez comparer facilement les offres de diff\u00e9rents pr\u00eateurs et trouver ainsi le cr\u00e9dit de formation qui convient \u00e0 votre projet de formation.<\/p>\n<h3>V\u00e9rifier l&rsquo;autorisation<\/h3>\n<p>Avant de demander un cr\u00e9dit \u00e9ducatif, il est d&rsquo;abord important de v\u00e9rifier votre \u00e9ligibilit\u00e9 au programme de cr\u00e9dit en question. Les exigences peuvent varier d&rsquo;un pr\u00eateur \u00e0 l&rsquo;autre, mais en g\u00e9n\u00e9ral, vous devez remplir les crit\u00e8res suivants :<\/p>\n<ul>\n<li><strong>Majorit\u00e9 :<\/strong> pour obtenir un cr\u00e9dit, vous devez \u00eatre \u00e2g\u00e9 d&rsquo;au moins 18 ans et donc avoir la pleine capacit\u00e9 juridique.<\/li>\n<li><strong>Citoyennet\u00e9 ou r\u00e9sidence en Suisse :<\/strong> la plupart des pr\u00eateurs exigent que vous soyez citoyen suisse ou que vous ayez votre r\u00e9sidence habituelle en Suisse.<\/li>\n<li><strong>Admission dans un \u00e9tablissement d&rsquo;enseignement reconnu :<\/strong> il faut souvent \u00eatre inscrit dans une haute \u00e9cole, une universit\u00e9, une \u00e9cole professionnelle ou un autre \u00e9tablissement d&rsquo;enseignement reconnu en Suisse et pouvoir en apporter la preuve.<\/li>\n<li><strong>Solvabilit\u00e9 :<\/strong> comme pour les autres pr\u00eats personnels, la plupart des pr\u00eateurs v\u00e9rifient votre solvabilit\u00e9 afin de s&rsquo;assurer que vous \u00eates en mesure de rembourser le pr\u00eat de formation. Cela peut inclure la v\u00e9rification de vos revenus, de vos dettes existantes et de vos ant\u00e9c\u00e9dents de cr\u00e9dit. Si vous avez d\u00e9j\u00e0 d&rsquo;autres obligations de paiement, vous devriez savoir <a href=\"https:\/\/www.miro-kredit.ch\/fr\/inscription-a-la-zek-combien-de-temps\/\" title=\"Inscription \u00e0 la ZEK : combien de temps ?\">combien de temps une inscription ZEK<\/a> reste en vigueur. Cela peut avoir une influence sur un nouvel emprunt.<\/li>\n<li><strong>Programme d&rsquo;\u00e9tudes et progression dans les \u00e9tudes :<\/strong> certains pr\u00eateurs peuvent avoir des exigences sp\u00e9cifiques concernant le programme d&rsquo;\u00e9tudes ou la progression dans les \u00e9tudes. Par exemple, ils peuvent exiger que vous soyez dans une certaine ann\u00e9e d&rsquo;\u00e9tudes ou que vous visiez un certain dipl\u00f4me.<\/li>\n<\/ul>\n<p>Apr\u00e8s avoir v\u00e9rifi\u00e9 votre \u00e9ligibilit\u00e9, vous pouvez commencer \u00e0 faire votre demande proprement dite. Plus t\u00f4t vous vous informerez sur les diff\u00e9rentes options de cr\u00e9dit, plus vous aurez de chances d&rsquo;obtenir un pr\u00eat \u00e9ducation adapt\u00e9 \u00e0 vos besoins. C&rsquo;est pourquoi il vaut la peine de commencer suffisamment t\u00f4t \u00e0 comparer les cr\u00e9dits aupr\u00e8s de Miro Kredit AG.<\/p><\/div>\n<\/div>\n<div class=\"faq-wrapper\">\n<div class=\"container container-row\">\n<h2>FAQ<\/h2>\n<ul class=\"accordion\" data-accordion=\"\">\n<li class=\"accordion-navigation\">\n<a href=\"#faq-1\" title=\"Qu'est-ce qu'un cr\u00e9dit de formation ?\">\n<h3>Qu&rsquo;est-ce qu&rsquo;un cr\u00e9dit de formation ?<\/h3>\n<\/a>\n<div id=\"faq-1\" class=\"content active\">Un cr\u00e9dit de formation est une aide financi\u00e8re qui permet aux \u00e9tudiants de couvrir leurs frais de formation tels que les frais de scolarit\u00e9, les frais de subsistance et le mat\u00e9riel p\u00e9dagogique. Ce cr\u00e9dit est g\u00e9n\u00e9ralement octroy\u00e9 \u00e0 un taux d&rsquo;int\u00e9r\u00eat fixe et doit \u00eatre rembours\u00e9 \u00e0 la fin de la formation.<\/div>\n<\/li>\n<li class=\"accordion-navigation\">\n<a href=\"#faq-2\" title=\"Combien co\u00fbte une formation en Suisse ?\">\n<h3>Combien co\u00fbte une formation en Suisse ?<\/h3>\n<\/a>\n<div id=\"faq-2\" class=\"content\">Le co\u00fbt d&rsquo;une formation en Suisse peut varier en fonction du type de formation, de l&rsquo;institution et des circonstances personnelles. En moyenne, les \u00e9tudiants suisses d\u00e9pensent environ 25.000 CHF par an pour leur formation.<\/div>\n<\/li>\n<li class=\"accordion-navigation\">\n<a href=\"#faq-3\" title=\"Qui re\u00e7oit une bourse d'\u00e9tudes en Suisse ?\">\n<h3>Qui re\u00e7oit une bourse d&rsquo;\u00e9tudes en Suisse ?<\/h3>\n<\/a>\n<div id=\"faq-3\" class=\"content\">Les bourses d&rsquo;\u00e9tudes en Suisse sont attribu\u00e9es en tenant compte de diff\u00e9rents crit\u00e8res, notamment les besoins financiers, les r\u00e9sultats acad\u00e9miques et d&rsquo;autres conditions sp\u00e9cifiques. Les personnes \u00e9ligibles peuvent \u00eatre des citoyens suisses, des \u00e9tudiants \u00e9trangers r\u00e9sidant en Suisse, des r\u00e9fugi\u00e9s et m\u00eame des Suisses de l&rsquo;\u00e9tranger.<\/div>\n<\/li>\n<li class=\"accordion-navigation\">\n<a href=\"#faq-4\" title=\"Comment puis-je financer ma formation ?\">\n<h3>Comment puis-je financer ma formation ?<\/h3>\n<\/a>\n<div id=\"faq-4\" class=\"content\">Le financement de la formation en Suisse peut \u00eatre assur\u00e9 par diff\u00e9rents moyens. Ainsi, les bourses, les fonds, les aides priv\u00e9es, les jobs d&rsquo;appoint et le cr\u00e9dit de formation entrent notamment en ligne de compte. Souvent, une combinaison de diff\u00e9rents moyens de financement peut \u00e9galement s&rsquo;av\u00e9rer judicieuse pour couvrir les frais de formation.<\/div>\n<\/li>\n<\/ul>\n<\/div>\n<\/div>\n<div class=\"checking-your-credit-score\">\n<div class=\"container container-row text-center\"><img loading=\"lazy\" decoding=\"async\" style=\"margin-bottom: 40px;\" src=\"https:\/\/www.miro-kredit.ch\/wp-content\/uploads\/2024\/01\/miro-kredit-swiss.png\" alt=\"Miro Kredit Suisse - Conclusion\" width=\"132\" height=\"132\"\/>\n<h2>Conclusion<\/h2>\n<p>Financer vos \u00e9tudes peut \u00eatre une t\u00e2che d\u00e9courageante, mais il existe de nombreuses fa\u00e7ons diff\u00e9rentes de le faire. Ainsi, la Suisse offre une multitude de possibilit\u00e9s de financement pour les formations &#8211; des bourses d&rsquo;\u00c9tat et des pr\u00eats priv\u00e9s aux travaux d&rsquo;\u00e9tudiants et aux bourses de fondation. <\/p>\n<p>Le cr\u00e9dit de formation constitue \u00e0 cet \u00e9gard une possibilit\u00e9 particuli\u00e8rement attrayante de financement de la formation. Toutefois, il est judicieux de s&rsquo;informer suffisamment t\u00f4t sur les options disponibles et de d\u00e9velopper des strat\u00e9gies de financement individuelles afin de cr\u00e9er une base solide pour une formation r\u00e9ussie.<\/p>\n<\/div>\n<\/div>\n","protected":false},"excerpt":{"rendered":"<p>Cr\u00e9dit de formation Suisse En Suisse, la formation pendant la scolarit\u00e9 obligatoire est gratuite. Toutefois, le financement de la fr\u00e9quentation&#8230;<\/p>\n","protected":false},"author":4,"featured_media":4122,"parent":0,"menu_order":0,"comment_status":"closed","ping_status":"closed","template":"page-default-2024.php","meta":{"footnotes":""},"class_list":["post-4153","page","type-page","status-publish","has-post-thumbnail","hentry"],"_links":{"self":[{"href":"https:\/\/www.miro-kredit.ch\/fr\/wp-json\/wp\/v2\/pages\/4153","targetHints":{"allow":["GET"]}}],"collection":[{"href":"https:\/\/www.miro-kredit.ch\/fr\/wp-json\/wp\/v2\/pages"}],"about":[{"href":"https:\/\/www.miro-kredit.ch\/fr\/wp-json\/wp\/v2\/types\/page"}],"author":[{"embeddable":true,"href":"https:\/\/www.miro-kredit.ch\/fr\/wp-json\/wp\/v2\/users\/4"}],"replies":[{"embeddable":true,"href":"https:\/\/www.miro-kredit.ch\/fr\/wp-json\/wp\/v2\/comments?post=4153"}],"version-history":[{"count":6,"href":"https:\/\/www.miro-kredit.ch\/fr\/wp-json\/wp\/v2\/pages\/4153\/revisions"}],"predecessor-version":[{"id":4987,"href":"https:\/\/www.miro-kredit.ch\/fr\/wp-json\/wp\/v2\/pages\/4153\/revisions\/4987"}],"wp:featuredmedia":[{"embeddable":true,"href":"https:\/\/www.miro-kredit.ch\/fr\/wp-json\/wp\/v2\/media\/4122"}],"wp:attachment":[{"href":"https:\/\/www.miro-kredit.ch\/fr\/wp-json\/wp\/v2\/media?parent=4153"}],"curies":[{"name":"wp","href":"https:\/\/api.w.org\/{rel}","templated":true}]}}