{"id":4077,"date":"2024-07-24T15:30:00","date_gmt":"2024-07-24T13:30:00","guid":{"rendered":"https:\/\/www.miro-kredit.ch\/?page_id=4077"},"modified":"2025-05-14T13:52:14","modified_gmt":"2025-05-14T11:52:14","slug":"credit-prive-pour-limmobilier","status":"publish","type":"page","link":"https:\/\/www.miro-kredit.ch\/fr\/credit-prive-pour-limmobilier\/","title":{"rendered":"Cr\u00e9dit priv\u00e9 pour l&rsquo;immobilier"},"content":{"rendered":"<div class=\"ready-to-take-out-loan online-rate-calculator\">\n<div class=\"container\">\n<div class=\"full-text-column\">\n<h1>Cr\u00e9dit priv\u00e9 pour l&rsquo;immobilier<\/h1>\n<p>Vous souhaitez r\u00e9aliser votre r\u00eave de devenir propri\u00e9taire, mais vous n&rsquo;\u00eates pas s\u00fbr de pouvoir vous le permettre avec vos fonds propres ? L&rsquo;acquisition d&rsquo;un bien immobilier en Suisse est un investissement important et constitue souvent une d\u00e9cision qui change la vie. Dans la plupart des cas, le soutien financier des banques est indispensable.<\/p>\n<p>Mais comment r\u00e9ussir le financement d&rsquo;une maison ou d&rsquo;une construction et quelles sont les possibilit\u00e9s de financement pour l&rsquo;achat d&rsquo;un bien immobilier ?<\/p>\n<p>Dans ce contexte, un cr\u00e9dit priv\u00e9 peut \u00eatre une option int\u00e9ressante pour r\u00e9aliser son r\u00eave de devenir propri\u00e9taire ou pour r\u00e9nover un bien immobilier existant. Miro Kredit AG vous offre une plate-forme fiable pour comparer les offres de cr\u00e9dit appropri\u00e9es et trouver une solution sur mesure pour votre financement immobilier.<\/p>\n<\/div>\n<\/div>\n<\/div>\n<div class=\"taking-out-loan\" style=\"margin-bottom: 0;\"><img loading=\"lazy\" decoding=\"async\" src=\"https:\/\/www.miro-kredit.ch\/wp-content\/uploads\/2024\/07\/Credit-prive-pour-limmobilier-Hypotheque-vs-credit.jpg\" alt=\"Cr\u00e9dit priv\u00e9 pour l'immobilier \u27a4 Hypoth\u00e8que vs. cr\u00e9dit\" width=\"1280\" height=\"640\" \/>\n<div class=\"text-column\">\n<h2>Quand un cr\u00e9dit priv\u00e9 pour l&rsquo;acquisition d&rsquo;un bien immobilier est-il judicieux ?<\/h2>\n<p>Un cr\u00e9dit priv\u00e9 pour l&rsquo;acquisition d&rsquo;un bien immobilier peut \u00eatre utile dans diff\u00e9rentes situations &#8211; notamment si vous souhaitez investir dans votre avenir en achetant un bien immobilier. Si, <strong>par exemple, vos fonds propres ne suffisent pas<\/strong> \u00e0 financer enti\u00e8rement le bien immobilier par vos propres moyens, un pr\u00eat immobilier sous la forme d&rsquo;un cr\u00e9dit priv\u00e9 peut s&rsquo;av\u00e9rer utile.<\/p>\n<p>D&rsquo;autre part, un cr\u00e9dit immobilier est \u00e9galement utile si vous souhaitez <strong>r\u00e9nover votre logement actuel<\/strong>. De cette mani\u00e8re, vous pouvez vous m\u00e9nager une marge de man\u0153uvre financi\u00e8re et r\u00e9partir les co\u00fbts de votre bien immobilier sur une p\u00e9riode donn\u00e9e. Le cr\u00e9dit priv\u00e9 peut \u00e9galement \u00eatre une solution int\u00e9ressante pour <strong>l&rsquo;achat d&rsquo;une maison de vacances ou d&rsquo;un bien d&rsquo;investissement pour lesquels<\/strong> les hypoth\u00e8ques traditionnelles ne sont peut-\u00eatre pas disponibles.<\/p>\n<\/div>\n<\/div>\n<div class=\"ready-to-take-out-loan online-rate-calculator\">\n<div class=\"container container-row\">\n<h3>Cr\u00e9dit pour la r\u00e9novation<\/h3>\n<p>La r\u00e9novation d&rsquo;un bien immobilier peut \u00eatre un investissement financi\u00e8rement int\u00e9ressant &#8211; surtout si la valeur du bien augmente en raison des travaux de r\u00e9novation et d&rsquo;assainissement. Qu&rsquo;il s&rsquo;agisse de <strong>moderniser un b\u00e2timent ancien, de remplacer la cuisine, de r\u00e9am\u00e9nager le jardin<\/strong> ou d&rsquo;installer <strong>des panneaux solaires<\/strong>, les projets de r\u00e9novation n\u00e9cessitent souvent des moyens financiers importants.<\/p>\n<p>Si vous \u00eates d\u00e9j\u00e0 propri\u00e9taire d&rsquo;un bien immobilier et que vous souhaitez le r\u00e9nover ou l&rsquo;assainir, un <a title=\"Cr\u00e9dit pour la modernisation\" href=\"https:\/\/www.miro-kredit.ch\/fr\/credit-pour-la-modernisation\/\">cr\u00e9dit de r\u00e9novation<\/a> peut s&rsquo;av\u00e9rer utile. Celui-ci offre une <strong>solution de financement flexible et rapide<\/strong> qui vous permet de vous lancer dans la r\u00e9novation de votre logement.<\/p>\n<h3>Avantages du cr\u00e9dit priv\u00e9 par rapport \u00e0 une hypoth\u00e8que<\/h3>\n<p>Les hypoth\u00e8ques et les pr\u00eats personnels remplissent des objectifs diff\u00e9rents et ont des conditions cadres diff\u00e9rentes. Dans le cas d&rsquo;une hypoth\u00e8que pour une r\u00e9novation, la banque exige un gage comme <strong>garantie pour le pr\u00eat immobilier<\/strong>. Celui-ci se compose du bien immobilier financ\u00e9, qui est appel\u00e9 <strong>gage immobilier<\/strong>. Si vous ne pouvez pas payer les int\u00e9r\u00eats ou les remboursements, le pr\u00eateur a le droit de vendre le bien immobilier et de r\u00e9gler les cr\u00e9ances en cours avec le produit de la vente. La c\u00e9dule hypoth\u00e9caire fixe le <strong>montant de l&rsquo;hypoth\u00e8que ou du cr\u00e9dit sur le bien immobilier<\/strong>.<\/p>\n<p>Pour \u00e9viter cela, vous avez la possibilit\u00e9 de contracter un cr\u00e9dit priv\u00e9. Avec un tel cr\u00e9dit priv\u00e9, vous pouvez \u00e9viter l&rsquo;augmentation de la c\u00e9dule hypoth\u00e9caire. De cette mani\u00e8re, vous pouvez non seulement <strong>\u00e9conomiser les frais de notaire li\u00e9s \u00e0 l&rsquo;augmentation de la c\u00e9dule hypoth\u00e9caire<\/strong>, mais aussi vous assurer d&rsquo;obtenir le pr\u00eat le plus rapidement possible, car <strong>les cr\u00e9dits priv\u00e9s sont g\u00e9n\u00e9ralement octroy\u00e9s plus rapidement et plus facilement<\/strong> que les hypoth\u00e8ques. Le cr\u00e9dit priv\u00e9 est donc souvent le meilleur choix pour la r\u00e9novation d&rsquo;un bien immobilier, et ce pour de nombreuses raisons.<\/p>\n<h3>Prendre en compte les co\u00fbts suppl\u00e9mentaires<\/h3>\n<p>Comme nous l&rsquo;avons d\u00e9j\u00e0 mentionn\u00e9, l&rsquo;acquisition ou la r\u00e9novation d&rsquo;un bien immobilier entra\u00eene souvent, outre le prix d&rsquo;achat ou les frais de r\u00e9novation, des d\u00e9penses suppl\u00e9mentaires dont vous devez absolument tenir compte. Il s&rsquo;agit par exemple des <strong>frais d&rsquo;avocat, des frais de cadastre, des assurances, des imp\u00f4ts<\/strong> et, le cas \u00e9ch\u00e9ant, des <strong>frais d&rsquo;\u00e9valuation du bien immobilier<\/strong>.<\/p>\n<p>Ces co\u00fbts suppl\u00e9mentaires d&rsquo;une hypoth\u00e8que classique peuvent \u00eatre importants et ne doivent donc pas \u00eatre n\u00e9glig\u00e9s lors de la planification de votre solution de financement. Un <strong>pr\u00eat personnel<\/strong> peut vous aider \u00e0 couvrir ces co\u00fbts suppl\u00e9mentaires et \u00e0 g\u00e9rer efficacement votre budget.<\/p>\n<\/div>\n<\/div>\n<div class=\"checking-your-credit-score\">\n<div class=\"container container-row\">\n<h2>Quelle est la diff\u00e9rence entre une hypoth\u00e8que et un cr\u00e9dit ?<\/h2>\n<p>La principale diff\u00e9rence entre une hypoth\u00e8que et un pr\u00eat r\u00e9side dans le type de garantie accord\u00e9e au pr\u00eateur. Dans le cas d&rsquo;une hypoth\u00e8que, le <strong>bien immobilier lui-m\u00eame est utilis\u00e9 comme garantie pour le pr\u00eat<\/strong>. Cela signifie qu&rsquo;en cas de d\u00e9faut de paiement, le pr\u00eateur a le droit de vendre le bien immobilier afin de rembourser la dette en cours.<\/p>\n<p>En revanche, dans le cas d&rsquo;un cr\u00e9dit, la garantie n&rsquo;est pas n\u00e9cessairement fournie par un bien immobilier. Cela signifie que, dans le cas d&rsquo;un cr\u00e9dit priv\u00e9, <strong>d&rsquo;autres actifs ou la solvabilit\u00e9 de l&#8217;emprunteur<\/strong> peuvent servir d&rsquo;assurance de ce type. En outre, les cr\u00e9dits priv\u00e9s ne sont g\u00e9n\u00e9ralement pas affect\u00e9s \u00e0 un usage particulier.<\/p>\n<p>Le choix entre une hypoth\u00e8que et un cr\u00e9dit d\u00e9pend en grande partie de vos besoins financiers et des circonstances. En Suisse, vous devez g\u00e9n\u00e9ralement financer 20 % de la valeur du bien immobilier par des fonds propres, tandis que vous pouvez financer les <strong>80 % restants par des fonds \u00e9trangers<\/strong>, comme une hypoth\u00e8que.<\/p>\n<p>Si vous souhaitez financer une r\u00e9novation, vous avez la possibilit\u00e9 d&rsquo;augmenter votre hypoth\u00e8que. Vous pouvez \u00e9galement souscrire un cr\u00e9dit priv\u00e9 s\u00e9par\u00e9. Si une augmentation de l&rsquo;hypoth\u00e8que n&rsquo;est pas possible, le <strong>recours \u00e0 un cr\u00e9dit priv\u00e9 peut tout \u00e0 fait \u00eatre une option flexible<\/strong>. Ainsi, les cr\u00e9dits priv\u00e9s offrent quelques avantages d\u00e9cisifs par rapport \u00e0 l&rsquo;hypoth\u00e8que.<\/p>\n<h3>Avantages du cr\u00e9dit<\/h3>\n<p>Un pr\u00eat personnel pr\u00e9sente plusieurs avantages par rapport \u00e0 d&rsquo;autres options de financement, notamment lorsqu&rsquo;il s&rsquo;agit d&rsquo;acqu\u00e9rir ou de r\u00e9nover un bien immobilier :<\/p>\n<ul>\n<li>Les pr\u00eats personnels offrent <a title=\"Cr\u00e9dit pour couple\" href=\"https:\/\/www.miro-kredit.ch\/fr\/credit-pour-couples\/\"><strong>des conditions flexibles et des options de remboursement am\u00e9lior\u00e9es<\/strong><\/a>, ce qui permet de les adapter \u00e0 vos besoins et \u00e0 vos possibilit\u00e9s financi\u00e8res.<\/li>\n<li>Lors de la souscription d&rsquo;un cr\u00e9dit priv\u00e9, il n&rsquo;est g\u00e9n\u00e9ralement <strong>pas n\u00e9cessaire de transf\u00e9rer les droits de gage immobilier du bien au pr\u00eateur<\/strong>.<\/li>\n<li>Comme vous n&rsquo;avez <strong>pas besoin de fonds propres<\/strong> pour contracter un cr\u00e9dit priv\u00e9, le financement est consid\u00e9rablement facilit\u00e9.<\/li>\n<li>Enfin, les pr\u00eats personnels offrent <strong>une plus grande flexibilit\u00e9 quant \u00e0 l&rsquo;utilisation<\/strong> des fonds emprunt\u00e9s, de sorte qu&rsquo;ils peuvent \u00eatre utilis\u00e9s \u00e0 diff\u00e9rentes fins, sans restrictions sp\u00e9cifiques.<\/li>\n<\/ul>\n<h3>Quel est le taux d&rsquo;int\u00e9r\u00eat d&rsquo;un cr\u00e9dit priv\u00e9 ?<\/h3>\n<p>Les co\u00fbts du cr\u00e9dit priv\u00e9 se composent, outre le taux annuel effectif global, du montant du cr\u00e9dit et de la dur\u00e9e. Sur la base de ces facteurs, vous pouvez facilement calculer le co\u00fbt total du cr\u00e9dit \u00e0 l&rsquo;aide de notre <a href=\"https:\/\/www.miro-kredit.ch\/fr\/la-calculatrice-de-credit\/\" title=\"Calculatrice de cr\u00e9dit\">calculatrice de cr\u00e9dit<\/a>. Vous pouvez <strong>choisir vous-m\u00eame le montant du cr\u00e9dit et la dur\u00e9e<\/strong>, le taux annuel effectif global \u00e9tant fix\u00e9 par le pr\u00eateur. Ce taux d&rsquo;int\u00e9r\u00eat, qui est d\u00e9termin\u00e9 dans le cadre d&rsquo;un examen de la solvabilit\u00e9, tient compte de tous les co\u00fbts du cr\u00e9dit priv\u00e9. Actuellement, les taux d&rsquo;int\u00e9r\u00eat pour les cr\u00e9dits priv\u00e9s se situent <strong>entre 4,5 % et 9,95 %<\/strong> chez la plupart des pr\u00eateurs suisses.<\/p>\n<h3>Un pr\u00eat personnel est-il imposable ?<\/h3>\n<p>Non, si vous obtenez un pr\u00eat en Suisse, vous ne devez pas payer d&rsquo;imp\u00f4ts sur celui-ci &#8211; au contraire : en tant qu&#8217;emprunteur, vous avez la possibilit\u00e9 de faire <strong>valoir une d\u00e9duction fiscale sur les int\u00e9r\u00eats<\/strong>. Pour ce faire, les int\u00e9r\u00eats d\u00e9biteurs pay\u00e9s sont r\u00e9sum\u00e9s une fois par an par les instituts de cr\u00e9dit dans une attestation dite d&rsquo;int\u00e9r\u00eats. Vous recevez ensuite cette attestation au d\u00e9but de la nouvelle ann\u00e9e, ce qui vous permet de la faire valoir dans votre d\u00e9claration d&rsquo;imp\u00f4ts.<\/p>\n<p>Si vous avez d&rsquo;autres questions concernant les int\u00e9r\u00eats et les imp\u00f4ts, vous devriez vous adresser \u00e0 un conseiller fiscal exp\u00e9riment\u00e9 afin d&rsquo;obtenir une \u00e9valuation pr\u00e9cise de vos possibilit\u00e9s.\n<\/p><\/div>\n<\/div>\n<div class=\"ready-to-take-out-loan online-rate-calculator\">\n<div class=\"container container-row\">\n<img loading=\"lazy\" decoding=\"async\" style=\"margin-bottom: 48px;\" src=\"https:\/\/www.miro-kredit.ch\/wp-content\/uploads\/2024\/07\/Indice-suisse-des-prix-de-limmobilier-residentiel-IMPI.png\" alt=\"Indice suisse des prix de l'immobilier r\u00e9sidentiel (IMPI)\" width=\"1170\" height=\"966\" \/>\n<\/div>\n<\/div>\n<div class=\"checking-your-credit-score\">\n<div class=\"container container-row text-center\"><img loading=\"lazy\" decoding=\"async\" style=\"margin-bottom: 40px;\" src=\"https:\/\/www.miro-kredit.ch\/wp-content\/uploads\/2024\/01\/miro-kredit-swiss.png\" alt=\"Miro Kredit Suisse - Conclusion\" width=\"132\" height=\"132\"\/>\n<h2>Conclusion<\/h2>\n<p>Si vous \u00eates \u00e0 la recherche d&rsquo;une possibilit\u00e9 de financement pour le bien immobilier de vos r\u00eaves, nous sommes le bon interlocuteur. Chez Miro Kredit AG, vous trouverez de nombreuses offres de financement immobilier, que vous d\u00e9cidiez d&rsquo;acheter un bien immobilier ou de le r\u00e9nover. <\/p>\n<\/div>\n<\/div>\n","protected":false},"excerpt":{"rendered":"<p>Cr\u00e9dit priv\u00e9 pour l&rsquo;immobilier Vous souhaitez r\u00e9aliser votre r\u00eave de devenir propri\u00e9taire, mais vous n&rsquo;\u00eates pas s\u00fbr de pouvoir vous&#8230;<\/p>\n","protected":false},"author":4,"featured_media":4041,"parent":0,"menu_order":0,"comment_status":"closed","ping_status":"closed","template":"page-default-2024.php","meta":{"footnotes":""},"class_list":["post-4077","page","type-page","status-publish","has-post-thumbnail","hentry"],"_links":{"self":[{"href":"https:\/\/www.miro-kredit.ch\/fr\/wp-json\/wp\/v2\/pages\/4077","targetHints":{"allow":["GET"]}}],"collection":[{"href":"https:\/\/www.miro-kredit.ch\/fr\/wp-json\/wp\/v2\/pages"}],"about":[{"href":"https:\/\/www.miro-kredit.ch\/fr\/wp-json\/wp\/v2\/types\/page"}],"author":[{"embeddable":true,"href":"https:\/\/www.miro-kredit.ch\/fr\/wp-json\/wp\/v2\/users\/4"}],"replies":[{"embeddable":true,"href":"https:\/\/www.miro-kredit.ch\/fr\/wp-json\/wp\/v2\/comments?post=4077"}],"version-history":[{"count":6,"href":"https:\/\/www.miro-kredit.ch\/fr\/wp-json\/wp\/v2\/pages\/4077\/revisions"}],"predecessor-version":[{"id":4960,"href":"https:\/\/www.miro-kredit.ch\/fr\/wp-json\/wp\/v2\/pages\/4077\/revisions\/4960"}],"wp:featuredmedia":[{"embeddable":true,"href":"https:\/\/www.miro-kredit.ch\/fr\/wp-json\/wp\/v2\/media\/4041"}],"wp:attachment":[{"href":"https:\/\/www.miro-kredit.ch\/fr\/wp-json\/wp\/v2\/media?parent=4077"}],"curies":[{"name":"wp","href":"https:\/\/api.w.org\/{rel}","templated":true}]}}