{"id":3449,"date":"2024-03-18T14:53:01","date_gmt":"2024-03-18T13:53:01","guid":{"rendered":"https:\/\/www.miro-kredit.ch\/?page_id=3449"},"modified":"2025-04-25T14:22:41","modified_gmt":"2025-04-25T12:22:41","slug":"credit-auto","status":"publish","type":"page","link":"https:\/\/www.miro-kredit.ch\/fr\/credit-auto\/","title":{"rendered":"Cr\u00e9dit auto Suisse"},"content":{"rendered":"<div class=\"taking-out-loan\" style=\"margin-bottom: 0;\"><img loading=\"lazy\" decoding=\"async\" src=\"https:\/\/www.miro-kredit.ch\/wp-content\/uploads\/2024\/03\/Credit-pour-voiture-en-Suisse-equitable-et-avantageux.jpg\" alt=\"Cr\u00e9dit pour voiture en Suisse : \u00e9quitable et avantageux\" width=\"1280\" height=\"720\"\/>\n<div class=\"text-column\">\n<h1>Cr\u00e9dit auto Suisse<\/h1>\n<p>Vous avez enfin d\u00e9couvert la voiture de vos r\u00eaves, mais vous ne pouvez pas vous l&rsquo;offrir pour le moment ? Avec le bon cr\u00e9dit, cela ne doit pas \u00eatre un obstacle ! Actuellement, la tendance est \u00e0 la consommation flexible, ce qui n&rsquo;exclut pas l&rsquo;achat d&rsquo;une voiture. Ainsi, une grande partie des v\u00e9hicules ne sont plus financ\u00e9s avec des \u00e9conomies, mais \u00e0 l&rsquo;aide d&rsquo;un cr\u00e9dit ou d&rsquo;un contrat de leasing.<\/p>\n<p>Miro Kredit AG vous aide \u00e0 trouver le cr\u00e9dit qui correspond \u00e0 vos besoins. Apprenez en outre ici comment financer au mieux une voiture en Suisse et quels sont les avantages d&rsquo;un financement automobile intelligent.<\/p>\n<p>Vous ne savez pas encore si vous devez acheter ou louer la voiture de vos r\u00eaves ? Vous trouverez ci-dessous des conseils importants \u00e0 ce sujet. N&rsquo;h\u00e9sitez pas \u00e0 nous contacter si vous avez d&rsquo;autres questions.<\/p>\n<\/div>\n<\/div>\n<div class=\"ready-to-take-out-loan online-rate-calculator\">\n<div class=\"container container-row\">\n<h2>Quel est le meilleur moyen de financer une voiture ?<\/h2>\n<p>Vous pouvez financer une voiture de diff\u00e9rentes mani\u00e8res. L&rsquo;option que vous devez choisir d\u00e9pend de plusieurs facteurs. <strong>L&rsquo;achat au comptant<\/strong> est <strong>l&rsquo;option la plus avantageuse<\/strong>. Dans ce cas, vous devenez <strong>propri\u00e9taire de la voiture<\/strong> et pouvez donc d\u00e9cider librement de l&rsquo;\u00e9quipement et de l&rsquo;assurance. Les acheteurs \u00e0 cr\u00e9dit sont \u00e9galement consid\u00e9r\u00e9s comme des acheteurs au comptant. Cela signifie que si vous ne disposez pas actuellement du prix d&rsquo;achat de la voiture, vous pouvez la financer <strong>\u00e0 l&rsquo;aide d&rsquo;un cr\u00e9dit<\/strong>.<\/p>\n<\/div>\n<\/div>\n<div class=\"ready-to-take-out-loan online-rate-calculator\" style=\"text-align: center;\"><img loading=\"lazy\" decoding=\"async\" class=\"hide-mobile\" style=\"width: 100%; max-width: 1440px;\" src=\"https:\/\/www.miro-kredit.ch\/wp-content\/uploads\/2024\/03\/credit-auto-vs-auto-leasing.png\" alt=\"CREDIT AUTO VS. AUTO LEASING\" width=\"1440\" height=\"649\"\/><img loading=\"lazy\" decoding=\"async\" class=\"hide-desktop\" style=\"width: 100%; max-width: 720px;\" src=\"https:\/\/www.miro-kredit.ch\/wp-content\/uploads\/2024\/03\/credit-auto-vs-auto-leasing-mobile.png\" alt=\"CREDIT AUTO VS. AUTO LEASING\" width=\"720\" height=\"1168\"\/><\/div>\n<div class=\"ready-to-take-out-loan online-rate-calculator\">\n<div class=\"container container-row\">\n<h3>Avantages d&rsquo;un financement automobile intelligent<\/h3>\n<p>Lors de l&rsquo;achat d&rsquo;une voiture, il est tr\u00e8s important de ne pas <strong>penser<\/strong> uniquement pour le moment, mais aussi <strong>\u00e0 long terme<\/strong>. Ainsi, un financement automobile intelligent, comme l&rsquo;achat \u00e0 cr\u00e9dit, le leasing ou un abonnement automobile, peut s&rsquo;av\u00e9rer payant plus tard.<\/p>\n<p>Avant de prendre une d\u00e9cision sur le mode de financement, vous devez prendre conscience de vos <strong>priorit\u00e9s<\/strong>. Souhaitez-vous composer vous-m\u00eame le v\u00e9hicule de vos r\u00eaves ou pr\u00e9f\u00e9rez-vous le confort ? En fonction de ce qui vous convient, les variantes mentionn\u00e9es <strong>pr\u00e9sentent diff\u00e9rents avantages et inconv\u00e9nients<\/strong>.<\/p>\n<h3>Louer ou acheter une voiture en Suisse : une aide \u00e0 la d\u00e9cision<\/h3>\n<p>Comme nous l&rsquo;avons d\u00e9j\u00e0 mentionn\u00e9, l&rsquo;achat au comptant est en principe le financement automobile le plus avantageux. De plus, vous \u00eates alors propri\u00e9taire de la voiture et avez le libre choix de l&rsquo;assurance. En r\u00e8gle g\u00e9n\u00e9rale, vous pouvez \u00e9galement d\u00e9cider vous-m\u00eame de <strong>la couleur, de l&rsquo;\u00e9quipement et d&rsquo;autres caract\u00e9ristiques<\/strong> lors de l&rsquo;achat d&rsquo;un v\u00e9hicule. Si vous pr\u00e9f\u00e9rez utiliser l&rsquo;argent que vous avez \u00e9conomis\u00e9 pour autre chose, vous pouvez \u00e9galement opter pour <strong>le leasing<\/strong>.<\/p>\n<p>S&rsquo;il s&rsquo;agit d&rsquo;un contrat de leasing classique, vous devez tenir compte des obligations de r\u00e9paration, des frais de reprise et des \u00e9ventuelles primes d&rsquo;assurance casco compl\u00e8te. Il est en outre important de ne pas tenir compte exclusivement des mensualit\u00e9s de leasing lors de l&rsquo;examen des co\u00fbts du v\u00e9hicule, mais de proc\u00e9der \u00e0 un <strong>calcul global<\/strong>.<\/p>\n<\/div>\n<\/div>\n<div class=\"checking-your-credit-score\" style=\"padding-bottom:32px\">\n<div class=\"container container-row\">\n<h2>Quand est-il utile d&rsquo;obtenir un cr\u00e9dit pour une voiture ?<\/h2>\n<p>Par rapport au leasing, le cr\u00e9dit automobile vous offre <strong>une plus grande libert\u00e9<\/strong> en ce qui concerne le choix de l&rsquo;assurance ou du garage. De plus, vous \u00eates libre de revendre votre voiture \u00e0 tout moment. Pour en savoir plus sur le <a href=\"https:\/\/www.miro-kredit.ch\/fr\/\" title=\"Cr\u00e9dit en ligne Suisse\">cr\u00e9dit en ligne en Suisse<\/a>, cliquez ici.<\/p>\n<p>Le leasing vous lie au contraire pour toute la dur\u00e9e du contrat. Les <strong>avantages du cr\u00e9dit automobile<\/strong> sont les suivants<\/p>\n<ul class=\"normal-ul\">\n<li>propre voiture d\u00e8s le premier jour<\/li>\n<li>Le versement d&rsquo;un acompte n&rsquo;est pas obligatoire<\/li>\n<li>Possibilit\u00e9 d&rsquo;acheter le v\u00e9hicule chez un concessionnaire ou un particulier<\/li>\n<li>rabais \u00e9lev\u00e9s envisageables, car le cr\u00e9dit automobile permet de payer comptant et de disposer d&rsquo;une plus grande marge de man\u0153uvre<\/li>\n<li>pas de frais suppl\u00e9mentaires, de frais de traitement ou de grand catalogue de tirage comme pour le leasing<\/li>\n<li>libre choix de l&rsquo;assurance v\u00e9hicule et du garage automobile<\/li>\n<li>Les int\u00e9r\u00eats d&#8217;emprunt peuvent \u00eatre d\u00e9duits des imp\u00f4ts pour un cr\u00e9dit automobile<\/li>\n<\/ul>\n<h3>Quel devrait \u00eatre le montant du cr\u00e9dit pour une voiture ?<\/h3>\n<p>Les cr\u00e9dits automobiles font partie des <strong>cr\u00e9dits \u00e0 la consommation<\/strong>. Dans ce cas, une certaine somme est mise \u00e0 votre disposition, que vous pouvez utiliser pour payer le v\u00e9hicule. Ainsi, le paiement mensuel comprend<\/p>\n<ol>\n<li>Partie correspondant au <strong>remboursement du pr\u00eat<\/strong><\/li>\n<li>Partie <strong>comprenant les int\u00e9r\u00eats<\/strong> (le montant d\u00e9pend de la somme emprunt\u00e9e ainsi que de la dur\u00e9e du pr\u00eat)<\/li>\n<\/ol>\n<\/div>\n<\/div>\n<div class=\"ready-to-take-out-loan online-rate-calculator\">\n<div class=\"container container-row\">\n<h2>Dur\u00e9e du cr\u00e9dit et charge mensuelle<\/h2>\n<p>Le financement d&rsquo;une voiture au moyen d&rsquo;un cr\u00e9dit automobile d\u00e9pend notamment de la dur\u00e9e du cr\u00e9dit et de la charge mensuelle. Il est important que vous r\u00e9fl\u00e9chissiez suffisamment t\u00f4t au montant que vous pouvez et souhaitez payer chaque mois pour votre cr\u00e9dit automobile.<\/p>\n<h3>Combien faut-il payer par mois pour le cr\u00e9dit automobile ?<\/h3>\n<p>Une r\u00e8gle g\u00e9n\u00e9rale veut que les mensualit\u00e9s <strong>ne d\u00e9passent pas 15 % du revenu net<\/strong> en moyenne. Par exemple, si vous prenez un cr\u00e9dit au taux d&rsquo;int\u00e9r\u00eat actuel pour financer une voiture de 49 000 CHF, la mensualit\u00e9 peut s&rsquo;\u00e9lever \u00e0 environ 1 102,70 CHF. Nous vous informons sur les <strong>taux d&rsquo;int\u00e9r\u00eat en vigueur<\/strong>.<\/p>\n<h3>Quand une voiture doit-elle \u00eatre pay\u00e9e ?<\/h3>\n<p>La dur\u00e9e d&rsquo;un cr\u00e9dit automobile peut \u00eatre <strong>fix\u00e9e de mani\u00e8re tr\u00e8s flexible<\/strong>. La plupart du temps, il s&rsquo;agit d&rsquo;une p\u00e9riode de <strong>12 \u00e0 84 mois<\/strong>, c&rsquo;est-\u00e0-dire entre un et sept ans. N&rsquo;oubliez pas que plus la dur\u00e9e est courte, plus les mensualit\u00e9s sont \u00e9lev\u00e9es. En revanche, si vous choisissez une dur\u00e9e plus longue, vous pourrez mieux pr\u00e9server votre <strong>\u00e9quilibre financier<\/strong> tout en investissant dans d&rsquo;autres domaines de votre vie.<\/p>\n<p>Nous vous aidons \u00e0 d\u00e9finir une mensualit\u00e9 <strong>parfaitement adapt\u00e9e \u00e0 votre budget<\/strong>.<\/p>\n<h3>Quels sont les taux d&rsquo;int\u00e9r\u00eat actuels pour le financement d&rsquo;une voiture ?<\/h3>\n<p>Les conditions du march\u00e9 \u00e9tant en constante \u00e9volution, nous adaptons nos offres de cr\u00e9dit en cons\u00e9quence. Les possibilit\u00e9s existantes d\u00e9pendent \u00e9galement de la capacit\u00e9 de cr\u00e9dit (solvabilit\u00e9) du d\u00e9biteur\/de la d\u00e9bitrice. En tant qu&rsquo;interm\u00e9diaires de cr\u00e9dit exp\u00e9riment\u00e9s, nous nous sommes donn\u00e9 pour mission de proposer \u00e0 chaque client le cr\u00e9dit \u00e0 temp\u00e9rament qui lui convient individuellement, car un <a href=\"https:\/\/www.miro-kredit.ch\/fr\/credit-bon-marche\/\" title=\"Cr\u00e9dit bon march\u00e9 Suisse\">cr\u00e9dit avantageux<\/a> est souvent la condition sine qua non pour pouvoir r\u00e9aliser ses r\u00eaves de vie.<\/p>\n<\/div>\n<\/div>\n<div class=\"checking-your-credit-score\">\n<div class=\"container container-row\">\n<h2>Un financement qui a fait ses preuves : les cr\u00e9dits auto de Miro Kredit AG<\/h2>\n<p>Lorsque les clients doivent faire confiance, la comp\u00e9tence et l&rsquo;exp\u00e9rience sont particuli\u00e8rement importantes. En mati\u00e8re de cr\u00e9dit, la transparence et la fiabilit\u00e9 sont primordiales. La soci\u00e9t\u00e9 <strong>Miro Kredit<\/strong> AG de B\u00e2le est active depuis 1978 d\u00e9j\u00e0 en tant qu&rsquo;interm\u00e9diaire de cr\u00e9dit et peut donc se pr\u00e9valoir d&rsquo;une tr\u00e8s grande exp\u00e9rience dans la n\u00e9gociation <strong>de pr\u00eats avantageux<\/strong>.<\/p>\n<p>L&rsquo;entreprise s&rsquo;efforce toujours de proposer \u00e0 ses clients la solution de cr\u00e9dit optimale qui leur permet de r\u00e9aliser des investissements importants et des souhaits longtemps souhait\u00e9s. Les <strong>v\u00e9hicules<\/strong> et <strong>les motos<\/strong>, en particulier, sont volontiers financ\u00e9s en partie ou en totalit\u00e9 par un <strong>cr\u00e9dit automobile<\/strong>, raison pour laquelle l&rsquo;entreprise propose des offres adapt\u00e9es.<\/p>\n<p>Le financement d&rsquo;une voiture ou <strong>d&rsquo;une moto<\/strong> par <a href=\"https:\/\/www.miro-kredit.ch\/fr\/demande-de-pret\/\" title=\"Demande de pr\u00eat\">cr\u00e9dit<\/a> via <strong>Miro Kredit<\/strong> AG pr\u00e9sente plusieurs avantages : Les int\u00e9r\u00eats g\u00e9n\u00e9r\u00e9s par le <strong>paiement \u00e9chelonn\u00e9<\/strong> peuvent \u00eatre d\u00e9duits des imp\u00f4ts. De plus, le client n&rsquo;est pas oblig\u00e9 de conclure une assurance casco compl\u00e8te pour le v\u00e9hicule.<\/p>\n<p>En outre, le v\u00e9hicule peut \u00eatre revendu \u00e0 tout moment. Bien entendu, la demande de <strong>pr\u00eat \u00e0 des conditions avantageuses<\/strong> n&rsquo;entra\u00eene aucun frais pour le client. De plus, la <strong>demande de cr\u00e9dit est<\/strong> efficace, car la demande de cr\u00e9dit automobile avec calculateur de cr\u00e9dit int\u00e9gr\u00e9 peut \u00eatre facilement remplie et envoy\u00e9e en ligne, et le client re\u00e7oit rapidement une r\u00e9ponse.<\/p>\n<\/div>\n<\/div>\n","protected":false},"excerpt":{"rendered":"<p>Cr\u00e9dit auto Suisse Vous avez enfin d\u00e9couvert la voiture de vos r\u00eaves, mais vous ne pouvez pas vous l&rsquo;offrir pour&#8230;<\/p>\n","protected":false},"author":4,"featured_media":3445,"parent":0,"menu_order":0,"comment_status":"closed","ping_status":"closed","template":"page-landing.php","meta":{"footnotes":""},"class_list":["post-3449","page","type-page","status-publish","has-post-thumbnail","hentry"],"_links":{"self":[{"href":"https:\/\/www.miro-kredit.ch\/fr\/wp-json\/wp\/v2\/pages\/3449","targetHints":{"allow":["GET"]}}],"collection":[{"href":"https:\/\/www.miro-kredit.ch\/fr\/wp-json\/wp\/v2\/pages"}],"about":[{"href":"https:\/\/www.miro-kredit.ch\/fr\/wp-json\/wp\/v2\/types\/page"}],"author":[{"embeddable":true,"href":"https:\/\/www.miro-kredit.ch\/fr\/wp-json\/wp\/v2\/users\/4"}],"replies":[{"embeddable":true,"href":"https:\/\/www.miro-kredit.ch\/fr\/wp-json\/wp\/v2\/comments?post=3449"}],"version-history":[{"count":5,"href":"https:\/\/www.miro-kredit.ch\/fr\/wp-json\/wp\/v2\/pages\/3449\/revisions"}],"predecessor-version":[{"id":4894,"href":"https:\/\/www.miro-kredit.ch\/fr\/wp-json\/wp\/v2\/pages\/3449\/revisions\/4894"}],"wp:featuredmedia":[{"embeddable":true,"href":"https:\/\/www.miro-kredit.ch\/fr\/wp-json\/wp\/v2\/media\/3445"}],"wp:attachment":[{"href":"https:\/\/www.miro-kredit.ch\/fr\/wp-json\/wp\/v2\/media?parent=3449"}],"curies":[{"name":"wp","href":"https:\/\/api.w.org\/{rel}","templated":true}]}}