{"id":3255,"date":"2024-03-01T12:50:40","date_gmt":"2024-03-01T11:50:40","guid":{"rendered":"https:\/\/www.miro-kredit.ch\/kredit-mobel\/"},"modified":"2025-05-14T13:50:39","modified_gmt":"2025-05-14T11:50:39","slug":"credit-mobilier","status":"publish","type":"page","link":"https:\/\/www.miro-kredit.ch\/fr\/credit-mobilier\/","title":{"rendered":"Cr\u00e9dit mobilier"},"content":{"rendered":"<div class=\"ready-to-take-out-loan online-rate-calculator\">\n<div class=\"container\">\n<div class=\"full-text-column\">\n<h1>Cr\u00e9dit mobilier<\/h1>\n<p>Vous pr\u00e9voyez de d\u00e9m\u00e9nager ou de r\u00e9am\u00e9nager votre appartement ou votre maison ? Dans ce cas, vous avez g\u00e9n\u00e9ralement besoin du capital correspondant pour l&rsquo;am\u00e9nagement. Mais le budget disponible ne suffit pas toujours pour acheter imm\u00e9diatement tous les objets d&rsquo;am\u00e9nagement et les meubles n\u00e9cessaires. Dans ce cas, un cr\u00e9dit mobilier peut s&rsquo;av\u00e9rer utile.<\/p>\n<p>Chez Miro Kredit AG, vous trouverez des cr\u00e9dits priv\u00e9s \u00e0 des conditions particuli\u00e8rement avantageuses, ce qui vous permettra de r\u00e9aliser votre r\u00eave de logement le plus rapidement possible.<\/p>\n<\/div>\n<\/div>\n<\/div>\n<div class=\"taking-out-loan\" style=\"margin-bottom: 0;\">\n        <img loading=\"lazy\" decoding=\"async\" src=\"https:\/\/www.miro-kredit.ch\/wp-content\/uploads\/2024\/02\/credit-mobilier-solutions-de-financement-de-Miro-Kredit-AG.jpg\" alt=\"Credit mobilier solutions de financement de Miro Kredit AG\" width=\"940\" height=\"627\"\/>\n<div class=\"text-column\">\n<h2>Cr\u00e9dit priv\u00e9 pour l&rsquo;achat de meubles<\/h2>\n<p>Miro Kredit AG vous propose une plateforme conviviale et transparente de comparaison de cr\u00e9dits qui vous permet de trouver le cr\u00e9dit priv\u00e9 qui vous convient pour l&rsquo;achat de vos meubles. Gr\u00e2ce \u00e0 notre <strong>calculateur de cr\u00e9dit en ligne<\/strong>, vous pouvez obtenir votre premi\u00e8re <strong>offre de cr\u00e9dit gratuite et sans engagement.<\/strong> Il vous suffit de saisir le montant du cr\u00e9dit souhait\u00e9 ainsi que la dur\u00e9e et vous obtiendrez directement un aper\u00e7u de la mensualit\u00e9, int\u00e9r\u00eats compris.<\/p>\n<p>Un cr\u00e9dit mobilier vous permet de <strong>financer facilement les co\u00fbts de l&rsquo;am\u00e9nagement de votre choix sans<\/strong> devoir d\u00e9penser d&rsquo;un coup tout votre budget. Gr\u00e2ce \u00e0 la flexibilit\u00e9 du remboursement, vous pouvez facilement adapter votre charge financi\u00e8re \u00e0 vos possibilit\u00e9s individuelles.<\/p>\n<\/div>\n<\/div>\n<div class=\"ready-to-take-out-loan online-rate-calculator\">\n<div class=\"container container-row\">\n<h3>C&rsquo;est pourquoi un cr\u00e9dit peut \u00eatre plus judicieux qu&rsquo;un paiement en esp\u00e8ces<\/h3>\n<p>Un paiement au comptant peut sembler tentant \u00e0 premi\u00e8re vue, car vous n&rsquo;avez pas d&rsquo;int\u00e9r\u00eats \u00e0 payer. Mais il y a plusieurs raisons pour lesquelles un cr\u00e9dit priv\u00e9 pour l&rsquo;achat de meubles peut \u00eatre plus judicieux. D&rsquo;une part, le financement par cr\u00e9dit vous permet de pr\u00e9server vos <strong>liquidit\u00e9s<\/strong> et de disposer ainsi d&rsquo;une plus grande marge de man\u0153uvre en cas de d\u00e9penses impr\u00e9vues. D&rsquo;autre part, le remboursement \u00e9chelonn\u00e9 vous permet de mieux contr\u00f4ler votre charge financi\u00e8re.<\/p>\n<p>Un autre avantage r\u00e9side dans le fait que si vous <a href=\"https:\/\/www.miro-kredit.ch\/fr\/solvabilite\/\" title=\"Solvabilit\u00e9\">avez une bonne solvabilit\u00e9<\/a>, vous pouvez obtenir des <strong>conditions particuli\u00e8rement int\u00e9ressantes<\/strong> pour votre cr\u00e9dit mobilier. En particulier, si vous avez rapidement besoin d&rsquo;un capital suppl\u00e9mentaire et que l&rsquo;\u00e9pargne n&rsquo;est pas une option, un cr\u00e9dit peut \u00eatre une solution appropri\u00e9e. De plus, un cr\u00e9dit est <strong>particuli\u00e8rement adapt\u00e9 aux achats de longue dur\u00e9e comme les meubles<\/strong>, car les co\u00fbts peuvent ainsi \u00eatre r\u00e9partis sur une plus longue p\u00e9riode.<\/p>\n<\/div>\n<\/div>\n<div class=\"checking-your-credit-score\">\n<div class=\"container container-row\">\n<h3>\u00c9viter les taux d&rsquo;int\u00e9r\u00eat \u00e9lev\u00e9s des cartes de cr\u00e9dit lors des achats<\/h3>\n<p>Souvent, les gens ont tendance \u00e0 utiliser leur carte de cr\u00e9dit pour acheter des meubles. Or, cela peut entra\u00eener des int\u00e9r\u00eats \u00e9lev\u00e9s sur les cartes de cr\u00e9dit, qui augmentent consid\u00e9rablement le co\u00fbt total. En souscrivant un cr\u00e9dit priv\u00e9 via Miro Kredit AG, vous pouvez <strong>\u00e9viter ces taux d&rsquo;int\u00e9r\u00eat \u00e9lev\u00e9s<\/strong> et profiter de conditions nettement plus avantageuses.<\/p>\n<p>Le financement de vos meubles par le biais d&rsquo;un cr\u00e9dit priv\u00e9 est donc une <strong>solution particuli\u00e8rement avantageuse et flexible<\/strong>. Miro Kredit AG se tient \u00e0 vos c\u00f4t\u00e9s en tant que partenaire de confiance pour vous aider \u00e0 choisir le cr\u00e9dit optimal pour l&rsquo;achat de vos meubles. Profitez des avantages d&rsquo;un financement cibl\u00e9 et organisez votre vie entre vos quatre murs comme vous l&rsquo;entendez !<\/p>\n<\/div>\n<\/div>\n<div class=\"ready-to-take-out-loan online-rate-calculator\">\n<div class=\"container container-row\">\n<h2>Quelle est la diff\u00e9rence entre un cr\u00e9dit et un pr\u00eat ?<\/h2>\n<p>Les termes \u00ab\u00a0cr\u00e9dit\u00a0\u00bb et \u00ab\u00a0pr\u00eat\u00a0\u00bb sont souvent utilis\u00e9s de mani\u00e8re interchangeable, bien qu&rsquo;il existe quelques diff\u00e9rences subtiles entre les deux. En principe, un cr\u00e9dit est une <strong>mise \u00e0 disposition temporaire d&rsquo;argent ou d&rsquo;actifs<\/strong> que l&#8217;emprunteur doit rembourser &#8211; souvent avec des int\u00e9r\u00eats. Cela d\u00e9signe en premier lieu les cr\u00e9dits \u00e0 la consommation.<\/p>\n<p>Un pr\u00eat, quant \u00e0 lui, est une forme particuli\u00e8re de cr\u00e9dit dans laquelle une <strong>somme d&rsquo;argent fixe est mise \u00e0 disposition pour une p\u00e9riode d\u00e9termin\u00e9e<\/strong>. On trouve donc souvent des pr\u00eats aupr\u00e8s de personnes priv\u00e9es qui se pr\u00eatent de l&rsquo;argent sans demander d&rsquo;int\u00e9r\u00eats. Mais les banques suisses utilisent \u00e9galement le terme de pr\u00eat &#8211; par exemple pour des financements avec des garanties d\u00e9pos\u00e9es.<\/p>\n<\/div>\n<\/div>\n<div class=\"checking-your-credit-score\">\n<div class=\"container container-row\">\n<h3>Quelles sont les conditions \u00e0 remplir pour obtenir un cr\u00e9dit ?<\/h3>\n<p>Si vous souhaitez obtenir un cr\u00e9dit mobilier, la premi\u00e8re \u00e9tape formelle est la <a href=\"https:\/\/www.miro-kredit.ch\/fr\/demande-de-pret\/\" title=\"Demande de pr\u00eat\">demande de cr\u00e9dit<\/a>. Pour ce faire, vous devez d&rsquo;abord s\u00e9lectionner le <strong>cr\u00e9dit souhait\u00e9<\/strong>  \u00e0 l&rsquo;aide du calculateur de cr\u00e9dit en ligne. Ensuite, vous devez indiquer vos donn\u00e9es personnelles et votre situation professionnelle. Une fois que vous avez indiqu\u00e9 toutes les informations, vous pouvez d\u00e9j\u00e0 envoyer la demande en ligne.<\/p>\n<p>Une fois la demande soumise, le pr\u00eateur examine vos informations et proc\u00e8de \u00e0 une <strong> v\u00e9rification de votre solvabilit\u00e9<\/strong>. Une demande de cr\u00e9dit r\u00e9ussie entra\u00eene l&rsquo;approbation et la signature du contrat de cr\u00e9dit, qui fixe les conditions exactes de votre cr\u00e9dit priv\u00e9. Pour que vos chances d&rsquo;obtenir un cr\u00e9dit mobilier suisse soient bonnes, vous devez remplir les conditions suivantes :<\/p>\n<ol>\n<li><strong>Majorit\u00e9 :<\/strong> la condition de base pour demander un cr\u00e9dit suisse est d&rsquo;\u00eatre majeur. Pour pouvoir faire une demande de cr\u00e9dit en Suisse, vous devez donc \u00eatre \u00e2g\u00e9 d&rsquo;au moins 18 ans.<\/li>\n<li><strong>\u00catre de nationalit\u00e9 suisse ou avoir un permis de s\u00e9jour :<\/strong> En plus d&rsquo;\u00eatre majeur, vous devez soit avoir la nationalit\u00e9 suisse, soit \u00eatre en possession d&rsquo;un permis de s\u00e9jour B, C ou G en cours de validit\u00e9. Il est \u00e9galement n\u00e9cessaire de r\u00e9sider en Suisse pour obtenir un cr\u00e9dit suisse.<\/li>\n<li><strong>Avoir des revenus r\u00e9guliers :<\/strong> Une source de revenus stable est \u00e9galement importante pour vous, en tant qu&#8217;emprunteur, afin d&rsquo;obtenir un cr\u00e9dit. Vous devez donc \u00eatre en mesure de prouver que vous disposez de revenus r\u00e9guliers suffisants pour couvrir les mensualit\u00e9s du cr\u00e9dit.<\/li>\n<li><strong>Bonne solvabilit\u00e9 :<\/strong> enfin et surtout, une solvabilit\u00e9 suffisante est indispensable pour l&rsquo;approbation d&rsquo;un cr\u00e9dit priv\u00e9. Ainsi, les pr\u00eateurs sont tenus de v\u00e9rifier votre historique de cr\u00e9dit et vos habitudes de paiement afin de s&rsquo;assurer que l&#8217;emprunt n&rsquo;entra\u00eene pas un surendettement.<\/li>\n<\/ol>\n<\/div>\n<\/div>\n<div class=\"ready-to-take-out-loan online-rate-calculator\">\n<div class=\"container container-row\">\n<h3>Quels sont les taux d&rsquo;int\u00e9r\u00eat actuels pour un cr\u00e9dit ?<\/h3>\n<p>Le montant des int\u00e9r\u00eats de cr\u00e9dit est g\u00e9n\u00e9ralement fix\u00e9 en fonction du montant que vous souhaitez emprunter, de la dur\u00e9e ainsi que de votre solvabilit\u00e9. Actuellement, les <strong>taux d&rsquo;int\u00e9r\u00eat se situent entre 4,5 et 9,95 pour cent<\/strong> (\u00e9tat en 2024). Les taux d&rsquo;int\u00e9r\u00eat peuvent varier d&rsquo;un pr\u00eateur \u00e0 l&rsquo;autre.<\/p>\n<p>Chez Miro Kredit AG, nous nous effor\u00e7ons de toujours vous proposer les cr\u00e9dits les plus avantageux aux meilleures conditions. Le co\u00fbt total pr\u00e9vu de votre cr\u00e9dit peut \u00eatre calcul\u00e9 tr\u00e8s facilement gr\u00e2ce \u00e0 la <strong>calculatrice de cr\u00e9dit en ligne gratuite et sans engagement de Miro Kredit AG<\/strong>. Miro Kredit AG vous offre ainsi une plate-forme transparente pour comparer diff\u00e9rentes offres de cr\u00e9dit et trouver le taux d&rsquo;int\u00e9r\u00eat optimal pour vos besoins individuels.<\/p>\n<\/div>\n<\/div>\n<div class=\"ready-to-take-out-loan online-rate-calculator\">\n<div class=\"container container-row\">\n            <img loading=\"lazy\" decoding=\"async\" src=\"https:\/\/www.miro-kredit.ch\/wp-content\/uploads\/2024\/02\/facteurs-influencant-le-niveau-des-taux-d-interet-des-prets.jpg\" alt=\"Facteurs influencant le niveau des taux d'interet des prets\" width=\"1170\" height=\"1200\"\/><\/div>\n<\/div>\n<div class=\"ready-to-take-out-loan online-rate-calculator\">\n<div class=\"container container-row\">\n<h2>Financement du m\u00e9nage : trouver la solution ad\u00e9quate avec Miro Kredit<\/h2>\n<p><strong>L&rsquo;achat de nouveaux meubles, la r\u00e9novation de la maison ou des d\u00e9penses impr\u00e9vues dans le m\u00e9nage<\/strong> n\u00e9cessitent souvent une flexibilit\u00e9 financi\u00e8re. Dans ces moments-l\u00e0, Miro Kredit est votre partenaire fiable pour des solutions de financement sur mesure avec le <strong>cr\u00e9dit en ligne<\/strong> appropri\u00e9. Qu&rsquo;il s&rsquo;agisse d&rsquo;une nouvelle cuisine, d&rsquo;un ordinateur, d&rsquo;une t\u00e9l\u00e9vision ou d&rsquo;un t\u00e9l\u00e9viseur ou de nouveaux meubles, notre <a href=\"https:\/\/www.miro-kredit.ch\/fr\/\" title=\"Cr\u00e9dit en ligne Suisse\">cr\u00e9dit en ligne<\/a> peut \u00eatre utilis\u00e9 pour tout et vous offre, outre des taux d&rsquo;int\u00e9r\u00eat avantageux, des conditions transparentes.<\/p>\n<\/div>\n<\/div>\n<div class=\"checking-your-credit-score\">\n<div class=\"container container-row text-center\"><img loading=\"lazy\" decoding=\"async\" style=\"margin-bottom: 40px;\" src=\"https:\/\/www.miro-kredit.ch\/wp-content\/uploads\/2024\/01\/miro-kredit-swiss.png\" alt=\"Miro Kredit Suisse - Conclusion\" width=\"132\" height=\"132\"\/>\n<h2>Conclusion<\/h2>\n<p>Que vous souhaitiez r\u00e9am\u00e9nager votre espace de vie ou r\u00e9gler des factures inattendues, nous vous proposons un large \u00e9ventail d&rsquo;options de cr\u00e9dit. Notre plateforme conviviale vous permet de comparer les meilleures offres de cr\u00e9dit et de trouver le partenaire financier id\u00e9al pour vos besoins individuels. Avec Miro Kredit, vous construisez votre avenir financier autour du m\u00e9nage de mani\u00e8re simple, transparente et efficace.<\/p>\n<\/div>\n<\/div>\n","protected":false},"excerpt":{"rendered":"<p>Cr\u00e9dit mobilier Vous pr\u00e9voyez de d\u00e9m\u00e9nager ou de r\u00e9am\u00e9nager votre appartement ou votre maison ? Dans ce cas, vous avez&#8230;<\/p>\n","protected":false},"author":4,"featured_media":3233,"parent":0,"menu_order":0,"comment_status":"closed","ping_status":"closed","template":"page-default-2024.php","meta":{"footnotes":""},"class_list":["post-3255","page","type-page","status-publish","has-post-thumbnail","hentry"],"_links":{"self":[{"href":"https:\/\/www.miro-kredit.ch\/fr\/wp-json\/wp\/v2\/pages\/3255","targetHints":{"allow":["GET"]}}],"collection":[{"href":"https:\/\/www.miro-kredit.ch\/fr\/wp-json\/wp\/v2\/pages"}],"about":[{"href":"https:\/\/www.miro-kredit.ch\/fr\/wp-json\/wp\/v2\/types\/page"}],"author":[{"embeddable":true,"href":"https:\/\/www.miro-kredit.ch\/fr\/wp-json\/wp\/v2\/users\/4"}],"replies":[{"embeddable":true,"href":"https:\/\/www.miro-kredit.ch\/fr\/wp-json\/wp\/v2\/comments?post=3255"}],"version-history":[{"count":4,"href":"https:\/\/www.miro-kredit.ch\/fr\/wp-json\/wp\/v2\/pages\/3255\/revisions"}],"predecessor-version":[{"id":4956,"href":"https:\/\/www.miro-kredit.ch\/fr\/wp-json\/wp\/v2\/pages\/3255\/revisions\/4956"}],"wp:featuredmedia":[{"embeddable":true,"href":"https:\/\/www.miro-kredit.ch\/fr\/wp-json\/wp\/v2\/media\/3233"}],"wp:attachment":[{"href":"https:\/\/www.miro-kredit.ch\/fr\/wp-json\/wp\/v2\/media?parent=3255"}],"curies":[{"name":"wp","href":"https:\/\/api.w.org\/{rel}","templated":true}]}}