{"id":3139,"date":"2024-01-18T11:53:21","date_gmt":"2024-01-18T10:53:21","guid":{"rendered":"https:\/\/www.miro-kredit.ch\/?page_id=3139"},"modified":"2025-05-14T13:48:41","modified_gmt":"2025-05-14T11:48:41","slug":"credit-bon-marche","status":"publish","type":"page","link":"https:\/\/www.miro-kredit.ch\/fr\/credit-bon-marche\/","title":{"rendered":"Cr\u00e9dit bon march\u00e9 Suisse"},"content":{"rendered":"<div class=\"ready-to-take-out-loan online-rate-calculator\">\n<div class=\"container\">\n<div class=\"full-text-column\">\n<h1>Cr\u00e9dit bon march\u00e9 Suisse<\/h1>\n<p>Vous avez des r\u00eaves et des objectifs que vous souhaitez r\u00e9aliser, mais il vous manque le coussin financier n\u00e9cessaire ? Depuis 1978, Miro Kredit AG est votre partenaire de confiance lorsqu&rsquo;il s&rsquo;agit d&rsquo;obtenir un cr\u00e9dit avantageux en Suisse. Qu&rsquo;il s&rsquo;agisse de r\u00e9nover votre maison, de suivre une formation continue ou d&rsquo;acheter une voiture, nous vous permettons d&rsquo;acc\u00e9der facilement \u00e0 des cr\u00e9dits avantageux en quelques clics seulement. L&rsquo;offre s&rsquo;adapte de mani\u00e8re flexible \u00e0 vos exigences individuelles.<\/p>\n<p>Gr\u00e2ce \u00e0 notre longue exp\u00e9rience, \u00e0 notre comp\u00e9tence et \u00e0 notre focalisation claire sur vos besoins, nous vous proposons des solutions sur mesure pour vos pr\u00e9occupations financi\u00e8res !<\/p>\n<\/div>\n<\/div>\n<\/div>\n<div class=\"taking-out-loan\" style=\"margin-bottom: 0;\"><img loading=\"lazy\" decoding=\"async\" src=\"https:\/\/www.miro-kredit.ch\/wp-content\/uploads\/2024\/01\/Credit-avantageux-Suisse-Credit-prive-avec-Miro-Kredit-AG.jpg\" alt=\"Cr\u00e9dit avantageux Suisse \u27a4 Cr\u00e9dit priv\u00e9 avec Miro Kredit AG\" width=\"1280\" height=\"853\"\/>\n<div class=\"text-column\">\n<h2>Obtenir un cr\u00e9dit \u00e0 un taux avantageux avec Miro Kredit AG<\/h2>\n<p>Chez Miro Kredit AG, nous comprenons que chaque client est unique et a des besoins financiers individuels. Notre objectif est de vous aider \u00e0 r\u00e9aliser vos projets, qu&rsquo;il s&rsquo;agisse de la r\u00e9novation de votre maison, du financement de votre formation ou de la r\u00e9alisation d&rsquo;autres objectifs de vie. Gr\u00e2ce \u00e0 nos cr\u00e9dits avantageux, nous vous permettons de r\u00e9aliser vos projets de <strong>mani\u00e8re flexible et sans charges financi\u00e8res \u00e9lev\u00e9es<\/strong>.<\/p>\n<\/div>\n<\/div>\n<div class=\"ready-to-take-out-loan online-rate-calculator\">\n<div class=\"container container-row\">\n<h3>Souscrire un cr\u00e9dit priv\u00e9 en ligne<\/h3>\n<p>Simple, pratique et s\u00fbr &#8211; c&rsquo;est ainsi que nous concevons le processus de conclusion d&rsquo;un cr\u00e9dit priv\u00e9 en ligne. Notre site Internet convivial vous permet d&rsquo;effectuer votre <strong>demande de cr\u00e9dit confortablement depuis chez vous<\/strong>. Bien entendu, nous accordons la plus grande importance \u00e0 la transparence et \u00e0 la protection des donn\u00e9es, afin que vous puissiez vous sentir en s\u00e9curit\u00e9 lorsque vous souscrivez votre cr\u00e9dit en ligne aupr\u00e8s de Miro Kredit AG.<\/p>\n<\/div>\n<\/div>\n<div class=\"checking-your-credit-score\">\n<div class=\"container container-row\">\n<h3>Obtenir un cr\u00e9dit en cinq \u00e9tapes<\/h3>\n<p>Nous savons que le temps joue souvent un r\u00f4le d\u00e9cisif. C&rsquo;est pourquoi nous avons rendu le processus de souscription d&rsquo;un cr\u00e9dit aussi simple que possible. En cinq \u00e9tapes seulement, nous vous accompagnons de la demande au versement du cr\u00e9dit que vous souhaitez :<\/p>\n<ol>\n<li><strong>Choisir le cr\u00e9dit souhait\u00e9 :<\/strong> Dans un premier temps, il vous suffit de s\u00e9lectionner le montant du cr\u00e9dit souhait\u00e9 et la dur\u00e9e qui correspond le mieux \u00e0 vos besoins financiers. Pour cela, vous pouvez utiliser notre calculateur de cr\u00e9dit gratuit et sans engagement, qui vous indique directement le montant probable des mensualit\u00e9s de cr\u00e9dit \u00e0 payer.<\/li>\n<li><strong>Fournir des informations personnelles :<\/strong> Dans l&rsquo;\u00e9tape suivante, vous pouvez d\u00e9j\u00e0 fournir vos informations personnelles de base afin que nous puissions traiter votre demande de cr\u00e9dit individuellement.<\/li>\n<li><strong>Expliquer votre situation professionnelle :<\/strong> communiquez-nous ensuite quelques informations sur votre situation professionnelle, afin que nous puissions nousy faire une id\u00e9e compl\u00e8te de votre situation financi\u00e8re et de votre capacit\u00e9 de cr\u00e9dit. Apr\u00e8s tout, un cr\u00e9dit ne devrait pas conduire au surendettement.<\/li>\n<li><strong>Fournir des informations suppl\u00e9mentaires :<\/strong> Ensuite, vous compl\u00e9tez votre demande de cr\u00e9dit avec d&rsquo;autres informations dont nous pourrions avoir besoin afin de garantir un traitement rapide et simple.<\/li>\n<li><strong>Envoyer la demande de cr\u00e9dit :<\/strong> Une fois que vous nous avez fourni toutes les informations n\u00e9cessaires, il ne vous reste plus qu&rsquo;\u00e0 envoyer votre demande de cr\u00e9dit. Ensuite, nous v\u00e9rifions vos donn\u00e9es le plus rapidement possible et vous envoyons dans les 24 heures une d\u00e9cision de cr\u00e9dit avec l&rsquo;offre de cr\u00e9dit la plus avantageuse.<\/li>\n<\/ol>\n<p>Apr\u00e8s avoir re\u00e7u votre d\u00e9cision de cr\u00e9dit positive et <strong>sign\u00e9 le contrat de cr\u00e9dit<\/strong>, il vous suffit d&rsquo;attendre le d\u00e9lai de r\u00e9tractation de 14 jours pour que l&rsquo;argent atterrisse sur votre compte. Si vous avez demand\u00e9 un montant de cr\u00e9dit plus \u00e9lev\u00e9, \u00e0 partir de 80.000 CHF, vous n&rsquo;avez m\u00eame pas besoin d&rsquo;attendre le d\u00e9lai de r\u00e9tractation, vous recevrez donc votre argent quelques jours apr\u00e8s votre demande de cr\u00e9dit.<\/p>\n<\/div>\n<\/div>\n<div class=\"ready-to-take-out-loan online-rate-calculator\">\n<div class=\"container container-row\">\n<h3>Cr\u00e9dit souhait\u00e9 avec Miro Kredit AG<\/h3>\n<p>Que vous ayez besoin d&rsquo;un cr\u00e9dit pour une utilisation concr\u00e8te ou comme r\u00e9serve financi\u00e8re, vous trouverez chez Miro Kredit AG le cr\u00e9dit qu&rsquo;il vous faut. Nos offres de cr\u00e9dit vari\u00e9es vous permettent d&rsquo;adapter aussi bien la dur\u00e9e que la mensualit\u00e9 de cr\u00e9dit \u00e0 <strong>vos besoins individuels<\/strong>.<\/p>\n<p>Nous vous proposons <strong>des dur\u00e9es flexibles allant jusqu&rsquo;\u00e0 120 mois<\/strong> ainsi qu&rsquo;un <strong>taux d&rsquo;int\u00e9r\u00eat effectif particuli\u00e8rement avantageux compris entre 4,5 et 9,95 pour cent<\/strong>. Gr\u00e2ce au calculateur de cr\u00e9dit de Miro Kredit AG, vous pouvez facilement adapter le montant du cr\u00e9dit souhait\u00e9 \u00e0 vos possibilit\u00e9s financi\u00e8res et obtenir ainsi une transparence totale sur les mensualit\u00e9s que vous devez supporter, int\u00e9r\u00eats compris.<\/p>\n<\/div>\n<\/div>\n<div class=\"checking-your-credit-score\" style=\"padding-bottom: 48px;\">\n<div class=\"container container-row\"><img loading=\"lazy\" decoding=\"async\" src=\"https:\/\/www.miro-kredit.ch\/wp-content\/uploads\/2024\/01\/Credit-avantageux-en-Suisse.jpg\" alt=\"Cr\u00e9dit avantageux en Suisse\" width=\"1170\" height=\"1324\"\/><\/div>\n<\/div>\n<div class=\"ready-to-take-out-loan online-rate-calculator\">\n<div class=\"container container-row\">\n<h3>Le cr\u00e9dit adapt\u00e9 \u00e0 vos besoins<\/h3>\n<p>En tant que plateforme de comparaison, Miro Kredit AG vous propose non seulement des cr\u00e9dits avantageux, mais aussi des conseils complets pour trouver le cr\u00e9dit qui correspond \u00e0 vos besoins individuels. Notre objectif est de vous offrir une libert\u00e9 financi\u00e8re et de vous aider \u00e0 r\u00e9aliser vos r\u00eaves. Ainsi, outre le cr\u00e9dit priv\u00e9 classique \u00e0 usage libre, il existe d&rsquo;autres cr\u00e9dits pour diff\u00e9rents besoins :<\/p>\n<ol>\n<li><strong>Cr\u00e9dit de r\u00e9novation :<\/strong> nous vous proposons des solutions de financement sur mesure, <a href=\"https:\/\/www.miro-kredit.ch\/fr\/credit-pour-la-modernisation\/\" title=\"Cr\u00e9dit pour la modernisation\">sp\u00e9cialement pour les projets de r\u00e9novation et de modernisation<\/a> de votre logement.<\/li>\n<li><strong>Cr\u00e9dit auto :<\/strong> si vous r\u00eavez d&rsquo;un nouveau v\u00e9hicule, nous vous soutenons avec un cr\u00e9dit auto adapt\u00e9 \u00e0 vos possibilit\u00e9s financi\u00e8res.<\/li>\n<li><strong>Cr\u00e9dit de formation :<\/strong> investissez dans votre avenir avec notre cr\u00e9dit de formation, qui vous offre un soutien financier pour les mesures de formation.<\/li>\n<li><strong>Cr\u00e9dit mobilier :<\/strong> am\u00e9nagez votre int\u00e9rieur comme vous l&rsquo;entendez gr\u00e2ce \u00e0 un cr\u00e9dit mobilier qui facilite le financement de votre am\u00e9nagement.<\/li>\n<\/ol>\n<p>Faites confiance \u00e0 Miro Kredit AG, votre partenaire pour des cr\u00e9dits avantageux en Suisse &#8211; ensemble, nous rendrons vos projets possibles !<\/p>\n<\/div>\n<\/div>\n<div class=\"checking-your-credit-score\">\n<div class=\"container container-row\">\n<h2>Les raisons les plus fr\u00e9quentes pour un cr\u00e9dit priv\u00e9<\/h2>\n<p>Les raisons pour lesquelles les gens font appel \u00e0 un cr\u00e9dit priv\u00e9 sont multiples et individuelles. Souvent, ce sont les <strong>souhaits personnels et les situations de vie qui sont<\/strong> au premier plan. Ainsi, le financement d&rsquo;achats importants, comme une voiture, des travaux de r\u00e9novation dans son propre logement ou l&rsquo;achat d&rsquo;appareils techniques de haute qualit\u00e9 sont des motifs typiques de recours au cr\u00e9dit priv\u00e9.<\/p>\n<p>Une enqu\u00eate men\u00e9e par comparis.ch en avril 2017 a r\u00e9v\u00e9l\u00e9 qu&rsquo;environ 49 % des personnes interrog\u00e9es avaient d\u00e9j\u00e0 contract\u00e9 un <strong>cr\u00e9dit automobile<\/strong>. Mais selon l&rsquo;enqu\u00eate, d&rsquo;autres achats comme les meubles (13 %) et les appareils \u00e9lectriques (12 %) sont aussi des raisons fr\u00e9quentes de contracter un cr\u00e9dit.<\/p>\n<p>En outre, de nombreuses personnes utilisent le cr\u00e9dit priv\u00e9 pour faire face <strong>\u00e0 des d\u00e9penses inattendues<\/strong>, que ce soit en cas d&rsquo;urgence m\u00e9dicale, de r\u00e9paration de la maison ou d&rsquo;autres frais impr\u00e9vus. Une restructuration de la dette peut \u00e9galement \u00eatre une raison de contracter un cr\u00e9dit priv\u00e9. En fin de compte, un cr\u00e9dit priv\u00e9 vous offre la flexibilit\u00e9 n\u00e9cessaire pour surmonter des difficult\u00e9s financi\u00e8res et r\u00e9aliser vos objectifs individuels.<\/p>\n<\/div>\n<\/div>\n<div class=\"ready-to-take-out-loan online-rate-calculator\">\n<div class=\"container container-row\">\n<h2>Les \u00e9trangers peuvent-ils aussi demander un cr\u00e9dit suisse ?<\/h2>\n<p>M\u00eame si vous n&rsquo;avez pas la nationalit\u00e9 suisse, vous avez la possibilit\u00e9 de demander un cr\u00e9dit suisse. Pour cela, vous avez toutefois besoin d&rsquo;un <strong>permis de s\u00e9jour C, B, ou G<\/strong>. Si vous avez un permis C, il est assimil\u00e9 au passeport suisse, alors que si vous avez un permis B, vous devez remplir des conditions suppl\u00e9mentaires.<\/p>\n<p>Si vous avez un <strong>permis de s\u00e9jour G<\/strong>, il est \u00e9galement n\u00e9cessaire que vous soyez en Suisse depuis un certain temps et que vous soyez en possession de ce permis de s\u00e9jour depuis un certain temps d\u00e9j\u00e0.<\/p>\n<p>En outre, votre <strong>r\u00e9sidence<\/strong> habituelle doit \u00e9galement se trouver en Suisse. En outre, comme tout autre emprunteur, vous devez disposer d&rsquo;un <strong>revenu stable<\/strong> et \u00eatre en mesure d&rsquo;honorer les mensualit\u00e9s du cr\u00e9dit.<\/p>\n<\/div>\n<\/div>\n<div class=\"checking-your-credit-score\">\n<div class=\"container container-row\">\n<h3>Quels sont les taux d&rsquo;int\u00e9r\u00eat des cr\u00e9dits en Suisse ?<\/h3>\n<p>Le montant des <a href=\"https:\/\/www.miro-kredit.ch\/fr\/interets\/\" title=\"Int\u00e9r\u00eats Suisse\">int\u00e9r\u00eats en Suisse<\/a> peut varier en fonction de l&rsquo;institut de cr\u00e9dit, du montant du cr\u00e9dit, de la dur\u00e9e et de votre solvabilit\u00e9 individuelle. Chez Miro Kredit AG, nous vous proposons des conditions de cr\u00e9dit particuli\u00e8rement avantageuses. Ainsi, vous pouvez trouver chez nous un cr\u00e9dit <strong>\u00e0 partir d&rsquo;un taux d&rsquo;int\u00e9r\u00eat de <span style=\"white-space: nowrap;\">4,5 %<\/span><\/strong>.<\/p>\n<p>Pour avoir un aper\u00e7u du co\u00fbt total du cr\u00e9dit, vous pouvez utiliser notre <strong>calculateur de cr\u00e9dit gratuit et sans engagement<\/strong>. Celui-ci vous permet d&rsquo;adapter le montant et la dur\u00e9e souhait\u00e9s de votre cr\u00e9dit et vous donne directement un aper\u00e7u des int\u00e9r\u00eats et des co\u00fbts totaux pr\u00e9vus. De cette mani\u00e8re, vous pouvez optimiser votre planification financi\u00e8re et vous assurer que vous pouvez supporter les mensualit\u00e9s du cr\u00e9dit.<\/p>\n<\/div>\n<\/div>\n<div class=\"faq-wrapper\">\n<div class=\"container container-row\">\n<h2>FAQ<\/h2>\n<ul class=\"accordion\" data-accordion=\"\">\n<li class=\"accordion-navigation\">\n                <a href=\"#faq-1\" title=\"Quelle banque accorde des cr\u00e9dits de mani\u00e8re simple ?\">\n<h3>Quelle banque accorde des cr\u00e9dits de mani\u00e8re simple ?<\/h3>\n<\/a>\n<div id=\"faq-1\" class=\"content active\">\nMiro Kredit AG se distingue par sa facilit\u00e9 de comparaison et vous propose des solutions financi\u00e8res individuelles adapt\u00e9es \u00e0 vos besoins. En mettant clairement l&rsquo;accent sur la transparence, la flexibilit\u00e9 et la convivialit\u00e9, nous vous permettons de b\u00e9n\u00e9ficier d&rsquo;un processus de cr\u00e9dit simple et rapide.\n<\/div>\n<\/li>\n<li class=\"accordion-navigation\">\n                <a href=\"#faq-2\" title=\"Quand les taux d'int\u00e9r\u00eat baisseront-ils \u00e0 nouveau ?\">\n<h3>Quand les taux d&rsquo;int\u00e9r\u00eat baisseront-ils \u00e0 nouveau ?<\/h3>\n<\/a>\n<div id=\"faq-2\" class=\"content\">\nLe taux d&rsquo;int\u00e9r\u00eat annuel d\u00e9pend en premier lieu de la situation \u00e9conomique actuelle, notamment de la politique de la banque centrale, des taux d&rsquo;inflation et de l&rsquo;\u00e9volution financi\u00e8re mondiale. Il n&rsquo;est donc pas possible de r\u00e9pondre de mani\u00e8re g\u00e9n\u00e9rale \u00e0 la question de savoir quand le taux d&rsquo;int\u00e9r\u00eat annuel des cr\u00e9dits baissera \u00e0 nouveau. Chez Miro Kredit AG, nous veillons toutefois \u00e0 toujours proposer les cr\u00e9dits avec les taux d&rsquo;int\u00e9r\u00eat les plus avantageux.\n<\/div>\n<\/li>\n<li class=\"accordion-navigation\">\n                <a href=\"#faq-3\" title=\"Quelle banque propose le meilleur cr\u00e9dit ?\">\n<h3>Quelle banque propose le meilleur cr\u00e9dit ?<\/h3>\n<\/a>\n<div id=\"faq-3\" class=\"content\">\nSi vous souhaitez demander un cr\u00e9dit, une comparaison de cr\u00e9dit est souvent indispensable pour trouver le cr\u00e9dit le meilleur et le plus avantageux. En tant que plateforme de comparaison, Miro Kredit AG se distingue par des solutions de cr\u00e9dit sur mesure, adapt\u00e9es \u00e0 vos besoins individuels. Avec des conditions comp\u00e9titives et une approche ax\u00e9e sur le client, nous offrons une option \u00e0 tous ceux qui recherchent un cr\u00e9dit adapt\u00e9 \u00e0 leurs besoins et avantageux avec des taux de cr\u00e9dit avantageux.\n<\/div>\n<\/li>\n<li class=\"accordion-navigation\">\n                <a href=\"#faq-4\" title=\"Que faire si l'on n'obtient pas de cr\u00e9dit ?\">\n<h3>Que faire si l&rsquo;on n&rsquo;obtient pas de cr\u00e9dit ?<\/h3>\n<\/a>\n<div id=\"faq-4\" class=\"content\">\nSi la demande de votre cr\u00e9dit n&rsquo;a pas abouti, il peut \u00eatre utile d&rsquo;en analyser les raisons. Il est possible que cela soit d\u00fb \u00e0 votre solvabilit\u00e9. L&rsquo;octroi d&rsquo;un cr\u00e9dit est interdit s&rsquo;il entra\u00eene un surendettement. Pour obtenir malgr\u00e9 tout un cr\u00e9dit priv\u00e9, vous devriez am\u00e9liorer votre solvabilit\u00e9 et r\u00e9duire les dettes d\u00e9j\u00e0 existantes. Contactez nos sp\u00e9cialistes du cr\u00e9dit et nous verrons ensemble ce que vous pouvez faire pour obtenir un cr\u00e9dit.\n<\/div>\n<\/li>\n<\/ul>\n<\/div>\n<\/div>\n<div class=\"checking-your-credit-score\">\n<div class=\"container container-row text-center\"><img loading=\"lazy\" decoding=\"async\" style=\"margin-bottom: 40px;\" src=\"https:\/\/www.miro-kredit.ch\/wp-content\/uploads\/2024\/01\/miro-kredit-swiss.png\" alt=\"Miro Kredit Suisse - Conclusion\" width=\"132\" height=\"132\"\/>\n<h2>Conclusion<\/h2>\n<p>Si vous \u00eates \u00e0 la recherche d&rsquo;un cr\u00e9dit priv\u00e9 avantageux, vous \u00eates \u00e0 la bonne adresse chez Miro Kredit AG ! Nous vous proposons des solutions de financement sur mesure pour tous vos besoins financiers. De plus, vous pouvez demander le cr\u00e9dit de votre choix facilement et confortablement depuis chez vous, ce qui vous permet d&rsquo;\u00e9conomiser non seulement du temps, mais aussi des efforts.<\/p>\n<p>Que vous ayez besoin d&rsquo;un cr\u00e9dit de r\u00e9novation, d&rsquo;un cr\u00e9dit automobile, d&rsquo;un cr\u00e9dit mobilier ou d&rsquo;un cr\u00e9dit \u00e0 usage libre, nous, Miro Kredit AG, sommes votre partenaire de confiance lorsqu&rsquo;il s&rsquo;agit de r\u00e9aliser vos souhaits financiers !<\/p>\n<\/div>\n<\/div>\n","protected":false},"excerpt":{"rendered":"<p>Cr\u00e9dit bon march\u00e9 Suisse Vous avez des r\u00eaves et des objectifs que vous souhaitez r\u00e9aliser, mais il vous manque le&#8230;<\/p>\n","protected":false},"author":4,"featured_media":3068,"parent":0,"menu_order":0,"comment_status":"closed","ping_status":"closed","template":"page-default-2024.php","meta":{"footnotes":""},"class_list":["post-3139","page","type-page","status-publish","has-post-thumbnail","hentry"],"_links":{"self":[{"href":"https:\/\/www.miro-kredit.ch\/fr\/wp-json\/wp\/v2\/pages\/3139","targetHints":{"allow":["GET"]}}],"collection":[{"href":"https:\/\/www.miro-kredit.ch\/fr\/wp-json\/wp\/v2\/pages"}],"about":[{"href":"https:\/\/www.miro-kredit.ch\/fr\/wp-json\/wp\/v2\/types\/page"}],"author":[{"embeddable":true,"href":"https:\/\/www.miro-kredit.ch\/fr\/wp-json\/wp\/v2\/users\/4"}],"replies":[{"embeddable":true,"href":"https:\/\/www.miro-kredit.ch\/fr\/wp-json\/wp\/v2\/comments?post=3139"}],"version-history":[{"count":4,"href":"https:\/\/www.miro-kredit.ch\/fr\/wp-json\/wp\/v2\/pages\/3139\/revisions"}],"predecessor-version":[{"id":4951,"href":"https:\/\/www.miro-kredit.ch\/fr\/wp-json\/wp\/v2\/pages\/3139\/revisions\/4951"}],"wp:featuredmedia":[{"embeddable":true,"href":"https:\/\/www.miro-kredit.ch\/fr\/wp-json\/wp\/v2\/media\/3068"}],"wp:attachment":[{"href":"https:\/\/www.miro-kredit.ch\/fr\/wp-json\/wp\/v2\/media?parent=3139"}],"curies":[{"name":"wp","href":"https:\/\/api.w.org\/{rel}","templated":true}]}}