{"id":2908,"date":"2023-12-21T05:43:50","date_gmt":"2023-12-21T04:43:50","guid":{"rendered":"https:\/\/www.miro-kredit.ch\/ratenkredit\/"},"modified":"2023-12-21T05:49:44","modified_gmt":"2023-12-21T04:49:44","slug":"credit-a-temperament","status":"publish","type":"page","link":"https:\/\/www.miro-kredit.ch\/fr\/credit-a-temperament\/","title":{"rendered":"Cr\u00e9dit \u00e0 temp\u00e9rament"},"content":{"rendered":"<p>\u2714Un\u00a0cr\u00e9dit \u00e0 temp\u00e9rament sur mesure\u00a0de Miro Kredit pour vos besoins \u2714Une demande en ligne simple \u2714Les avantages du cr\u00e9dit \u00e0 temp\u00e9rament de Miro Kredit AG<\/p>\n","protected":false},"excerpt":{"rendered":"<p>\u2714Un\u00a0cr\u00e9dit \u00e0 temp\u00e9rament sur mesure\u00a0de Miro Kredit pour vos besoins \u2714Une demande en ligne simple \u2714Les avantages du cr\u00e9dit \u00e0&#8230;<\/p>\n","protected":false},"author":4,"featured_media":2920,"parent":0,"menu_order":0,"comment_status":"closed","ping_status":"closed","template":"page-ratenkredit.php","meta":{"footnotes":""},"class_list":["post-2908","page","type-page","status-publish","has-post-thumbnail","hentry"],"_links":{"self":[{"href":"https:\/\/www.miro-kredit.ch\/fr\/wp-json\/wp\/v2\/pages\/2908","targetHints":{"allow":["GET"]}}],"collection":[{"href":"https:\/\/www.miro-kredit.ch\/fr\/wp-json\/wp\/v2\/pages"}],"about":[{"href":"https:\/\/www.miro-kredit.ch\/fr\/wp-json\/wp\/v2\/types\/page"}],"author":[{"embeddable":true,"href":"https:\/\/www.miro-kredit.ch\/fr\/wp-json\/wp\/v2\/users\/4"}],"replies":[{"embeddable":true,"href":"https:\/\/www.miro-kredit.ch\/fr\/wp-json\/wp\/v2\/comments?post=2908"}],"version-history":[{"count":1,"href":"https:\/\/www.miro-kredit.ch\/fr\/wp-json\/wp\/v2\/pages\/2908\/revisions"}],"predecessor-version":[{"id":2924,"href":"https:\/\/www.miro-kredit.ch\/fr\/wp-json\/wp\/v2\/pages\/2908\/revisions\/2924"}],"wp:featuredmedia":[{"embeddable":true,"href":"https:\/\/www.miro-kredit.ch\/fr\/wp-json\/wp\/v2\/media\/2920"}],"wp:attachment":[{"href":"https:\/\/www.miro-kredit.ch\/fr\/wp-json\/wp\/v2\/media?parent=2908"}],"curies":[{"name":"wp","href":"https:\/\/api.w.org\/{rel}","templated":true}]}}