{"id":2699,"date":"2023-10-27T15:59:18","date_gmt":"2023-10-27T13:59:18","guid":{"rendered":"https:\/\/www.miro-kredit.ch\/?page_id=2699"},"modified":"2023-10-27T15:59:20","modified_gmt":"2023-10-27T13:59:20","slug":"credit-pour-la-modernisation","status":"publish","type":"page","link":"https:\/\/www.miro-kredit.ch\/fr\/credit-pour-la-modernisation\/","title":{"rendered":"Cr\u00e9dit pour la modernisation"},"content":{"rendered":"<p>\u2714R\u00e9alisez votre projet de modernisation gr\u00e2ce aux solutions de cr\u00e9dit personnel souscrit aupr\u00e8s de la Compagnie Miro Cr\u00e9dit AG \u2714Demandez un cr\u00e9dit pour la modernisation \u2714Financez la construction gr\u00e2ce au cr\u00e9dit destin\u00e9 \u00e0 la modernisation<\/p>\n","protected":false},"excerpt":{"rendered":"<p>\u2714R\u00e9alisez votre projet de modernisation gr\u00e2ce aux solutions de cr\u00e9dit personnel souscrit aupr\u00e8s de la Compagnie Miro Cr\u00e9dit AG \u2714Demandez&#8230;<\/p>\n","protected":false},"author":4,"featured_media":2702,"parent":0,"menu_order":0,"comment_status":"closed","ping_status":"closed","template":"page-modernisierung.php","meta":{"footnotes":""},"class_list":["post-2699","page","type-page","status-publish","has-post-thumbnail","hentry"],"_links":{"self":[{"href":"https:\/\/www.miro-kredit.ch\/fr\/wp-json\/wp\/v2\/pages\/2699","targetHints":{"allow":["GET"]}}],"collection":[{"href":"https:\/\/www.miro-kredit.ch\/fr\/wp-json\/wp\/v2\/pages"}],"about":[{"href":"https:\/\/www.miro-kredit.ch\/fr\/wp-json\/wp\/v2\/types\/page"}],"author":[{"embeddable":true,"href":"https:\/\/www.miro-kredit.ch\/fr\/wp-json\/wp\/v2\/users\/4"}],"replies":[{"embeddable":true,"href":"https:\/\/www.miro-kredit.ch\/fr\/wp-json\/wp\/v2\/comments?post=2699"}],"version-history":[{"count":1,"href":"https:\/\/www.miro-kredit.ch\/fr\/wp-json\/wp\/v2\/pages\/2699\/revisions"}],"predecessor-version":[{"id":2701,"href":"https:\/\/www.miro-kredit.ch\/fr\/wp-json\/wp\/v2\/pages\/2699\/revisions\/2701"}],"wp:featuredmedia":[{"embeddable":true,"href":"https:\/\/www.miro-kredit.ch\/fr\/wp-json\/wp\/v2\/media\/2702"}],"wp:attachment":[{"href":"https:\/\/www.miro-kredit.ch\/fr\/wp-json\/wp\/v2\/media?parent=2699"}],"curies":[{"name":"wp","href":"https:\/\/api.w.org\/{rel}","templated":true}]}}