{"id":2373,"date":"2023-08-11T07:04:59","date_gmt":"2023-08-11T05:04:59","guid":{"rendered":"https:\/\/www.miro-kredit.ch\/kreditrechner\/"},"modified":"2023-10-03T16:44:30","modified_gmt":"2023-10-03T14:44:30","slug":"la-calculatrice-de-credit","status":"publish","type":"page","link":"https:\/\/www.miro-kredit.ch\/fr\/la-calculatrice-de-credit\/","title":{"rendered":"Calculatrice de cr\u00e9dit Suisse"},"content":{"rendered":"<p>\u2714Demande de pr\u00eat en ligne gratuite et sans engagement \u2714Pr\u00eat priv\u00e9 en quatre \u00e9tapes simples  \u2714Utilisation efficace de la calculatrice de pr\u00eat \u2714Conditions et documents<\/p>\n","protected":false},"excerpt":{"rendered":"<p>\u2714Demande de pr\u00eat en ligne gratuite et sans engagement \u2714Pr\u00eat priv\u00e9 en quatre \u00e9tapes simples \u2714Utilisation efficace de la calculatrice&#8230;<\/p>\n","protected":false},"author":4,"featured_media":2570,"parent":0,"menu_order":0,"comment_status":"closed","ping_status":"closed","template":"page-kreditrechner.php","meta":{"footnotes":""},"class_list":["post-2373","page","type-page","status-publish","has-post-thumbnail","hentry"],"_links":{"self":[{"href":"https:\/\/www.miro-kredit.ch\/fr\/wp-json\/wp\/v2\/pages\/2373","targetHints":{"allow":["GET"]}}],"collection":[{"href":"https:\/\/www.miro-kredit.ch\/fr\/wp-json\/wp\/v2\/pages"}],"about":[{"href":"https:\/\/www.miro-kredit.ch\/fr\/wp-json\/wp\/v2\/types\/page"}],"author":[{"embeddable":true,"href":"https:\/\/www.miro-kredit.ch\/fr\/wp-json\/wp\/v2\/users\/4"}],"replies":[{"embeddable":true,"href":"https:\/\/www.miro-kredit.ch\/fr\/wp-json\/wp\/v2\/comments?post=2373"}],"version-history":[{"count":4,"href":"https:\/\/www.miro-kredit.ch\/fr\/wp-json\/wp\/v2\/pages\/2373\/revisions"}],"predecessor-version":[{"id":2559,"href":"https:\/\/www.miro-kredit.ch\/fr\/wp-json\/wp\/v2\/pages\/2373\/revisions\/2559"}],"wp:featuredmedia":[{"embeddable":true,"href":"https:\/\/www.miro-kredit.ch\/fr\/wp-json\/wp\/v2\/media\/2570"}],"wp:attachment":[{"href":"https:\/\/www.miro-kredit.ch\/fr\/wp-json\/wp\/v2\/media?parent=2373"}],"curies":[{"name":"wp","href":"https:\/\/api.w.org\/{rel}","templated":true}]}}