{"id":1982,"date":"2021-07-04T01:04:59","date_gmt":"2021-07-03T23:04:59","guid":{"rendered":"https:\/\/www.miro-kredit.ch\/nutzungsbedingungen\/"},"modified":"2026-05-04T06:14:28","modified_gmt":"2026-05-04T04:14:28","slug":"conditions-dutilisation","status":"publish","type":"page","link":"https:\/\/www.miro-kredit.ch\/fr\/conditions-dutilisation\/","title":{"rendered":"Conditions d&rsquo;utilisation et avis juridique pour l&rsquo;utilisation des services de Miro Kredit AG"},"content":{"rendered":"<p style=\"text-align: right;\">Conditions G\u00e9n\u00e9rales d&rsquo;Utilisation<br \/>\nVersion 1.07<\/p>\n<p>Version du 04.05.2026<\/p>\n<p>Les pr\u00e9sentes conditions d&rsquo;utilisation r\u00e9gissent l&rsquo;utilisation des services de Miro Kredit AG par ses clients. L\u2019utilisation de ces services signifie que leur caract\u00e8re contraignant vis-\u00e0-vis de l\u2019autre partie a \u00e9t\u00e9 accept\u00e9. Miro Kredit AG fournit des services dans le domaine de la transmission des demandes de financement de vos clients \u00e0 des partenaires de financement (par ex. banques) collaborant avec Miro Kredit AG, ainsi que des conseils aux clients sur des questions li\u00e9es au financement.<\/p>\n<h5>1. Prestations de Miro Kredit AG<\/h5>\n<p>Miro Kredit AG demande \u00e0 ses clients toutes les donn\u00e9es n\u00e9cessaires \u00e0 l&rsquo;\u00e9valuation d&rsquo;une demande de financement et les traite avec le soin et la confidentialit\u00e9 requis. Vous pouvez retrouver des d\u00e9tails suppl\u00e9mentaires dans la <a href=\"https:\/\/www.miro-kredit.ch\/fr\/politique-de-confidentialite\/\" title=\"D\u00e9claration de protection des donn\u00e9es de Miro Kredit AG\">Politique de confidentialit\u00e9<\/a>. Miro Kredit AG \u00e9value, sur la base des besoins et des donn\u00e9es individuelles du client, aupr\u00e8s de quels partenaires de financement une demande de financement doit \u00eatre plac\u00e9e. Miro Kredit AG se r\u00e9serve le droit de refuser directement les demandes de financement vou\u00e9es \u00e0 l&rsquo;\u00e9chec sans les transmettre aux partenaires de financement. M\u00eame lorsque les demandes de financement sont transmises, il n&rsquo;est pas garanti qu&rsquo;une offre (adapt\u00e9e) puisse \u00eatre soumise au client. Les demandes peuvent \u00eatre refus\u00e9es par Miro Kredit AG ou par les partenaires de financement sans fournir de motifs. Miro Kredit AG n&rsquo;octroie pas de cr\u00e9dits pour la r\u00e9alisation d&rsquo;op\u00e9rations avec des instruments financiers au sens de l&rsquo;Art. 3, paragraphe a, de la loi f\u00e9d\u00e9rale sur les services financiers (FIDLEG). Miro Kredit AG ne fournit donc pas de prestations financi\u00e8res au sens de la FIDLEG et n&rsquo;est pas tenu de respecter les exigences relevant du droit de surveillance impos\u00e9es aux prestataires de services financiers par ce d\u00e9cret.<\/p>\n<h5>2. Examen des demandes de financement par les partenaires de financement<\/h5>\n<p>Pour toutes les demandes de financement, la v\u00e9rification de la solvabilit\u00e9 du client (emprunteur) au sens de la loi sur le cr\u00e9dit \u00e0 la consommation rel\u00e8ve de la responsabilit\u00e9 des Partenaires de financement. Dans le cadre de l&rsquo;examen de la demande de financement et du r\u00e8glement de la relation contractuelle, le client (emprunteur) autorise par la pr\u00e9sente les Partenaires de financement \u00e0 se procurer des informations aupr\u00e8s de tiers, en particulier les banques, le Bureau central d&rsquo;information sur le cr\u00e9dit (ZEK), le Bureau d&rsquo;information sur le cr\u00e9dit \u00e0 la consommation (IKO), les agences de cr\u00e9dit, les interm\u00e9diaires de cr\u00e9dit, les employeurs, les soci\u00e9t\u00e9s du groupe de l&rsquo;\u00c9tablissement financier, les organismes gouvernementaux, les autorit\u00e9s (par exemple, les bureaux de recouvrement des cr\u00e9ances et des imp\u00f4ts, les registres fonciers, les bureaux d\u2019enregistrement des r\u00e9sidents, les autorit\u00e9s de protection de l&rsquo;enfance et de l&rsquo;adulte), et autres organismes non mentionn\u00e9s ici de mani\u00e8re explicite. Le client lib\u00e8re par la pr\u00e9sente ces organismes du secret bancaire, postal, administratif ou commercial aux fins de l&rsquo;examen de la demande de financement. Le client autorise \u00e9galement le Partenaire de financement \u00e0 communiquer sa demande de financement (hormis une demande d&#8217;emprunt hypoth\u00e9quaire) au ZEK et \u00e0 l\u2019IKO et \u00e0 la signaler \u00e0 d&rsquo;autres organismes en cas d&rsquo;obligations l\u00e9gales correspondantes. En cas de versement du financement, les donn\u00e9es contractuelles sont en outre communiqu\u00e9es au ZEK et \u00e0 l&rsquo;IKO. Cette communication comprend des informations sur le type de pr\u00eat et\/ou de financement, le montant et les modalit\u00e9s de financement, ainsi que les donn\u00e9es personnelles du client (emprunteur) et, le cas \u00e9ch\u00e9ant, les arri\u00e9r\u00e9s ou abus qualifi\u00e9s doivent \u00eatre signal\u00e9s. En cas de refus, la demande de financement est enregistr\u00e9e en cons\u00e9quence comme une demande refus\u00e9e aupr\u00e8s du ZEK et de l&rsquo;IKO. Le client reconna\u00eet le droit du ZEK et de l&rsquo;IKO \u00e0 fournir des informations \u00e0 leurs membres sur les donn\u00e9es communiqu\u00e9es.<\/p>\n<h5>3. Traitement et protection des donn\u00e9es<\/h5>\n<p>La <a href=\"https:\/\/www.miro-kredit.ch\/fr\/politique-de-confidentialite\/\" title=\"D\u00e9claration de protection des donn\u00e9es de Miro Kredit AG\">Politique de confidentialit\u00e9<\/a> s\u00e9par\u00e9e fait partie int\u00e9grante des conditions d&rsquo;utilisation.<\/p>\n<h5>4. Aucune garantie octroy\u00e9e par Miro Kredit AG<\/h5>\n<p>Miro Kredit AG s&rsquo;efforce d&rsquo;assurer l&rsquo;exactitude et la mise \u00e0 jour des informations publi\u00e9es sur son site Web. Toutefois, Miro Kredit AG ne garantit pas l&rsquo;exhaustivit\u00e9, l&rsquo;exactitude ou la fiabilit\u00e9 des informations qu&rsquo;elle publie \u00e0 un moment donn\u00e9. Miro Kredit AG se r\u00e9serve express\u00e9ment le droit de modifier et de retirer \u00e0 tout moment les informations qu&rsquo;elle publie. Miro Kredit AG exclut en principe toute garantie concernant ses offres et prestations. Des interruptions, pendant une p\u00e9riode sp\u00e9cifique ou d&rsquo;une mani\u00e8re particuli\u00e8re, et lors desquelles les offres et les services sont disponibles, ne peuvent pas \u00eatre totalement exclues. L&rsquo;utilisation des prestations et des offres de Miro Kredit AG et des indications qu&rsquo;elles contiennent se fait aux seuls risques de l&rsquo;utilisateur. Cela vaut \u00e9galement en ce qui concerne les offres des diff\u00e9rents pr\u00eateurs priv\u00e9s. Le site Web www.miro-kredit.ch peut contenir des liens ins\u00e9r\u00e9s par Miro Kredit AG afin d&rsquo;acc\u00e9der \u00e0 d&rsquo;autres sites Web. Miro Kredit AG n&rsquo;assume aucune responsabilit\u00e9 pour ces sites Web et leurs contenus.<\/p>\n<h5>5. Compensation de Miro Kredit AG en cas d&#8217;emprunts priv\u00e9s<\/h5>\n<p>La prestation relative \u00e0 la m\u00e9diation de cr\u00e9dit priv\u00e9 est gratuite pour les utilisateurs. Miro Kredit AG re\u00e7oit une compensation de la part des pr\u00eateurs priv\u00e9s aupr\u00e8s desquels elle a d\u00e9pos\u00e9 une demande de financement de l&rsquo;utilisateur. L&rsquo;utilisateur en prend connaissance et accepte que Miro Kredit AG puisse l&rsquo;utiliser \u00e0 ses propres fins. Cette compensation fait partie int\u00e9grante du financement de la prestation par Miro Kredit AG et peut se monter actuellement \u00e0 env. 7 % maximum du montant emprunt\u00e9. En outre, l&rsquo;utilisateur note que le mod\u00e8le de prestation est conforme \u00e0 l&rsquo;Article 35 de la Loi sur le cr\u00e9dit \u00e0 la consommation. L&rsquo;utilisateur renonce donc express\u00e9ment \u00e0 s&rsquo;opposer \u00e0 cette compensation.<\/p>\n<h5>6. Exactitude des informations, correction, utilisation abusive<\/h5>\n<p>Le Client confirme que toutes les indications mentionn\u00e9es sur le formulaire de demande (demande papier ou demande en ligne) de Miro Kredit AG sont compl\u00e8tes et conformes \u00e0 la v\u00e9rit\u00e9, et qu&rsquo;il a rempli le formulaire de demande pour lui-m\u00eame et non pour un tiers. Dans la mesure o\u00f9 le Client divulgue des donn\u00e9es de tiers (en particulier de son conjoint ou de son compagnon\/compagne d\u00e9clar\u00e9(e)) sur le formulaire de demande, il garantit et il lui incombe d&rsquo;avoir obtenu au pr\u00e9alable le consentement n\u00e9cessaire \u00e0 cet effet, y compris l&rsquo;acceptation des pr\u00e9sentes conditions d&rsquo;utilisation et de la d\u00e9claration de confidentialit\u00e9 s\u00e9par\u00e9e. En cas d&rsquo;utilisation abusive, le Client indemnisera int\u00e9gralement Miro Kredit AG pour ses d\u00e9penses et les \u00e9ventuelles r\u00e9clamations de tiers.<\/p>\n<h5>7. Exclusion de responsabilit\u00e9<\/h5>\n<p>Miro Kredit AG exclut sa responsabilit\u00e9 dans la mesure permise, ceci \u00e9galement en cas de n\u00e9gligence. Miro Kredit AG n&rsquo;assume en particulier aucune responsabilit\u00e9 concernant les tiers, les dommages directs et indirects (y compris les dommages cons\u00e9cutifs) et les pertes de donn\u00e9es ou les retards. Cela s&rsquo;applique m\u00eame si l&rsquo;\u00e9ventualit\u00e9 d&rsquo;un dommage a \u00e9t\u00e9 signal\u00e9e.<\/p>\n<h5>8. Autres<\/h5>\n<p>Les Clients notent que l&rsquo;octroi de cr\u00e9dit est interdit s&rsquo;il les m\u00e8ne \u00e0 une situation de surendettement (voir l&rsquo;Art. 3 de la Loi f\u00e9d\u00e9rale sur la concurrence d\u00e9loyale). Miro Kredit AG peut modifier les pr\u00e9sentes conditions d&rsquo;utilisation \u00e0 tout moment et sans indication de motif. Concernant les pr\u00e9sentes conditions d&rsquo;utilisation et la relation entre l&rsquo;utilisateur et Miro Kredit AG, seul le droit suisse est exclusivement applicable. Sauf interdiction, le si\u00e8ge social de Miro Kredit AG \u00e0 B\u00e2le en Suisse est le lieu de juridiction exclusif. Miro Kredit AG peut \u00e9galement poursuivre l&rsquo;utilisateur dans son pays.<\/p>\n<h5 style=\"font-size: 1.4rem; margin: 0 0 1.25rem; padding: 1.25rem 0 .9375rem;\">Mention l\u00e9gale<\/h5>\n<p>L\u2019octroi de pr\u00eat est interdit s&rsquo;il entra\u00eene un surendettement (art. 3 LCD). Je certifie que les informations fournies sont compl\u00e8tes et conformes \u00e0 la v\u00e9rit\u00e9. Je prends connaissance et j&rsquo;accepte que Miro Kredit AG transmette ma demande \u00e0 Cembra Money Bank AG, Creditfolio AG, Bank-now AG, Migros Bank, bob Finance &#8211; branche de Valora Schweiz AG et \u00e0 d&rsquo;autres soci\u00e9t\u00e9s de financement (ci-apr\u00e8s d\u00e9nomm\u00e9es \u00ab \u00c9tablissement financier \u00bb) par Internet, par e-mail ou par fax\/la poste. En outre, je confirme les \u00e9l\u00e9ments suivants :<\/p>\n<h5>Examen des demandes et donn\u00e9es de pr\u00eat :<\/h5>\n<p>Je confirme l&rsquo;exactitude de toutes mes informations et autorise l&rsquo;\u00e9tablissement financier et Miro Kredit AG, dans le cadre de l&rsquo;examen de la pr\u00e9sente demande et du traitement de la relation contractuelle qui me concerne, \u00e0 se procurer des informations aupr\u00e8s de tiers, en particulier les banques, le Bureau central d&rsquo;information sur le cr\u00e9dit (ZEK), les autorit\u00e9s (par exemple, les bureaux de recouvrement des cr\u00e9ances et des imp\u00f4ts, les registres du commerce, les bureaux d&rsquo;enregistrement des r\u00e9sidents, les autorit\u00e9s de protection de l&rsquo;enfance et de l&rsquo;adulte), les agences de cr\u00e9dit, les interm\u00e9diaires de cr\u00e9dit, les employeurs, les caisses d&rsquo;assurance maladie, les bailleurs, les bureaux du registre foncier, les soci\u00e9t\u00e9s du groupe de l&rsquo;\u00c9tablissement financier et le Bureau d&rsquo;information sur le cr\u00e9dit \u00e0 la consommation (IKO). Aux fins susmentionn\u00e9es, je lib\u00e8re ces entit\u00e9s du secret bancaire, postal, professionnel ou commercial. J&rsquo;autorise \u00e9galement l&rsquo;\u00c9tablissement financier \u00e0 communiquer les activit\u00e9s sollicit\u00e9es au ZEK et, le cas \u00e9ch\u00e9ant, \u00e0 l\u2019IKO et \u00e0 les signaler \u00e0 d&rsquo;autres organismes en cas d&rsquo;obligations l\u00e9gales correspondantes. En particulier, le type de pr\u00eat, le montant et les modalit\u00e9s de financement, ainsi que les donn\u00e9es personnelles de la personne demandeuse et, le cas \u00e9ch\u00e9ant, les arri\u00e9r\u00e9s ou abus qualifi\u00e9s doivent \u00eatre signal\u00e9s. Je reconnais le droit du ZEK et de l&rsquo;IKO \u00e0 fournir des informations \u00e0 leurs membres sur les donn\u00e9es communiqu\u00e9es. L&rsquo;\u00c9tablissement financier peut rejeter la demande sans motiver sa d\u00e9cision et il n&rsquo;est li\u00e9 ni par son offre ni par un contrat sign\u00e9 en cas d&rsquo;informations inexactes.<\/p>\n<h5>Coop\u00e9ration avec des interm\u00e9diaires :<\/h5>\n<p>Je prends connaissance du fait que l&rsquo;\u00e9tablissement de financement peut, dans le cas de demandes qu&rsquo;il re\u00e7oit d&rsquo;un interm\u00e9diaire, \u00e9changer avec celui-ci les informations n\u00e9cessaires en rapport avec l&rsquo;examen de la demande \/ de la capacit\u00e9 de cr\u00e9dit ainsi que la conclusion et l&rsquo;ex\u00e9cution du contrat (p. ex. param\u00e8tres et r\u00e9sultat de l&rsquo;examen de la demande, envoi des documents contractuels, informations sur le statut du contrat et le comportement de paiement ainsi que le solde) et lib\u00e8re dans cette mesure l&rsquo;\u00e9tablissement de financement, si et dans la mesure o\u00f9 cela est n\u00e9cessaire, du secret professionnel du banquier.<\/p>\n<h5>Informations sur les partenaires :<\/h5>\n<p>Si j&rsquo;ai fourni des informations sur mon conjoint\/partenaire dans la demande. partenaire enregistr\u00e9(e) (\u00ab\u00a0partenaire\u00a0\u00bb), je confirme que (i) j&rsquo;ai inform\u00e9 mon partenaire de cette demande, (ii) que toutes les informations concernant mon partenaire sont exactes, (iii) que l&rsquo;institut de financement et Miro Kredit AG peuvent v\u00e9rifier les informations ci-dessus en s&rsquo;adressant directement \u00e0 mon partenaire, et (iv) que mon partenaire accepte que l&rsquo;institut de financement et Miro Kredit AG obtiennent des informations le concernant comme d\u00e9crit ci-dessus (y compris en effectuant des demandes d&rsquo;information aupr\u00e8s de la ZEK).<\/p>\n<h5>Traitement des donn\u00e9es :<\/h5>\n<p>J&rsquo;autorise l&rsquo;institut de financement et Miro Kredit AG \u00e0 traiter mes donn\u00e9es \u00e9galement \u00e0 des fins de gestion des risques et de marketing, \u00e0 les enregistrer pour une dur\u00e9e de 10 ans, \u00e0 les \u00e9valuer et \u00e0 cr\u00e9er ainsi des profils. J&rsquo;autorise express\u00e9ment l&rsquo;institut de financement, Miro Kredit AG, ainsi que d&rsquo;autres tiers, \u00e0 me proposer d&rsquo;autres produits, informations et services, \u00e9galement de soci\u00e9t\u00e9s du groupe de l&rsquo;institut de financement, par courrier, SMS ou e-mail. Je peux r\u00e9voquer \u00e0 tout moment cette autorisation de traitement des donn\u00e9es \u00e0 des fins de marketing ou d&rsquo;envoi d&rsquo;informations. En indiquant mon adresse e-mail, j&rsquo;accepte en outre que l&rsquo;institut de financement et Miro Kredit AG puissent \u00e9galement me faire parvenir les offres susmentionn\u00e9es par e-mail. Dans le cadre de la communication ouverte par e-mail et\/ou SMS, j&rsquo;accepte express\u00e9ment le risque que mes donn\u00e9es puissent \u00eatre intercept\u00e9es ou publi\u00e9es par des tiers lors de leur transmission, ou que des tiers non autoris\u00e9s puissent tirer des conclusions sur une relation contractuelle entre l&rsquo;institut de financement ou Miro Kredit AG et moi, et que la protection du secret ou le secret bancaire ne soient pas garantis dans cette mesure. Je peux r\u00e9voquer \u00e0 tout moment mon consentement \u00e0 l&rsquo;envoi \u00e9lectronique d&rsquo;envois publicitaires.<\/p>\n<h5>Coop\u00e9ration avec des prestataires de services (externalisation) :<\/h5>\n<p>L&rsquo;\u00c9tablissement financier et Miro Kredit AG peuvent sous-traiter des services par le biais de tiers (\u00ab prestataires de services \u00bb), en particulier dans les domaines du traitement des processus d&rsquo;affaires, des offres d&rsquo;assurance suppl\u00e9mentaires, de la s\u00e9curit\u00e9 informatique et du contr\u00f4le des syst\u00e8mes, des \u00e9tudes et des analyses de march\u00e9, du calcul des risques de cr\u00e9dit et de march\u00e9s pertinents pour les affaires et de la gestion des relations contractuelles (par exemple, traitement des demandes et des contrats, encaissement, communication avec les clients). L&rsquo;\u00c9tablissement financier et Miro Kredit AG fournissent \u00e0 ces prestataires de services les donn\u00e9es n\u00e9cessaires pour remplir les obligations contractuelles et peuvent \u00e9galement transmettre ces donn\u00e9es \u00e0 l&rsquo;\u00e9tranger \u00e0 cette fin. Les prestataires de services, leurs employ\u00e9s et sous-traitants sont contractuellement tenus de respecter la protection des donn\u00e9es conform\u00e9ment aux exigences de la loi suisse sur la protection des donn\u00e9es, de maintenir le secret bancaire des clients conform\u00e9ment \u00e0 la loi suisse sur la banque, et de pr\u00e9server la confidentialit\u00e9. Si des donn\u00e9es personnelles sont transmises dans un pays qui, du point de vue de la Suisse, ne dispose pas d&rsquo;un niveau de protection des donn\u00e9es ad\u00e9quat, l&rsquo;institut de financement et Miro Kredit AG assurent une protection des donn\u00e9es ad\u00e9quate par des garanties appropri\u00e9es, comme par exemple l&rsquo;accord des clauses contractuelles standard.<\/p>\n<h5>Transmission des donn\u00e9es :<\/h5>\n<p>Je confirme que j&rsquo;accepte l&rsquo;utilisation de tout moyen de communication (par ex. e-mail, SMS, messages vocaux sur r\u00e9pondeur, WhatsApp, etc.) entre l&rsquo;\u00c9tablissement financier, moi-m\u00eame, Miro Kredit AG ainsi que tous les tiers et services de renseignements mentionn\u00e9s ci-dessus. J&rsquo;accepte \u00e9galement la transmission de donn\u00e9es sur Internet et je sais qu&rsquo;Internet est un r\u00e9seau ouvert et accessible \u00e0 tous et qu&rsquo;aucun canal de communication n&rsquo;est enti\u00e8rement prot\u00e9g\u00e9 contre l&rsquo;acc\u00e8s par des tiers non autoris\u00e9s. Par cons\u00e9quent, Miro Kredit AG et l&rsquo;\u00c9tablissement financier ne peuvent garantir la confidentialit\u00e9 des donn\u00e9es transmises via Internet et d&rsquo;autres canaux de communication. Des conclusions de tiers sur une relation commerciale (voire bancaire) existant ou sur le point d&rsquo;exister entre moi-m\u00eame et l&rsquo;\u00c9tablissement financier sont donc possibles. Pour plus d&rsquo;informations sur le traitement des donn\u00e9es personnelles par l&rsquo;institut de financement et Miro Kredit AG, veuillez consulter la d\u00e9claration de protection des donn\u00e9es sur le site web de l&rsquo;institut de financement et de Miro Kredit AG ou vous adresser \u00e0 l&rsquo;institut de financement et \u00e0 Miro Kredit AG.<\/p>\n<h5>Communication via WhatsApp :<\/h5>\n<p>Le client prend connaissance et accepte que Miro Kredit AG utilise le service de messagerie WhatsApp (Meta Platforms, Inc.) comme canal de communication. Cela comprend notamment la communication dans le cadre du traitement des demandes de financement, \u00e0 savoir la confirmation de r\u00e9ception de la demande, la demande de documents et pi\u00e8ces justificatives, les informations relatives \u00e0 l&rsquo;\u00e9tat d&rsquo;avancement de la demande de financement ainsi que la r\u00e9ponse aux questions du client. En outre, le client accepte que Miro Kredit AG puisse occasionnellement l&rsquo;informer via WhatsApp d&rsquo;offres de financement et de services pertinents. Le client peut \u00e0 tout moment, par simple communication \u00e0 Miro Kredit AG, s&rsquo;opposer (a) \u00e0 la communication publicitaire via WhatsApp, (b) \u00e0 la communication publicitaire via l&rsquo;ensemble des canaux ou (c) \u00e0 l&rsquo;utilisation de WhatsApp comme canal de communication dans sa totalit\u00e9. Vous pouvez vous d\u00e9sinscrire de la communication WhatsApp \u00e0 tout moment en r\u00e9pondant par le mot <strong>&lsquo;STOP&rsquo;<\/strong>. Notre syst\u00e8me arr\u00eatera ensuite automatiquement l&rsquo;envoi de messages suppl\u00e9mentaires \u00e0 votre num\u00e9ro.<\/p>\n","protected":false},"excerpt":{"rendered":"<p>Conditions G\u00e9n\u00e9rales d&rsquo;Utilisation Version 1.07 Version du 04.05.2026 Les pr\u00e9sentes conditions d&rsquo;utilisation r\u00e9gissent l&rsquo;utilisation des services de Miro Kredit AG&#8230;<\/p>\n","protected":false},"author":4,"featured_media":0,"parent":0,"menu_order":0,"comment_status":"closed","ping_status":"closed","template":"page-de.php","meta":{"footnotes":""},"class_list":["post-1982","page","type-page","status-publish","hentry"],"_links":{"self":[{"href":"https:\/\/www.miro-kredit.ch\/fr\/wp-json\/wp\/v2\/pages\/1982","targetHints":{"allow":["GET"]}}],"collection":[{"href":"https:\/\/www.miro-kredit.ch\/fr\/wp-json\/wp\/v2\/pages"}],"about":[{"href":"https:\/\/www.miro-kredit.ch\/fr\/wp-json\/wp\/v2\/types\/page"}],"author":[{"embeddable":true,"href":"https:\/\/www.miro-kredit.ch\/fr\/wp-json\/wp\/v2\/users\/4"}],"replies":[{"embeddable":true,"href":"https:\/\/www.miro-kredit.ch\/fr\/wp-json\/wp\/v2\/comments?post=1982"}],"version-history":[{"count":14,"href":"https:\/\/www.miro-kredit.ch\/fr\/wp-json\/wp\/v2\/pages\/1982\/revisions"}],"predecessor-version":[{"id":5931,"href":"https:\/\/www.miro-kredit.ch\/fr\/wp-json\/wp\/v2\/pages\/1982\/revisions\/5931"}],"wp:attachment":[{"href":"https:\/\/www.miro-kredit.ch\/fr\/wp-json\/wp\/v2\/media?parent=1982"}],"curies":[{"name":"wp","href":"https:\/\/api.w.org\/{rel}","templated":true}]}}