{"id":160,"date":"2015-10-06T13:40:44","date_gmt":"2015-10-06T11:40:44","guid":{"rendered":"https:\/\/www.miro-kredit.ch\/fr\/haufig-gestellte-fragen-kredit\/"},"modified":"2023-06-30T12:03:24","modified_gmt":"2023-06-30T10:03:24","slug":"credit-questions-frequentes","status":"publish","type":"page","link":"https:\/\/www.miro-kredit.ch\/fr\/credit-questions-frequentes\/","title":{"rendered":"Questions fr\u00e9quentes &#8211; Cr\u00e9dit, pr\u00eat"},"content":{"rendered":"<h4>Est-ce que je profite fiscalement du cr\u00e9dit priv\u00e9 ?<\/h4>\n<p>Oui, la totalit\u00e9 des int\u00e9r\u00eats de votre cr\u00e9dit priv\u00e9 est d\u00e9ductible des imp\u00f4ts. Vous recevez automatiquement \u00e0 la fin de chaque ann\u00e9e, pendant la dur\u00e9e de votre cr\u00e9dit, une attestation d\u2019int\u00e9r\u00eats pour votre d\u00e9claration d\u2019imp\u00f4ts.<\/p>\n<h4>Qu\u2019est-ce qu\u2019une \u00ab\u00a0copie certifi\u00e9e conforme de la pi\u00e8ce d\u2019identit\u00e9\u00a0\u00bb et o\u00f9 puis-je l\u2019obtenir ?<\/h4>\n<p class=\"p1\">La copie certifi\u00e9e conforme est une copie d\u2019une pi\u00e8ce d\u2019identit\u00e9 permettant d\u2019identifier le client et est n\u00e9cessaire pour le paiement du cr\u00e9dit. Vous pouvez l\u2019obtenir \u00e0 n\u2019importe quel\u00a0<a href=\"https:\/\/www.post.ch\/de\/geschaeftsloesungen\/identifikation\/gelbe-identifikation?shortcut=opp-de-geschaeftlich-alles-rund-ums-geld-gelbe-identifikation\" target=\"_blank\" rel=\"noopener\">guichet de poste<\/a>\u00a0en Suisse.<\/p>\n<h4>Puis-je prendre plusieurs cr\u00e9dits ?<\/h4>\n<p class=\"p1\">En Suisse, il n\u2019y a pas de limite sup\u00e9rieure au nombre de cr\u00e9dits. Ce qui est d\u00e9terminant, c\u2019est que l\u2019on puisse se permettre le total de toutes les mensualit\u00e9s. La gestion de plusieurs cr\u00e9dits diff\u00e9rents est en principe plus compliqu\u00e9e. Les montants \u00e9lev\u00e9s des cr\u00e9dits ont g\u00e9n\u00e9ralement un effet positif sur le taux d\u2019int\u00e9r\u00eat. C\u2019est pourquoi il est judicieux de racheter tous les cr\u00e9dits ou un seul cr\u00e9dit et de les regrouper en un seul. Il convient de noter que les demandes simultan\u00e9es aupr\u00e8s de plusieurs \u00e9tablissements de cr\u00e9dit ont un effet n\u00e9gatif sur les chances d\u2019approbation. Un nombre trop \u00e9lev\u00e9 ou un changement trop rapide de contrats de cr\u00e9dits en cours n\u2019ont donc pas non plus d\u2019influence positive sur l\u2019octroi et ne sont pas recommand\u00e9s.<\/p>\n<h4>Quels sont les co\u00fbts ou les frais qui m\u2019attendent lors de la demande de cr\u00e9dit ?<\/h4>\n<p class=\"p1\">Il n\u2019y en a pas. En Suisse, la loi sur\u00a0<a href=\"https:\/\/www.miro-kredit.ch\/fr\/loi-federale-suisse-les-intermediaires-financiers-serieux-ne-facturent-pas-de-frais-de-service\/\">le cr\u00e9dit \u00e0 la consommation<\/a>\u00a0ne permet pas de demander des frais \u00e0 l\u2019avance. L\u2019ensemble du processus d\u2019obtention d\u2019un cr\u00e9dit priv\u00e9 est donc enti\u00e8rement gratuit et sans engagement de votre part.<\/p>\n<h4>Pourquoi choisir Miro Kredit AG ?<\/h4>\n<p class=\"p1\">Les demandes directes aupr\u00e8s des banques sont souvent refus\u00e9es. Chaque fournisseur respecte ses propres crit\u00e8res d\u2019autorisation sp\u00e9cifiques, qui changent r\u00e9guli\u00e8rement et ne sont pas visibles publiquement.<\/p>\n<p class=\"p1\">En tant qu\u2019entreprise familiale, Miro Kredit effectue depuis 1978 une analyse interne approfondie et place votre demande de cr\u00e9dit exclusivement aupr\u00e8s des prestataires qui pr\u00e9sentent les meilleures chances pour vous.<\/p>\n<h4>Quel taux d\u2019int\u00e9r\u00eat vais-je obtenir ?<\/h4>\n<p class=\"p1\">Les conditions et le taux d\u2019int\u00e9r\u00eat d\u2019un cr\u00e9dit d\u00e9pendent \u00e0 la fois du fournisseur et de votre situation individuelle. Chaque fournisseur a ses propres crit\u00e8res de taux d\u2019int\u00e9r\u00eat, selon lesquels le taux est d\u00e9fini. Gr\u00e2ce \u00e0 notre longue exp\u00e9rience depuis 1978, nous contribuons \u00e0 ce que nos clients obtiennent toujours les meilleures offres de cr\u00e9dit.<\/p>\n<h4>Qui peut demander un cr\u00e9dit ?<\/h4>\n<p class=\"p1\">En principe, toute personne remplissant les conditions suivantes peut demander un\u00a0<b>cr\u00e9dit<\/b>\u00a0:<\/p>\n<ul>\n<li class=\"p1\">Avoir entre 18 et 70 ans (le cr\u00e9dit doit \u00eatre enti\u00e8rement rembours\u00e9 avant l\u2019\u00e2ge de 70 ans).<\/li>\n<li class=\"p1\">Avoir une activit\u00e9 salari\u00e9e ou ind\u00e9pendante en Suisse (pour les ind\u00e9pendants, les crit\u00e8res sont plus stricts).<\/li>\n<li class=\"p1\">Pas d\u2019actes de d\u00e9faut de biens \/ de faillites et\/ou de saisies<\/li>\n<li class=\"p1\">\u00catre domicili\u00e9 en Suisse \/ au Liechtenstein ou \u00eatre frontalier<\/li>\n<li class=\"p1\">Solvabilit\u00e9 (\u00e9valu\u00e9e diff\u00e9remment par chaque prestataire)<\/li>\n<\/ul>\n<h4>Ma demande de cr\u00e9dit sera-t-elle refus\u00e9e si je demande un montant trop \u00e9lev\u00e9 ?<\/h4>\n<p class=\"p1\">Non. Chaque fournisseur de cr\u00e9dit proc\u00e8de \u00e0 un examen diff\u00e9renci\u00e9. Cela a pour cons\u00e9quence que diff\u00e9rents montants de cr\u00e9dit peuvent \u00eatre accord\u00e9s. Si le montant souhait\u00e9 ne peut pas \u00eatre accord\u00e9 par tous les prestataires, la meilleure contre-offre vous sera propos\u00e9e sans engagement.<\/p>\n<h4>Que dois-je gagner pour pouvoir demander un cr\u00e9dit ?<\/h4>\n<p class=\"p1\">En principe, votre revenu doit \u00eatre suffisamment \u00e9lev\u00e9 pour que vous puissiez rembourser le montant du cr\u00e9dit, int\u00e9r\u00eats compris, en l\u2019espace de 36 mois avec la partie saisissable de votre revenu. Ind\u00e9pendamment de la dur\u00e9e que vous avez choisie. Ici aussi, chaque prestataire tient compte de donn\u00e9es diff\u00e9rentes en ce qui concerne le revenu. Il en r\u00e9sulte souvent des diff\u00e9rences significatives entre les offres. Pour \u00eatre s\u00fbr d\u2019obtenir la meilleure offre, nous vous recommandons de faire une\u00a0<a href=\"https:\/\/www.miro-kredit.ch\/fr\/demande-de-pret\/\">demande de cr\u00e9dit<\/a>\u00a0gratuite et sans engagement aupr\u00e8s de Miro Kredit.<\/p>\n<h4>Quand vais-je recevoir l\u2019argent ?<\/h4>\n<p class=\"p1\">L\u2019argent est vers\u00e9 sur votre compte apr\u00e8s le d\u00e9lai l\u00e9gal de r\u00e9tractation de 14 jours. Si le montant du cr\u00e9dit est sup\u00e9rieur \u00e0 80 000 CHF, il peut en principe \u00eatre vers\u00e9 imm\u00e9diatement.<\/p>\n<h4>J\u2019ai des poursuites judiciaires. Puis-je tout de m\u00eame obtenir un cr\u00e9dit ?<\/h4>\n<p class=\"p1\">En principe, aucun\u00a0<b>cr\u00e9dit<\/b>\u00a0n\u2019est accord\u00e9 aux personnes ayant des poursuites. Nous vous recommandons de r\u00e9gler les poursuites en cours et de prendre contact avec nous.<\/p>\n<h4>Que signifie ZEK ?<\/h4>\n<p class=\"p1\">Le ZEK est un centre d\u2019information sur le cr\u00e9dit priv\u00e9, le leasing et les cartes de cr\u00e9dit. Dans le ZEK, on inscrit par exemple si vous avez pay\u00e9 de mani\u00e8re irr\u00e9guli\u00e8re ou si vous n\u2019avez pas pay\u00e9. Si le code ZEK est n\u00e9gatif, les banques n\u2019accordent g\u00e9n\u00e9ralement pas de\u00a0<b>cr\u00e9dit<\/b>. En Suisse, il est obligatoire de v\u00e9rifier ou d\u2019annoncer un cr\u00e9dit aupr\u00e8s du ZEK. Faites attention si quelqu\u2019un vous promet un examen sans ZEK.<\/p>\n<h4>Comment puis-je obtenir une mensualit\u00e9 basse ?<\/h4>\n<p class=\"p1\">Sur la base de votre\u00a0<b>demande de cr\u00e9dit<\/b>, la banque calcule votre budget en rapport avec votre cr\u00e9dit. Le taux d\u2019int\u00e9r\u00eat et la dur\u00e9e maximale possible, qui varie selon la solvabilit\u00e9, sont calcul\u00e9s \u00e0 partir de votre solvabilit\u00e9. Bien entendu, nous comparons ici les offres des banques et vous recommandons la solution optimale pour vous.<\/p>\n","protected":false},"excerpt":{"rendered":"<p>Est-ce que je profite fiscalement du cr\u00e9dit priv\u00e9 ? Oui, la totalit\u00e9 des int\u00e9r\u00eats de votre cr\u00e9dit priv\u00e9 est d\u00e9ductible&#8230;<\/p>\n","protected":false},"author":4,"featured_media":161,"parent":0,"menu_order":0,"comment_status":"closed","ping_status":"closed","template":"page-faq.php","meta":{"footnotes":""},"class_list":["post-160","page","type-page","status-publish","has-post-thumbnail","hentry"],"_links":{"self":[{"href":"https:\/\/www.miro-kredit.ch\/fr\/wp-json\/wp\/v2\/pages\/160","targetHints":{"allow":["GET"]}}],"collection":[{"href":"https:\/\/www.miro-kredit.ch\/fr\/wp-json\/wp\/v2\/pages"}],"about":[{"href":"https:\/\/www.miro-kredit.ch\/fr\/wp-json\/wp\/v2\/types\/page"}],"author":[{"embeddable":true,"href":"https:\/\/www.miro-kredit.ch\/fr\/wp-json\/wp\/v2\/users\/4"}],"replies":[{"embeddable":true,"href":"https:\/\/www.miro-kredit.ch\/fr\/wp-json\/wp\/v2\/comments?post=160"}],"version-history":[{"count":17,"href":"https:\/\/www.miro-kredit.ch\/fr\/wp-json\/wp\/v2\/pages\/160\/revisions"}],"predecessor-version":[{"id":2248,"href":"https:\/\/www.miro-kredit.ch\/fr\/wp-json\/wp\/v2\/pages\/160\/revisions\/2248"}],"wp:featuredmedia":[{"embeddable":true,"href":"https:\/\/www.miro-kredit.ch\/fr\/wp-json\/wp\/v2\/media\/161"}],"wp:attachment":[{"href":"https:\/\/www.miro-kredit.ch\/fr\/wp-json\/wp\/v2\/media?parent=160"}],"curies":[{"name":"wp","href":"https:\/\/api.w.org\/{rel}","templated":true}]}}