{"id":10,"date":"2015-09-29T18:08:14","date_gmt":"2015-09-29T16:08:14","guid":{"rendered":"https:\/\/www.miro-kredit.ch\/fr\/?page_id=10"},"modified":"2023-09-29T10:03:23","modified_gmt":"2023-09-29T08:03:23","slug":"sur-nous","status":"publish","type":"page","link":"https:\/\/www.miro-kredit.ch\/fr\/","title":{"rendered":"Demander un cr\u00e9dit en Suisse &#8211; simple et sans complications"},"content":{"rendered":"<p>\u2714Cr\u00e9dit adapt\u00e9 \u00e0 vos besoins \u27a4 Parfait pour vos besoins \u2714Demandez un pr\u00eat personnel en ligne rapidement et facilement \u2714Le chemin vers un pr\u00eat rapide en Suisse<\/p>\n","protected":false},"excerpt":{"rendered":"<p>\u2714Cr\u00e9dit adapt\u00e9 \u00e0 vos besoins \u27a4 Parfait pour vos besoins \u2714Demandez un pr\u00eat personnel en ligne rapidement et facilement \u2714Le&#8230;<\/p>\n","protected":false},"author":4,"featured_media":2538,"parent":0,"menu_order":0,"comment_status":"closed","ping_status":"open","template":"page-home.php","meta":{"footnotes":""},"class_list":["post-10","page","type-page","status-publish","has-post-thumbnail","hentry"],"_links":{"self":[{"href":"https:\/\/www.miro-kredit.ch\/fr\/wp-json\/wp\/v2\/pages\/10","targetHints":{"allow":["GET"]}}],"collection":[{"href":"https:\/\/www.miro-kredit.ch\/fr\/wp-json\/wp\/v2\/pages"}],"about":[{"href":"https:\/\/www.miro-kredit.ch\/fr\/wp-json\/wp\/v2\/types\/page"}],"author":[{"embeddable":true,"href":"https:\/\/www.miro-kredit.ch\/fr\/wp-json\/wp\/v2\/users\/4"}],"replies":[{"embeddable":true,"href":"https:\/\/www.miro-kredit.ch\/fr\/wp-json\/wp\/v2\/comments?post=10"}],"version-history":[{"count":20,"href":"https:\/\/www.miro-kredit.ch\/fr\/wp-json\/wp\/v2\/pages\/10\/revisions"}],"predecessor-version":[{"id":2542,"href":"https:\/\/www.miro-kredit.ch\/fr\/wp-json\/wp\/v2\/pages\/10\/revisions\/2542"}],"wp:featuredmedia":[{"embeddable":true,"href":"https:\/\/www.miro-kredit.ch\/fr\/wp-json\/wp\/v2\/media\/2538"}],"wp:attachment":[{"href":"https:\/\/www.miro-kredit.ch\/fr\/wp-json\/wp\/v2\/media?parent=10"}],"curies":[{"name":"wp","href":"https:\/\/api.w.org\/{rel}","templated":true}]}}